{"id":115,"date":"2023-03-27T13:36:21","date_gmt":"2023-03-27T11:36:21","guid":{"rendered":"https:\/\/semmelweis.hu\/belonko\/?page_id=115"},"modified":"2024-04-24T11:32:51","modified_gmt":"2024-04-24T09:32:51","slug":"tdk","status":"publish","type":"page","link":"https:\/\/semmelweis.hu\/belonko\/kutatas\/tdk\/","title":{"rendered":"TDK"},"content":{"rendered":"<h2>TDK c\u00edmek:<\/h2>\n<ul>\n<li>Antihypertenz\u00edv ter\u00e1pia k\u00fcl\u00f6nb\u00f6z\u0151 k\u00f3rk\u00e9pekben \u00a0\u00a0\u00a0\u00a0\u00a0\u00a0\u00a0\u00a0\u00a0\u00a0\u00a0\u00a0\u00a0<br \/>\nDr. Barna Istv\u00e1n (PhD)<\/li>\n<\/ul>\n<h3>Endokrinol\u00f3gia:<\/h3>\n<ul>\n<li>Klinikai kimenetelek vizsg\u00e1lata kezelt hypothyreosisban<br \/>\nDr. Bakos Bence (PhD)<\/li>\n<li>Oszteodenzitometria \u00e9s egy\u00e9b csontvizsg\u00e1l\u00f3 elj\u00e1r\u00e1sok\u00a0\u00a0\u00a0<br \/>\nDr. Horv\u00e1th Csaba (MTA doktora)<\/li>\n<li>A csontmin\u0151s\u00e9g vizsg\u00e1lata ultrahangm\u00f3dszerrel<br \/>\nDr. Horv\u00e1th Csaba (MTA doktora)<\/li>\n<li>A csont t\u00f6r\u00e9kenys\u00e9g t\u00e9nyez\u0151i, vizsg\u00e1lata \u00e9s befoly\u00e1sol\u00e1sa\u00a0\u00a0\u00a0\u00a0\u00a0\u00a0\u00a0\u00a0\u00a0\u00a0\u00a0\u00a0\u00a0<br \/>\nDr. Horv\u00e1th Csaba (MTA doktora)<\/li>\n<li>Szekunder ostoporosisok\u00a0\u00a0\u00a0\u00a0\u00a0\u00a0\u00a0\u00a0\u00a0\u00a0\u00a0\u00a0<br \/>\nDr. Horv\u00e1th Csaba (MTA doktora)<\/li>\n<li>A kalcium vesek\u0151betegs\u00e9g k\u00f3rsz\u00e1rmaz\u00e1sa \u00e9s kezel\u00e9se\u00a0\u00a0\u00a0\u00a0\u00a0<br \/>\nDr. Horv\u00e1th Csaba (MTA doktora)<\/li>\n<li>A test\u00f6sszet\u00e9tel vizsg\u00e1lata\u00a0\u00a0\u00a0\u00a0\u00a0\u00a0\u00a0\u00a0\u00a0\u00a0<br \/>\nDr. Horv\u00e1th Csaba (MTA doktora)<\/li>\n<li>Akromeg\u00e1li\u00e1s betegek csontanyacsere \u00e9s test\u00f6sszet\u00e9tel vizsg\u00e1lata\u00a0\u00a0\u00a0\u00a0\u00a0\u00a0\u00a0\u00a0\u00a0\u00a0\u00a0<br \/>\nDr. Horv\u00e1th Csaba (MTA doktora), Dr.M\u00e9sz\u00e1ros Szilvia (PhD)<\/li>\n<li>A testo\u0308sszete\u0301tel vizsga\u0301lata egy- e\u0301s ke\u0301tpete\u0301j\u0171 ikerpa\u0301rokon\u00a0\u00a0\u00a0\u00a0\u00a0\u00a0\u00a0\u00a0\u00a0\u00a0\u00a0\u00a0\u00a0\u00a0<br \/>\nDr. M\u00e9sz\u00e1ros Szilvia (PhD)<\/li>\n<li>A denzitometria \u00faj t\u00edpus\u00fa alkalmaz\u00e1sai endokrin k\u00f3r\u00e1llapotokban\u00a0\u00a0\u00a0\u00a0\u00a0\u00a0\u00a0\u00a0\u00a0\u00a0\u00a0<br \/>\nDr. M\u00e9sz\u00e1ros Szilvia (PhD)<\/li>\n<li>Nem-k\u00f3dol\u00f3 RNS biomarkerek vizsg\u00e1lata mell\u00e9kvese \u00e9s neuroendokrin daganatokban\u00a0\u00a0\u00a0<br \/>\nDr. Igaz P\u00e9ter (MTA doktora)<\/li>\n<li>Genetikai faktorok szerepe a csonts\u0171r\u0171s\u00e9g alakul\u00e1s\u00e1ban\u00a0 \u00a0 \u00a0 \u00a0 \u00a0 \u00a0 \u00a0 \u00a0<br \/>\nDr. Lakatos P\u00e9ter Andr\u00e1s (MTA doktora)<\/li>\n<li>Pajzsmirigy daganatok genetikai h\u00e1ttere\u00a0 \u00a0\u00a0\u00a0\u00a0\u00a0\u00a0\u00a0\u00a0\u00a0\u00a0\u00a0\u00a0\u00a0<br \/>\nDr. Lakatos P\u00e9ter Andr\u00e1s (MTA doktora)<\/li>\n<li>A prostata r\u00e1k diagnosztik\u00e1ja \u00a0\u00a0\u00a0\u00a0<br \/>\nDr. Lakatos P\u00e9ter Andr\u00e1s (MTA doktora)<\/li>\n<li>Williams-szindr\u00f3ma feln\u0151ttkorban\u00a0\u00a0\u00a0\u00a0\u00a0\u00a0\u00a0\u00a0\u00a0\u00a0<br \/>\nDr. Reismann P\u00e9ter (PhD)<\/li>\n<li>Phenylketonuria feln\u0151ttkorban<br \/>\nDr. Reismann P\u00e9ter (PhD), Dr. Sum\u00e1nszki Csaba<\/li>\n<li>Pajzsmirigy tumorok genetikai h\u00e1ttere \u00a0\u00a0<br \/>\nDr. Tak\u00e1cs Istv\u00e1n (MTA doktora)<\/li>\n<li>A D-vitamin onkol\u00f3giai hat\u00e1sai\u00a0\u00a0<br \/>\nDr. Tak\u00e1cs Istv\u00e1n (MTA doktora)<\/li>\n<li>Ritka csontbetegs\u00e9gek\u00a0\u00a0<br \/>\nDr. Tak\u00e1cs Istv\u00e1n (MTA doktora)<\/li>\n<li>Az osteoporosis modern kezel\u00e9se\u00a0\u00a0\u00a0\u00a0\u00a0\u00a0\u00a0\u00a0\u00a0\u00a0\u00a0\u00a0<br \/>\nDr. Tak\u00e1cs Istv\u00e1n (MTA doktora)<\/li>\n<li>A csontanyagcsere betegs\u00e9gek diagnosztik\u00e1ja\u00a0\u00a0\u00a0<br \/>\nDr. Tak\u00e1cs Istv\u00e1n (MTA doktora)<\/li>\n<li>A hypoparathyreosis diagnosztik\u00e1ja \u00e9s kezel\u00e9se\u00a0<br \/>\nDr. Tak\u00e1cs Istv\u00e1n (MTA doktora)<\/li>\n<li>Mell\u00e9kpajzsmirigy carcinom\u00e1s betegek klinikopatol\u00f3giai jellemz\u0151inek vizsg\u00e1lata<br \/>\nDr. T\u0151ke Judit (PhD), Dr. T\u00f3th Mikl\u00f3s (MTA doktora)<\/li>\n<li>Neuroendokrin tumoros betegek klinikopatol\u00f3giai jellemz\u0151inek vizsg\u00e1lata\u00a0\u00a0\u00a0\u00a0\u00a0\u00a0\u00a0\u00a0\u00a0\u00a0\u00a0<br \/>\nDr. T\u0151ke Judit (PhD), Dr. T\u00f3th Mikl\u00f3s (MTA doktora)<\/li>\n<li>Mell\u00e9kvesek\u00e9reg karcinom\u00e1s betegek t\u00fal\u00e9l\u00e9s\u00e9nek elemz\u00e9se\u00a0\u00a0\u00a0\u00a0\u00a0\u00a0\u00a0\u00a0<br \/>\nDr. T\u00f3th Mikl\u00f3s (MTA doktora)<\/li>\n<li>Szteroid profil vizsg\u00e1latok jelent\u0151s\u00e9ge a mell\u00e9kvesek\u00e9reg carcinom\u00e1s betegekben\u00a0\u00a0\u00a0\u00a0\u00a0\u00a0\u00a0\u00a0\u00a0\u00a0\u00a0\u00a0<br \/>\nDr. T\u00f3th Mikl\u00f3s (MTA doktora)<\/li>\n<\/ul>\n<h3>Diabetol\u00f3gia:\u00a0<\/h3>\n<ul>\n<li>Geszt\u00e1ci\u00f3s diabetes ut\u00e1nk\u00f6vet\u00e9se\u00a0\u00a0\u00a0\u00a0\u00a0\u00a0\u00a0\u00a0\u00a0\u00a0\u00a0<br \/>\nDr. Tab\u00e1k Gy. \u00c1d\u00e1m (PhD)<\/li>\n<li>A geszt\u00e1ci\u00f3s diabetesz el\u0151rejelz\u0151i\u00a0\u00a0\u00a0\u00a0\u00a0\u00a0\u00a0\u00a0\u00a0\u00a0\u00a0\u00a0<br \/>\nDr. Tab\u00e1k Gy. \u00c1d\u00e1m (PhD)<\/li>\n<li>K\u00fcl\u00f6nb\u00f6z\u0151 kvantitat\u00edv funkci\u00f3s tesztek alkalmaz\u00e1sa a szenzoros neuropathia diagnosztik\u00e1j\u00e1ban<br \/>\nDr. Kempler P\u00e9ter (MTA doktora), Dr. Putz Zsuzsanna (PhD)<\/li>\n<li>Auton\u00f3m \u00e9s szenzoros funkci\u00f3 vizsg\u00e1lata diabetes fokozott kock\u00e1zat\u00e1nak kitett szem\u00e9lyekben \u00a0\u00a0\u00a0<br \/>\nDr. Kempler P\u00e9ter (MTA doktora), Dr. Putz Zsuzsanna (PhD)<\/li>\n<li>Auton\u00f3m \u00e9s szenzoros idegrendszeri k\u00e1rosod\u00e1s genetikai vizsg\u00e1lata diabetes mellitusban.\u00a0\u00a0\u00a0\u00a0\u00a0\u00a0\u00a0\u00a0\u00a0\u00a0\u00a0\u00a0<br \/>\nDr. Kempler P\u00e9ter (MTA doktora), Dr. Putz Zsuzsanna (PhD)<\/li>\n<\/ul>\n<h3>Gasztroenterol\u00f3gia:<\/h3>\n<ul>\n<li>A gyullad\u00e1sos b\u00e9lbetegs\u00e9gek patogenezise, genetik\u00e1ja, sz\u00f6v\u0151dm\u00e9nyei \u00e9s kezel\u00e9si lehet\u0151s\u00e9gei\u00a0\u00a0\u00a0\u00a0\u00a0<br \/>\nDr. Ili\u00e1s \u00c1kos (PhD)<\/li>\n<li>A gyullad\u00e1sos b\u00e9lbetegs\u00e9gek k\u00f3rlefoly\u00e1s\u00e1nak el\u0151rejelz\u00e9se, a klinikai, az endoszk\u00f3pos \u00e9s a biomarkerek szerepe\u00a0\u00a0<br \/>\nDr. Ili\u00e1s \u00c1kos (PhD)<\/li>\n<li>A gyullad\u00e1sos b\u00e9lbetegs\u00e9gek t\u00e1rsadalmi hat\u00e1sai: munkak\u00e9pess\u00e9g \u00e9s \u00e9letmin\u0151s\u00e9g\u00a0\u00a0\u00a0\u00a0\u00a0\u00a0\u00a0\u00a0\u00a0\u00a0\u00a0\u00a0\u00a0<br \/>\nDr. Ili\u00e1s \u00c1kos (PhD)<\/li>\n<li>A gyullad\u00e1sos b\u00e9lbetegs\u00e9gek b\u00e9lrendszeren k\u00edv\u00fcli megnyilv\u00e1nul\u00e1sai, azok gyakoris\u00e1ga \u00e9s kapcsolata a betegs\u00e9g aktivit\u00e1s\u00e1val\u00a0\u00a0\u00a0\u00a0\u00a0\u00a0<br \/>\nDr. Ili\u00e1s \u00c1kos (PhD)<\/li>\n<li>A gyullad\u00e1sos b\u00e9lbetegs\u00e9gek \u00fajabb ter\u00e1pi\u00e1s lehet\u0151s\u00e9gei<br \/>\nDr. Ili\u00e1s \u00c1kos (PhD)<\/li>\n<li>Als\u00f3 \u00e9s fels\u0151 gastrointestinalis v\u00e9rz\u00e9sek gyakoris\u00e1ga, okai \u00e9s kimenetele<br \/>\nDr. Ili\u00e1s \u00c1kos (PhD)<\/li>\n<li>A v\u00e9konyb\u00e9l vizsg\u00e1lat\u00e1nak \u00fajabb lehet\u0151s\u00e9ge: kett\u0151s-ballonos endoszk\u00f3pia\u00a0\u00a0\u00a0\u00a0\u00a0\u00a0\u00a0\u00a0\u00a0\u00a0\u00a0<br \/>\nDr. Ili\u00e1s \u00c1kos (PhD)<\/li>\n<li>A gyullad\u00e1sos b\u00e9lbetegs\u00e9gek epidemiol\u00f3gi\u00e1ja, patogenezise, kezel\u00e9se \u00e9s sz\u00f6v\u0151dm\u00e9nyei: biol\u00f3giai kezel\u00e9s hat\u00e1s\u00e1ra a k\u00f3rh\u00e1zi kezel\u00e9s gyakoris\u00e1g\u00e1nak v\u00e1ltoz\u00e1sa\u00a0\u00a0\u00a0\u00a0\u00a0\u00a0\u00a0\u00a0\u00a0\u00a0\u00a0\u00a0\u00a0<br \/>\nDr. Ili\u00e1s \u00c1kos (PhD)<\/li>\n<li>A gyullad\u00e1sos b\u00e9lbetegs\u00e9gek epidemiol\u00f3gi\u00e1ja, klinikuma \u00e9s a betegs\u00e9g progresszi\u00f3j\u00e1t meghat\u00e1roz\u00f3 klinikai t\u00e9nyez\u0151k \u00e9s biomarkerek\u00a0\u00a0\u00a0\u00a0\u00a0<br \/>\nDr.G\u00f6nczi L\u00f3r\u00e1nt (PhD)<\/li>\n<li>Autoimmun hepatol\u00f3giai k\u00f3rk\u00e9pek (AIH, PBC, PSC), autoimmun regiszter\u00a0\u00a0\u00a0\u00a0\u00a0\u00a0\u00a0\u00a0\u00a0\u00a0\u00a0\u00a0\u00a0<br \/>\nKuczyn\u00e9 Dr.Folhoffer Anik\u00f3 (PhD)<\/li>\n<li>Hepaticus osteopathia\u00a0 <br \/>\nKuczyn\u00e9 Dr.Folhoffer Anik\u00f3 (PhD)<\/li>\n<li>PSC \u00e9s colitis ulcerosa eset\u00e9ben a m\u00e1jtranszplant\u00e1ci\u00f3 helye, a betegek gondoz\u00e1sa \u00a0\u00a0\u00a0\u00a0\u00a0\u00a0\u00a0\u00a0\u00a0\u00a0<br \/>\nKuczyn\u00e9 Dr.Folhoffer Anik\u00f3 (PhD)<\/li>\n<li>Wilson-k\u00f3r &#8211; regiszter, genetikai h\u00e1tt\u00e9r, kezel\u00e9s \u00a0<br \/>\nKuczyn\u00e9 Dr.Folhoffer Anik\u00f3 (PhD)<\/li>\n<li>Non-invaz\u00edv m\u00f3dszerek a m\u00e1jfibrosis st\u00e1dium\u00e1nak \u00e9s progn\u00f3zis\u00e1nak meghat\u00e1roz\u00e1s\u00e1ban<br \/>\nKuczyn\u00e9 Dr.Folhoffer Anik\u00f3 (PhD)<\/li>\n<li>Hepatitis E\u00a0\u00a0\u00a0\u00a0\u00a0\u00a0\u00a0\u00a0\u00a0<br \/>\nKuczyn\u00e9 Dr.Folhoffer Anik\u00f3 (PhD)<\/li>\n<li>Molekul\u00e1ris genetika a hepatol\u00f3gi\u00e1ban\u00a0<br \/>\nKuczyn\u00e9 Dr.Folhoffer Anik\u00f3 (PhD)<\/li>\n<li>\u00daj gy\u00f3gyszerek eredm\u00e9nyess\u00e9ge kr\u00f3nikus C hepatitis kezel\u00e9sben\u00a0\u00a0\u00a0\u00a0\u00a0\u00a0\u00a0\u00a0\u00a0\u00a0\u00a0\u00a0\u00a0\u00a0<br \/>\nKuczyn\u00e9 Dr.Folhoffer Anik\u00f3 (PhD)<\/li>\n<\/ul>\n<h3>Nefrol\u00f3gia:\u00a0<\/h3>\n<ul>\n<li>Lupus nephritis <br \/>\nDr. Led\u00f3 N\u00f3ra (PhD)<\/li>\n<li>Orsz\u00e1gos vesebiopszia regiszter szervez\u00e9se \u00e9s fenntart\u00e1sa\u00a0\u00a0\u00a0\u00a0\u00a0\u00a0\u00a0\u00a0\u00a0 <br \/>\nDr. Led\u00f3 N\u00f3ra (PhD)<\/li>\n<li>RPGN nephritis<br \/>\nDr. Led\u00f3 N\u00f3ra (PhD)<\/li>\n<li>Kr\u00f3nikus vesebetegs\u00e9g epidemiol\u00f3gi\u00e1ja kezel\u00e9si lehet\u0151s\u00e9gei\u00a0\u00a0\u00a0\u00a0\u00a0\u00a0\u00a0<br \/>\nDr. Peth\u0151 \u00c1kos (PhD)<\/li>\n<li>Herediter vesebetegs\u00e9gek sz\u0171r\u00e9se, gondoz\u00e1sa\u00a0\u00a0<br \/>\nDr. Peth\u0151 \u00c1kos (PhD)<\/li>\n<li>Tubulointerstitialis vesebetegs\u00e9gek megel\u0151z\u00e9se, felismer\u00e9se\u00a0\u00a0\u00a0\u00a0\u00a0\u00a0\u00a0<br \/>\nDr. Peth\u0151 \u00c1kos (PhD)<\/li>\n<li>Vesep\u00f3tl\u00f3 kezel\u00e9sek fajt\u00e1i, \u00e9rcsatlakoz\u00e1sok kialak\u00edt\u00e1sa, hossz\u00fat\u00e1v\u00fa sz\u00f6v\u0151dm\u00e9nyek\u00a0\u00a0\u00a0\u00a0\u00a0\u00a0\u00a0\u00a0\u00a0\u00a0\u00a0<br \/>\nDr. Peth\u0151 \u00c1kos (PhD)<\/li>\n<li>PLA2-receptor ellenes antitest proteinuri\u00e1ban\u00a0\u00a0\u00a0<br \/>\nDr. Tisl\u00e9r Andr\u00e1s (PhD)<\/li>\n<li>Ionzavarok (hyponatraemia, hypomagnesaemia) gyakoris\u00e1ga \u00e9s klinikai \u00f6sszef\u00fcgg\u00e9sei belgy\u00f3gy\u00e1szati oszt\u00e1lyokon \u00a0\u00a0\u00a0\u00a0\u00a0\u00a0\u00a0\u00a0\u00a0\u00a0\u00a0<br \/>\nDr. Tisl\u00e9r Andr\u00e1s (PhD)<\/li>\n<li>Sz\u00edvel\u00e9gtelens\u00e9g \u00e9s vesebetegs\u00e9g\u00a0 \u00a0\u00a0\u00a0\u00a0\u00a0\u00a0\u00a0\u00a0\u00a0\u00a0<br \/>\nDr. Tisl\u00e9r Andr\u00e1s (PhD)<\/li>\n<\/ul>\n<h3>Hematol\u00f3gia:\u00a0<\/h3>\n<ul>\n<li>Diff\u00faz nagy B sejtes lymphoma kezel\u00e9si eredm\u00e9nyei \u00a0\u00a0\u00a0\u00a0\u00a0\u00a0<br \/>\nDr. Demeter Judit (MTA doktora)<\/li>\n<li>A kr\u00f3nikus lymphoid leuk\u00e9mia (CLL) prognosztikus t\u00e9nyez\u0151i \u00e9s kezel\u00e9se\u00a0<br \/>\nDr. Demeter Judit (MTA doktora)<\/li>\n<li>A heveny promyelocyt\u00e1s leuk\u00e9mia diagnosztik\u00e1ja \u00e9s kezel\u00e9se\u00a0\u00a0\u00a0\u00a0\u00a0\u00a0<br \/>\nDr. Demeter Judit (MTA doktora)<\/li>\n<li>Ritka hematol\u00f3giai betegs\u00e9gek: a korai felismer\u00e9s szerepe a gy\u00f3gyul\u00e1sban \u00a0\u00a0\u00a0\u00a0\u00a0\u00a0\u00a0\u00a0\u00a0\u00a0<br \/>\nDr. Demeter Judit (MTA doktora)<\/li>\n<li>Immun thrombocytopaeni\u00e1s betegek kezel\u00e9se \u00e9s a leg\u00fajabb kezel\u00e9sek lehets\u00e9ges mell\u00e9khat\u00e1sai <br \/>\nDr. Demeter Judit (MTA doktora)<\/li>\n<li>A CML kezel\u00e9s\u00e9nek kardiovaszkul\u00e1ris vonatkoz\u00e1sai \u00a0\u00a0\u00a0\u00a0\u00a0\u00a0\u00a0\u00a0\u00a0<br \/>\nDr. Demeter Judit (MTA doktora)<\/li>\n<li>A betegadherencia n\u00f6vel\u00e9s\u00e9nek lehet\u0151s\u00e9gei kr\u00f3nikus myeloid leuk\u00e9mia gondoz\u00e1sa sor\u00e1n: a betegklubok szerepe\u00a0\u00a0\u00a0\u00a0\u00a0\u00a0\u00a0\u00a0\u00a0\u00a0\u00a0\u00a0\u00a0<br \/>\nDr. Demeter Judit (MTA doktora)<\/li>\n<li>A Phildelphia negat\u00edv kr\u00f3nikus myeloproliferat\u00edv neoplazm\u00e1k diagnosztik\u00e1ja \u00e9s kezel\u00e9se\u00a0<br \/>\nDr. Demeter Judit (MTA doktora)<\/li>\n<li>Kardiovaszkul\u00e1ris t\u00e9nyez\u0151k a PV, az essentialis thrombocythaemia \u00e9s a myelofibr\u00f3zis gondoz\u00e1sa sor\u00e1n<br \/>\nDr. Demeter Judit (MTA doktora)<\/li>\n<li>A PET-CT szerepe a diff\u00faz nagy B sejtes lymphoma kezel\u00e9se \u00e9s gondoz\u00e1sa sor\u00e1n<br \/>\nDr. Demeter Judit (MTA doktora)<\/li>\n<li>A hematol\u00f3gus szerepe a cutan lymphom\u00e1k diagnosztik\u00e1j\u00e1ban, kezel\u00e9s\u00e9ben\u00a0\u00a0\u00a0\u00a0\u00a0\u00a0<br \/>\nDr. Demeter Judit (MTA doktora)<\/li>\n<li>A MALT lymphom\u00e1k optim\u00e1lis kezel\u00e9se\u00a0<br \/>\nDr. Demeter Judit (MTA doktora)<\/li>\n<li>A hajas sejtes leuk\u00e9mia kezel\u00e9s\u00e9nek eredm\u00e9nyei a Belgy\u00f3gy\u00e1szati \u00e9s Onkol\u00f3giai Klinik\u00e1n \u00e9s azok \u00f6sszehasonl\u00edt\u00e1sa a nemzetk\u00f6zi tapasztalatokkal\u00a0\u00a0\u00a0\u00a0\u00a0\u00a0<br \/>\nDr. Demeter Judit (MTA doktora)<\/li>\n<li>Hajas sejtes leuk\u00e9mia vari\u00e1ns miatt kezelt betegeink k\u00f3rlefoly\u00e1s\u00e1nak elemz\u00e9se \u00a0<br \/>\nDr. Demeter Judit (MTA doktora)<\/li>\n<\/ul>\n<h3>Hemoszt\u00e1zis:<\/h3>\n<ul>\n<li>Antifoszfolipid szindr\u00f3ma \u00e9s terhess\u00e9g \u00a0<br \/>\nDr. Domj\u00e1n Gyula (CSc)<\/li>\n<li>Thromboemb\u00f3li\u00e1s betegs\u00e9gek hat\u00e1sa az \u00e9letmin\u0151s\u00e9gre<br \/>\nDr. Domj\u00e1n Gyula (CSc)<\/li>\n<\/ul>\n<h3>Kardiol\u00f3gia:\u00a0<\/h3>\n<ul>\n<li>EKG param\u00e9terek vizsg\u00e1lata magas kardiovaszkul\u00e1ris kock\u00e1zat\u00fa betegekben \u00a0\u00a0\u00a0\u00a0\u00a0\u00a0\u00a0<br \/>\nDr. Horv\u00e1th Viktor (PhD)<\/li>\n<li>Echocardiographi\u00e1s param\u00e9terek vizsg\u00e1lata cs\u00f6kkent gl\u00fck\u00f3ztoleranci\u00e1val rendelkez\u0151 betegekben<br \/>\nDr. Horv\u00e1th Viktor (PhD)<\/li>\n<li>A hypoglycaemia kardi\u00e1lis hat\u00e1sai\u00a0\u00a0\u00a0\u00a0\u00a0\u00a0\u00a0\u00a0\u00a0\u00a0\u00a0<br \/>\nDr. Horv\u00e1th Viktor (PhD), Dr. Tab\u00e1k \u00c1d\u00e1m (PhD)<\/li>\n<li>Holter EKG param\u00e9terek vizsg\u00e1lata diabeteses kardiomiop\u00e1ti\u00e1ban szenved\u0151 betegekben.\u00a0\u00a0\u00a0\u00a0\u00a0\u00a0\u00a0\u00a0\u00a0\u00a0\u00a0\u00a0\u00a0<br \/>\nDr. Horv\u00e1th Viktor (PhD), Dr. Szab\u00f3 Gergely (PhD)<\/li>\n<li>Diasztol\u00e9s diszfunkci\u00f3 vizsg\u00e1lata diabeteses cardiomyopathi\u00e1ban\u00a0\u00a0\u00a0\u00a0\u00a0\u00a0\u00a0\u00a0\u00a0\u00a0\u00a0\u00a0\u00a0<br \/>\nDr. Horv\u00e1th Viktor\/Dr. Szab\u00f3 Gergely (PhD)<\/li>\n<li>Cukorbetegek betegs\u00e9gismeret\u00e9nek felm\u00e9r\u00e9se k\u00e9rd\u0151\u00edvek seg\u00edts\u00e9g\u00e9vel.\u00a0\u00a0<br \/>\nDr. Horv\u00e1th Viktor (PhD)<\/li>\n<li>Onkol\u00f3giai betegek kardiol\u00f3giai status\u00e1nak felm\u00e9r\u00e9se \u00e9s k\u00f6vet\u00e9se\u00a0\u00a0\u00a0\u00a0\u00a0\u00a0\u00a0\u00a0\u00a0\u00a0\u00a0<br \/>\nDr. Horv\u00e1th Viktor (PhD)<\/li>\n<\/ul>\n","protected":false},"excerpt":{"rendered":"<p>TDK c\u00edmek: Antihypertenz\u00edv ter\u00e1pia k\u00fcl\u00f6nb\u00f6z\u0151 k\u00f3rk\u00e9pekben \u00a0\u00a0\u00a0\u00a0\u00a0\u00a0\u00a0\u00a0\u00a0\u00a0\u00a0\u00a0\u00a0 Dr. Barna Istv\u00e1n (PhD) Endokrinol\u00f3gia: Klinikai kimenetelek vizsg\u00e1lata kezelt hypothyreosisban Dr. Bakos Bence (PhD) Oszteodenzitometria \u00e9s egy\u00e9b csontvizsg\u00e1l\u00f3 elj\u00e1r\u00e1sok\u00a0\u00a0\u00a0 Dr. Horv\u00e1th Csaba (MTA doktora) A csontmin\u0151s\u00e9g vizsg\u00e1lata ultrahangm\u00f3dszerrel Dr. Horv\u00e1th Csaba (MTA doktora) A csont t\u00f6r\u00e9kenys\u00e9g t\u00e9nyez\u0151i, vizsg\u00e1lata \u00e9s befoly\u00e1sol\u00e1sa\u00a0\u00a0\u00a0\u00a0\u00a0\u00a0\u00a0\u00a0\u00a0\u00a0\u00a0\u00a0\u00a0 Dr. Horv\u00e1th Csaba (MTA doktora) Szekunder ostoporosisok\u00a0\u00a0\u00a0\u00a0\u00a0\u00a0\u00a0\u00a0\u00a0\u00a0\u00a0\u00a0 Dr. &hellip;<\/p>\n","protected":false},"author":102189,"featured_media":0,"parent":42,"menu_order":6,"comment_status":"closed","ping_status":"closed","template":"","meta":{"_acf_changed":false,"footnotes":""},"categories":[],"tags":[],"class_list":["post-115","page","type-page","status-publish","hentry"],"acf":[],"_links":{"self":[{"href":"https:\/\/semmelweis.hu\/belonko\/wp-json\/wp\/v2\/pages\/115","targetHints":{"allow":["GET"]}}],"collection":[{"href":"https:\/\/semmelweis.hu\/belonko\/wp-json\/wp\/v2\/pages"}],"about":[{"href":"https:\/\/semmelweis.hu\/belonko\/wp-json\/wp\/v2\/types\/page"}],"author":[{"embeddable":true,"href":"https:\/\/semmelweis.hu\/belonko\/wp-json\/wp\/v2\/users\/102189"}],"replies":[{"embeddable":true,"href":"https:\/\/semmelweis.hu\/belonko\/wp-json\/wp\/v2\/comments?post=115"}],"version-history":[{"count":5,"href":"https:\/\/semmelweis.hu\/belonko\/wp-json\/wp\/v2\/pages\/115\/revisions"}],"predecessor-version":[{"id":1055,"href":"https:\/\/semmelweis.hu\/belonko\/wp-json\/wp\/v2\/pages\/115\/revisions\/1055"}],"up":[{"embeddable":true,"href":"https:\/\/semmelweis.hu\/belonko\/wp-json\/wp\/v2\/pages\/42"}],"wp:attachment":[{"href":"https:\/\/semmelweis.hu\/belonko\/wp-json\/wp\/v2\/media?parent=115"}],"wp:term":[{"taxonomy":"category","embeddable":true,"href":"https:\/\/semmelweis.hu\/belonko\/wp-json\/wp\/v2\/categories?post=115"},{"taxonomy":"post_tag","embeddable":true,"href":"https:\/\/semmelweis.hu\/belonko\/wp-json\/wp\/v2\/tags?post=115"}],"curies":[{"name":"wp","href":"https:\/\/api.w.org\/{rel}","templated":true}]}}