{"id":1128,"date":"2023-05-06T20:09:26","date_gmt":"2023-05-06T18:09:26","guid":{"rendered":"https:\/\/semmelweis.hu\/belonko\/?page_id=1128"},"modified":"2025-07-22T15:10:43","modified_gmt":"2025-07-22T13:10:43","slug":"laktoz-kilegzesi-teszt-vizsgalat","status":"publish","type":"page","link":"https:\/\/semmelweis.hu\/belonko\/szakrendelesek\/laktoz-kilegzesi-teszt-vizsgalat\/","title":{"rendered":"Lakt\u00f3z kil\u00e9gz\u00e9si teszt vizsg\u00e1lat"},"content":{"rendered":"<h4><span style=\"color: #ff0000\"><strong>A VIZSG\u00c1LAT \u00c1TMENETILEG, K\u00dcLS\u0150S HELYEK R\u00c9SZ\u00c9RE SZ\u00dcNETEL!\u00a0<\/strong><\/span><\/h4>\n<h4><strong>Id\u0151pontk\u00e9r\u00e9s: <\/strong><\/h4>\n<p>06-20-452 7883 Kedd \u00e9s cs\u00fct\u00f6rt\u00f6k: 8-14.00 h k\u00f6z\u00f6tt\u00a0<\/p>\n<p><strong>Vizsg\u00e1lat id\u0151pontja:\u00a0<\/strong><\/p>\n<p>H-P: 7.00-12.00 h\u00a0<\/p>\n<div id=\"GroupWiseSection_1683784654000_horvath.beatrix@med.semmelweis-univ.hu_F2F66983193B000091A6000000000000_\" class=\"GroupWiseMessageBody active\">\n<h4><strong>T\u00e1j\u00e9koztat\u00f3 a vizsg\u00e1latr\u00f3l:\u00a0<\/strong><\/h4>\n<div>Klinikai szakorvos \u00e1ltal k\u00fcld\u00f6tt betegek vizsg\u00e1lat\u00e1t tudjuk elv\u00e9gezni<\/div>\n<div>H\u00e1ziorvos vagy szakorvosi <strong>beutal\u00f3 sz\u00fcks\u00e9ges.<\/strong><\/div>\n<div>A vizsg\u00e1lat <strong>speci\u00e1lis el\u0151k\u00e9sz\u00fcletet ig\u00e9nyel<\/strong>, melyr\u0151l a <strong>t\u00e1j\u00e9koztat\u00f3t az id\u0151pont k\u00e9r\u00e9sekor<\/strong> adunk ki vagy k\u00fcld\u00fcnk el email-be<\/div>\n<div>A vizsg\u00e1lat <strong>kb. 3 \u00f3r\u00e1t vesz ig\u00e9nybe, melyet 07:00-kor kezd\u00fcnk!<\/strong><\/div>\n<\/div>\n<p>&nbsp;<\/p>\n<p>Vizsg\u00e1lat helye: Alagsor (Keleti sz\u00e1rny)\u00a0<\/p>\n","protected":false},"excerpt":{"rendered":"<p>A VIZSG\u00c1LAT \u00c1TMENETILEG, K\u00dcLS\u0150S HELYEK R\u00c9SZ\u00c9RE SZ\u00dcNETEL!\u00a0 Id\u0151pontk\u00e9r\u00e9s: 06-20-452 7883 Kedd \u00e9s cs\u00fct\u00f6rt\u00f6k: 8-14.00 h k\u00f6z\u00f6tt\u00a0 Vizsg\u00e1lat id\u0151pontja:\u00a0 H-P: 7.00-12.00 h\u00a0 T\u00e1j\u00e9koztat\u00f3 a vizsg\u00e1latr\u00f3l:\u00a0 Klinikai szakorvos \u00e1ltal k\u00fcld\u00f6tt betegek vizsg\u00e1lat\u00e1t tudjuk elv\u00e9gezni H\u00e1ziorvos vagy szakorvosi beutal\u00f3 sz\u00fcks\u00e9ges. A vizsg\u00e1lat speci\u00e1lis el\u0151k\u00e9sz\u00fcletet ig\u00e9nyel, melyr\u0151l a t\u00e1j\u00e9koztat\u00f3t az id\u0151pont k\u00e9r\u00e9sekor adunk ki vagy k\u00fcld\u00fcnk el email-be A &hellip;<\/p>\n","protected":false},"author":102173,"featured_media":0,"parent":130,"menu_order":18,"comment_status":"closed","ping_status":"closed","template":"","meta":{"_acf_changed":false,"footnotes":""},"categories":[],"tags":[],"class_list":["post-1128","page","type-page","status-publish","hentry"],"acf":[],"_links":{"self":[{"href":"https:\/\/semmelweis.hu\/belonko\/wp-json\/wp\/v2\/pages\/1128","targetHints":{"allow":["GET"]}}],"collection":[{"href":"https:\/\/semmelweis.hu\/belonko\/wp-json\/wp\/v2\/pages"}],"about":[{"href":"https:\/\/semmelweis.hu\/belonko\/wp-json\/wp\/v2\/types\/page"}],"author":[{"embeddable":true,"href":"https:\/\/semmelweis.hu\/belonko\/wp-json\/wp\/v2\/users\/102173"}],"replies":[{"embeddable":true,"href":"https:\/\/semmelweis.hu\/belonko\/wp-json\/wp\/v2\/comments?post=1128"}],"version-history":[{"count":6,"href":"https:\/\/semmelweis.hu\/belonko\/wp-json\/wp\/v2\/pages\/1128\/revisions"}],"predecessor-version":[{"id":2939,"href":"https:\/\/semmelweis.hu\/belonko\/wp-json\/wp\/v2\/pages\/1128\/revisions\/2939"}],"up":[{"embeddable":true,"href":"https:\/\/semmelweis.hu\/belonko\/wp-json\/wp\/v2\/pages\/130"}],"wp:attachment":[{"href":"https:\/\/semmelweis.hu\/belonko\/wp-json\/wp\/v2\/media?parent=1128"}],"wp:term":[{"taxonomy":"category","embeddable":true,"href":"https:\/\/semmelweis.hu\/belonko\/wp-json\/wp\/v2\/categories?post=1128"},{"taxonomy":"post_tag","embeddable":true,"href":"https:\/\/semmelweis.hu\/belonko\/wp-json\/wp\/v2\/tags?post=1128"}],"curies":[{"name":"wp","href":"https:\/\/api.w.org\/{rel}","templated":true}]}}