{"id":107,"date":"2023-03-27T13:32:24","date_gmt":"2023-03-27T11:32:24","guid":{"rendered":"https:\/\/semmelweis.hu\/belonko\/?page_id=107"},"modified":"2026-03-28T19:26:24","modified_gmt":"2026-03-28T18:26:24","slug":"oktatasi-felelosok","status":"publish","type":"page","link":"https:\/\/semmelweis.hu\/belonko\/oktatas\/oktatasi-felelosok\/","title":{"rendered":"Oktat\u00e1si felel\u0151s\u00f6k"},"content":{"rendered":"<p><strong>A Klinika oktat\u00e1s\u00e1\u00e9rt felel\u0151s: Dr. Tak\u00e1cs Istv\u00e1n egyetemi tan\u00e1r, igazgat\u00f3\u00a0<\/strong><\/p>\n<p><span style=\"font-size: 18pt\">M<strong>agyar tanulm\u00e1nyi \u00fcgyek\u00e9rt felel\u0151s orvos:<\/strong><\/span><br \/>\n<strong><em>Dr. Tisl\u00e9r Andr\u00e1s egyetemi tan\u00e1r<\/em><\/strong><br \/>\nHelyettese: Dr. T\u0151ke Judit egyetemi docens<br \/>\ne-mail: titkarsag.bel1@semmelweis.hu<\/p>\n<p><strong>Tanulm\u00e1nyi \u00fcgyint\u00e9z\u0151:<\/strong><\/p>\n<p><strong><em>H\u00e1mori Eszter Lotti<\/em><\/strong><\/p>\n<p><em><strong>Bercs\u00e9nyi Zita<\/strong><\/em><\/p>\n<p>Titk\u00e1rs\u00e1g, magasf\u00f6ldszint<br \/>\ne-mail: titkarsag.bel1@semmelweis.hu<br \/>\nTel: +36-1-459-150\/51587-es mell\u00e9k<\/p>\n<p><span style=\"font-size: 18pt\"><strong>Angol nyelv\u0171 tanulm\u00e1nyi \u00fcgyek\u00e9rt felel\u0151s orvos:<\/strong><\/span><\/p>\n<p><em><strong>Dr. Studinger P\u00e9ter adjunktus<\/strong><\/em><\/p>\n<p>Helyettese: Dr. Szab\u00f3 Gergely adjunktus<\/p>\n<p><span style=\"font-size: 18pt\"><strong>N\u00e9met nyelv\u0171 tanulm\u00e1nyi \u00fcgyek\u00e9rt felel\u0151s orvos:<\/strong><\/span><\/p>\n<p><em><strong>Dr. Peth\u0151 \u00c1kos adjunktus<\/strong><\/em><\/p>\n<p>Helyettese: Dr. K\u00f6vesdi Annam\u00e1ria tan\u00e1rseg\u00e9d<\/p>\n<p>e-mail: titkarsag.bel1@semmelweis.hu<\/p>\n<p><strong>Angol \u00e9s n\u00e9met tanulm\u00e1nyi \u00fcgyint\u00e9z\u0151:<\/strong><\/p>\n<p><em><strong>Kiss-L\u00e1ng Zsuzsanna<\/strong><\/em><\/p>\n<p>Tel: +36-1-459-150\/51464-es mell\u00e9k<\/p>\n<p>e-mail: titkarsag.bel1@semmelweis.hu<\/p>\n","protected":false},"excerpt":{"rendered":"<p>A Klinika oktat\u00e1s\u00e1\u00e9rt felel\u0151s: Dr. Tak\u00e1cs Istv\u00e1n egyetemi tan\u00e1r, igazgat\u00f3\u00a0 Magyar tanulm\u00e1nyi \u00fcgyek\u00e9rt felel\u0151s orvos: Dr. Tisl\u00e9r Andr\u00e1s egyetemi tan\u00e1r Helyettese: Dr. T\u0151ke Judit egyetemi docens e-mail: titkarsag.bel1@semmelweis.hu Tanulm\u00e1nyi \u00fcgyint\u00e9z\u0151: H\u00e1mori Eszter Lotti Bercs\u00e9nyi Zita Titk\u00e1rs\u00e1g, magasf\u00f6ldszint e-mail: titkarsag.bel1@semmelweis.hu Tel: +36-1-459-150\/51587-es mell\u00e9k Angol nyelv\u0171 tanulm\u00e1nyi \u00fcgyek\u00e9rt felel\u0151s orvos: Dr. Studinger P\u00e9ter adjunktus Helyettese: Dr. Szab\u00f3 &hellip;<\/p>\n","protected":false},"author":102189,"featured_media":0,"parent":41,"menu_order":0,"comment_status":"closed","ping_status":"closed","template":"","meta":{"_acf_changed":false,"footnotes":""},"categories":[],"tags":[],"class_list":["post-107","page","type-page","status-publish","hentry"],"acf":[],"_links":{"self":[{"href":"https:\/\/semmelweis.hu\/belonko\/wp-json\/wp\/v2\/pages\/107","targetHints":{"allow":["GET"]}}],"collection":[{"href":"https:\/\/semmelweis.hu\/belonko\/wp-json\/wp\/v2\/pages"}],"about":[{"href":"https:\/\/semmelweis.hu\/belonko\/wp-json\/wp\/v2\/types\/page"}],"author":[{"embeddable":true,"href":"https:\/\/semmelweis.hu\/belonko\/wp-json\/wp\/v2\/users\/102189"}],"replies":[{"embeddable":true,"href":"https:\/\/semmelweis.hu\/belonko\/wp-json\/wp\/v2\/comments?post=107"}],"version-history":[{"count":11,"href":"https:\/\/semmelweis.hu\/belonko\/wp-json\/wp\/v2\/pages\/107\/revisions"}],"predecessor-version":[{"id":3205,"href":"https:\/\/semmelweis.hu\/belonko\/wp-json\/wp\/v2\/pages\/107\/revisions\/3205"}],"up":[{"embeddable":true,"href":"https:\/\/semmelweis.hu\/belonko\/wp-json\/wp\/v2\/pages\/41"}],"wp:attachment":[{"href":"https:\/\/semmelweis.hu\/belonko\/wp-json\/wp\/v2\/media?parent=107"}],"wp:term":[{"taxonomy":"category","embeddable":true,"href":"https:\/\/semmelweis.hu\/belonko\/wp-json\/wp\/v2\/categories?post=107"},{"taxonomy":"post_tag","embeddable":true,"href":"https:\/\/semmelweis.hu\/belonko\/wp-json\/wp\/v2\/tags?post=107"}],"curies":[{"name":"wp","href":"https:\/\/api.w.org\/{rel}","templated":true}]}}