{"id":105,"date":"2023-03-27T13:31:42","date_gmt":"2023-03-27T11:31:42","guid":{"rendered":"https:\/\/semmelweis.hu\/belonko\/?page_id=105"},"modified":"2023-05-05T13:05:23","modified_gmt":"2023-05-05T11:05:23","slug":"posztgradualis-oktatas","status":"publish","type":"page","link":"https:\/\/semmelweis.hu\/belonko\/oktatas\/posztgradualis-oktatas\/","title":{"rendered":"Posztgradu\u00e1lis oktat\u00e1s"},"content":{"rendered":"<h3>Semmelweis Egyetem Belgy\u00f3gy\u00e1szati Szakmai Gr\u00e9mium:\u00a0<\/h3>\n<p><strong>Eln\u00f6k: Dr. Tak\u00e1cs Istv\u00e1n\u00a0<\/strong><br \/>\negyetemi tan\u00e1r<br \/>\ne-mail: titkarsag.bel1@med.semmelweis-univ.hu<br \/>\nTel: +36-1-2100279<\/p>\n<p><strong>helyettes:\u00a0 <\/strong>Dr. Lakatos P\u00e9ter Andr\u00e1s\u00a0<br \/>\negyetemi tan\u00e1r<\/p>\n<p><strong>Tagok:\u00a0<\/strong><\/p>\n<p>Dr. Masszi Tam\u00e1s<br \/>\negyetemi tan\u00e1r<\/p>\n<p>Dr. Tisl\u00e9r Andr\u00e1s<br \/>\negyetemi tan\u00e1r\u00a0<\/p>\n<h3>Semmelweis Egyetem Endokrinol\u00f3giai Szakmai Gr\u00e9mium:\u00a0<\/h3>\n<p><strong>Eln\u00f6k: Dr. Lakatos P\u00e9ter Andr\u00e1s<br \/>\n<\/strong>egyetemi tan\u00e1r\u00a0<\/p>\n<p>Tel: +36-1-4591500\/51566<\/p>\n<h3>Semmelweis Egyetem Geri\u00e1triai Szakmai Gr\u00e9mium:\u00a0<\/h3>\n<p><strong>Eln\u00f6k: Dr. T\u00f3th Mikl\u00f3s\u00a0<br \/>\n<\/strong>egyetemi tan\u00e1r\u00a0<\/p>\n","protected":false},"excerpt":{"rendered":"<p>Semmelweis Egyetem Belgy\u00f3gy\u00e1szati Szakmai Gr\u00e9mium:\u00a0 Eln\u00f6k: Dr. Tak\u00e1cs Istv\u00e1n\u00a0 egyetemi tan\u00e1r e-mail: titkarsag.bel1@med.semmelweis-univ.hu Tel: +36-1-2100279 helyettes:\u00a0 Dr. Lakatos P\u00e9ter Andr\u00e1s\u00a0 egyetemi tan\u00e1r Tagok:\u00a0 Dr. Masszi Tam\u00e1s egyetemi tan\u00e1r Dr. Tisl\u00e9r Andr\u00e1s egyetemi tan\u00e1r\u00a0 Semmelweis Egyetem Endokrinol\u00f3giai Szakmai Gr\u00e9mium:\u00a0 Eln\u00f6k: Dr. Lakatos P\u00e9ter Andr\u00e1s egyetemi tan\u00e1r\u00a0 Tel: +36-1-4591500\/51566 Semmelweis Egyetem Geri\u00e1triai Szakmai Gr\u00e9mium:\u00a0 Eln\u00f6k: Dr. T\u00f3th &hellip;<\/p>\n","protected":false},"author":102189,"featured_media":0,"parent":41,"menu_order":10,"comment_status":"closed","ping_status":"closed","template":"","meta":{"_acf_changed":false,"footnotes":""},"categories":[],"tags":[],"class_list":["post-105","page","type-page","status-publish","hentry"],"acf":[],"_links":{"self":[{"href":"https:\/\/semmelweis.hu\/belonko\/wp-json\/wp\/v2\/pages\/105","targetHints":{"allow":["GET"]}}],"collection":[{"href":"https:\/\/semmelweis.hu\/belonko\/wp-json\/wp\/v2\/pages"}],"about":[{"href":"https:\/\/semmelweis.hu\/belonko\/wp-json\/wp\/v2\/types\/page"}],"author":[{"embeddable":true,"href":"https:\/\/semmelweis.hu\/belonko\/wp-json\/wp\/v2\/users\/102189"}],"replies":[{"embeddable":true,"href":"https:\/\/semmelweis.hu\/belonko\/wp-json\/wp\/v2\/comments?post=105"}],"version-history":[{"count":7,"href":"https:\/\/semmelweis.hu\/belonko\/wp-json\/wp\/v2\/pages\/105\/revisions"}],"predecessor-version":[{"id":938,"href":"https:\/\/semmelweis.hu\/belonko\/wp-json\/wp\/v2\/pages\/105\/revisions\/938"}],"up":[{"embeddable":true,"href":"https:\/\/semmelweis.hu\/belonko\/wp-json\/wp\/v2\/pages\/41"}],"wp:attachment":[{"href":"https:\/\/semmelweis.hu\/belonko\/wp-json\/wp\/v2\/media?parent=105"}],"wp:term":[{"taxonomy":"category","embeddable":true,"href":"https:\/\/semmelweis.hu\/belonko\/wp-json\/wp\/v2\/categories?post=105"},{"taxonomy":"post_tag","embeddable":true,"href":"https:\/\/semmelweis.hu\/belonko\/wp-json\/wp\/v2\/tags?post=105"}],"curies":[{"name":"wp","href":"https:\/\/api.w.org\/{rel}","templated":true}]}}