{"id":956,"date":"2023-05-17T11:00:22","date_gmt":"2023-05-17T09:00:22","guid":{"rendered":"https:\/\/semmelweis.hu\/belhema\/?page_id=956"},"modified":"2023-06-02T16:50:20","modified_gmt":"2023-06-02T14:50:20","slug":"judy-rakalapitvany","status":"publish","type":"page","link":"https:\/\/semmelweis.hu\/belhema\/en\/foundations\/judy-rakalapitvany\/","title":{"rendered":"Judy Cancer Foundation"},"content":{"rendered":"<p><strong><img loading=\"lazy\" decoding=\"async\" class=\" wp-image-957 alignright\" src=\"https:\/\/semmelweis.hu\/belhema\/files\/2023\/05\/judy_alapc3adtvc3a1ny_logo-1-400x212.jpg\" alt=\"\" width=\"347\" height=\"184\" \/>Founded by<\/strong> J\u00e1nos Kem\u00e9ny in the memory of his daughter, Judy, in 2001<\/p>\n<p><strong>Category:<\/strong> Common Benefit Foundation<\/p>\n<p><strong>The goals of the Judy Cancer Foundation<\/strong> (which are realized in large part at the Department of Internal Medicine and Haematology) are <span style=\"font-size: 1rem;\">to <strong>provide financial support for cancer research<\/strong> and the publication of the associated results with a focus on lung cancer, and <\/span><span style=\"font-size: 1rem;\">to <strong>foster the awareness of novel cancer related research, prevention or treatment<\/strong> (via lectures, hand-outs and\/or publications).<\/span><\/p>\n<div class=\"keretes w-100\">\n<p><strong>Charitable Registration Number:<\/strong> 18243857-1-42<\/p>\n<p><strong>Bank Account Number:<\/strong> MKB Bank 10300002-20125954-00003285<br \/>\n<strong>IBAN:<\/strong> HU15 1030 0002 2012 5954 0000 3285<br \/>\n<strong>SWIFT:<\/strong> MKKBHUHB<\/p>\n<p><strong>Location:<\/strong> Semmelweis University, Department of Internal Medicine and Haematology<br \/>\nSzentkir\u00e1lyi u. 46, 1088 Budapest, Hungary<\/p>\n<\/div>\n<p><strong>Chair and Board of Trustees:<\/strong><br \/>\nProf. B\u00e9la Fekete MD (Chair), Prof. Istv\u00e1n Kar\u00e1di MD, Prof. Zolt\u00e1n Proh\u00e1szka MD, Andr\u00e1s Moldov\u00e1n JD, Ibolya Anett Czegle MD, Gergely Szombath MD<\/p>\n<p><strong>In line with its goals the Judy Cancer Foundation supports the following oncology related work at the Department of Internal Medicine and Haematology<\/strong>:<\/p>\n<ul>\n<li>Financial support to research focusing on the diagnosis, prevention and treatment of cancer<\/li>\n<li>Financial support to the publication of the presentation \/ publication of such research<\/li>\n<li>Support of publications \/ events raising public awareness of cancer prevention and screening<\/li>\n<li>Looking for fundraising ideas to support these aims<\/li>\n<li>The ongoing education (conferences, course expenses, etc.) of medical staff (doctors, technicians, nurses) with the primary aim of continuously improving the work conditions related to patient care<\/li>\n<\/ul>\n<p>The Judy Cancer Foundation primarily provides financial support for the activities listed above. Since many financial resources available to the University are constrained, the Foundation represents support across a wide spectrum of the areas outlined.<\/p>\n","protected":false},"excerpt":{"rendered":"<p>Founded by J\u00e1nos Kem\u00e9ny in the memory of his daughter, Judy, in 2001 Category: Common Benefit Foundation The goals of the Judy Cancer Foundation (which are realized in large part at the Department of Internal Medicine and Haematology) are to provide financial support for cancer research and the publication of the associated results with a &hellip;<\/p>\n","protected":false},"author":334,"featured_media":0,"parent":910,"menu_order":7,"comment_status":"closed","ping_status":"closed","template":"","meta":{"_acf_changed":false,"footnotes":""},"categories":[],"tags":[],"class_list":["post-956","page","type-page","status-publish","hentry"],"acf":[],"_links":{"self":[{"href":"https:\/\/semmelweis.hu\/belhema\/wp-json\/wp\/v2\/pages\/956","targetHints":{"allow":["GET"]}}],"collection":[{"href":"https:\/\/semmelweis.hu\/belhema\/wp-json\/wp\/v2\/pages"}],"about":[{"href":"https:\/\/semmelweis.hu\/belhema\/wp-json\/wp\/v2\/types\/page"}],"author":[{"embeddable":true,"href":"https:\/\/semmelweis.hu\/belhema\/wp-json\/wp\/v2\/users\/334"}],"replies":[{"embeddable":true,"href":"https:\/\/semmelweis.hu\/belhema\/wp-json\/wp\/v2\/comments?post=956"}],"version-history":[{"count":5,"href":"https:\/\/semmelweis.hu\/belhema\/wp-json\/wp\/v2\/pages\/956\/revisions"}],"predecessor-version":[{"id":1200,"href":"https:\/\/semmelweis.hu\/belhema\/wp-json\/wp\/v2\/pages\/956\/revisions\/1200"}],"up":[{"embeddable":true,"href":"https:\/\/semmelweis.hu\/belhema\/wp-json\/wp\/v2\/pages\/910"}],"wp:attachment":[{"href":"https:\/\/semmelweis.hu\/belhema\/wp-json\/wp\/v2\/media?parent=956"}],"wp:term":[{"taxonomy":"category","embeddable":true,"href":"https:\/\/semmelweis.hu\/belhema\/wp-json\/wp\/v2\/categories?post=956"},{"taxonomy":"post_tag","embeddable":true,"href":"https:\/\/semmelweis.hu\/belhema\/wp-json\/wp\/v2\/tags?post=956"}],"curies":[{"name":"wp","href":"https:\/\/api.w.org\/{rel}","templated":true}]}}