{"id":916,"date":"2023-05-17T10:44:09","date_gmt":"2023-05-17T08:44:09","guid":{"rendered":"https:\/\/semmelweis.hu\/belhema\/?page_id=916"},"modified":"2023-06-02T16:46:48","modified_gmt":"2023-06-02T14:46:48","slug":"kutvolgyi-clinic-foundation","status":"publish","type":"page","link":"https:\/\/semmelweis.hu\/belhema\/en\/foundations\/kutvolgyi-clinic-foundation\/","title":{"rendered":"K\u00fatv\u00f6lgyi Clinic Foundation"},"content":{"rendered":"<p style=\"text-align: right;\"><em>Former Sv\u00e1bhegy Clinic Foundation<\/em><\/p>\n<p><strong>Classification:<\/strong> Common Benefit Foundation<\/p>\n<p><strong>The goals of the Foundation:<\/strong><\/p>\n<ul>\n<li>to assist the clinic to continue in its ability to function as a centre for education, treatment and prevention;<\/li>\n<li>to maintain and provide the highest quality of patient care;<\/li>\n<li>to support medical research.<\/li>\n<\/ul>\n<div class=\"keretes w-100\">\n<p><strong>Charitable Registration Number:<\/strong> 18050419-1-42<\/p>\n<p><strong>Bank Account Number:<\/strong> 11712004-20171728-00000000 (OTP)<br \/>\n<strong>IBAN:<\/strong> HU93 1171 2004 2017 1728 0000 0000<br \/>\n<strong>SWIFT:<\/strong> OTPVHUHB<\/p>\n<p><strong>Location:<\/strong> Semmelweis University, Department of Internal Medicine and Haematology<br \/>\nSzentkir\u00e1lyi u. 46., 1088 Budapest, Hungary<\/p>\n<\/div>\n<p><strong>President and Board of Trustees:<\/strong><\/p>\n<p>Prof. Istv\u00e1n Kar\u00e1di MD (Chair), Prof. B\u00e9la Fekete MD (Managing Director), Prof. L\u00e1szl\u00f3 Kalabay MD, Szabolcs Benedek MD, Mrs. L\u00e1szl\u00f3 Bal\u00e1zs, Ibolya Anett Czegle MD, Gergely Szombath MD<\/p>\n<p><strong>Founded by<\/strong> the \u00c9LKISZ Building and Apartment Maintenance Coop in 1993<\/p>\n","protected":false},"excerpt":{"rendered":"<p>Former Sv\u00e1bhegy Clinic Foundation Classification: Common Benefit Foundation The goals of the Foundation: to assist the clinic to continue in its ability to function as a centre for education, treatment and prevention; to maintain and provide the highest quality of patient care; to support medical research. Charitable Registration Number: 18050419-1-42 Bank Account Number: 11712004-20171728-00000000 (OTP) &hellip;<\/p>\n","protected":false},"author":334,"featured_media":0,"parent":910,"menu_order":2,"comment_status":"closed","ping_status":"closed","template":"","meta":{"_acf_changed":false,"footnotes":""},"categories":[],"tags":[],"class_list":["post-916","page","type-page","status-publish","hentry"],"acf":[],"_links":{"self":[{"href":"https:\/\/semmelweis.hu\/belhema\/wp-json\/wp\/v2\/pages\/916","targetHints":{"allow":["GET"]}}],"collection":[{"href":"https:\/\/semmelweis.hu\/belhema\/wp-json\/wp\/v2\/pages"}],"about":[{"href":"https:\/\/semmelweis.hu\/belhema\/wp-json\/wp\/v2\/types\/page"}],"author":[{"embeddable":true,"href":"https:\/\/semmelweis.hu\/belhema\/wp-json\/wp\/v2\/users\/334"}],"replies":[{"embeddable":true,"href":"https:\/\/semmelweis.hu\/belhema\/wp-json\/wp\/v2\/comments?post=916"}],"version-history":[{"count":7,"href":"https:\/\/semmelweis.hu\/belhema\/wp-json\/wp\/v2\/pages\/916\/revisions"}],"predecessor-version":[{"id":1198,"href":"https:\/\/semmelweis.hu\/belhema\/wp-json\/wp\/v2\/pages\/916\/revisions\/1198"}],"up":[{"embeddable":true,"href":"https:\/\/semmelweis.hu\/belhema\/wp-json\/wp\/v2\/pages\/910"}],"wp:attachment":[{"href":"https:\/\/semmelweis.hu\/belhema\/wp-json\/wp\/v2\/media?parent=916"}],"wp:term":[{"taxonomy":"category","embeddable":true,"href":"https:\/\/semmelweis.hu\/belhema\/wp-json\/wp\/v2\/categories?post=916"},{"taxonomy":"post_tag","embeddable":true,"href":"https:\/\/semmelweis.hu\/belhema\/wp-json\/wp\/v2\/tags?post=916"}],"curies":[{"name":"wp","href":"https:\/\/api.w.org\/{rel}","templated":true}]}}