{"id":904,"date":"2023-05-16T12:48:52","date_gmt":"2023-05-16T10:48:52","guid":{"rendered":"https:\/\/semmelweis.hu\/belhema\/?page_id=904"},"modified":"2025-01-07T12:11:04","modified_gmt":"2025-01-07T11:11:04","slug":"education","status":"publish","type":"page","link":"https:\/\/semmelweis.hu\/belhema\/en\/education\/","title":{"rendered":"Education"},"content":{"rendered":"<div class=\"keretes w-100\">\n<p><strong>English Tutor: Dr. Katalin Keltai<br \/>\n<\/strong><strong>E-mail:<\/strong> keltai.katalin@semmelweis.hu<\/p>\n<p><strong>Educational Coordinator:<\/strong> Incze Oliv\u00e9rn\u00e9 (Marcsi)<br \/>\n<strong>Office:<\/strong> Building G, ground floor<br \/>\n<strong>E-mail:<\/strong> incze.oliver.antalne@semmelweis.hu<\/p>\n<p><strong>Educational Administrator:<\/strong> \u00c1gnes Cs\u0171r\u00f6s<br \/>\n<strong>Office:<\/strong> Secretariat, Building B, \u00bd floor<br \/>\n<strong>E-mail:<\/strong> csuros.agnes@semmelweis.hu<br \/>\n<strong>Phone:<\/strong> <a href=\"tel:+3613754364\">+36 1 375-4364<\/a><\/p>\n<\/div>\n<p><strong>At the Department, we teach internal medicine to third, fifth and sixth year students of the Faculty of Medicine and fourth year students of the Faculty of Dentistry.<\/strong><\/p>\n<p>Please contact the Section of Infectology at St. L\u00e1szl\u00f3 Hospital (Dr. Gergely Kriv\u00e1n, J\u00falia Nagy) in matters related to the final year <strong>INFECTOLOGY<\/strong> course: <a href=\"mailto:infectology.hun@gmail.com\">infectology.hun@gmail.com<\/a><\/p>\n<div class=\"fontos_div\">\n<h6><strong>The updated educational material can be found in <a href=\"https:\/\/itc.semmelweis.hu\/moodle\/course\/view.php?id=151\">Moodle<\/a> system.<\/strong><\/h6>\n<\/div>\n","protected":false},"excerpt":{"rendered":"<p>English Tutor: Dr. Katalin Keltai E-mail: keltai.katalin@semmelweis.hu Educational Coordinator: Incze Oliv\u00e9rn\u00e9 (Marcsi) Office: Building G, ground floor E-mail: incze.oliver.antalne@semmelweis.hu Educational Administrator: \u00c1gnes Cs\u0171r\u00f6s Office: Secretariat, Building B, \u00bd floor E-mail: csuros.agnes@semmelweis.hu Phone: <a href=\"tel:+3613754364\">+36 1 375-4364<\/a> At the Department, we teach internal medicine to third, fifth and sixth year students of the Faculty of Medicine and fourth year students &hellip;<\/p>\n","protected":false},"author":334,"featured_media":0,"parent":0,"menu_order":2,"comment_status":"closed","ping_status":"closed","template":"","meta":{"_acf_changed":false,"footnotes":""},"categories":[],"tags":[],"class_list":["post-904","page","type-page","status-publish","hentry"],"acf":[],"_links":{"self":[{"href":"https:\/\/semmelweis.hu\/belhema\/wp-json\/wp\/v2\/pages\/904","targetHints":{"allow":["GET"]}}],"collection":[{"href":"https:\/\/semmelweis.hu\/belhema\/wp-json\/wp\/v2\/pages"}],"about":[{"href":"https:\/\/semmelweis.hu\/belhema\/wp-json\/wp\/v2\/types\/page"}],"author":[{"embeddable":true,"href":"https:\/\/semmelweis.hu\/belhema\/wp-json\/wp\/v2\/users\/334"}],"replies":[{"embeddable":true,"href":"https:\/\/semmelweis.hu\/belhema\/wp-json\/wp\/v2\/comments?post=904"}],"version-history":[{"count":9,"href":"https:\/\/semmelweis.hu\/belhema\/wp-json\/wp\/v2\/pages\/904\/revisions"}],"predecessor-version":[{"id":8806,"href":"https:\/\/semmelweis.hu\/belhema\/wp-json\/wp\/v2\/pages\/904\/revisions\/8806"}],"wp:attachment":[{"href":"https:\/\/semmelweis.hu\/belhema\/wp-json\/wp\/v2\/media?parent=904"}],"wp:term":[{"taxonomy":"category","embeddable":true,"href":"https:\/\/semmelweis.hu\/belhema\/wp-json\/wp\/v2\/categories?post=904"},{"taxonomy":"post_tag","embeddable":true,"href":"https:\/\/semmelweis.hu\/belhema\/wp-json\/wp\/v2\/tags?post=904"}],"curies":[{"name":"wp","href":"https:\/\/api.w.org\/{rel}","templated":true}]}}