{"id":88,"date":"2021-04-30T13:08:20","date_gmt":"2021-04-30T11:08:20","guid":{"rendered":"http:\/\/semmelweis.hu\/belgyogyaszat3-v3\/?page_id=88"},"modified":"2025-07-09T10:19:55","modified_gmt":"2025-07-09T08:19:55","slug":"kutvolgyi-klinika-alapitvany","status":"publish","type":"page","link":"https:\/\/semmelweis.hu\/belhema\/alapitvanyok\/kutvolgyi-klinika-alapitvany\/","title":{"rendered":"K\u00fatv\u00f6lgyi Klinika Alap\u00edtv\u00e1ny"},"content":{"rendered":"<p>(2010-ig SV\u00c1BHEGYI KLINIKA ALAP\u00cdTV\u00c1NY)<\/p>\n<p><strong>Alap\u00edtotta: <\/strong>az \u00e9vekkel ezel\u0151tt megsz\u0171nt \u00c9LKISZ \u00c9p\u00fclet \u00e9s Lak\u00e1skarbantart\u00f3 Sz\u00f6vetkezet, 1993-ban<br \/>\n<a href=\"https:\/\/semmelweis.hu\/belhema\/files\/2023\/03\/Kutvolgyi-Klinika-Alapitvany-Koszonolevel.pdf\" target=\"_blank\" rel=\"noopener\">K\u00f6sz\u00f6n\u0151lev\u00e9l<\/a><\/p>\n<p><strong>Min\u0151s\u00edt\u00e9se: <\/strong>k\u00f6zhaszn\u00fa alap\u00edtv\u00e1ny<\/p>\n<div class=\"responsive-tabs\">\n<h2 class=\"tabtitle\">\u00c1ltal\u00e1nos inform\u00e1ci\u00f3<\/h2>\n<div class=\"tabcontent\">\n\n<p><strong>M\u0171k\u00f6d\u00e9si helysz\u00edne:<\/strong><br \/>\nSemmelweis Egyetem Belgy\u00f3gy\u00e1szati \u00e9s Hematol\u00f3giai Klinika<br \/>\n1088 Budapest, Szentkir\u00e1lyi u. 46.<\/p>\n<p><strong>Ad\u00f3sz\u00e1ma: <\/strong>18050419-1-42<\/p>\n<p><strong>Sz\u00e1mlasz\u00e1ma: <\/strong>11712004-20171728-00000000 (OTP)<\/p>\n<p><strong>Kurat\u00f3rium:<\/strong><br \/>\nProf. Dr. Kar\u00e1di Istv\u00e1n (eln\u00f6k)<br \/>\nProf. Dr. Fekete B\u00e9la (titk\u00e1r)<br \/>\nProf. Dr. Kalabay L\u00e1szl\u00f3<br \/>\nBal\u00e1zs L\u00e1szl\u00f3n\u00e9<br \/>\nDr. Czegle Ibolya Anett<br \/>\nDr. Szombath Gergely<\/p>\n<p><strong>Az Alap\u00edtv\u00e1ny c\u00e9lja:<\/strong><br \/>\nA Semmelweis Egyetem Belgy\u00f3gy\u00e1szati \u00e9s Hematol\u00f3giai Klinik\u00e1j\u00e1nak oktat\u00f3, gy\u00f3gy\u00edt\u00f3 \u00e9s kutat\u00f3 munk\u00e1j\u00e1nak t\u00e1mogat\u00e1sa:<br \/>\n&#8211; A Klinik\u00e1n folytatott oktat\u00f3, gy\u00f3gy\u00edt\u00f3-megel\u0151z\u0151 tev\u00e9kenys\u00e9g seg\u00edt\u00e9se<br \/>\n&#8211; Az ell\u00e1tott betegek magas sz\u00ednvonal\u00fa, a kor k\u00f6vetelm\u00e9nyeinek megfelel\u0151 kezel\u00e9se, gy\u00f3gy\u00edt\u00e1sa<br \/>\n&#8211; Az orvosi kutat\u00e1sok t\u00e1mogat\u00e1sa<\/p>\n<p><a href=\"https:\/\/semmelweis.hu\/belhema\/files\/2023\/06\/kutvolgyi-klinika-alapitvany-altalanos-adatvedelmi-tajekoztato.pdf\" target=\"_blank\" rel=\"noopener\">\u00c1LTAL\u00c1NOS ADATV\u00c9DELMI T\u00c1J\u00c9KOZTAT\u00d3<\/a> (pdf)<\/p>\n<ul style=\"list-style-type: square\">\n<\/div><h2 class=\"tabtitle\">Dokumentumok<\/h2>\n<div class=\"tabcontent\">\n<\/ul>\n<ul>\n<li><a href=\"https:\/\/semmelweis.hu\/belhema\/files\/2025\/07\/Egyszerusitett-eves-beszamolo-2024-1.pdf\" target=\"_blank\" rel=\"noopener\">Egyszer\u0171s\u00edtett \u00e9ves besz\u00e1mol\u00f3 2024<\/a><\/li>\n<li><a href=\"https:\/\/semmelweis.hu\/belhema\/files\/2025\/07\/Egyszerusitett-kozhasznu-beszamolo-2024.pdf\" target=\"_blank\" rel=\"noopener\">Egyszer\u0171s\u00edtett k\u00f6zhaszn\u00fa besz\u00e1mol\u00f3 2024<\/a><\/li>\n<li><a href=\"https:\/\/semmelweis.hu\/belhema\/files\/2025\/07\/Egyszerusitett-kozhasznu-beszamolo-kiegeszites-2024.pdf\" target=\"_blank\" rel=\"noopener\">Egyszer\u0171s\u00edtett k\u00f6zhaszn\u00fa besz\u00e1mol\u00f3 kieg\u00e9sz\u00edt\u00e9s 2024<\/a><\/li>\n<li><a href=\"https:\/\/semmelweis.hu\/belhema\/files\/2025\/07\/Kozhasznu-jelentes-2024-1.pdf\" target=\"_blank\" rel=\"noopener\">K\u00f6zhaszn\u00fa jelent\u00e9s 2024<\/a><\/li>\n<li><a href=\"https:\/\/semmelweis.hu\/belhema\/files\/2025\/07\/Kozhasznu-jelentes-merleg_eredmenykimutatas-2024-1.pdf\" target=\"_blank\" rel=\"noopener\">K\u00f6zhaszn\u00fa jelent\u00e9s &#8211; m\u00e9rleg_eredm\u00e9nykimutat\u00e1s 2024<\/a><\/li>\n<li><a href=\"https:\/\/semmelweis.hu\/belhema\/files\/2025\/07\/TAO-nyilatkozat-2024-1.pdf\" target=\"_blank\" rel=\"noopener\">TAO nyilatkozat 2024<\/a><\/li>\n<li><a href=\"https:\/\/semmelweis.hu\/belhema\/files\/2025\/07\/Kozlemeny-atutalt-osszeg-felhasznalasarol-2024-1.pdf\" target=\"_blank\" rel=\"noopener\">K\u00f6zlem\u00e9ny \u00e1tutalt \u00f6sszeg felhaszn\u00e1l\u00e1s\u00e1r\u00f3l 2024<\/a><\/li>\n<li><a href=\"https:\/\/semmelweis.hu\/belhema\/files\/2025\/07\/Kuratoriumi-ules-jegyzokonyv-2025-05-26-1.pdf\" target=\"_blank\" rel=\"noopener\">Kurat\u00f3riumi \u00fcl\u00e9s jegyz\u0151k\u00f6nyv 2025-05-26<\/a><\/li>\n<\/ul>\n<p>&nbsp;<\/p>\n<ul style=\"list-style-type: square\">\n<li><a href=\"https:\/\/semmelweis.hu\/belhema\/files\/2024\/07\/KKA-Vagyonelszamolas-2023.pdf\">KKA Vagyonelsz\u00e1mol\u00e1s 2023<\/a><\/li>\n<li><a href=\"https:\/\/semmelweis.hu\/belhema\/files\/2024\/07\/KKA-TAONY-2023.pdf\">KKA TAONY 2023<\/a><\/li>\n<li><a href=\"https:\/\/semmelweis.hu\/belhema\/files\/2024\/07\/KKA-PK-942-2023.pdf\">KKA PK-942 2023<\/a><\/li>\n<li><a href=\"https:\/\/semmelweis.hu\/belhema\/files\/2024\/07\/KKA-Merleg-Eszkozok-2023.pdf\">KKA M\u00e9rleg, Eszk\u00f6z\u00f6k 2023<\/a><\/li>\n<li><a href=\"https:\/\/semmelweis.hu\/belhema\/files\/2024\/07\/KKA-Kozhasznu-jelentes-2023.pdf\">KKA K\u00f6zhaszn\u00fa jelent\u00e9s 2023<\/a><\/li>\n<li><a href=\"https:\/\/semmelweis.hu\/belhema\/files\/2024\/07\/KKA-Egyszerusitett-Kozhasznu-Beszamolo-2023.pdf\">KKA Egyszer\u0171s\u00edtett K\u00f6zhaszn\u00fa Besz\u00e1mol\u00f3 2023<\/a><\/li>\n<li><a href=\"https:\/\/semmelweis.hu\/belhema\/files\/2024\/07\/KKA-2023-as-ev-zarasi-ulesenek-jegyzokonyve-2024.05.23.2504.pdf\">KKA 2023-as \u00e9v z\u00e1r\u00e1si \u00fcl\u00e9s\u00e9nek jegyz\u0151k\u00f6nyve 2024.05.23.[2504]<\/a><\/li>\n<li><a href=\"https:\/\/semmelweis.hu\/belhema\/files\/2024\/07\/KKA-22KOZ_18050419142.pdf\">KKA 22KOZ_18050419142<\/a><\/li>\n<\/ul>\n<p>&nbsp;<\/p>\n<ul style=\"list-style-type: square\">\n<li><a href=\"https:\/\/semmelweis.hu\/belhema\/files\/2023\/06\/Kozhasznu-jelentes_2022.pdf\">K\u00f6zhaszn\u00fa jelent\u00e9s_2022<\/a><\/li>\n<li><a href=\"https:\/\/semmelweis.hu\/belhema\/files\/2023\/06\/Egyszerusitet-kozhasznu-beszamolo_2022.pdf\">Egyszer\u0171s\u00edtett k\u00f6zhaszn\u00fa besz\u00e1mol\u00f3_2022<\/a><\/li>\n<li><a href=\"https:\/\/semmelweis.hu\/belhema\/files\/2023\/06\/Egyszerusitett-eves-beszamolo-es-kozhasznusagi-melleklet_2022-1.pdf\">Egyszer\u0171s\u00edtett \u00e9ves besz\u00e1mol\u00f3 \u00e9s k\u00f6zhaszn\u00fas\u00e1gi mell\u00e9klet_2022<\/a><\/li>\n<li><a href=\"https:\/\/semmelweis.hu\/belhema\/files\/2023\/06\/Merleg-es-kozhasznusagi-eredmenykimutatas_2022.pdf\">M\u00e9rleg \u00e9s k\u00f6zhaszn\u00fas\u00e1gi eredm\u00e9nykimutat\u00e1s_2022<\/a><\/li>\n<li><a href=\"https:\/\/semmelweis.hu\/belhema\/files\/2023\/06\/Kozlemeny-adozo-rendelkezese-szerinti-osszeg-felhasznalasarol_2022.pdf\">K\u00f6zlem\u00e9ny ad\u00f3z\u00f3 rendelkez\u00e9se szerinti \u00f6sszeg felhaszn\u00e1l\u00e1s\u00e1r\u00f3l_2022<\/a><\/li>\n<li><a href=\"https:\/\/semmelweis.hu\/belhema\/files\/2023\/06\/TAO-nyilatkozat_2022-1.pdf\">TAO nyilatkozat_2022<\/a><\/li>\n<li><a href=\"https:\/\/semmelweis.hu\/belhema\/files\/2023\/06\/Kuratoriumi-ules-jegyzokonyv-2023-05-23-1.pdf\">Kurat\u00f3riumi \u00fcl\u00e9s jegyz\u0151k\u00f6nyv 2023-05-23<\/a><\/li>\n<\/ul>\n<ul style=\"list-style-type: square\">\n<li><a href=\"https:\/\/semmelweis.hu\/belhema\/files\/2023\/03\/Kutvolgyi-Klinika-Alapitvany-Kozhasznu-jelentes-2021.pdf\">K\u00fatv\u00f6lgyi Klinika Alap\u00edtv\u00e1ny K\u00f6zhaszn\u00fa jelent\u00e9s 2021<\/a><\/li>\n<li><a href=\"https:\/\/semmelweis.hu\/belhema\/files\/2023\/03\/Kutvolgyi-Klinika-Alapitvany-Kozhasznu-eredmenykimutatas-2021.pdf\">K\u00fatv\u00f6lgyi Klinika Alap\u00edtv\u00e1ny K\u00f6zhaszn\u00fa eredm\u00e9nykimutat\u00e1s 2021<\/a><\/li>\n<li><a href=\"https:\/\/semmelweis.hu\/belhema\/files\/2023\/03\/Kutvolgyi-Klinika-Alapitvany-Merleg_eszkozok_forrasok-2021.pdf\">K\u00fatv\u00f6lgyi Klinika Alap\u00edtv\u00e1ny M\u00e9rleg_eszk\u00f6z\u00f6k_forr\u00e1sok 2021<\/a><\/li>\n<li><a href=\"https:\/\/semmelweis.hu\/belhema\/files\/2023\/03\/Kutvolgyi-Klinika-Alapitvany-Kuratoriumi-ules-jegyzokonyv-2022-05-23.pdf\">K\u00fatv\u00f6lgyi Klinika Alap\u00edtv\u00e1ny Kurat\u00f3riumi \u00fcl\u00e9s jegyz\u0151k\u00f6nyv 2022-05-23<\/a><\/li>\n<\/ul>\n<ul style=\"list-style-type: square\">\n<li><a href=\"https:\/\/semmelweis.hu\/belhema\/files\/2023\/03\/Kutvolgyi-Klinika-Alapitvany-Egyszerusitett-kozhasznu-beszamolo-2020.pdf\">K\u00fatv\u00f6lgyi Klinika Alap\u00edtv\u00e1ny Egyszer\u0171s\u00edtett k\u00f6zhaszn\u00fa besz\u00e1mol\u00f3 2020<\/a><\/li>\n<li><a href=\"https:\/\/semmelweis.hu\/belhema\/files\/2023\/03\/Kutvolgyi-Klinika-Alapitvany-Egyszerusitett-eves-beszamolo-es-kozhasznusagi-melleklet-2020.pdf\">K\u00fatv\u00f6lgyi Klinika Alap\u00edtv\u00e1ny Egyszer\u0171s\u00edtett \u00e9ves besz\u00e1mol\u00f3 \u00e9s k\u00f6zhaszn\u00fas\u00e1gi mell\u00e9klet 2020<\/a><\/li>\n<li><a href=\"https:\/\/semmelweis.hu\/belhema\/files\/2023\/03\/Kutvolgyi-Klinika-Alapitvany-Kozhasznu-jelentes-2020.pdf\">K\u00fatv\u00f6lgyi Klinika Alap\u00edtv\u00e1ny K\u00f6zhaszn\u00fa jelent\u00e9s 2020<\/a><\/li>\n<li><a href=\"https:\/\/semmelweis.hu\/belhema\/files\/2023\/03\/Kutvolgyi-Klinika-Alapitvany-Kozhasznu-eredmenykimutatas-2020.pdf\">K\u00fatv\u00f6lgyi Klinika Alap\u00edtv\u00e1ny K\u00f6zhaszn\u00fa eredm\u00e9nykimutat\u00e1s 2020<\/a><\/li>\n<li><a href=\"https:\/\/semmelweis.hu\/belhema\/files\/2023\/03\/Kutvolgyi-Klinika-Alapitvany-Kozlemeny-adozo-rendelkezese-szerint-atutalt-osszeg-felhasznalasarol-2020.pdf\">K\u00fatv\u00f6lgyi Klinika Alap\u00edtv\u00e1ny K\u00f6zlem\u00e9ny ad\u00f3z\u00f3 rendelkez\u00e9se szerint \u00e1tutalt \u00f6sszeg felhaszn\u00e1l\u00e1s\u00e1r\u00f3l 2020<\/a><\/li>\n<li><a href=\"https:\/\/semmelweis.hu\/belhema\/files\/2023\/03\/Kutvolgyi-Klinika-Alapitvany-TAO-nyilatkozat-2020.pdf\">K\u00fatv\u00f6lgyi Klinika Alap\u00edtv\u00e1ny TAO nyilatkozat 2020<\/a><\/li>\n<li><a href=\"https:\/\/semmelweis.hu\/belhema\/files\/2023\/03\/Kutvolgyi-Klinika-Alapitvany-Merleg_eszkozok_forrasok-2020.pdf\">K\u00fatv\u00f6lgyi Klinika Alap\u00edtv\u00e1ny M\u00e9rleg_eszk\u00f6z\u00f6k_forr\u00e1sok 2020<\/a><\/li>\n<li><a href=\"https:\/\/semmelweis.hu\/belhema\/files\/2023\/03\/Kutvolgyi-Klinika-Alapitvany-Kuratoriumi-ules-jegyzokonyv-2021-05-27.pdf\">K\u00fatv\u00f6lgyi Klinika Alap\u00edtv\u00e1ny Kurat\u00f3riumi \u00fcl\u00e9s jegyz\u0151k\u00f6nyv 2021-05-27<\/a><\/li>\n<\/ul>\n<\/div><\/div>\n","protected":false},"excerpt":{"rendered":"<p>(2010-ig SV\u00c1BHEGYI KLINIKA ALAP\u00cdTV\u00c1NY) Alap\u00edtotta: az \u00e9vekkel ezel\u0151tt megsz\u0171nt \u00c9LKISZ \u00c9p\u00fclet \u00e9s Lak\u00e1skarbantart\u00f3 Sz\u00f6vetkezet, 1993-ban <a href=\"https:\/\/semmelweis.hu\/belhema\/files\/2023\/03\/Kutvolgyi-Klinika-Alapitvany-Koszonolevel.pdf\" target=\"_blank\" rel=\"noopener\">K\u00f6sz\u00f6n\u0151lev\u00e9l<\/a> Min\u0151s\u00edt\u00e9se: k\u00f6zhaszn\u00fa alap\u00edtv\u00e1ny M\u0171k\u00f6d\u00e9si helysz\u00edne: Semmelweis Egyetem Belgy\u00f3gy\u00e1szati \u00e9s Hematol\u00f3giai Klinika 1088 Budapest, Szentkir\u00e1lyi u. 46. Ad\u00f3sz\u00e1ma: 18050419-1-42 Sz\u00e1mlasz\u00e1ma: 11712004-20171728-00000000 (OTP) Kurat\u00f3rium: Prof. Dr. Kar\u00e1di Istv\u00e1n (eln\u00f6k) Prof. Dr. Fekete B\u00e9la (titk\u00e1r) Prof. Dr. Kalabay L\u00e1szl\u00f3 Bal\u00e1zs L\u00e1szl\u00f3n\u00e9 Dr. Czegle &hellip;<\/p>\n","protected":false},"author":334,"featured_media":0,"parent":83,"menu_order":2,"comment_status":"closed","ping_status":"closed","template":"","meta":{"_acf_changed":false,"footnotes":""},"categories":[],"tags":[],"class_list":["post-88","page","type-page","status-publish","hentry"],"acf":[],"_links":{"self":[{"href":"https:\/\/semmelweis.hu\/belhema\/wp-json\/wp\/v2\/pages\/88","targetHints":{"allow":["GET"]}}],"collection":[{"href":"https:\/\/semmelweis.hu\/belhema\/wp-json\/wp\/v2\/pages"}],"about":[{"href":"https:\/\/semmelweis.hu\/belhema\/wp-json\/wp\/v2\/types\/page"}],"author":[{"embeddable":true,"href":"https:\/\/semmelweis.hu\/belhema\/wp-json\/wp\/v2\/users\/334"}],"replies":[{"embeddable":true,"href":"https:\/\/semmelweis.hu\/belhema\/wp-json\/wp\/v2\/comments?post=88"}],"version-history":[{"count":11,"href":"https:\/\/semmelweis.hu\/belhema\/wp-json\/wp\/v2\/pages\/88\/revisions"}],"predecessor-version":[{"id":8852,"href":"https:\/\/semmelweis.hu\/belhema\/wp-json\/wp\/v2\/pages\/88\/revisions\/8852"}],"up":[{"embeddable":true,"href":"https:\/\/semmelweis.hu\/belhema\/wp-json\/wp\/v2\/pages\/83"}],"wp:attachment":[{"href":"https:\/\/semmelweis.hu\/belhema\/wp-json\/wp\/v2\/media?parent=88"}],"wp:term":[{"taxonomy":"category","embeddable":true,"href":"https:\/\/semmelweis.hu\/belhema\/wp-json\/wp\/v2\/categories?post=88"},{"taxonomy":"post_tag","embeddable":true,"href":"https:\/\/semmelweis.hu\/belhema\/wp-json\/wp\/v2\/tags?post=88"}],"curies":[{"name":"wp","href":"https:\/\/api.w.org\/{rel}","templated":true}]}}