{"id":8674,"date":"2024-05-22T09:55:18","date_gmt":"2024-05-22T07:55:18","guid":{"rendered":"https:\/\/semmelweis.hu\/belhema\/?page_id=8674"},"modified":"2024-05-22T10:05:09","modified_gmt":"2024-05-22T08:05:09","slug":"minosegiranyitas","status":"publish","type":"page","link":"https:\/\/semmelweis.hu\/belhema\/bemutatkozas\/minosegiranyitas\/","title":{"rendered":"Adatkezel\u00e9si t\u00e1j\u00e9koztat\u00f3"},"content":{"rendered":"<p><a href=\"https:\/\/semmelweis.hu\/belhema\/files\/2024\/05\/Adatkezelesi-tajekoztato.pdf\" target=\"_blank\" rel=\"noopener\">Adatkezel\u00e9si t\u00e1j\u00e9koztat\u00f3<\/a> (pdf)<\/p>\n","protected":false},"excerpt":{"rendered":"<p><a href=\"https:\/\/semmelweis.hu\/belhema\/files\/2024\/05\/Adatkezelesi-tajekoztato.pdf\" target=\"_blank\" rel=\"noopener\">Adatkezel\u00e9si t\u00e1j\u00e9koztat\u00f3<\/a> (pdf)<\/p>\n","protected":false},"author":334,"featured_media":0,"parent":13,"menu_order":5,"comment_status":"closed","ping_status":"closed","template":"","meta":{"_acf_changed":false,"footnotes":""},"categories":[],"tags":[],"class_list":["post-8674","page","type-page","status-publish","hentry"],"acf":[],"_links":{"self":[{"href":"https:\/\/semmelweis.hu\/belhema\/wp-json\/wp\/v2\/pages\/8674","targetHints":{"allow":["GET"]}}],"collection":[{"href":"https:\/\/semmelweis.hu\/belhema\/wp-json\/wp\/v2\/pages"}],"about":[{"href":"https:\/\/semmelweis.hu\/belhema\/wp-json\/wp\/v2\/types\/page"}],"author":[{"embeddable":true,"href":"https:\/\/semmelweis.hu\/belhema\/wp-json\/wp\/v2\/users\/334"}],"replies":[{"embeddable":true,"href":"https:\/\/semmelweis.hu\/belhema\/wp-json\/wp\/v2\/comments?post=8674"}],"version-history":[{"count":5,"href":"https:\/\/semmelweis.hu\/belhema\/wp-json\/wp\/v2\/pages\/8674\/revisions"}],"predecessor-version":[{"id":8681,"href":"https:\/\/semmelweis.hu\/belhema\/wp-json\/wp\/v2\/pages\/8674\/revisions\/8681"}],"up":[{"embeddable":true,"href":"https:\/\/semmelweis.hu\/belhema\/wp-json\/wp\/v2\/pages\/13"}],"wp:attachment":[{"href":"https:\/\/semmelweis.hu\/belhema\/wp-json\/wp\/v2\/media?parent=8674"}],"wp:term":[{"taxonomy":"category","embeddable":true,"href":"https:\/\/semmelweis.hu\/belhema\/wp-json\/wp\/v2\/categories?post=8674"},{"taxonomy":"post_tag","embeddable":true,"href":"https:\/\/semmelweis.hu\/belhema\/wp-json\/wp\/v2\/tags?post=8674"}],"curies":[{"name":"wp","href":"https:\/\/api.w.org\/{rel}","templated":true}]}}