{"id":85,"date":"2021-04-30T13:07:49","date_gmt":"2021-04-30T11:07:49","guid":{"rendered":"http:\/\/semmelweis.hu\/belgyogyaszat3-v3\/?page_id=85"},"modified":"2025-07-09T10:10:07","modified_gmt":"2025-07-09T08:10:07","slug":"judy-rakalapitvany","status":"publish","type":"page","link":"https:\/\/semmelweis.hu\/belhema\/alapitvanyok\/judy-rakalapitvany\/","title":{"rendered":"Judy R\u00e1k-Alap\u00edtv\u00e1ny"},"content":{"rendered":"<p><strong><img loading=\"lazy\" decoding=\"async\" class=\" wp-image-950 alignright\" src=\"https:\/\/semmelweis.hu\/belhema\/files\/2023\/05\/judy_alapc3adtvc3a1ny_logo-1-400x212.jpg\" alt=\"\" width=\"347\" height=\"184\" \/>Alap\u00edtotta: <\/strong>Kem\u00e9ny J\u00e1nos, l\u00e1nya, Judy, eml\u00e9k\u00e9re 2001-ben<br \/>\n<a href=\"https:\/\/semmelweis.hu\/belhema\/files\/2024\/09\/Judy-Rak-Alapitvany-Koszonolevel.pdf\" target=\"_blank\" rel=\"noopener\">K\u00f6sz\u00f6n\u0151lev\u00e9l<\/a>\u00a0(pdf)<\/p>\n<p><strong>Min\u0151s\u00edt\u00e9se: <\/strong><strong><em>K\u00f6zhaszn\u00fa<\/em><\/strong> alap\u00edtv\u00e1ny<\/p>\n<div class=\"responsive-tabs\">\n<h2 class=\"tabtitle\">\u00c1ltal\u00e1nos inform\u00e1ci\u00f3k<\/h2>\n<div class=\"tabcontent\">\n\n<p><strong>M\u0171k\u00f6d\u00e9si helysz\u00edne:<\/strong><br \/>\nSemmelweis Egyetem Belgy\u00f3gy\u00e1szati \u00e9s Hematol\u00f3giai Klinika<br \/>\n1088 Budapest, Szentkir\u00e1lyi u. 46.<\/p>\n<p><strong>Ad\u00f3sz\u00e1ma: <\/strong>18243857-1-42<\/p>\n<p><strong>Sz\u00e1mlasz\u00e1ma: <\/strong>10300002-20125954-00003285 (MKB)<\/p>\n<p><strong>Kurat\u00f3rium:<\/strong><br \/>\nProf. Dr. Fekete B\u00e9la (eln\u00f6k)<br \/>\nProf. Dr. Kar\u00e1di Istv\u00e1n<br \/>\nProf. Dr. Proh\u00e1szka Zolt\u00e1n<br \/>\nDr. Moldov\u00e1n Andr\u00e1s<br \/>\nDr. Czegle Ibolya Anett<br \/>\nDr. Szombath Gergely<\/p>\n<p><strong>A Judy R\u00e1k-Alap\u00edtv\u00e1ny Alap\u00edt\u00f3 Okirat\u00e1ban a k\u00f6vetkez\u0151 \u2013 a Belgy\u00f3gy\u00e1szati \u00e9s Hematol\u00f3giai Klinik\u00e1n teljesen vagy r\u00e9szben megval\u00f3s\u00edthat\u00f3 &#8211; c\u00e9lok szerepelnek:<\/strong><\/p>\n<p>1) Anyagilag t\u00e1mogatni minden olyan kutat\u00e1st, amely a r\u00e1kbetegs\u00e9g diagnosztiz\u00e1l\u00e1s\u00e1ra, megel\u0151z\u00e9s\u00e9re, gy\u00f3gy\u00edt\u00e1s\u00e1ra szolg\u00e1l;<\/p>\n<p>2) Anyagilag t\u00e1mogatni a r\u00e1kbetegs\u00e9g, kiemelten a t\u00fcd\u0151r\u00e1k elleni orvosi kutat\u00e1sok eredm\u00e9nyeinek bemutat\u00e1s\u00e1t;<\/p>\n<p>3) Az Alap\u00edtv\u00e1ny \u00f6szt\u00f6n\u00f6zni k\u00edv\u00e1nja a r\u00e1kkutat\u00e1s, r\u00e1k elleni prevenci\u00f3, a r\u00e1kbetegek gy\u00f3gy\u00edt\u00e1s\u00e1t bemutat\u00f3 lehet\u0151s\u00e9gek (pl. felvil\u00e1gos\u00edt\u00f3 el\u0151ad\u00e1sok, kiadv\u00e1nyok k\u00e9sz\u00edt\u00e9se) t\u00e9rnyer\u00e9s\u00e9t;<\/p>\n<p>4) A fenti c\u00e9lok megval\u00f3s\u00edt\u00e1s\u00e1t seg\u00edt\u0151 eszk\u00f6z\u00f6k, t\u00e1mogat\u00e1sok felkutat\u00e1sa.<\/p>\n<p>A fenti c\u00e9lkit\u0171z\u00e9seknek megfelel\u0151en, a Judy R\u00e1k-Alap\u00edtv\u00e1ny a k\u00f6vetkez\u0151 onkohematol\u00f3giai tev\u00e9kenys\u00e9geket t\u00e1mogatja a Belgy\u00f3gy\u00e1szati \u00e9s Hematol\u00f3giai Klinik\u00e1n:<\/p>\n<ul>\n<li>A Klinika onkohematol\u00f3giai r\u00e9szlegein \u00e9vente t\u00f6bb mint 3000 fekv\u0151beteg-ell\u00e1t\u00f3 oszt\u00e1lyos kezel\u00e9s, t\u00f6bb mint 5000 k\u00faraszer\u0171 ell\u00e1t\u00e1s \u00e9s k\u00f6zel 30 ezer j\u00e1r\u00f3betegvizit t\u00f6rt\u00e9nik.<\/li>\n<li>A Klinika t\u00f6bbi j\u00e1r\u00f3beteg- \u00e9s fekv\u0151beteg-ell\u00e1t\u00f3 r\u00e9szleg\u00e9n is foglalkozunk daganatos betegekkel az \u00e1ltal\u00e1nos ell\u00e1t\u00e1s keret\u00e9ben (a differenci\u00e1ldiagnosztika sor\u00e1n felismer\u00e9sre ker\u00fcl\u0151, vagy m\u00e1s betegs\u00e9gben is szenved\u0151, vagy kezel\u00e9si sz\u00fcnetben l\u00e9v\u0151, vagy v\u00e9g\u00e1llapot\u00fa daganatos betegek).<\/li>\n<li>A diagnosztikus r\u00e9szlegek (kardiol\u00f3gia, radiol\u00f3gia, gasztroenterol\u00f3gia, kutat\u00f3laborat\u00f3rium) integr\u00e1ns r\u00e9sz\u00e9t k\u00e9pezik az onkohematol\u00f3giai ell\u00e1t\u00e1snak.<\/li>\n<li>Az orvosok, asszisztensek \u00e9s \u00e1pol\u00f3k tov\u00e1bbk\u00e9pz\u00e9se, munkak\u00f6r\u00fclm\u00e9nyeinek biztos\u00edt\u00e1sa\/jav\u00edt\u00e1sa is fontos r\u00e9sz\u00e9t jelentik a Klinik\u00e1n foly\u00f3 onkohematol\u00f3giai munk\u00e1nak.<\/li>\n<li>Sz\u00e1mos onkohematol\u00f3giai jelleg\u0171 kutat\u00e1s \u00e9s oktat\u00e1s\/tov\u00e1bbk\u00e9pz\u00e9s is folyik a Klinik\u00e1n, amit az Alap\u00edtv\u00e1ny k\u00f6zvetlen\u00fcl vagy k\u00f6zvetve t\u00e1mogat.<\/li>\n<\/ul>\n<p>A Judy R\u00e1k-Alap\u00edtv\u00e1ny d\u00f6nt\u0151en a fent felsorolt aktivit\u00e1sok p\u00e9nz\u00fcgyi \u00e9s elvi t\u00e1mogat\u00e1s\u00e1ban vesz r\u00e9szt. Az egyetemi finansz\u00edroz\u00e1s besz\u0171k\u00fcl\u00e9se miatt az Alap\u00edtv\u00e1ny a fenti ter\u00fcletek teljes sk\u00e1l\u00e1j\u00e1n kisebb-k\u00f6zepes m\u00e9rt\u00e9k\u0171 t\u00e1mogat\u00e1st ny\u00fajt, amellyel biztos\u00edtani lehet, illetve ki lehet eg\u00e9sz\u00edteni a betegek z\u00f6kken\u0151mentes kezel\u00e9s\u00e9t (pl. inf\u00fazi\u00f3s felszerel\u00e9sek, kezel\u0151\u00e1gyak, kisebb b\u00fatorzatok, egyszer haszn\u00e1latos eszk\u00f6z\u00f6k, kisebb \u00e9p\u00fclet- \u00e9s eszk\u00f6zfel\u00faj\u00edt\u00e1sok stb.), a tov\u00e1bbk\u00e9pz\u00e9sek, kongresszusok k\u00f6lts\u00e9geit, a koll\u00e9g\u00e1k sz\u00e1m\u00edt\u00e1stechnikai ig\u00e9nyeit, a kutat\u00e1sok kollabor\u00e1ci\u00f3s, vegyszer-, post\u00e1z\u00e1si \u00e9s megb\u00edz\u00e1si kiad\u00e1sait &#8211; hogy csak a legfontosabbakat soroljuk fel.<\/p>\n<p><a href=\"https:\/\/semmelweis.hu\/belhema\/files\/2023\/06\/judy-rak-alapitvany-altalanos-adatvedelmi-tajekoztato.pdf\" target=\"_blank\" rel=\"noopener\">\u00c1LTAL\u00c1NOS ADATV\u00c9DELMI T\u00c1J\u00c9KOZTAT\u00d3<\/a> (pdf)<\/p>\n<p><iframe loading=\"lazy\" title=\"Judy R\u00e1k Alap\u00edtv\u00e1ny\" width=\"753\" height=\"565\" src=\"https:\/\/www.youtube.com\/embed\/WG58tSFgHZw?feature=oembed\" frameborder=\"0\" allow=\"accelerometer; autoplay; clipboard-write; encrypted-media; gyroscope; picture-in-picture; web-share\" referrerpolicy=\"strict-origin-when-cross-origin\" allowfullscreen><\/iframe><\/p>\n\n<\/div><h2 class=\"tabtitle\">Dokumentumok<\/h2>\n<div class=\"tabcontent\">\n\n<h6><strong>DOKUMENTUMAINK<\/strong><\/h6>\n<p><strong>Besz\u00e1mol\u00f3k \u00e9s k\u00f6zhaszn\u00fas\u00e1gi mell\u00e9kletek:<\/strong><\/p>\n<ul>\n<li><a href=\"https:\/\/semmelweis.hu\/belhema\/files\/2025\/07\/Egyszerusitett-eves-beszamolo-2024.pdf\" target=\"_blank\" rel=\"noopener\">Egyszer\u0171s\u00edtett \u00e9ves besz\u00e1mol\u00f3 2024<\/a><\/li>\n<li><a href=\"https:\/\/semmelweis.hu\/belhema\/files\/2025\/07\/Kozhasznu-jelentes-2024.pdf\" target=\"_blank\" rel=\"noopener\">K\u00f6zhaszn\u00fa jelent\u00e9s 2024<\/a><\/li>\n<li><a href=\"https:\/\/semmelweis.hu\/belhema\/files\/2025\/07\/Kozhasznu-jelentes-merleg_eredmenykimutatas-2024.pdf\" target=\"_blank\" rel=\"noopener\">K\u00f6zhaszn\u00fa jelent\u00e9s &#8211; m\u00e9rleg_eredm\u00e9nykimutat\u00e1s 2024<\/a><\/li>\n<li><a href=\"https:\/\/semmelweis.hu\/belhema\/files\/2025\/07\/TAO-nyilatkozat-2024.pdf\" target=\"_blank\" rel=\"noopener\">TAO nyilatkozat 2024<\/a><\/li>\n<li><a href=\"https:\/\/semmelweis.hu\/belhema\/files\/2025\/07\/Kozlemeny-atutalt-osszeg-felhasznalasarol-2024.pdf\" target=\"_blank\" rel=\"noopener\">K\u00f6zlem\u00e9ny \u00e1tutalt \u00f6sszeg felhaszn\u00e1l\u00e1s\u00e1r\u00f3l 2024<\/a><\/li>\n<li><a href=\"https:\/\/semmelweis.hu\/belhema\/files\/2025\/07\/Kuratoriumi-ules-jegyzokonyv-2025-05-26.pdf\" target=\"_blank\" rel=\"noopener\">Kurat\u00f3riumi \u00fcl\u00e9s jegyz\u0151k\u00f6nyv 2025-05-26<\/a><\/li>\n<li><a href=\"https:\/\/semmelweis.hu\/belhema\/files\/2025\/07\/Koszonetnyilvanitas-a-Laterex-Zrt-nek.pdf\" target=\"_blank\" rel=\"noopener\">K\u00f6sz\u00f6netnyilv\u00e1n\u00edt\u00e1s a Laterex Zrt-nek<\/a>\n<p>\n<\/li>\n<\/ul>\n<ul style=\"list-style-type: square\">\n<li><a href=\"https:\/\/semmelweis.hu\/belhema\/files\/2024\/07\/JRA-TAONY-2023.pdf\">JRA-TAONY 2023<\/a><\/li>\n<li><a href=\"https:\/\/semmelweis.hu\/belhema\/files\/2024\/07\/JRA-PK-942-2023.pdf\">JRA-PK-942 2023<\/a><\/li>\n<li><a href=\"https:\/\/semmelweis.hu\/belhema\/files\/2024\/07\/JRA-Kozhasznusagi-Jelentes-2023.pdf\">JRA-K\u00f6zhaszn\u00fas\u00e1gi Jelent\u00e9s 2023<\/a><\/li>\n<li><a href=\"https:\/\/semmelweis.hu\/belhema\/files\/2024\/07\/JRA-Vagyonelszamolas-2023.pdf\">JRA Vagyonelsz\u00e1mol\u00e1s 2023<\/a><\/li>\n<li><a href=\"https:\/\/semmelweis.hu\/belhema\/files\/2024\/07\/JRA-Merleg-eszkoz-eredmeny-2023.pdf\">JRA M\u00e9rleg, eszk\u00f6z, eredm\u00e9ny 2023<\/a><\/li>\n<li><a href=\"https:\/\/semmelweis.hu\/belhema\/files\/2024\/07\/JRA-Jegyzokonyv-2024.05.30.pdf\">JRA Jegyz\u0151k\u00f6nyv 2024.05.30.<\/a><\/li>\n<li><a href=\"https:\/\/semmelweis.hu\/belhema\/files\/2024\/07\/JRA-Egyszerusitett-Kozhasznu-Beszamolo-2023.pdf\">JRA Egyszer\u0171s\u00edtett K\u00f6zhaszn\u00fa Besz\u00e1mol\u00f3 2023<\/a><\/li>\n<\/ul>\n<p>&nbsp;<\/p>\n<ul style=\"list-style-type: square\">\n<li><a href=\"https:\/\/semmelweis.hu\/belhema\/files\/2023\/06\/Kozhasznusagi-jelentes_2022.pdf\">K\u00f6zhaszn\u00fas\u00e1gi jelent\u00e9s_2022<\/a><\/li>\n<li><a href=\"https:\/\/semmelweis.hu\/belhema\/files\/2023\/06\/Egyszerusitett-kozhasznu-beszamolo_2022.pdf\">Egyszer\u0171s\u00edtett k\u00f6zhaszn\u00fa besz\u00e1mol\u00f3_2022<\/a><\/li>\n<li><a href=\"https:\/\/semmelweis.hu\/belhema\/files\/2023\/06\/Egyszerusitett-eves-beszamolo-es-kozhasznusagi-melleklet_2022.pdf\">Egyszer\u0171s\u00edtett \u00e9ves besz\u00e1mol\u00f3 \u00e9s k\u00f6zhaszn\u00fas\u00e1gi mell\u00e9klet_2022<\/a><\/li>\n<li><a href=\"https:\/\/semmelweis.hu\/belhema\/files\/2023\/06\/Merleg-es-eredmenykimutatas_2022.pdf\">M\u00e9rleg \u00e9s eredm\u00e9nykimutat\u00e1s_2022<\/a><\/li>\n<li><a href=\"https:\/\/semmelweis.hu\/belhema\/files\/2023\/06\/Kozlemeny-adozo-rendelkezesere-allo-osszeg-felhasznalasarol_2022.pdf\">K\u00f6zlem\u00e9ny ad\u00f3z\u00f3 rendelkez\u00e9s\u00e9re \u00e1ll\u00f3 \u00f6sszeg felhaszn\u00e1l\u00e1s\u00e1r\u00f3l_2022<\/a><\/li>\n<li><a href=\"https:\/\/semmelweis.hu\/belhema\/files\/2023\/06\/TAO-nyilatkozat_2022.pdf\">TAO nyilatkozat_2022<\/a><\/li>\n<li><a href=\"https:\/\/semmelweis.hu\/belhema\/files\/2023\/06\/Kuratoriumi-ules-jegyzokonyv-2023-05-23.pdf\">Kurat\u00f3riumi \u00fcl\u00e9s jegyz\u0151k\u00f6nyv 2023-05-23<\/a><\/li>\n<li><a href=\"https:\/\/semmelweis.hu\/belhema\/files\/2023\/03\/Judy-Rak-Alapitvany-Kozhasznusagi-jelentes-2021.pdf\">Judy R\u00e1k Alap\u00edtv\u00e1ny K\u00f6zhaszn\u00fas\u00e1gi jelent\u00e9s 2021<\/a><\/li>\n<li><a href=\"https:\/\/semmelweis.hu\/belhema\/files\/2023\/03\/Judy-Rak-Alapitvany-Egyszerusitett-kozhasznu-beszamolo-2021.pdf\">Judy R\u00e1k Alap\u00edtv\u00e1ny Egyszer\u0171s\u00edtett k\u00f6zhaszn\u00fa besz\u00e1mol\u00f3 2021<\/a><\/li>\n<li><a href=\"https:\/\/semmelweis.hu\/belhema\/files\/2023\/03\/Judy-Rak-Alapitvany-Merleg_eszkozok_forrasok_eredmenykimutatas-2021.pdf\">Judy R\u00e1k Alap\u00edtv\u00e1ny M\u00e9rleg_eszk\u00f6z\u00f6k_forr\u00e1sok_eredm\u00e9nykimutat\u00e1s 2021<\/a><\/li>\n<li><a href=\"https:\/\/semmelweis.hu\/belhema\/files\/2023\/03\/Judy-Rak-Alapitvany-Merleg_eszkozok_forrasok_eredmenykimutatas-2021.pdf\">Judy R\u00e1k Alap\u00edtv\u00e1ny M\u00e9rleg_eszk\u00f6z\u00f6k_forr\u00e1sok_eredm\u00e9nykimutat\u00e1s 2021<\/a><\/li>\n<li><a href=\"https:\/\/semmelweis.hu\/belhema\/files\/2023\/03\/Judy-Rak-Alapitvany-Kuratoriumi-ules-jegyzokonyv-2022-05-23.pdf\">Judy R\u00e1k Alap\u00edtv\u00e1ny Kurat\u00f3riumi \u00fcl\u00e9s jegyz\u0151k\u00f6nyv 2022-05-23<\/a><\/li>\n<li><a href=\"https:\/\/semmelweis.hu\/belhema\/files\/2023\/03\/Judy-Rak-Alapitvany-Kozhasznusagi-jelentes-2020.pdf\">Judy R\u00e1k Alap\u00edtv\u00e1ny K\u00f6zhaszn\u00fas\u00e1gi jelent\u00e9s 2020<\/a><\/li>\n<li><a href=\"https:\/\/semmelweis.hu\/belhema\/files\/2023\/03\/Judy-Rak-Alapitvany-Egyszerusitett-kozhasznu-beszamolo-2020.pdf\">Judy R\u00e1k Alap\u00edtv\u00e1ny Egyszer\u0171s\u00edtett k\u00f6zhaszn\u00fa besz\u00e1mol\u00f3 2020<\/a><\/li>\n<li><a href=\"https:\/\/semmelweis.hu\/belhema\/files\/2023\/03\/Judy-Rak-Alapitvany-Kozhasznu-eredmenykimutatas-2020.pdf\">Judy R\u00e1k Alap\u00edtv\u00e1ny K\u00f6zhaszn\u00fa eredm\u00e9nykimutat\u00e1s 2020<\/a><\/li>\n<li><a href=\"https:\/\/semmelweis.hu\/belhema\/files\/2023\/03\/Judy-Rak-Alapitvany-Egyszerusitett-eves-beszamolo-es-kozhasznusagi-melleklet-2020.pdf\">Judy R\u00e1k Alap\u00edtv\u00e1ny Egyszer\u0171s\u00edtett \u00e9ves besz\u00e1mol\u00f3 \u00e9s k\u00f6zhaszn\u00fas\u00e1gi mell\u00e9klet 2020<\/a><\/li>\n<li><a href=\"https:\/\/semmelweis.hu\/belhema\/files\/2023\/03\/Judy-Rak-Alapitvany-Kozlemeny-adozo-rendelkezese-szerinti-osszeg-felhasznalasarol-2020.pdf\">Judy R\u00e1k Alap\u00edtv\u00e1ny K\u00f6zlem\u00e9ny ad\u00f3z\u00f3 rendelkez\u00e9se szerinti \u00f6sszeg felhaszn\u00e1l\u00e1s\u00e1r\u00f3l 2020<\/a><\/li>\n<li><a href=\"https:\/\/semmelweis.hu\/belhema\/files\/2023\/03\/Judy-Rak-Alapitvany-TAO-nyilatkozat-2020.pdf\">Judy R\u00e1k Alap\u00edtv\u00e1ny TAO nyilatkozat 2020<\/a><\/li>\n<li><a href=\"https:\/\/semmelweis.hu\/belhema\/files\/2023\/03\/Judy-Rak-Alapitvany-Merleg_eszkozok_forrasok-2020.pdf\">Judy R\u00e1k Alap\u00edtv\u00e1ny M\u00e9rleg_eszk\u00f6z\u00f6k_forr\u00e1sok 2020<\/a><\/li>\n<li><a href=\"https:\/\/semmelweis.hu\/belhema\/files\/2023\/03\/Judy-Rak-Alapitvany-Kuratoriumi-ules-jegyzokonyv-2021-05-27.pdf\">Judy R\u00e1k Alap\u00edtv\u00e1ny Kurat\u00f3riumi \u00fcl\u00e9s jegyz\u0151k\u00f6nyv 2021-05-27<\/a><\/li>\n<\/ul>\n<\/div><\/div>\n","protected":false},"excerpt":{"rendered":"<p>Alap\u00edtotta: Kem\u00e9ny J\u00e1nos, l\u00e1nya, Judy, eml\u00e9k\u00e9re 2001-ben <a href=\"https:\/\/semmelweis.hu\/belhema\/files\/2024\/09\/Judy-Rak-Alapitvany-Koszonolevel.pdf\" target=\"_blank\" rel=\"noopener\">K\u00f6sz\u00f6n\u0151lev\u00e9l<\/a> \u00a0(pdf) Min\u0151s\u00edt\u00e9se: K\u00f6zhaszn\u00fa alap\u00edtv\u00e1ny M\u0171k\u00f6d\u00e9si helysz\u00edne: Semmelweis Egyetem Belgy\u00f3gy\u00e1szati \u00e9s Hematol\u00f3giai Klinika 1088 Budapest, Szentkir\u00e1lyi u. 46. Ad\u00f3sz\u00e1ma: 18243857-1-42 Sz\u00e1mlasz\u00e1ma: 10300002-20125954-00003285 (MKB) Kurat\u00f3rium: Prof. Dr. Fekete B\u00e9la (eln\u00f6k) Prof. Dr. Kar\u00e1di Istv\u00e1n Prof. Dr. Proh\u00e1szka Zolt\u00e1n Dr. Moldov\u00e1n Andr\u00e1s Dr. Czegle Ibolya Anett Dr. Szombath Gergely A Judy &hellip;<\/p>\n","protected":false},"author":334,"featured_media":0,"parent":83,"menu_order":7,"comment_status":"closed","ping_status":"closed","template":"","meta":{"_acf_changed":false,"footnotes":""},"categories":[],"tags":[],"class_list":["post-85","page","type-page","status-publish","hentry"],"acf":[],"_links":{"self":[{"href":"https:\/\/semmelweis.hu\/belhema\/wp-json\/wp\/v2\/pages\/85","targetHints":{"allow":["GET"]}}],"collection":[{"href":"https:\/\/semmelweis.hu\/belhema\/wp-json\/wp\/v2\/pages"}],"about":[{"href":"https:\/\/semmelweis.hu\/belhema\/wp-json\/wp\/v2\/types\/page"}],"author":[{"embeddable":true,"href":"https:\/\/semmelweis.hu\/belhema\/wp-json\/wp\/v2\/users\/334"}],"replies":[{"embeddable":true,"href":"https:\/\/semmelweis.hu\/belhema\/wp-json\/wp\/v2\/comments?post=85"}],"version-history":[{"count":10,"href":"https:\/\/semmelweis.hu\/belhema\/wp-json\/wp\/v2\/pages\/85\/revisions"}],"predecessor-version":[{"id":8843,"href":"https:\/\/semmelweis.hu\/belhema\/wp-json\/wp\/v2\/pages\/85\/revisions\/8843"}],"up":[{"embeddable":true,"href":"https:\/\/semmelweis.hu\/belhema\/wp-json\/wp\/v2\/pages\/83"}],"wp:attachment":[{"href":"https:\/\/semmelweis.hu\/belhema\/wp-json\/wp\/v2\/media?parent=85"}],"wp:term":[{"taxonomy":"category","embeddable":true,"href":"https:\/\/semmelweis.hu\/belhema\/wp-json\/wp\/v2\/categories?post=85"},{"taxonomy":"post_tag","embeddable":true,"href":"https:\/\/semmelweis.hu\/belhema\/wp-json\/wp\/v2\/tags?post=85"}],"curies":[{"name":"wp","href":"https:\/\/api.w.org\/{rel}","templated":true}]}}