{"id":819,"date":"2023-05-15T14:36:23","date_gmt":"2023-05-15T12:36:23","guid":{"rendered":"https:\/\/semmelweis.hu\/belhema\/?page_id=819"},"modified":"2023-05-16T20:14:58","modified_gmt":"2023-05-16T18:14:58","slug":"contact","status":"publish","type":"page","link":"https:\/\/semmelweis.hu\/belhema\/en\/contact\/","title":{"rendered":"Contacts"},"content":{"rendered":"<p><strong>Address:<\/strong> Szentkir\u00e1lyi utca 46, 1088 Budapest<\/p>\n<p><strong>Phone:<\/strong> +36 1 459-1500<\/p>\n<p><strong>E-mail:<\/strong> titkarsag3bel@med.semmelweis-univ.hu<\/p>\n<div class=\"fontos_div\">\n<p>The Department consists of two buildings: Building B is located at the corner of \u00dcll\u0151i \u00fat and Szentkir\u00e1lyi utca, Building A is located along Szentkir\u00e1lyi utca.<\/p>\n<\/div>\n<h4>ACCESSIBILITY:<\/h4>\n<ul style=\"list-style-type: square\">\n<li><strong>On foot:<\/strong> from the Szentkir\u00e1lyi utca, Baross utca or M\u00e1ria utca gates of the clinical block (see the information signs).<\/li>\n<li><strong>By car:<\/strong> There is no parking available on the clinical block. Driving is allowed only for the short time it takes for the patient with reduced mobility to get out. Parking is possible on the surrounding streets (\u00dcll\u0151i \u00fat, M\u00e1ria utca, Szentkir\u00e1lyi utca, Baross utca), but on weekdays between 8:00 and 18:00 hours parking is subject to a fee!<\/li>\n<li><strong>Public transport:<\/strong> M3 metro \/ tram 4-6 Corvin quarter stop, trolleybus 83 \u00dcll\u0151i \u00fat stop, trolleybus 72 and bus 9 Szentkir\u00e1lyi utca stop.<\/li>\n<\/ul>\n\n<!-- iframe plugin v.4.9 wordpress.org\/plugins\/iframe\/ -->\n<iframe src=\"https:\/\/www.google.com\/maps\/embed?pb=!1m18!1m12!1m3!1d2696.1205049030114!2d19.064689315626403!3d47.48756577917703!2m3!1f0!2f0!3f0!3m2!1i1024!2i768!4f13.1!3m3!1m2!1s0x4741dc5985da58d1%3A0xd3e7e399ad4bb144!2sSemmelweis%20University%20II.%20No.%20Of%20Internal%20Medicine!5e0!3m2!1sen!2shu!4v1679559196934!5m2!1sen!2shu\" width=\"100%\" height=\"350\" style=\"border:0;\" allowfullscreen loading=\"lazy\" referrerpolicy=\"no-referrer-when-downgrade\" scrolling=\"yes\" class=\"iframe-class\" frameborder=\"0\"><\/iframe>\n\n","protected":false},"excerpt":{"rendered":"<p>Address: Szentkir\u00e1lyi utca 46, 1088 Budapest Phone: +36 1 459-1500 E-mail: titkarsag3bel@med.semmelweis-univ.hu The Department consists of two buildings: Building B is located at the corner of \u00dcll\u0151i \u00fat and Szentkir\u00e1lyi utca, Building A is located along Szentkir\u00e1lyi utca. ACCESSIBILITY: On foot: from the Szentkir\u00e1lyi utca, Baross utca or M\u00e1ria utca gates of the clinical block &hellip;<\/p>\n","protected":false},"author":102160,"featured_media":0,"parent":0,"menu_order":9,"comment_status":"closed","ping_status":"closed","template":"","meta":{"_acf_changed":false,"footnotes":""},"categories":[],"tags":[],"class_list":["post-819","page","type-page","status-publish","hentry"],"acf":[],"_links":{"self":[{"href":"https:\/\/semmelweis.hu\/belhema\/wp-json\/wp\/v2\/pages\/819","targetHints":{"allow":["GET"]}}],"collection":[{"href":"https:\/\/semmelweis.hu\/belhema\/wp-json\/wp\/v2\/pages"}],"about":[{"href":"https:\/\/semmelweis.hu\/belhema\/wp-json\/wp\/v2\/types\/page"}],"author":[{"embeddable":true,"href":"https:\/\/semmelweis.hu\/belhema\/wp-json\/wp\/v2\/users\/102160"}],"replies":[{"embeddable":true,"href":"https:\/\/semmelweis.hu\/belhema\/wp-json\/wp\/v2\/comments?post=819"}],"version-history":[{"count":9,"href":"https:\/\/semmelweis.hu\/belhema\/wp-json\/wp\/v2\/pages\/819\/revisions"}],"predecessor-version":[{"id":931,"href":"https:\/\/semmelweis.hu\/belhema\/wp-json\/wp\/v2\/pages\/819\/revisions\/931"}],"wp:attachment":[{"href":"https:\/\/semmelweis.hu\/belhema\/wp-json\/wp\/v2\/media?parent=819"}],"wp:term":[{"taxonomy":"category","embeddable":true,"href":"https:\/\/semmelweis.hu\/belhema\/wp-json\/wp\/v2\/categories?post=819"},{"taxonomy":"post_tag","embeddable":true,"href":"https:\/\/semmelweis.hu\/belhema\/wp-json\/wp\/v2\/tags?post=819"}],"curies":[{"name":"wp","href":"https:\/\/api.w.org\/{rel}","templated":true}]}}