{"id":81,"date":"2021-04-30T13:07:04","date_gmt":"2021-04-30T11:07:04","guid":{"rendered":"http:\/\/semmelweis.hu\/belgyogyaszat3-v3\/?page_id=81"},"modified":"2026-03-02T14:47:04","modified_gmt":"2026-03-02T13:47:04","slug":"orvos-kutato-munkatarsak","status":"publish","type":"page","link":"https:\/\/semmelweis.hu\/belhema\/bemutatkozas\/orvos-kutato-munkatarsak\/","title":{"rendered":"Orvos, kutat\u00f3 munkat\u00e1rsak"},"content":{"rendered":"<div class=\"keretes w-100\">\n<h6><strong>Igazgat\u00f3:<\/strong><\/h6>\n<h6><strong>Dr. Masszi Tam\u00e1s egyetemi tan\u00e1r<\/strong><\/h6>\n<\/div>\n<div class=\"exp-col-content-holder\">\n<p><a class=\"expand-cnt-link\" href=\"#\">Egyetemi tan\u00e1rok<\/a><\/p>\n<div class=\"hidden-content\">\n<p class=\"hiddenContentp\">Dr. Farkas Henriette<br \/>\nDr. Hossz\u00fafalusi N\u00f3ra<br \/>\nDr. Kalabay L\u00e1szl\u00f3<br \/>\nDr. Proh\u00e1szka Zolt\u00e1n<\/p>\n<\/div>\n<\/div>\n<div class=\"exp-col-content-holder\">\n<p><a class=\"expand-cnt-link\" href=\"#\">Professor Emerita\/Emeritus<\/a><\/p>\n<div class=\"hidden-content\">\n<p class=\"hiddenContentp\">Dr. Kar\u00e1di Istv\u00e1n <br \/>\nDr. P\u00e1ncz\u00e9l P\u00e1l <br \/>\nDr. Somogyi Anik\u00f3 <br \/>\nDr. Tulassay Zsolt<\/p>\n<\/div>\n<\/div>\n<div class=\"exp-col-content-holder\">\n<p><a class=\"expand-cnt-link\" href=\"#\">Egyetemi docensek<\/a><\/p>\n<div class=\"hidden-content\">\n<p class=\"hiddenContentp\">Dr. Bod\u00f3 Imre<br \/>\nDr. Keltai Katalin (tanulm\u00e1nyi felel\u0151s)<br \/>\nDr. Mih\u00e1ly Emese<br \/>\nDr. Mikala G\u00e1bor<br \/>\nDr. M\u0171zes Gy\u00f6rgyi <br \/>\nDr. Nagy Zsolt <br \/>\nDr. Pozsonyi Zolt\u00e1n <br \/>\nDr. S\u00e1rm\u00e1n Beatrix<br \/>\nDr. Sipos Ferenc<br \/>\nDr. Varga Gergely<br \/>\nDr. V\u00e1rkonyi Judit <br \/>\nDr. Vereckei Andr\u00e1s<\/p>\n<\/div>\n<\/div>\n<div class=\"exp-col-content-holder\">\n<p><a class=\"expand-cnt-link\" href=\"#\">Egyetemi adjunktusok<\/a><\/p>\n<div class=\"hidden-content\">\n<p class=\"hiddenContentp\">Dr. Balassa Katalin<br \/>\nDr. Czegle Ibolya<br \/>\nDr. Horv\u00e1th Anna <br \/>\nDr. Horv\u00e1th Laura<br \/>\nDr. Jenei Zsigmond<br \/>\nDr. Katona G\u00e1bor<br \/>\nDr. Nagy G\u00e9za<br \/>\nDr. Pesk\u00f3 Gergely<br \/>\nDr. Sipter Emese <br \/>\nDr. T\u00e1rk\u00e1nyi Ilona<br \/>\nDr. Tegze B\u00e1lint<br \/>\nDr. T\u00f3th Andr\u00e1s<br \/>\nDr. Varga \u00c9va<br \/>\nDr. Zs\u00e1ry Andr\u00e1s<\/p>\n<\/div>\n<\/div>\n<div class=\"exp-col-content-holder\">\n<p><a class=\"expand-cnt-link\" href=\"#\">Egyetemi tan\u00e1rseg\u00e9dek<\/a><\/p>\n<div class=\"hidden-content\">\n<p class=\"hiddenContentp\">Dr. Feh\u00e9r \u00c1gnes<br \/>\nDr. Kempler Mikl\u00f3s <br \/>\nDr. Luk\u00e1cs Krisztina<br \/>\nDr. Szombath Gergely<\/p>\n<\/div>\n<\/div>\n<div class=\"exp-col-content-holder\">\n<p><a class=\"expand-cnt-link\" href=\"#\">Klinikai f\u0151orvosok<\/a><\/p>\n<div class=\"hidden-content\">\n<p class=\"hiddenContentp\">Dr. Farkas P\u00e9ter <br \/>\nDr. Jakab L\u00e1szl\u00f3 <br \/>\nDr. K\u00e1rp\u00e1ti \u00c1gnes <br \/>\nDr. Lohinszky J\u00falia <br \/>\nDr. M\u00fcller G\u00e1bor <br \/>\nDr. Nagy Viktor <br \/>\nDr. N\u00e9meth Anna M\u00e1ria <br \/>\nDr. Pusztai P\u00e9ter <br \/>\nDr. T\u00f3th \u00c9va Katalin<\/p>\n<\/div>\n<\/div>\n<div class=\"exp-col-content-holder\">\n<p><a class=\"expand-cnt-link\" href=\"#\">Klinikai szakorvosok<\/a><\/p>\n<div class=\"hidden-content\">\n<p class=\"hiddenContentp\">Dr. Ambrus Vikt\u00f3ria<br \/>\nDr. Barsi \u00c1d\u00e1m<br \/>\nDr. Franka J\u00e1nos<br \/>\nDr. Gr\u00e1f L\u00e1szl\u00f3<br \/>\nDr. Horv\u00e1th Eszter<br \/>\nDr. Husz\u00e1r M\u00e1t\u00e9<br \/>\nDr. Juh\u00e1sz Ren\u00e1ta<br \/>\nDr. Megyeri Andrea<br \/>\nDr. Nagy Daniella<br \/>\nDr. Nebenf\u00fchrer Zsuzsanna mesteroktat\u00f3 (\u00c1OK n\u00e9met tanulm\u00e1nyi felel\u0151s) <br \/>\nDr. Nemcsics Bal\u00e1zs<br \/>\nDr. Svorenj Szabolcs<br \/>\nDr. V\u00e1lyi-Nagy Anna<br \/>\nDr. Vida \u00c1d\u00e1m<br \/>\nDr. Weisinger J\u00falia<br \/>\nDr. Wiedemann \u00c1d\u00e1m<br \/>\nDr. Zempl\u00e9nyi Zs\u00f3fia<\/p>\n<\/div>\n<\/div>\n<div class=\"exp-col-content-holder\">\n<p><a class=\"expand-cnt-link\" href=\"#\">Rezidensek\/szakorvosjel\u00f6ltek<\/a><\/p>\n<div class=\"hidden-content\">\n<p class=\"hiddenContentp\">Dr. Ag\u00e1rdi Annam\u00e1ria<br \/>\nDr. Babayigit Kevin<br \/>\nDr. Babici Klaudia<br \/>\nDr. B\u00e1tai Bence<br \/>\nDr. Csanaky Emese <br \/>\nDr. Csikor Vir\u00e1g<br \/>\nDr. Forstreuter Vilmos<br \/>\nDr. Ill\u00e9s Sarolta <br \/>\nDr. Kalabay M\u00e1rton<br \/>\nDr. Kugler Csilla<br \/>\nDr. Nagy \u00c1kos<br \/>\nDr. Nagy-Czirok K\u00e1lm\u00e1n<br \/>\nDr. P\u00e1lmai D\u00f3ra<br \/>\nDr. Szab\u00f3 Di\u00e1na<br \/>\nDr. Szab\u00f3 Zolt\u00e1n Barnab\u00e1s<br \/>\nDr. Szakszon Eszter<br \/>\nDr. Sz\u00e9l Fruzsina<br \/>\nDr. Szita Vir\u00e1g R\u00e9ka <br \/>\nDr. Tari No\u00e9mi<br \/>\nDr. Utasi Borb\u00e1la<\/p>\n<\/div>\n<\/div>\n<div class=\"exp-col-content-holder\">\n<p><a class=\"expand-cnt-link\" href=\"#\">\u00d6nk\u00e9ntes seg\u00edt\u0151k<\/a><\/p>\n<div class=\"hidden-content\">\n<p class=\"hiddenContentp\">Dr. Fekete B\u00e9la <br \/>\nDr. Kacskovics \u00c9va <br \/>\nDr. Szilv\u00e1si Istv\u00e1n<\/p>\n<\/div>\n<\/div>\n<div class=\"exp-col-content-holder\">\n<p><a class=\"expand-cnt-link\" href=\"#\">A KUTAT\u00d3LABORAT\u00d3RIUM MUNKAT\u00c1RSAI<\/a><\/p>\n<div class=\"hidden-content\">\n<p class=\"hiddenContentp\"><strong>A Kutat\u00f3laborat\u00f3rium vezet\u0151je:<\/strong> Dr. Proh\u00e1szka Zolt\u00e1n egyetemi tan\u00e1r<\/p>\n<p class=\"hiddenContentp\"><strong>Egyetemi tan\u00e1r:<\/strong> Dr. Farkas Henriette<\/p>\n<p class=\"hiddenContentp\"><strong>Tudom\u00e1nyos tan\u00e1csad\u00f3<\/strong>: Dr. Cerven\u00e1k L\u00e1szl\u00f3<\/p>\n<p class=\"hiddenContentp\"><strong>Tudom\u00e1nyos f\u0151munkat\u00e1rsak:<\/strong><br \/>\nDr. Csuka Dorottya <br \/>\nDr. Szil\u00e1gyi \u00c1gnes<\/p>\n<p class=\"hiddenContentp\"><strong>Tudom\u00e1nyos munkat\u00e1rsak:<\/strong><br \/>\nDr. Kajd\u00e1csi Erika<br \/>\nDr. Sinkovits Gy\u00f6rgy<\/p>\n<p class=\"hiddenContentp\"><strong>Tudom\u00e1nyos seg\u00e9dmunkat\u00e1rs:<\/strong> <br \/>\nMarossy Katalin<\/p>\n<p><strong>Rezidens:<\/strong><br \/>\nDr. Csernai Boldizs\u00e1r<\/p>\n<p class=\"hiddenContentp\"><strong>\u00d6nk\u00e9ntes seg\u00edt\u0151:<\/strong> Dr. Varga Lilian<\/p>\n<h4 class=\"hiddenContentp\">MTA-TKI Immunol\u00f3giai \u00e9s Hematol\u00f3giai Kutat\u00f3csoport<\/h4>\n<p><strong>Tudom\u00e1nyos f\u0151munkat\u00e1rs:<\/strong><br \/>\nDr. Kiszel Petra<\/p>\n<p class=\"hiddenContentp\"><strong>Tudom\u00e1nyos munkat\u00e1rsak:<\/strong> <br \/>\nDr. Kajd\u00e1csi Erika<br \/>\nDr. Nagy-Debreczeni M\u00e1rta<br \/>\nDr. Veszeli N\u00f3ra<\/p>\n<p class=\"hiddenContentp\"><strong>Tudom\u00e1nyos seg\u00e9dmunkat\u00e1rs: <\/strong><br \/>\nMez\u0151 Blanka<\/p>\n<\/div>\n<\/div>\n","protected":false},"excerpt":{"rendered":"<p>Igazgat\u00f3: Dr. Masszi Tam\u00e1s egyetemi tan\u00e1r <a class=\"expand-cnt-link\" href=\"#\">Egyetemi tan\u00e1rok<\/a> Dr. Farkas Henriette Dr. Hossz\u00fafalusi N\u00f3ra Dr. Kalabay L\u00e1szl\u00f3 Dr. Proh\u00e1szka Zolt\u00e1n <a class=\"expand-cnt-link\" href=\"#\">Professor Emerita\/Emeritus<\/a> Dr. Kar\u00e1di Istv\u00e1n Dr. P\u00e1ncz\u00e9l P\u00e1l Dr. Somogyi Anik\u00f3 Dr. Tulassay Zsolt <a class=\"expand-cnt-link\" href=\"#\">Egyetemi docensek<\/a> Dr. Bod\u00f3 Imre Dr. Keltai Katalin (tanulm\u00e1nyi felel\u0151s) Dr. Mih\u00e1ly Emese Dr. Mikala G\u00e1bor Dr. M\u0171zes Gy\u00f6rgyi Dr. Nagy Zsolt Dr. Pozsonyi Zolt\u00e1n Dr. S\u00e1rm\u00e1n &hellip;<\/p>\n","protected":false},"author":334,"featured_media":0,"parent":13,"menu_order":2,"comment_status":"closed","ping_status":"closed","template":"","meta":{"_acf_changed":false,"footnotes":""},"categories":[],"tags":[],"class_list":["post-81","page","type-page","status-publish","hentry"],"acf":[],"_links":{"self":[{"href":"https:\/\/semmelweis.hu\/belhema\/wp-json\/wp\/v2\/pages\/81","targetHints":{"allow":["GET"]}}],"collection":[{"href":"https:\/\/semmelweis.hu\/belhema\/wp-json\/wp\/v2\/pages"}],"about":[{"href":"https:\/\/semmelweis.hu\/belhema\/wp-json\/wp\/v2\/types\/page"}],"author":[{"embeddable":true,"href":"https:\/\/semmelweis.hu\/belhema\/wp-json\/wp\/v2\/users\/334"}],"replies":[{"embeddable":true,"href":"https:\/\/semmelweis.hu\/belhema\/wp-json\/wp\/v2\/comments?post=81"}],"version-history":[{"count":11,"href":"https:\/\/semmelweis.hu\/belhema\/wp-json\/wp\/v2\/pages\/81\/revisions"}],"predecessor-version":[{"id":8920,"href":"https:\/\/semmelweis.hu\/belhema\/wp-json\/wp\/v2\/pages\/81\/revisions\/8920"}],"up":[{"embeddable":true,"href":"https:\/\/semmelweis.hu\/belhema\/wp-json\/wp\/v2\/pages\/13"}],"wp:attachment":[{"href":"https:\/\/semmelweis.hu\/belhema\/wp-json\/wp\/v2\/media?parent=81"}],"wp:term":[{"taxonomy":"category","embeddable":true,"href":"https:\/\/semmelweis.hu\/belhema\/wp-json\/wp\/v2\/categories?post=81"},{"taxonomy":"post_tag","embeddable":true,"href":"https:\/\/semmelweis.hu\/belhema\/wp-json\/wp\/v2\/tags?post=81"}],"curies":[{"name":"wp","href":"https:\/\/api.w.org\/{rel}","templated":true}]}}