{"id":784,"date":"2023-05-15T13:32:13","date_gmt":"2023-05-15T11:32:13","guid":{"rendered":"https:\/\/semmelweis.hu\/belhema\/?page_id=784"},"modified":"2023-06-02T10:48:39","modified_gmt":"2023-06-02T08:48:39","slug":"ueber-uns","status":"publish","type":"page","link":"https:\/\/semmelweis.hu\/belhema\/de\/ueber-uns\/","title":{"rendered":"\u00dcber uns"},"content":{"rendered":"<h6><strong>Die Klinik f\u00fcr Innere Medizin und H\u00e4matologie wurde am 15. Mai 2020 durch die Umstrukturierung der beruflichen Aktivit\u00e4ten der drei ehemaligen Kliniken f\u00fcr Innere Medizin gegr\u00fcndet.<\/strong> <em>(Die <a href=\"https:\/\/semmelweis.hu\/belonko\/de\/\" target=\"_blank\" rel=\"noopener\">Klinik f\u00fcr Innere Medizin und Onkologie<\/a> wurde zur gleichen Zeit gegr\u00fcndet).<\/em><\/h6>\n<p>Die allgemeinen Aufgaben der Klinik sind durch jahrzehntelange Erfahrung und Engagement in Forschung, Lehre und Patientenbetreuung vor allem in den Bereichen Stoffwechselerkrankungen, Onkologie, H\u00e4matologie, Immunologie, Gastroenterologie und Kardiologie gut etabliert.<\/p>\n<h4><strong>\u00dcberblick<\/strong><\/h4>\n<p>Die fachliche Aktivit\u00e4t unserer Klinik umfasst die folgenden Bereiche: Innere Medizin, H\u00e4matologie, Immunologie, Kardiologie, Endokrinologie, Stoffwechselkrankheiten, Onkologie und Gastroenterologie. Unsere Klinik beherbergt das Nationalzentrum f\u00fcr Angio\u00f6dem, das auch das mittelosteurop\u00e4ische HANO-Ausbildungszentrum ist; sowie das Labor f\u00fcr Komplementdiagnostik, das sich auf einzigartige Weise in Ungarn und in Mitteleuropa mit der Untersuchung des Komplementsystems besch\u00e4ftigt.<\/p>\n<h4><a href=\"https:\/\/semmelweis.hu\/belhema\/de\/ausbildung\/\"><strong>Ausbildung<\/strong><\/a><\/h4>\n<p>Die Innere Medizin wird den <a href=\"https:\/\/semmelweis.hu\/belhema\/de\/fakultatfurmedizin\/\">Studierenden der Medizinischen Fakult\u00e4t<\/a> und der <a href=\"https:\/\/semmelweis.hu\/belhema\/de\/fakultatfurzahnheilkunde\/\">Fakult\u00e4t f\u00fcr Zahnmedizin<\/a> in ungarischer, englischer und deutscher Sprache unterrichtet. In letzter Zeit haben sich drei assoziierte Lehreinheiten f\u00fcr Rheumatologie und H\u00e4mato-Immunologie in die Ausbildung von Studierenden der medizinischen Fakult\u00e4t einbezogen. Wir arbeiten st\u00e4ndig um die Verbesserung unserer Lehre und f\u00fchren moderne Lehrmethoden ein (Blended Learning, Simulationen, OSCE-Pr\u00fcfungen). Auch die kontinuierliche Aus- und Weiterbildung von \u00c4rzten geh\u00f6rt zu den Ausbildungsaktivit\u00e4ten der Klinik.<\/p>\n<h4><strong>Patientenversorgung<\/strong><\/h4>\n<p>Die Klinik verf\u00fcgt \u00fcber 135 Betten und ist ein regionales Referenzzentrum f\u00fcr H\u00e4matologie, Immunologie und klinische Onkologie. (Zahlreiche Leiter medizinischer Abteilungen in Budapest und im Lande haben ihre Postgraduiertenjahre an unserer Klinik verbracht). Wir betreiben mehrere, unserer Fachgebieten deckende Ambulanzen, sowie eine Tagesklinik f\u00fcr die Behandlung von h\u00e4matologischen und onkologischen Patienten.<\/p>\n<h4><strong>Forschung<\/strong><\/h4>\n<p>Das hohe Niveau der von unseren Mitarbeitern geleisteten wissenschaftlichen T\u00e4tigkeit ist international anerkannt. Die Doktorandenkurse sind ein fester Bestandteil unserer Aktivit\u00e4ten.\u00a0 Seit 1997 ist das Forschungslabor der Klinik als spezielle Forschungseinheit anerkannt und wird als solche von der Ungarischen Akademie der Wissenschaften unterst\u00fctzt.\u00a0<\/p>\n<p>Die Mitarbeiter aller Fachgebiete arbeiten auch als Forschungsgruppen &#8211; unser Institut ist das drittbeste in Bezug auf Publikationen an der Universit\u00e4t. Neben der Grundlagenforschung spielt unsere Klinik auch eine aktive Rolle bei der Entwicklung neuer Behandlungsmethoden in Form von klinischen Studien.<\/p>\n","protected":false},"excerpt":{"rendered":"<p>Die Klinik f\u00fcr Innere Medizin und H\u00e4matologie wurde am 15. Mai 2020 aus der bisherigen drei Kliniken f\u00fcr Innere Medizin durch Umstrukturierung der Abteilungen gegr\u00fcndet. <\/p>\n<p>Die allgemeinen Aufgaben der Klinik sind durch jahrzehntelange Erfahrung und Engagement in Forschung, Lehre und Patientenbetreuung vor allem in den Bereichen Stoffwechselerkrankungen, Onkologie, H\u00e4matologie, Immunologie, Gastroenterologie und Kardiologie gut etabliert.<\/p>\n","protected":false},"author":102160,"featured_media":0,"parent":0,"menu_order":0,"comment_status":"closed","ping_status":"closed","template":"","meta":{"_acf_changed":false,"footnotes":""},"categories":[],"tags":[],"class_list":["post-784","page","type-page","status-publish","hentry"],"acf":[],"_links":{"self":[{"href":"https:\/\/semmelweis.hu\/belhema\/wp-json\/wp\/v2\/pages\/784","targetHints":{"allow":["GET"]}}],"collection":[{"href":"https:\/\/semmelweis.hu\/belhema\/wp-json\/wp\/v2\/pages"}],"about":[{"href":"https:\/\/semmelweis.hu\/belhema\/wp-json\/wp\/v2\/types\/page"}],"author":[{"embeddable":true,"href":"https:\/\/semmelweis.hu\/belhema\/wp-json\/wp\/v2\/users\/102160"}],"replies":[{"embeddable":true,"href":"https:\/\/semmelweis.hu\/belhema\/wp-json\/wp\/v2\/comments?post=784"}],"version-history":[{"count":10,"href":"https:\/\/semmelweis.hu\/belhema\/wp-json\/wp\/v2\/pages\/784\/revisions"}],"predecessor-version":[{"id":1181,"href":"https:\/\/semmelweis.hu\/belhema\/wp-json\/wp\/v2\/pages\/784\/revisions\/1181"}],"wp:attachment":[{"href":"https:\/\/semmelweis.hu\/belhema\/wp-json\/wp\/v2\/media?parent=784"}],"wp:term":[{"taxonomy":"category","embeddable":true,"href":"https:\/\/semmelweis.hu\/belhema\/wp-json\/wp\/v2\/categories?post=784"},{"taxonomy":"post_tag","embeddable":true,"href":"https:\/\/semmelweis.hu\/belhema\/wp-json\/wp\/v2\/tags?post=784"}],"curies":[{"name":"wp","href":"https:\/\/api.w.org\/{rel}","templated":true}]}}