{"id":73,"date":"2021-04-30T13:04:58","date_gmt":"2021-04-30T11:04:58","guid":{"rendered":"http:\/\/semmelweis.hu\/belgyogyaszat3-v3\/?page_id=73"},"modified":"2025-11-25T10:36:49","modified_gmt":"2025-11-25T09:36:49","slug":"rezidenskepzes-szakorvoskepzes","status":"publish","type":"page","link":"https:\/\/semmelweis.hu\/belhema\/oktatas\/rezidenskepzes-szakorvoskepzes\/","title":{"rendered":"Rezidens\/szakorvosk\u00e9pz\u00e9s"},"content":{"rendered":"<p>A Klinik\u00e1ra gyakorlatra \u00e9rkez\u0151 rezidensek\/szakorvosjel\u00f6ltek adminisztrat\u00edv \u00fcgyekben forduljanak<strong> Nagy Szilvi\u00e1hoz:<\/strong><br \/>\n<strong>E-mail:<\/strong> <a href=\"mailto:nagy.szilvia1@semmelweis.hu\">nagy.szilvia1@semmelweis.hu<\/a><br \/>\n<strong>Telefon:<\/strong> <a href=\"tel:+36208258776\">+36 20 825-8776<\/a><br \/>\n(Irod\u00e1ja az A \u00e9p\u00fclet 1. emeleti Hematol\u00f3giai oszt\u00e1lyon tal\u00e1lhat\u00f3)<\/p>\n<p>&nbsp;<\/p>\n<h4 style=\"text-align: center\"><span style=\"font-size: 18pt\"><strong>\u201eDELES\u201d ESETREFER\u00c1L\u00d3K, PODCAST-SOROZAT<\/strong><\/span><\/h4>\n<p style=\"text-align: left\"><span style=\"font-size: 18pt\">A k\u00e9t belgy\u00f3gy\u00e1szati klinika rezidensei sz\u00e1m\u00e1ra minden munkanapon esetrefer\u00e1l\u00f3t tartunk, 20 percben, d\u00e9lt\u00e1jban (<strong>\u201edeles\u201d<\/strong>). A refer\u00e1l\u00f3k a BHK k\u00f6nyvt\u00e1r\u00e1ban szem\u00e9lyes jelenl\u00e9ttel, a t\u00e1voll\u00e9v\u0151k r\u00e9szv\u00e9tel\u00e9t is lehet\u0151v\u00e9 t\u00e9ve Zoom-on is zajlanak. Minden refer\u00e1l\u00f3n egy rezidens egy \u00e9rdekes esetet mutat be, szakmai besz\u00e9lget\u00e9st kezdem\u00e9nyez, amelyet azut\u00e1n az \u00e9rintett ter\u00fclet szakembere komment\u00e1l, \u00e9s levonja az esetb\u0151l a tanuls\u00e1gokat. A k\u00e9t belklinika rezidensei \u00e1ltal\u00e1ban szemeszterenk\u00e9nt 3-4 alkalommal is sorra ker\u00fclnek el\u0151ad\u00f3k\u00e9nt.<\/span><\/p>\n<p style=\"text-align: left\">\n<span style=\"font-size: 18pt\">A k\u00e9pz\u00e9s tov\u00e1bbi eleme a rendszeresen k\u00f6zz\u00e9tett belgy\u00f3gy\u00e1szati <strong>podcast-sorozat<\/strong>. Egy-egy alkalommal k\u00f6r\u00fclbel\u00fcl 10 percbe s\u0171r\u00edtve a belgy\u00f3gy\u00e1szat k\u00fcl\u00f6nb\u00f6z\u0151 ter\u00fcleteit vessz\u00fck v\u00e9gig besz\u00e9lget\u00e9s form\u00e1j\u00e1ban. Egy rezidens k\u00e9rdez, egy tapasztalt szakember v\u00e1laszol, v\u00e9g\u00fcl \u00f6sszefoglalja a l\u00e9nyeget.<\/span><\/p>\n<p><span style=\"font-size: 18pt\">A podcastok az al\u00e1bbi linken \u00e9rhet\u0151k el:<a href=\"https:\/\/docs.google.com\/document\/d\/15lQt7jIGbVWo3gN3-bG4cqrn4L4K2vdfyov5wYY76Qc\/edit?usp=sharing\" target=\"_blank\" rel=\"noopener\"> https:\/\/docs.google.com\/document\/d\/15lQt7jIGbVWo3gN3-bG4cqrn4L4K2vdfyov5wYY76Qc\/edit?usp=sharing<\/a><\/span><\/p>\n<p>&nbsp;<\/p>\n<p style=\"text-align: center\"><span style=\"font-size: 18pt\"><strong>F\u0151 szervez\u0151: Dr. Bod\u00f3 Imre egyetemi docens, az MTA doktora<\/strong><\/span><br \/>\n<span style=\"font-size: 18pt\"><strong>F\u0151 seg\u00edt\u0151: Dr. Kempler Mikl\u00f3s tan\u00e1rseg\u00e9d, PhD<\/strong><\/span><\/p>\n<p>&nbsp;<\/p>\n<div class=\"fontos_div\">\n<h3>Rezidenseknek sz\u00f3l\u00f3 belgy\u00f3gy\u00e1szati esetrefer\u00e1l\u00f3 podcast-jaink megtekinthet\u0151k <a href=\"https:\/\/www.youtube.com\/@SEBHKPODCAST\" target=\"_blank\" rel=\"noopener\">YouTube csatorn\u00e1nkon!<\/a><\/h3>\n<p><span style=\"font-size: 18pt\">Az eddigi t\u00f6bb sz\u00e1z esetrefer\u00e1l\u00f3b\u00f3l \u00edzel\u00edt\u0151t mutat be az al\u00e1bbi 11 eset:<\/span><\/p>\n<\/div>\n<p>&nbsp;<\/p>\n<p><iframe loading=\"lazy\" title=\"SE: Belgyo\u0301gya\u0301szati Esetek: Toxikolo\u0301gia - neh\u00e9zf\u00e9m m\u00e9rgez\u00e9s\" width=\"753\" height=\"424\" src=\"https:\/\/www.youtube.com\/embed\/5SCpzM-f9Dc?feature=oembed\" frameborder=\"0\" allow=\"accelerometer; autoplay; clipboard-write; encrypted-media; gyroscope; picture-in-picture; web-share\" referrerpolicy=\"strict-origin-when-cross-origin\" allowfullscreen><\/iframe><\/p>\n<p>&nbsp;<\/p>\n<p><iframe loading=\"lazy\" title=\"SE: Belgyo\u0301gya\u0301szati Esetek: Nefrolo\u0301gia - PBC+nephrosis syndroma\" width=\"753\" height=\"424\" src=\"https:\/\/www.youtube.com\/embed\/93iRI78QEoM?feature=oembed\" frameborder=\"0\" allow=\"accelerometer; autoplay; clipboard-write; encrypted-media; gyroscope; picture-in-picture; web-share\" referrerpolicy=\"strict-origin-when-cross-origin\" allowfullscreen><\/iframe><\/p>\n<p>&nbsp;<\/p>\n<p><iframe loading=\"lazy\" title=\"SE: Belgyo\u0301gya\u0301szati Esetek: Kardiol\u00f3gia - Akceler\u00e1lt idioventrikul\u00e1ris ritmus\" width=\"753\" height=\"424\" src=\"https:\/\/www.youtube.com\/embed\/a3JmOaPIvSo?feature=oembed\" frameborder=\"0\" allow=\"accelerometer; autoplay; clipboard-write; encrypted-media; gyroscope; picture-in-picture; web-share\" referrerpolicy=\"strict-origin-when-cross-origin\" allowfullscreen><\/iframe><\/p>\n<p>&nbsp;<\/p>\n<p><iframe loading=\"lazy\" title=\"SE: Belgyo\u0301gya\u0301szati Esetek: Gasztroenterolo\u0301gia ro\u0308vidbe\u0301l szindr\u00f3ma\" width=\"753\" height=\"424\" src=\"https:\/\/www.youtube.com\/embed\/urzI4eSQppk?feature=oembed\" frameborder=\"0\" allow=\"accelerometer; autoplay; clipboard-write; encrypted-media; gyroscope; picture-in-picture; web-share\" referrerpolicy=\"strict-origin-when-cross-origin\" allowfullscreen><\/iframe><\/p>\n<p>&nbsp;<\/p>\n<p><iframe loading=\"lazy\" title=\"SE: Belgyo\u0301gya\u0301szati Esetek: Immunolo\u0301gia - Sjo\u0308gren-syndroma\" width=\"753\" height=\"424\" src=\"https:\/\/www.youtube.com\/embed\/xfXWNZ6X1Cs?feature=oembed\" frameborder=\"0\" allow=\"accelerometer; autoplay; clipboard-write; encrypted-media; gyroscope; picture-in-picture; web-share\" referrerpolicy=\"strict-origin-when-cross-origin\" allowfullscreen><\/iframe><\/p>\n<p>&nbsp;<\/p>\n<p><iframe loading=\"lazy\" title=\"SE: Belgyo\u0301gya\u0301szati Esetek: Gasztroenterolo\u0301gia - be\u0301lfermentia\u0301cio\u0301s syndroma\" width=\"753\" height=\"424\" src=\"https:\/\/www.youtube.com\/embed\/ppmxTBmrU8c?feature=oembed\" frameborder=\"0\" allow=\"accelerometer; autoplay; clipboard-write; encrypted-media; gyroscope; picture-in-picture; web-share\" referrerpolicy=\"strict-origin-when-cross-origin\" allowfullscreen><\/iframe><\/p>\n<p>&nbsp;<\/p>\n<p><iframe loading=\"lazy\" title=\"SE: Belgyo\u0301gya\u0301szati Esetek: Endokrinolo\u0301gia - hyperandrogenizmus\" width=\"753\" height=\"424\" src=\"https:\/\/www.youtube.com\/embed\/0nNCMYj04bo?feature=oembed\" frameborder=\"0\" allow=\"accelerometer; autoplay; clipboard-write; encrypted-media; gyroscope; picture-in-picture; web-share\" referrerpolicy=\"strict-origin-when-cross-origin\" allowfullscreen><\/iframe><\/p>\n<p>&nbsp;<\/p>\n<p><iframe loading=\"lazy\" title=\"SE: Belgyo\u0301gya\u0301szati Esetek: Kardiolo\u0301gia - elektrofiziolo\u0301gia\" width=\"753\" height=\"424\" src=\"https:\/\/www.youtube.com\/embed\/EcsX3pgkqhM?feature=oembed\" frameborder=\"0\" allow=\"accelerometer; autoplay; clipboard-write; encrypted-media; gyroscope; picture-in-picture; web-share\" referrerpolicy=\"strict-origin-when-cross-origin\" allowfullscreen><\/iframe><\/p>\n<p>&nbsp;<\/p>\n<p><iframe loading=\"lazy\" title=\"SE: Belgyo\u0301gya\u0301szati Esetek: Nefrolo\u0301gia - hyperkalaemia\" width=\"753\" height=\"424\" src=\"https:\/\/www.youtube.com\/embed\/GWqio0lj6iQ?feature=oembed\" frameborder=\"0\" allow=\"accelerometer; autoplay; clipboard-write; encrypted-media; gyroscope; picture-in-picture; web-share\" referrerpolicy=\"strict-origin-when-cross-origin\" allowfullscreen><\/iframe><\/p>\n<p>&nbsp;<\/p>\n<p><iframe loading=\"lazy\" title=\"SE: Belgyo\u0301gya\u0301szati Esetek: Infektolo\u0301gia - lobaris pneumonia\" width=\"753\" height=\"424\" src=\"https:\/\/www.youtube.com\/embed\/4M5kRaIgvQw?feature=oembed\" frameborder=\"0\" allow=\"accelerometer; autoplay; clipboard-write; encrypted-media; gyroscope; picture-in-picture; web-share\" referrerpolicy=\"strict-origin-when-cross-origin\" allowfullscreen><\/iframe><\/p>\n<p>&nbsp;<\/p>\n<p><iframe loading=\"lazy\" title=\"SE: Belgyo\u0301gya\u0301szati Esetek: Hematolo\u0301gia - PNH\" width=\"753\" height=\"424\" src=\"https:\/\/www.youtube.com\/embed\/lp-hzdD_hhE?feature=oembed\" frameborder=\"0\" allow=\"accelerometer; autoplay; clipboard-write; encrypted-media; gyroscope; picture-in-picture; web-share\" referrerpolicy=\"strict-origin-when-cross-origin\" allowfullscreen><\/iframe><\/p>\n<p>&nbsp;<\/p>\n<p>&nbsp;<\/p>\n","protected":false},"excerpt":{"rendered":"<p>A Klinik\u00e1ra gyakorlatra \u00e9rkez\u0151 rezidensek\/szakorvosjel\u00f6ltek adminisztrat\u00edv \u00fcgyekben forduljanak Nagy Szilvi\u00e1hoz: E-mail: <a href=\"mailto:nagy.szilvia1@semmelweis.hu\">nagy.szilvia1@semmelweis.hu<\/a> Telefon: <a href=\"tel:+36208258776\">+36 20 825-8776<\/a> (Irod\u00e1ja az A \u00e9p\u00fclet 1. emeleti Hematol\u00f3giai oszt\u00e1lyon tal\u00e1lhat\u00f3) &nbsp; \u201eDELES\u201d ESETREFER\u00c1L\u00d3K, PODCAST-SOROZAT A k\u00e9t belgy\u00f3gy\u00e1szati klinika rezidensei sz\u00e1m\u00e1ra minden munkanapon esetrefer\u00e1l\u00f3t tartunk, 20 percben, d\u00e9lt\u00e1jban (\u201edeles\u201d). A refer\u00e1l\u00f3k a BHK k\u00f6nyvt\u00e1r\u00e1ban szem\u00e9lyes jelenl\u00e9ttel, a t\u00e1voll\u00e9v\u0151k r\u00e9szv\u00e9tel\u00e9t is lehet\u0151v\u00e9 t\u00e9ve Zoom-on is zajlanak. &hellip;<\/p>\n","protected":false},"author":334,"featured_media":0,"parent":46,"menu_order":4,"comment_status":"closed","ping_status":"closed","template":"","meta":{"_acf_changed":false,"footnotes":""},"categories":[],"tags":[],"class_list":["post-73","page","type-page","status-publish","hentry"],"acf":[],"_links":{"self":[{"href":"https:\/\/semmelweis.hu\/belhema\/wp-json\/wp\/v2\/pages\/73","targetHints":{"allow":["GET"]}}],"collection":[{"href":"https:\/\/semmelweis.hu\/belhema\/wp-json\/wp\/v2\/pages"}],"about":[{"href":"https:\/\/semmelweis.hu\/belhema\/wp-json\/wp\/v2\/types\/page"}],"author":[{"embeddable":true,"href":"https:\/\/semmelweis.hu\/belhema\/wp-json\/wp\/v2\/users\/334"}],"replies":[{"embeddable":true,"href":"https:\/\/semmelweis.hu\/belhema\/wp-json\/wp\/v2\/comments?post=73"}],"version-history":[{"count":10,"href":"https:\/\/semmelweis.hu\/belhema\/wp-json\/wp\/v2\/pages\/73\/revisions"}],"predecessor-version":[{"id":8897,"href":"https:\/\/semmelweis.hu\/belhema\/wp-json\/wp\/v2\/pages\/73\/revisions\/8897"}],"up":[{"embeddable":true,"href":"https:\/\/semmelweis.hu\/belhema\/wp-json\/wp\/v2\/pages\/46"}],"wp:attachment":[{"href":"https:\/\/semmelweis.hu\/belhema\/wp-json\/wp\/v2\/media?parent=73"}],"wp:term":[{"taxonomy":"category","embeddable":true,"href":"https:\/\/semmelweis.hu\/belhema\/wp-json\/wp\/v2\/categories?post=73"},{"taxonomy":"post_tag","embeddable":true,"href":"https:\/\/semmelweis.hu\/belhema\/wp-json\/wp\/v2\/tags?post=73"}],"curies":[{"name":"wp","href":"https:\/\/api.w.org\/{rel}","templated":true}]}}