{"id":573,"date":"2023-04-02T20:17:18","date_gmt":"2023-04-02T18:17:18","guid":{"rendered":"https:\/\/semmelweis.hu\/belhema\/?page_id=573"},"modified":"2025-12-15T10:10:25","modified_gmt":"2025-12-15T09:10:25","slug":"kardiologia","status":"publish","type":"page","link":"https:\/\/semmelweis.hu\/belhema\/jarobeteg-ellatas\/kardiologia\/","title":{"rendered":"Kardiol\u00f3gia"},"content":{"rendered":"<div class=\"fontos_div\">\n<h6><strong>Szakambulanci\u00e1nk telefonos el\u0151jegyz\u00e9s alapj\u00e1n fogadja a betegeket. <\/strong><\/h6>\n<h6>Az el\u0151jegyz\u00e9ssel \u00e9s a rendel\u00e9ssel kapcsolatos inform\u00e1ci\u00f3k lejjebb olvashat\u00f3k.<\/h6>\n<\/div>\n<hr \/>\n<p>K\u00e9rj\u00fck, a kapott id\u0151pontban jelentkezzen be <strong>a\u00a0\u201cB\u201d \u00e9p\u00fclet f\u00f6ldszintj\u00e9n<\/strong>.\u00a0 <br \/>\n<a href=\"https:\/\/semmelweis.hu\/belhema\/jarobeteg-ellatas\/elojegyzes-bejelentkezes\/\">Itt olvashat a bejelentkez\u00e9skor sz\u00fcks\u00e9ges iratokr\u00f3l \u2192<\/a><\/p>\n<h1>rendel\u00e9sek:<\/h1>\n<h5>Dr. Jenei Zsigmond adjunktus<\/h5>\n<div class=\"keretes w-100\">\n<hr \/>\n<p><strong>Rendel\u00e9si id\u0151:<\/strong> kedd 9:00-11:00<\/p>\n<p><strong>El\u0151jegyz\u00e9s:<\/strong> <a href=\"tel:+36208250717\">+36 20 825-0717<\/a> vagy\u00a0<a href=\"tel:+3614591500\">+36 1 459-1500<\/a> \/ 55541 mell\u00e9k (h\u00e9tf\u0151t\u0151l cs\u00fct\u00f6rt\u00f6kig 10:00-13:00 \u00f3ra k\u00f6z\u00f6tt)<\/p>\n<\/div>\n<hr \/>\n<h5>Dr. Katona G\u00e1bor adjunktus<\/h5>\n<div class=\"keretes w-100\">\n<p><strong>Rendel\u00e9si id\u0151:<\/strong> h\u00e9tf\u0151 10:00-14:00<\/p>\n<p><strong>El\u0151jegyz\u00e9s:<\/strong> <a href=\"tel:+36208250299\">+36 20 825-0299<\/a> (munkanapokon 14:00-16:00 \u00f3ra k\u00f6z\u00f6tt)<\/p>\n<\/div>\n<hr \/>\n<h5>Dr. Keltai Katalin egyetemi docens<\/h5>\n<div class=\"keretes w-100\">\n<p><strong>Rendel\u00e9si id\u0151:<\/strong> p\u00e9ntek 8:00-11:00<\/p>\n<p><strong>El\u0151jegyz\u00e9s:<\/strong> k\u00f6zponti telefonsz\u00e1mon kereszt\u00fcl: <a href=\"tel:+3614591500\">+36 1 459-1500<\/a> (munkaid\u0151ben)<\/p>\n<\/div>\n<hr \/>\n<h5>Dr. M\u00fcller G\u00e1bor klinikai f\u0151orvos<\/h5>\n<div class=\"keretes w-100\">\n<p><strong>Rendel\u00e9si id\u0151:<\/strong> kedd 13:00-15:00<\/p>\n<p><strong>El\u0151jegyz\u00e9s:<\/strong> <a href=\"tel:+36208250717\">+36 20 825-0717<\/a> vagy\u00a0<a href=\"tel:+3614591500\">+36 1 459-1500<\/a> \/ 55541 mell\u00e9k (munkanapokon 10:00-13:00 \u00f3ra k\u00f6z\u00f6tt)<\/p>\n<\/div>\n<hr \/>\n<h5>Dr. Nagy Viktor klinikai f\u0151orvos<\/h5>\n<div class=\"keretes w-100\">\n<p><strong>Rendel\u00e9si id\u0151: <\/strong>h\u00e9tf\u0151, kedd, szerda \u00e9s cs\u00fct\u00f6rt\u00f6k 8:00-11:00<\/p>\n<p><strong>El\u0151jegyz\u00e9s:<\/strong> k\u00f6zponti telefonsz\u00e1mon kereszt\u00fcl: <a href=\"tel:+3614591500\">+36 1 459-1500<\/a> (munkaid\u0151ben)<\/p>\n<\/div>\n<hr \/>\n<h5>Dr. Nebenf\u00fchrer Zsuzsanna klinikai szakorvos<\/h5>\n<div class=\"keretes w-100\">\n<p><strong>Rendel\u00e9si id\u0151: <\/strong>megbesz\u00e9l\u00e9s szerint<\/p>\n<p><strong>El\u0151jegyz\u00e9s:<\/strong> <a href=\"tel:+36208250907\">+36 (20) 825-0907<\/a> (munkaid\u0151ben)<\/p>\n<\/div>\n<hr \/>\n<h5>Dr. Pozsonyi Zolt\u00e1n egyetemi docens<\/h5>\n<div class=\"keretes w-100\">\n<p><strong>Rendel\u00e9si id\u0151:<\/strong> p\u00e9ntek 8:00-14:00<\/p>\n<p><strong>El\u0151jegyz\u00e9s:<\/strong> <a href=\"tel:+36208250944\">+36 20 825-0944<\/a> (munkaid\u0151ben)<\/p>\n<\/div>\n<hr \/>\n<h5>Dr. Vereckei Andr\u00e1s egyetemi docens<\/h5>\n<div class=\"keretes w-100\">\n<p><strong>Rendel\u00e9si id\u0151:<\/strong> h\u00e9tf\u0151 8:00-11:00, kedd 14:00-16:00, szerda 8:00-10:00<\/p>\n<p><strong>El\u0151jegyz\u00e9s:<\/strong> <a href=\"tel:+36208250936\">+36 20 825-0936<\/a> (munkaid\u0151ben)<\/p>\n<\/div>\n<hr \/>\n<h5>Dr. Zs\u00e1ry Andr\u00e1s adjunktus<\/h5>\n<div class=\"keretes w-100\">\n<p><strong>Rendel\u00e9si id\u0151:<\/strong> h\u00e9tf\u0151 11:00-13:00, kedd 8:00-13:00<\/p>\n<p><strong>El\u0151jegyz\u00e9s:<\/strong> <a href=\"tel:+36208250717\">+36 20 825-0717<\/a> vagy\u00a0<a href=\"tel:+3614591500\">+36 1 459-1500<\/a> \/ 55541 mell\u00e9k (munkanapokon 10:00-13:00 \u00f3ra k\u00f6z\u00f6tt), <a href=\"tel:+36208250935\">+36 20 825-0935<\/a> (munkaid\u0151ben)<\/p>\n<\/div>\n","protected":false},"excerpt":{"rendered":"<p>Szakambulanci\u00e1nk telefonos el\u0151jegyz\u00e9s alapj\u00e1n fogadja a betegeket. Az el\u0151jegyz\u00e9ssel \u00e9s a rendel\u00e9ssel kapcsolatos inform\u00e1ci\u00f3k lejjebb olvashat\u00f3k. K\u00e9rj\u00fck, a kapott id\u0151pontban jelentkezzen be a\u00a0\u201cB\u201d \u00e9p\u00fclet f\u00f6ldszintj\u00e9n.\u00a0 <a href=\"https:\/\/semmelweis.hu\/belhema\/jarobeteg-ellatas\/elojegyzes-bejelentkezes\/\">Itt olvashat a bejelentkez\u00e9skor sz\u00fcks\u00e9ges iratokr\u00f3l \u2192<\/a> rendel\u00e9sek: Dr. Jenei Zsigmond adjunktus Rendel\u00e9si id\u0151: kedd 9:00-11:00 El\u0151jegyz\u00e9s: <a href=\"tel:+36208250717\">+36 20 825-0717<\/a> vagy\u00a0 <a href=\"tel:+3614591500\">+36 1 459-1500<\/a> \/ 55541 mell\u00e9k (h\u00e9tf\u0151t\u0151l cs\u00fct\u00f6rt\u00f6kig 10:00-13:00 \u00f3ra k\u00f6z\u00f6tt) Dr. Katona G\u00e1bor adjunktus Rendel\u00e9si id\u0151: h\u00e9tf\u0151 10:00-14:00 El\u0151jegyz\u00e9s: <a href=\"tel:+36208250299\">+36 20 825-0299<\/a> (munkanapokon 14:00-16:00 &hellip;<\/p>\n","protected":false},"author":334,"featured_media":0,"parent":30,"menu_order":3,"comment_status":"closed","ping_status":"closed","template":"","meta":{"_acf_changed":false,"footnotes":""},"categories":[],"tags":[],"class_list":["post-573","page","type-page","status-publish","hentry"],"acf":[],"_links":{"self":[{"href":"https:\/\/semmelweis.hu\/belhema\/wp-json\/wp\/v2\/pages\/573","targetHints":{"allow":["GET"]}}],"collection":[{"href":"https:\/\/semmelweis.hu\/belhema\/wp-json\/wp\/v2\/pages"}],"about":[{"href":"https:\/\/semmelweis.hu\/belhema\/wp-json\/wp\/v2\/types\/page"}],"author":[{"embeddable":true,"href":"https:\/\/semmelweis.hu\/belhema\/wp-json\/wp\/v2\/users\/334"}],"replies":[{"embeddable":true,"href":"https:\/\/semmelweis.hu\/belhema\/wp-json\/wp\/v2\/comments?post=573"}],"version-history":[{"count":10,"href":"https:\/\/semmelweis.hu\/belhema\/wp-json\/wp\/v2\/pages\/573\/revisions"}],"predecessor-version":[{"id":8913,"href":"https:\/\/semmelweis.hu\/belhema\/wp-json\/wp\/v2\/pages\/573\/revisions\/8913"}],"up":[{"embeddable":true,"href":"https:\/\/semmelweis.hu\/belhema\/wp-json\/wp\/v2\/pages\/30"}],"wp:attachment":[{"href":"https:\/\/semmelweis.hu\/belhema\/wp-json\/wp\/v2\/media?parent=573"}],"wp:term":[{"taxonomy":"category","embeddable":true,"href":"https:\/\/semmelweis.hu\/belhema\/wp-json\/wp\/v2\/categories?post=573"},{"taxonomy":"post_tag","embeddable":true,"href":"https:\/\/semmelweis.hu\/belhema\/wp-json\/wp\/v2\/tags?post=573"}],"curies":[{"name":"wp","href":"https:\/\/api.w.org\/{rel}","templated":true}]}}