{"id":55,"date":"2021-04-30T12:55:02","date_gmt":"2021-04-30T10:55:02","guid":{"rendered":"http:\/\/semmelweis.hu\/belgyogyaszat3-v3\/?page_id=55"},"modified":"2025-08-28T13:51:53","modified_gmt":"2025-08-28T11:51:53","slug":"aok","status":"publish","type":"page","link":"https:\/\/semmelweis.hu\/belhema\/oktatas\/aok\/","title":{"rendered":"\u00c1OK"},"content":{"rendered":"<p><strong><a href=\"https:\/\/semmelweis.hu\/belhema\/oktatas\/\" target=\"_blank\" rel=\"noopener\">\u00c1ltal\u00e1nos oktat\u00e1si inform\u00e1ci\u00f3 \u2192<\/a><\/strong><\/p>\n<p><a href=\"https:\/\/semmelweis.hu\/belhema\/files\/2024\/09\/NTA-felveteli-felhivas-I.-es-II.-eves-hallgatok-reszere-2024.pdf\" target=\"_blank\" rel=\"noopener\">NTA felv\u00e9teli felh\u00edv\u00e1s I. \u00e9s II. \u00e9ves hallgat\u00f3k r\u00e9sz\u00e9re &#8211; 2024<\/a><\/p>\n<p><a href=\"https:\/\/semmelweis.hu\/belhema\/files\/2024\/09\/NTA-Legyel-Te-is-Szent-Gyorgyi-Hallgato_2024.pdf\" target=\"_blank\" rel=\"noopener\">NTA &#8211; Legy\u00e9l Te is Szent-Gy\u00f6rgyi Hallgat\u00f3_2024<\/a><\/p>\n<h2>III. \u00e9vfolyam<\/h2>\n<p><strong>Oktatott tant\u00e1rgy: Belgy\u00f3gy\u00e1szati propedeutika<\/strong><\/p>\n<ul style=\"list-style-type: square\">\n<li><a href=\"https:\/\/semmelweis.hu\/belhema\/files\/2025\/08\/Belgyogyaszat-propedeutika-gyakorlati-beosztas-2025-2026-tanev-osz.pdf\">Belgy\u00f3gy\u00e1szat propedeutika gyakorlati beoszt\u00e1s 2025-2026 tan\u00e9v \u0151sz<\/a> (pdf)<\/li>\n<li><a href=\"https:\/\/semmelweis.hu\/belhema\/files\/2023\/05\/Kovetelmenyrendszer-2023-2024-Belgyogyaszati-propedeutika.pdf\" target=\"_blank\" rel=\"noopener\">K\u00f6vetelm\u00e9nyrendszer: Belgy\u00f3gy\u00e1szati propedeutika 2023\/2024. tan\u00e9v<\/a> (pdf)<\/li>\n<li><a href=\"https:\/\/semmelweis.hu\/belhema\/files\/2023\/05\/Kovetelmenyrendszer-2023-2024-Belgyogyaszat-nyari-gyakorlat.pdf\" target=\"_blank\" rel=\"noopener\">K\u00f6vetelm\u00e9nyrendszer: Belgy\u00f3gy\u00e1szat ny\u00e1ri gyakorlat 2023\/2024. tan\u00e9v<\/a> (pdf)<\/li>\n<li><a href=\"https:\/\/semmelweis.hu\/belhema\/files\/2023\/05\/Kovetelmenyrendszer-2023-2024-Klinikai-gasztroenterologia.pdf\" target=\"_blank\" rel=\"noopener\">K\u00f6vetelm\u00e9nyrendszer: Klinikai gasztroenterol\u00f3gia<\/a> (pdf)<\/li>\n<li><a href=\"https:\/\/semmelweis.hu\/belhema\/files\/2023\/06\/Igazolas-III_eves-belfoldi-nyari-szakmai-gyakorlatrol.pdf\" target=\"_blank\" rel=\"noopener\">Igazol\u00e1s ny\u00e1ri szakmai gyakorlatr\u00f3l<\/a> (pdf)<\/li>\n<li><a href=\"https:\/\/semmelweis.hu\/belhema\/files\/2024\/10\/OMHV-2023_2024-II-Propedeutika-AOKBHK781_1M.pdf\" target=\"_blank\" rel=\"noopener\">Int\u00e9zked\u00e9si terv OMHV alapj\u00e1n (2023-2024 . tan\u00e9v) Belgy\u00f3gy\u00e1szati propedeutika<\/a>\u00a0(pdf)<\/li>\n<\/ul>\n<hr \/>\n<h2>V. \u00e9vfolyam<\/h2>\n<p><strong>Oktatott tant\u00e1rgy: Belgy\u00f3gy\u00e1szat II (hematol\u00f3gia, infektol\u00f3gia, immunol\u00f3gia-reumatol\u00f3gia)<\/strong><\/p>\n<ul style=\"list-style-type: square\">\n<li><a href=\"https:\/\/semmelweis.hu\/belhema\/files\/2023\/05\/Kovetelmenyrendszer-2023-2024-Belgyogyaszat-II.pdf\" target=\"_blank\" rel=\"noopener\">K\u00f6vetelm\u00e9nyrendszer: Belgy\u00f3gy\u00e1szat II 2023\/2024. tan\u00e9v<\/a> (pdf)<\/li>\n<li><a href=\"https:\/\/semmelweis.hu\/belhema\/files\/2024\/10\/OMHV-2023_2024-II-Belgyogyaszat-II.-AOKBHK783_2M.pdf\" target=\"_blank\" rel=\"noopener\">Int\u00e9zked\u00e9si terv OMHV alapj\u00e1n (2023-2024. tan\u00e9v) Belgy\u00f3gy\u00e1szat II<\/a>\u00a0(pdf)<\/li>\n<\/ul>\n<hr \/>\n<h2>VI. \u00e9vfolyam<\/h2>\n<p><strong>Oktatott tant\u00e1rgy: Belgy\u00f3gy\u00e1szat<\/strong><\/p>\n<ul style=\"list-style-type: square\">\n<li><a href=\"https:\/\/semmelweis.hu\/belhema\/files\/2023\/05\/Kovetelmenyrendszer-2023-2024-Szigorlo-evi-belgyogyaszat-gyakorlat.pdf\" target=\"_blank\" rel=\"noopener\">K\u00f6vetelm\u00e9nyrendszer: Szigorl\u00f3\u00e9vi belgy\u00f3gy\u00e1szat 2023\/2024. tan\u00e9v<\/a> (pdf)<\/li>\n<li>K\u00f6vetelm\u00e9nyrendszer: 6 hetes k\u00f6telez\u0151en v\u00e1laszthat\u00f3 klinikai gyakorlat 2023\/2024. tan\u00e9v:<\/li>\n<\/ul>\n<ul>\n<li style=\"list-style-type: none\">\n<ul>\n<li><a href=\"https:\/\/semmelweis.hu\/belhema\/files\/2023\/05\/Kovetelmenyrendszer-2023-2024-Belgyogyaszat-elektiv-hematologia.pdf\" target=\"_blank\" rel=\"noopener\">Hematol\u00f3gia<\/a> (pdf)<\/li>\n<li><a href=\"https:\/\/semmelweis.hu\/belhema\/files\/2023\/05\/Kovetelmenyrendszer-2023-2024-Belgyogyaszat-elektiv-immunologia.pdf\" target=\"_blank\" rel=\"noopener\">Immunol\u00f3gia<\/a> (pdf)<\/li>\n<li><a href=\"https:\/\/semmelweis.hu\/belhema\/files\/2023\/05\/Kovetelmenyrendszer-2023-2024-Belgyogyaszat-elektiv-kardiometabolikus-betegsegek.pdf\" target=\"_blank\" rel=\"noopener\">Kardiometabolikus betegs\u00e9gek<\/a> (pdf)<\/li>\n<\/ul>\n<\/li>\n<\/ul>\n<ul style=\"list-style-type: square\">\n<li><a href=\"https:\/\/semmelweis.hu\/belhema\/files\/2024\/08\/Szigorlati-tetelsor-20240807.pdf\" target=\"_blank\" rel=\"noopener\">Szigorlati t\u00e9telsor 20240807<\/a>\u00a0(pdf)<\/li>\n<li><a href=\"https:\/\/semmelweis.hu\/belhema\/files\/2024\/07\/Igazolas-VI.-eves-szakmai-gyakorlatrol-BHK.pdf\" target=\"_blank\" rel=\"noopener\">Igazol\u00e1s VI. \u00e9ves szakmai gyakorlatr\u00f3l &#8211; BHK<\/a>\u00a0(pdf)<\/li>\n<li><a href=\"https:\/\/semmelweis.hu\/belhema\/files\/2024\/07\/Igazolas-belfoldi-VI.-eves-szakmai-gyakorlatrol.pdf\" target=\"_blank\" rel=\"noopener\">Igazol\u00e1s belf\u00f6ldi VI. \u00e9ves szakmai gyakorlatr\u00f3l<\/a>\u00a0(pdf)<\/li>\n<\/ul>\n","protected":false},"excerpt":{"rendered":"<p><a href=\"https:\/\/semmelweis.hu\/belhema\/oktatas\/\" target=\"_blank\" rel=\"noopener\">\u00c1ltal\u00e1nos oktat\u00e1si inform\u00e1ci\u00f3 \u2192<\/a> <a href=\"https:\/\/semmelweis.hu\/belhema\/files\/2024\/09\/NTA-felveteli-felhivas-I.-es-II.-eves-hallgatok-reszere-2024.pdf\" target=\"_blank\" rel=\"noopener\">NTA felv\u00e9teli felh\u00edv\u00e1s I. \u00e9s II. \u00e9ves hallgat\u00f3k r\u00e9sz\u00e9re &#8211; 2024<\/a> <a href=\"https:\/\/semmelweis.hu\/belhema\/files\/2024\/09\/NTA-Legyel-Te-is-Szent-Gyorgyi-Hallgato_2024.pdf\" target=\"_blank\" rel=\"noopener\">NTA &#8211; Legy\u00e9l Te is Szent-Gy\u00f6rgyi Hallgat\u00f3_2024<\/a> III. \u00e9vfolyam Oktatott tant\u00e1rgy: Belgy\u00f3gy\u00e1szati propedeutika <a href=\"https:\/\/semmelweis.hu\/belhema\/files\/2025\/08\/Belgyogyaszat-propedeutika-gyakorlati-beosztas-2025-2026-tanev-osz.pdf\">Belgy\u00f3gy\u00e1szat propedeutika gyakorlati beoszt\u00e1s 2025-2026 tan\u00e9v \u0151sz<\/a> (pdf) <a href=\"https:\/\/semmelweis.hu\/belhema\/files\/2023\/05\/Kovetelmenyrendszer-2023-2024-Belgyogyaszati-propedeutika.pdf\" target=\"_blank\" rel=\"noopener\">K\u00f6vetelm\u00e9nyrendszer: Belgy\u00f3gy\u00e1szati propedeutika 2023\/2024. tan\u00e9v<\/a> (pdf) <a href=\"https:\/\/semmelweis.hu\/belhema\/files\/2023\/05\/Kovetelmenyrendszer-2023-2024-Belgyogyaszat-nyari-gyakorlat.pdf\" target=\"_blank\" rel=\"noopener\">K\u00f6vetelm\u00e9nyrendszer: Belgy\u00f3gy\u00e1szat ny\u00e1ri gyakorlat 2023\/2024. tan\u00e9v<\/a> (pdf) <a href=\"https:\/\/semmelweis.hu\/belhema\/files\/2023\/05\/Kovetelmenyrendszer-2023-2024-Klinikai-gasztroenterologia.pdf\" target=\"_blank\" rel=\"noopener\">K\u00f6vetelm\u00e9nyrendszer: Klinikai gasztroenterol\u00f3gia<\/a> (pdf) <a href=\"https:\/\/semmelweis.hu\/belhema\/files\/2023\/06\/Igazolas-III_eves-belfoldi-nyari-szakmai-gyakorlatrol.pdf\" target=\"_blank\" rel=\"noopener\">Igazol\u00e1s ny\u00e1ri szakmai gyakorlatr\u00f3l<\/a> (pdf) <a href=\"https:\/\/semmelweis.hu\/belhema\/files\/2024\/10\/OMHV-2023_2024-II-Propedeutika-AOKBHK781_1M.pdf\" target=\"_blank\" rel=\"noopener\">Int\u00e9zked\u00e9si terv OMHV alapj\u00e1n (2023-2024 . tan\u00e9v) Belgy\u00f3gy\u00e1szati propedeutika<\/a> \u00a0(pdf) V. \u00e9vfolyam Oktatott tant\u00e1rgy: Belgy\u00f3gy\u00e1szat II (hematol\u00f3gia, infektol\u00f3gia, immunol\u00f3gia-reumatol\u00f3gia) <a href=\"https:\/\/semmelweis.hu\/belhema\/files\/2023\/05\/Kovetelmenyrendszer-2023-2024-Belgyogyaszat-II.pdf\" target=\"_blank\" rel=\"noopener\">K\u00f6vetelm\u00e9nyrendszer: Belgy\u00f3gy\u00e1szat II 2023\/2024. tan\u00e9v<\/a> (pdf) <a href=\"https:\/\/semmelweis.hu\/belhema\/files\/2024\/10\/OMHV-2023_2024-II-Belgyogyaszat-II.-AOKBHK783_2M.pdf\" target=\"_blank\" rel=\"noopener\">Int\u00e9zked\u00e9si terv OMHV alapj\u00e1n (2023-2024. tan\u00e9v) Belgy\u00f3gy\u00e1szat II<\/a> \u00a0(pdf) VI. \u00e9vfolyam Oktatott tant\u00e1rgy: Belgy\u00f3gy\u00e1szat <a href=\"https:\/\/semmelweis.hu\/belhema\/files\/2023\/05\/Kovetelmenyrendszer-2023-2024-Szigorlo-evi-belgyogyaszat-gyakorlat.pdf\" target=\"_blank\" rel=\"noopener\">K\u00f6vetelm\u00e9nyrendszer: Szigorl\u00f3\u00e9vi belgy\u00f3gy\u00e1szat 2023\/2024. tan\u00e9v<\/a> (pdf) K\u00f6vetelm\u00e9nyrendszer: 6 hetes k\u00f6telez\u0151en v\u00e1laszthat\u00f3 klinikai gyakorlat 2023\/2024. tan\u00e9v: <a href=\"https:\/\/semmelweis.hu\/belhema\/files\/2023\/05\/Kovetelmenyrendszer-2023-2024-Belgyogyaszat-elektiv-hematologia.pdf\" target=\"_blank\" rel=\"noopener\">Hematol\u00f3gia<\/a> (pdf) <a href=\"https:\/\/semmelweis.hu\/belhema\/files\/2023\/05\/Kovetelmenyrendszer-2023-2024-Belgyogyaszat-elektiv-immunologia.pdf\" target=\"_blank\" rel=\"noopener\">Immunol\u00f3gia<\/a> (pdf) <a href=\"https:\/\/semmelweis.hu\/belhema\/files\/2023\/05\/Kovetelmenyrendszer-2023-2024-Belgyogyaszat-elektiv-kardiometabolikus-betegsegek.pdf\" target=\"_blank\" rel=\"noopener\">Kardiometabolikus betegs\u00e9gek<\/a> (pdf) <a href=\"https:\/\/semmelweis.hu\/belhema\/files\/2024\/08\/Szigorlati-tetelsor-20240807.pdf\" target=\"_blank\" rel=\"noopener\">Szigorlati t\u00e9telsor 20240807<\/a> \u00a0(pdf) <a href=\"https:\/\/semmelweis.hu\/belhema\/files\/2024\/07\/Igazolas-VI.-eves-szakmai-gyakorlatrol-BHK.pdf\" target=\"_blank\" rel=\"noopener\">Igazol\u00e1s VI. \u00e9ves szakmai gyakorlatr\u00f3l &#8211; BHK<\/a> \u00a0(pdf) <a href=\"https:\/\/semmelweis.hu\/belhema\/files\/2024\/07\/Igazolas-belfoldi-VI.-eves-szakmai-gyakorlatrol.pdf\" target=\"_blank\" rel=\"noopener\">Igazol\u00e1s belf\u00f6ldi VI. \u00e9ves szakmai gyakorlatr\u00f3l<\/a> &hellip;<\/p>\n","protected":false},"author":334,"featured_media":0,"parent":46,"menu_order":1,"comment_status":"closed","ping_status":"closed","template":"","meta":{"_acf_changed":false,"footnotes":""},"categories":[],"tags":[],"class_list":["post-55","page","type-page","status-publish","hentry"],"acf":[],"_links":{"self":[{"href":"https:\/\/semmelweis.hu\/belhema\/wp-json\/wp\/v2\/pages\/55","targetHints":{"allow":["GET"]}}],"collection":[{"href":"https:\/\/semmelweis.hu\/belhema\/wp-json\/wp\/v2\/pages"}],"about":[{"href":"https:\/\/semmelweis.hu\/belhema\/wp-json\/wp\/v2\/types\/page"}],"author":[{"embeddable":true,"href":"https:\/\/semmelweis.hu\/belhema\/wp-json\/wp\/v2\/users\/334"}],"replies":[{"embeddable":true,"href":"https:\/\/semmelweis.hu\/belhema\/wp-json\/wp\/v2\/comments?post=55"}],"version-history":[{"count":10,"href":"https:\/\/semmelweis.hu\/belhema\/wp-json\/wp\/v2\/pages\/55\/revisions"}],"predecessor-version":[{"id":8871,"href":"https:\/\/semmelweis.hu\/belhema\/wp-json\/wp\/v2\/pages\/55\/revisions\/8871"}],"up":[{"embeddable":true,"href":"https:\/\/semmelweis.hu\/belhema\/wp-json\/wp\/v2\/pages\/46"}],"wp:attachment":[{"href":"https:\/\/semmelweis.hu\/belhema\/wp-json\/wp\/v2\/media?parent=55"}],"wp:term":[{"taxonomy":"category","embeddable":true,"href":"https:\/\/semmelweis.hu\/belhema\/wp-json\/wp\/v2\/categories?post=55"},{"taxonomy":"post_tag","embeddable":true,"href":"https:\/\/semmelweis.hu\/belhema\/wp-json\/wp\/v2\/tags?post=55"}],"curies":[{"name":"wp","href":"https:\/\/api.w.org\/{rel}","templated":true}]}}