{"id":529,"date":"2023-04-02T17:48:03","date_gmt":"2023-04-02T15:48:03","guid":{"rendered":"https:\/\/semmelweis.hu\/belhema\/?page_id=529"},"modified":"2023-06-01T14:03:22","modified_gmt":"2023-06-01T12:03:22","slug":"diagnosztika","status":"publish","type":"page","link":"https:\/\/semmelweis.hu\/belhema\/jarobeteg-ellatas\/diagnosztika\/","title":{"rendered":"Diagnosztikai vizsg\u00e1latok"},"content":{"rendered":"<div class=\"keretes w-100\">\n<h4><strong>Vizsg\u00e1latok id\u0151pontja:<\/strong><\/h4>\n<h6>Diagnosztikai egys\u00e9geinkben kiz\u00e1r\u00f3lag a Klinik\u00e1n kezelt j\u00e1r\u00f3- \u00e9s fekv\u0151betegek vizsg\u00e1latait v\u00e9gezz\u00fck. A vizsg\u00e1latokra <strong>a kezel\u0151orvos \u00e1ltal k\u00e9rt id\u0151pontban ker\u00fcl sor, melyet a kezel\u0151orvos egyeztet a beteggel.\u00a0<\/strong><\/h6>\n<h4><strong>Leletk\u00f6zl\u00e9s:<\/strong><\/h4>\n<h6>A vizsg\u00e1latok eredm\u00e9ny\u00e9r\u0151l k\u00e9sz\u00fclt <strong>leleteket a betegek kezel\u0151orvosukt\u00f3l vagy az asszisztensekt\u0151l kapj\u00e1k meg<\/strong>, valamint <strong>az EESZT-b\u0151l tudj\u00e1k let\u00f6lteni<\/strong>.<\/h6>\n<\/div>\n<h2>Diagnosztikai vizsg\u00e1lataink:<\/h2>\n<ul style=\"list-style-type: square;\">\n<li><a href=\"#vervetel\">V\u00e9rv\u00e9tel<\/a><\/li>\n<li><a href=\"#ekg\">EKG<\/a><\/li>\n<li><a href=\"#holter\">Holter-monitor<\/a><\/li>\n<li><a href=\"#abpm\">ABPM<\/a><\/li>\n<li><a href=\"#szivuh\">Sz\u00edvultrahang<\/a><\/li>\n<li><a href=\"#rontgen\">R\u00f6ntgenvizsg\u00e1lat<\/a><\/li>\n<li><a href=\"#uh\">Ultrahangvizsg\u00e1lat<\/a><\/li>\n<li><a href=\"#endoszkopia\">Endoszk\u00f3pia<\/a> (gyomor- \u00e9s b\u00e9lt\u00fckr\u00f6z\u00e9s \/ gastroscopia \u00e9s colonoscopia)<a id=\"vervetel\"><\/a><\/li>\n<\/ul>\n<hr \/>\n<h3>V\u00e9rv\u00e9tel<\/h3>\n<p>Helye: &#8222;B&#8221; \u00e9p\u00fclet f\u00f6ldszint \u00e9s magasf\u00f6ldszint<\/p>\n<p>Ahhoz, hogy a v\u00e9rb\u0151l \u00e9s egy\u00e9b mint\u00e1kb\u00f3l v\u00e9gzett vizsg\u00e1latok eredm\u00e9nye val\u00f3ban pontos legyen, \u00e9rdemes n\u00e9h\u00e1ny el\u0151\u00edr\u00e1st betartani.<br \/>\nV\u00e9rv\u00e9tel az esetek nagy t\u00f6bbs\u00e9g\u00e9ben \u00e9hgyomorra t\u00f6rt\u00e9nik, teh\u00e1t a v\u00e9rv\u00e9telt megel\u0151z\u0151 10-12 \u00f3r\u00e1ban t\u00e1pl\u00e1l\u00e9kot m\u00e1r ne fogyasszon. Folyad\u00e9kot (vizet) lehet \u00e9s kell is fogyasztani.\u00a0<\/p>\n<p>A rendszeresen szedett gy\u00f3gyszereket nem a mintav\u00e9tel el\u0151tt, hanem azt k\u00f6vet\u0151en aj\u00e1nlott bevenni, amennyiben a kezel\u0151orvos nem rendelkezik m\u00e1sk\u00e9nt.<\/p>\n<p>Fontos! Amennyiben v\u00e9rv\u00e9telkor rosszul szokott lenni, vagy fert\u0151tlen\u00edt\u0151szer-\u00e9rz\u00e9kenys\u00e9gr\u0151l tud, k\u00f6z\u00f6lje ezt a v\u00e9rv\u00e9telt v\u00e9gz\u0151 szakemberrel m\u00e9g a beavatkoz\u00e1s el\u0151tt. A v\u00e9rt fekve is levehetik \u00d6nt\u0151l, \u00edgy k\u00f6nnyebben elker\u00fclhet\u0151 az \u00e1jul\u00e1s \u00e9s az ezzel j\u00e1r\u00f3 esetleges s\u00e9r\u00fcl\u00e9s.<a id=\"ekg\"><\/a><\/p>\n<hr \/>\n<h3>EKG, Holter-monitor, ABPM, sz\u00edvultrahang<\/h3>\n<p>Helye: &#8222;B&#8221; \u00e9p\u00fclet f\u00f6ldszint<\/p>\n<h5>EKG (elektrokardiogr\u00e1fia)<\/h5>\n<p>A vizsg\u00e1lat a sz\u00edvm\u0171k\u00f6d\u00e9st (sz\u00edvver\u00e9st) k\u00eds\u00e9r\u0151 elektromos tev\u00e9kenys\u00e9gr\u0151l, annak v\u00e1ltoz\u00e1sair\u00f3l ad k\u00e9pet. A sz\u00edv izomzata minden dobban\u00e1sn\u00e1l \u00f6sszeh\u00faz\u00f3dik \u00e9s elektromos jeleket bocs\u00e1t ki. Ezek a jelek a test adott pontjaira helyezett elektr\u00f3d\u00e1kkal pontosan felfoghat\u00f3k. A vizsg\u00e1lat sor\u00e1n kirajzol\u00f3d\u00f3 EKG-g\u00f6rbe (elektrokardiogram) alakja, kiugr\u00e1sai vagy \u00e9pp ellaposod\u00e1sai alapj\u00e1n k\u00f6vetkeztet a kardiol\u00f3gus szakorvos bizonyos betegs\u00e9gek megl\u00e9t\u00e9re.<a id=\"holter\"><\/a><\/p>\n<h5>Holter-monitor (24 \u00f3r\u00e1s EKG vizsg\u00e1lat)<\/h5>\n<p>A vizsg\u00e1latot szab\u00e1lytalan sz\u00edvm\u0171k\u00f6d\u00e9s, sz\u00e9d\u00fcl\u00e9s, \u00e1jul\u00e1s, mellkasi f\u00e1jdalom kivizsg\u00e1l\u00e1sa sor\u00e1n, illetve a gy\u00f3gyszeres kezel\u00e9s hat\u00e1soss\u00e1g\u00e1nak lem\u00e9r\u00e9s\u00e9re alkalmazz\u00e1k.<\/p>\n<p>A beteg mellkas\u00e1ra a megfelel\u0151 helyekre egyszer haszn\u00e1latos \u00f6ntapad\u00f3s elektr\u00f3d\u00e1t r\u00f6gz\u00edtenek, amikhez a vezet\u00e9kek kapcsol\u00f3dnak. A k\u00e9sz\u00fcl\u00e9ket egy nyakba vagy der\u00e9k\u00f6vre akaszthat\u00f3 hordozhat\u00f3 tokba kell viselni, \u00e9s 24 \u00f3r\u00e1n kereszt\u00fcl nem szabad levenni, v\u00edz sem \u00e9rheti. A g\u00e9p r\u00f6gz\u00edti \u00e9s k\u00e9s\u0151bb ki\u00e9rt\u00e9kelhet\u0151v\u00e9 teszi a sz\u00edv elektromos jeleit. \u00c9rdemes feljegyezni, hogy a vizsg\u00e1lat alatt mikor volt panasza vagy t\u00fcnete. <a id=\"abpm\"><\/a><\/p>\n<h5>ABPM<\/h5>\n<p>A r\u00f6vid\u00edt\u00e9s ambul\u00e1ns v\u00e9rnyom\u00e1s-monitoroz\u00e1st jelent. A beteg a k\u00e9sz\u00fcl\u00e9ket 24 \u00f3r\u00e1n \u00e1t mag\u00e1n viseli. A k\u00e9sz\u00fcl\u00e9k a be\u00e1ll\u00edt\u00e1snak megfelel\u0151en v\u00e9rnyom\u00e1st m\u00e9r, \u00e9s az eredm\u00e9nyt t\u00e1rolja.<\/p>\n<p>A m\u00e9r\u00e9sek alatt a napi megszokott tev\u00e9kenys\u00e9geit v\u00e1ltozatlanul \u00e9rdemes folytatni, hogy re\u00e1lis \u00e9rt\u00e9keket kapjunk. \u00c9rdemes feljegyeznie, hogy a vizsg\u00e1lat ideje alatt volt-e valamilyen panasza, v\u00e9gzett-e megterhel\u0151 fizikai munk\u00e1t.<a id=\"szivuh\"><\/a><\/p>\n<h5>Sz\u00edvultrahang (echokardiogr\u00e1fia)<\/h5>\n<p>A vizsg\u00e1lat sor\u00e1n a vizsg\u00e1l\u00f3 orvos ultrahanghull\u00e1mok seg\u00edts\u00e9g\u00e9vel k\u00e9pet alkot a m\u0171k\u00f6d\u0151 sz\u00edvr\u0151l, ami seg\u00edt sz\u00e1mos kardiol\u00f3giai betegs\u00e9g diagnosztiz\u00e1l\u00e1s\u00e1ban.<\/p>\n<p>Sz\u00edvultrahang seg\u00edts\u00e9g\u00e9vel meghat\u00e1rozhat\u00f3 a sz\u00edv \u00fcregeinek m\u00e9rete, falainak vastags\u00e1ga, mozg\u00e1sa, az \u00f6sszeh\u00faz\u00f3d\u00e1s \u201eereje\u201d. L\u00e1tni lehet a sz\u00edven bel\u00fcl a v\u00e9rt ir\u00e1ny\u00edt\u00f3 sz\u00edvbillenty\u0171k alakj\u00e1t, mozg\u00e1s\u00e1t, m\u0171k\u00f6d\u00e9s\u00e9t, esetleges megbeteged\u00e9seit.<br \/>\nA vizsg\u00e1lat el\u0151k\u00e9sz\u00edt\u00e9st nem ig\u00e9nyel, r\u00f6vid ideig tart, f\u00e1jdalommentes \u00e9s nem j\u00e1r sug\u00e1rterhel\u00e9ssel. A vizsg\u00e1lathoz a mellkast teljesen szabadd\u00e1 kell tenni, ez\u00e9rt \u00e9rdemes k\u00f6nnyen le- \u00e9s felvehet\u0151 fels\u0151ruh\u00e1zatban j\u00f6nni.<\/p>\n<p>K\u00e9t f\u0151 vizsg\u00e1lati forma k\u00fcl\u00f6nb\u00f6ztethet\u0151 meg:<\/p>\n<ul style=\"list-style-type: square;\">\n<li>Klasszikus, mellkasfalon kereszt\u00fcl v\u00e9gzett sz\u00edv-ultrahangvizsg\u00e1lat (TTE): amikor a mindennapi gyakorlatban sz\u00edvultrahangr\u00f3l besz\u00e9l\u00fcnk, ezt a vizsg\u00e1lati m\u00f3dszert \u00e9rtj\u00fck alatta.<\/li>\n<li>Nyel\u0151cs\u00f6v\u00f6n kereszt\u00fcl v\u00e9gzett sz\u00edv-ultrahangvizsg\u00e1lat (TEE): Ritk\u00e1bban, speci\u00e1lis esetekben v\u00e9gzett vizsg\u00e1lat. Amennyiben nyel\u0151cs\u00f6v\u00f6n kereszt\u00fcl v\u00e9gzett sz\u00edv-ultrahangvizsg\u00e1latra van sz\u00fcks\u00e9g, arr\u00f3l a kezel\u0151orvos r\u00e9szletesen t\u00e1j\u00e9koztatja.<a id=\"rontgen\"><\/a><\/li>\n<\/ul>\n<hr \/>\n<h3>Radiol\u00f3gia (r\u00f6ntgen, hasi ultrahang, Doppler ultrahang)<\/h3>\n<p>Helye: &#8222;B&#8221; \u00e9p\u00fclet magasf\u00f6ldszint<\/p>\n<h5>R\u00f6ntgenvizsg\u00e1lat<\/h5>\n<p>R\u00f6ntgenvizsg\u00e1lat sor\u00e1n a vizsg\u00e1lni k\u00edv\u00e1nt testt\u00e1jat r\u00f6ntgensugarakkal vil\u00e1g\u00edtj\u00e1k \u00e1t. A felv\u00e9teleken j\u00f3l meg\u00edt\u00e9lhet\u0151k a mellkasi szervek bizonyos elt\u00e9r\u00e9sei, egyes hasi k\u00f3rk\u00e9pek, valamint a csontok \u00e1llapota. Kis sug\u00e1rterhel\u00e9se, sz\u00e9les k\u00f6r\u0171 hozz\u00e1f\u00e9rhet\u0151s\u00e9ge \u00e9s viszonylag nagy szenzitivit\u00e1sa miatt alapvet\u0151, sz\u0171r\u0151 jelleg\u0171 vizsg\u00e1lat.<a id=\"uh\"><\/a><\/p>\n<h5>Ultrahangvizsg\u00e1lat<\/h5>\n<p>Ultrahangvizsg\u00e1lat sor\u00e1n magas frekvenci\u00e1j\u00fa mechanikus rezg\u00e9sekkel (ultrahanggal) letapogatj\u00e1k a vizsg\u00e1lni k\u00edv\u00e1nt testr\u00e9szt vagy szervet, majd azt a visszaver\u0151d\u0151 hanghull\u00e1mok seg\u00edts\u00e9g\u00e9vel val\u00f3s id\u0151ben lek\u00e9pezik.<\/p>\n<p>A <strong>hasi ultrahangvizsg\u00e1lat<\/strong> a hasi szervek (m\u00e1j, l\u00e9p, hasny\u00e1lmirigy, ves\u00e9k, h\u00fagyh\u00f3lyag, hasi nyirokcsom\u00f3k) meg\u00edt\u00e9l\u00e9s\u00e9re szolg\u00e1l.<br \/>\n<em>K\u00e9rj\u00fck, hogy a vizsg\u00e1lat tervezett id\u0151pontja el\u0151tt legal\u00e1bb 6 \u00f3r\u00e1val m\u00e1r ne egyen, \u00e9s a vizsg\u00e1lat el\u0151tt csak tiszta vizet igyon, ker\u00fclje a cukros vagy sz\u00e9nsavas italok, valamint a k\u00e1v\u00e9 fogyaszt\u00e1s\u00e1t! A vizsg\u00e1lat sor\u00e1n el\u0151ny, ha a h\u00fagyh\u00f3lyag nem \u00fcres.<\/em><\/p>\n<p>Az <strong>erek ultrahangvizsg\u00e1lata<\/strong> (Doppler-vizsg\u00e1lat) sor\u00e1n lehet\u0151s\u00e9g van az erekben l\u00e9v\u0151 \u00e1raml\u00e1si akad\u00e1lyok pontos megjelen\u00edt\u00e9s\u00e9re, az esetleges \u00e9rsz\u0171k\u00fclet s\u00falyoss\u00e1g\u00e1nak m\u00e9r\u00e9s\u00e9re. A m\u00f3dszer alkalmas t\u00f6bbek k\u00f6z\u00f6tt a sz\u00e9l\u00fct\u00e9shez, stroke-hoz vezet\u0151 nyaki ver\u0151\u00e9rsz\u0171k\u00fcletek, a k\u00f3ros hasi \u00e9rt\u00e1gulatok, valamint a m\u00e9lyv\u00e9n\u00e1s v\u00e9rr\u00f6gk\u00e9pz\u0151d\u00e9s (tromb\u00f3zis) kimutat\u00e1s\u00e1ra.<a id=\"endoszkopia\"><\/a><\/p>\n<hr \/>\n<h3>Endoszk\u00f3pos laborat\u00f3rium (gyomor- \u00e9s b\u00e9lt\u00fckr\u00f6z\u00e9s \/ gastroscopia \u00e9s colonoscopia)<\/h3>\n<p>Helye: &#8222;B&#8221; \u00e9p\u00fclet magasf\u00f6ldszint<\/p>\n<p>Az endoszk\u00f3pos laborat\u00f3riumban a gyomor- \u00e9s b\u00e9lrendszer diagnosztikus, sz\u0171r\u0151 \u00e9s k\u00f6vet\u0151 vizsg\u00e1latai mellett a t\u00e1pcsatornai r\u00e1kmegel\u0151z\u0151 elv\u00e1ltoz\u00e1sok elt\u00e1vol\u00edt\u00e1sa, esetenk\u00e9nt c\u00e9lzott sz\u00f6veti mintav\u00e9tel t\u00f6rt\u00e9nik. Kiemelked\u0151 tev\u00e9kenys\u00e9g a gyullad\u00e1sos b\u00e9lbetegs\u00e9gek endoszk\u00f3pos k\u00f6vet\u00e9se.<\/p>\n","protected":false},"excerpt":{"rendered":"<p>Vizsg\u00e1latok id\u0151pontja: Diagnosztikai egys\u00e9geinkben kiz\u00e1r\u00f3lag a Klinik\u00e1n kezelt j\u00e1r\u00f3- \u00e9s fekv\u0151betegek vizsg\u00e1latait v\u00e9gezz\u00fck. A vizsg\u00e1latokra a kezel\u0151orvos \u00e1ltal k\u00e9rt id\u0151pontban ker\u00fcl sor, melyet a kezel\u0151orvos egyeztet a beteggel.\u00a0 Leletk\u00f6zl\u00e9s: A vizsg\u00e1latok eredm\u00e9ny\u00e9r\u0151l k\u00e9sz\u00fclt leleteket a betegek kezel\u0151orvosukt\u00f3l vagy az asszisztensekt\u0151l kapj\u00e1k meg, valamint az EESZT-b\u0151l tudj\u00e1k let\u00f6lteni. Diagnosztikai vizsg\u00e1lataink: <a href=\"#vervetel\">V\u00e9rv\u00e9tel<\/a> <a href=\"#ekg\">EKG<\/a> <a href=\"#holter\">Holter-monitor<\/a> <a href=\"#abpm\">ABPM<\/a> <a href=\"#szivuh\">Sz\u00edvultrahang<\/a> <a href=\"#rontgen\">R\u00f6ntgenvizsg\u00e1lat<\/a> <a href=\"#uh\">Ultrahangvizsg\u00e1lat<\/a> <a href=\"#endoszkopia\">Endoszk\u00f3pia<\/a> (gyomor- \u00e9s b\u00e9lt\u00fckr\u00f6z\u00e9s \/ gastroscopia \u00e9s &hellip;<\/p>\n","protected":false},"author":334,"featured_media":0,"parent":30,"menu_order":1,"comment_status":"closed","ping_status":"closed","template":"","meta":{"_acf_changed":false,"footnotes":""},"categories":[],"tags":[],"class_list":["post-529","page","type-page","status-publish","hentry"],"acf":[],"_links":{"self":[{"href":"https:\/\/semmelweis.hu\/belhema\/wp-json\/wp\/v2\/pages\/529","targetHints":{"allow":["GET"]}}],"collection":[{"href":"https:\/\/semmelweis.hu\/belhema\/wp-json\/wp\/v2\/pages"}],"about":[{"href":"https:\/\/semmelweis.hu\/belhema\/wp-json\/wp\/v2\/types\/page"}],"author":[{"embeddable":true,"href":"https:\/\/semmelweis.hu\/belhema\/wp-json\/wp\/v2\/users\/334"}],"replies":[{"embeddable":true,"href":"https:\/\/semmelweis.hu\/belhema\/wp-json\/wp\/v2\/comments?post=529"}],"version-history":[{"count":11,"href":"https:\/\/semmelweis.hu\/belhema\/wp-json\/wp\/v2\/pages\/529\/revisions"}],"predecessor-version":[{"id":1100,"href":"https:\/\/semmelweis.hu\/belhema\/wp-json\/wp\/v2\/pages\/529\/revisions\/1100"}],"up":[{"embeddable":true,"href":"https:\/\/semmelweis.hu\/belhema\/wp-json\/wp\/v2\/pages\/30"}],"wp:attachment":[{"href":"https:\/\/semmelweis.hu\/belhema\/wp-json\/wp\/v2\/media?parent=529"}],"wp:term":[{"taxonomy":"category","embeddable":true,"href":"https:\/\/semmelweis.hu\/belhema\/wp-json\/wp\/v2\/categories?post=529"},{"taxonomy":"post_tag","embeddable":true,"href":"https:\/\/semmelweis.hu\/belhema\/wp-json\/wp\/v2\/tags?post=529"}],"curies":[{"name":"wp","href":"https:\/\/api.w.org\/{rel}","templated":true}]}}