{"id":527,"date":"2023-04-02T17:40:42","date_gmt":"2023-04-02T15:40:42","guid":{"rendered":"https:\/\/semmelweis.hu\/belhema\/?page_id=527"},"modified":"2025-01-31T13:12:26","modified_gmt":"2025-01-31T12:12:26","slug":"onkologiai-kuraszeru-reszleg","status":"publish","type":"page","link":"https:\/\/semmelweis.hu\/belhema\/jarobeteg-ellatas\/kuraszeru-ellatas\/onkologiai-kuraszeru-reszleg\/","title":{"rendered":"Onkol\u00f3giai k\u00faraszer\u0171 r\u00e9szleg"},"content":{"rendered":"<p>Az Onkol\u00f3giai k\u00faraszer\u0171 r\u00e9szlegen daganatos j\u00e1r\u00f3betegeket kezel\u00fcnk nappali k\u00f3rh\u00e1zk\u00e9nt m\u0171k\u00f6d\u0151 k\u00faraszer\u0171 ell\u00e1t\u00e1s form\u00e1j\u00e1ban.<\/p>\n<p>Ez az ell\u00e1t\u00e1si forma lehet\u0151v\u00e9 teszi, hogy a betegeknek ne kelljen k\u00f3rh\u00e1zba befek\u00fcdni\u00fck, \u00e9s szinte v\u00e1ltozatlanul folytathass\u00e1k kialakult napi \u00e9letvitel\u00fcket, ak\u00e1r dolgozhassanak.<\/p>\n<p>A kezel\u00e9sek h\u00e9tk\u00f6znap 8:00-15:00 \u00f3ra k\u00f6z\u00f6tt t\u00f6rt\u00e9nnek.<\/p>\n<div class=\"keretes w-100\">\n<p>Az Onkol\u00f3giai k\u00faraszer\u0171 r\u00e9szleg a &#8222;B&#8221; \u00e9p\u00fclet alagsor\u00e1ban helyezkedik el (bej\u00e1rat a T\u00f6mb udvar\u00e1b\u00f3l).<\/p>\n<\/div>\n<p>&nbsp;<\/p>\n<p>&nbsp;<\/p>\n","protected":false},"excerpt":{"rendered":"<p>Az Onkol\u00f3giai k\u00faraszer\u0171 r\u00e9szlegen daganatos j\u00e1r\u00f3betegeket kezel\u00fcnk nappali k\u00f3rh\u00e1zk\u00e9nt m\u0171k\u00f6d\u0151 k\u00faraszer\u0171 ell\u00e1t\u00e1s form\u00e1j\u00e1ban. Ez az ell\u00e1t\u00e1si forma lehet\u0151v\u00e9 teszi, hogy a betegeknek ne kelljen k\u00f3rh\u00e1zba befek\u00fcdni\u00fck, \u00e9s szinte v\u00e1ltozatlanul folytathass\u00e1k kialakult napi \u00e9letvitel\u00fcket, ak\u00e1r dolgozhassanak. A kezel\u00e9sek h\u00e9tk\u00f6znap 8:00-15:00 \u00f3ra k\u00f6z\u00f6tt t\u00f6rt\u00e9nnek. Az Onkol\u00f3giai k\u00faraszer\u0171 r\u00e9szleg a &#8222;B&#8221; \u00e9p\u00fclet alagsor\u00e1ban helyezkedik el (bej\u00e1rat a T\u00f6mb &hellip;<\/p>\n","protected":false},"author":334,"featured_media":0,"parent":523,"menu_order":2,"comment_status":"closed","ping_status":"closed","template":"","meta":{"_acf_changed":false,"footnotes":""},"categories":[],"tags":[],"class_list":["post-527","page","type-page","status-publish","hentry"],"acf":[],"_links":{"self":[{"href":"https:\/\/semmelweis.hu\/belhema\/wp-json\/wp\/v2\/pages\/527","targetHints":{"allow":["GET"]}}],"collection":[{"href":"https:\/\/semmelweis.hu\/belhema\/wp-json\/wp\/v2\/pages"}],"about":[{"href":"https:\/\/semmelweis.hu\/belhema\/wp-json\/wp\/v2\/types\/page"}],"author":[{"embeddable":true,"href":"https:\/\/semmelweis.hu\/belhema\/wp-json\/wp\/v2\/users\/334"}],"replies":[{"embeddable":true,"href":"https:\/\/semmelweis.hu\/belhema\/wp-json\/wp\/v2\/comments?post=527"}],"version-history":[{"count":10,"href":"https:\/\/semmelweis.hu\/belhema\/wp-json\/wp\/v2\/pages\/527\/revisions"}],"predecessor-version":[{"id":8813,"href":"https:\/\/semmelweis.hu\/belhema\/wp-json\/wp\/v2\/pages\/527\/revisions\/8813"}],"up":[{"embeddable":true,"href":"https:\/\/semmelweis.hu\/belhema\/wp-json\/wp\/v2\/pages\/523"}],"wp:attachment":[{"href":"https:\/\/semmelweis.hu\/belhema\/wp-json\/wp\/v2\/media?parent=527"}],"wp:term":[{"taxonomy":"category","embeddable":true,"href":"https:\/\/semmelweis.hu\/belhema\/wp-json\/wp\/v2\/categories?post=527"},{"taxonomy":"post_tag","embeddable":true,"href":"https:\/\/semmelweis.hu\/belhema\/wp-json\/wp\/v2\/tags?post=527"}],"curies":[{"name":"wp","href":"https:\/\/api.w.org\/{rel}","templated":true}]}}