{"id":519,"date":"2023-04-02T17:24:29","date_gmt":"2023-04-02T15:24:29","guid":{"rendered":"https:\/\/semmelweis.hu\/belhema\/?page_id=519"},"modified":"2023-06-02T10:52:55","modified_gmt":"2023-06-02T08:52:55","slug":"hano","status":"publish","type":"page","link":"https:\/\/semmelweis.hu\/belhema\/jarobeteg-ellatas\/hano\/","title":{"rendered":"Angio\u00f6d\u00e9ma (HANO\/HAE)"},"content":{"rendered":"<div class=\"fontos_div\">\n<h6><strong>Szakambulanci\u00e1nk telefonos el\u0151jegyz\u00e9s alapj\u00e1n fogadja a betegeket. <\/strong><\/h6>\n<h6>Az el\u0151jegyz\u00e9ssel \u00e9s a rendel\u00e9ssel kapcsolatos inform\u00e1ci\u00f3k lejjebb olvashat\u00f3k.<\/h6>\n<\/div>\n<hr \/>\n<p>K\u00e9rj\u00fck, a kapott id\u0151pontban jelentkezzen be <strong>a\u00a0\u201cB\u201d \u00e9p\u00fclet f\u00f6ldszintj\u00e9n<\/strong>.\u00a0 <br \/>\n<a href=\"https:\/\/semmelweis.hu\/belhema\/jarobeteg-ellatas\/elojegyzes-bejelentkezes\/\">Itt olvashat a bejelentkez\u00e9skor sz\u00fcks\u00e9ges iratokr\u00f3l \u2192<\/a><\/p>\n<h1>rendel\u00e9s:<\/h1>\n<h5>Dr. Farkas Henriette egyetemi tan\u00e1r<\/h5>\n<div class=\"keretes w-100\">\n<p><strong>Rendel\u00e9si id\u0151:<\/strong> kedd 14:00-16:00, szerda 8:00-15:00, cs\u00fct\u00f6rt\u00f6k 14:00-16:00, p\u00e9ntek 14:00-16:00<\/p>\n<p><strong>El\u0151jegyz\u00e9s:<\/strong> <a href=\"tel:+36205980633\">+36 20 598-0633<\/a> (munkaid\u0151ben) Bali Judit asszisztensn\u0151n\u00e9l<\/p>\n<\/div>\n<p>&nbsp;<\/p>\n","protected":false},"excerpt":{"rendered":"<p>Szakambulanci\u00e1nk telefonos el\u0151jegyz\u00e9s alapj\u00e1n fogadja a betegeket.<br \/>\nAz el\u0151jegyz\u00e9ssel \u00e9s a rendel\u00e9ssel kapcsolatos inform\u00e1ci\u00f3k lejjebb olvashat\u00f3k.<\/p>\n<p>K\u00e9rj\u00fck, a kapott id\u0151pontban jelentkezzen be a\u00a0\u201cB\u201d \u00e9p\u00fclet f\u00f6ldszintj\u00e9n.\u00a0<br \/>\n<a href=\"https:\/\/semmelweis.hu\/belhema\/jarobeteg-ellatas\/elojegyzes-bejelentkezes\/\">Itt olvashat a bejelentkez\u00e9skor sz\u00fcks\u00e9ges iratokr\u00f3l \u2192<\/a><br \/>\nrendel\u00e9s:<br \/>\nDr. Farkas Henriette egyetemi tan\u00e1r<\/p>\n<p>Rendel\u00e9si id\u0151: kedd 14:00-16:00, szerda 8:00-15:00, cs\u00fct\u00f6rt\u00f6k 14:00-16:00, p\u00e9ntek 14:00-16:00<br \/>\nEl\u0151jegyz\u00e9s: <a href=\"tel:+36205980633\">+36 20 598-0633<\/a> (munkaid\u0151ben) Bali Judit asszisztensn\u0151n\u00e9l<\/p>\n<p>&nbsp;<\/p>\n","protected":false},"author":334,"featured_media":0,"parent":30,"menu_order":3,"comment_status":"closed","ping_status":"closed","template":"","meta":{"_acf_changed":false,"footnotes":""},"categories":[],"tags":[],"class_list":["post-519","page","type-page","status-publish","hentry"],"acf":[],"_links":{"self":[{"href":"https:\/\/semmelweis.hu\/belhema\/wp-json\/wp\/v2\/pages\/519","targetHints":{"allow":["GET"]}}],"collection":[{"href":"https:\/\/semmelweis.hu\/belhema\/wp-json\/wp\/v2\/pages"}],"about":[{"href":"https:\/\/semmelweis.hu\/belhema\/wp-json\/wp\/v2\/types\/page"}],"author":[{"embeddable":true,"href":"https:\/\/semmelweis.hu\/belhema\/wp-json\/wp\/v2\/users\/334"}],"replies":[{"embeddable":true,"href":"https:\/\/semmelweis.hu\/belhema\/wp-json\/wp\/v2\/comments?post=519"}],"version-history":[{"count":7,"href":"https:\/\/semmelweis.hu\/belhema\/wp-json\/wp\/v2\/pages\/519\/revisions"}],"predecessor-version":[{"id":1183,"href":"https:\/\/semmelweis.hu\/belhema\/wp-json\/wp\/v2\/pages\/519\/revisions\/1183"}],"up":[{"embeddable":true,"href":"https:\/\/semmelweis.hu\/belhema\/wp-json\/wp\/v2\/pages\/30"}],"wp:attachment":[{"href":"https:\/\/semmelweis.hu\/belhema\/wp-json\/wp\/v2\/media?parent=519"}],"wp:term":[{"taxonomy":"category","embeddable":true,"href":"https:\/\/semmelweis.hu\/belhema\/wp-json\/wp\/v2\/categories?post=519"},{"taxonomy":"post_tag","embeddable":true,"href":"https:\/\/semmelweis.hu\/belhema\/wp-json\/wp\/v2\/tags?post=519"}],"curies":[{"name":"wp","href":"https:\/\/api.w.org\/{rel}","templated":true}]}}