{"id":505,"date":"2023-04-02T16:37:17","date_gmt":"2023-04-02T14:37:17","guid":{"rendered":"https:\/\/semmelweis.hu\/belhema\/?page_id=505"},"modified":"2025-12-01T08:07:45","modified_gmt":"2025-12-01T07:07:45","slug":"immunologia","status":"publish","type":"page","link":"https:\/\/semmelweis.hu\/belhema\/jarobeteg-ellatas\/immunologia\/","title":{"rendered":"Immunol\u00f3gia"},"content":{"rendered":"<div class=\"fontos_div\">\n<h6><strong>Szakambulanci\u00e1nk telefonos el\u0151jegyz\u00e9s alapj\u00e1n fogadja a betegeket. <\/strong><\/h6>\n<h6>Az el\u0151jegyz\u00e9ssel \u00e9s a rendel\u00e9ssel kapcsolatos inform\u00e1ci\u00f3k lejjebb olvashat\u00f3k.<\/h6>\n<\/div>\n<hr \/>\n<p>K\u00e9rj\u00fck, a kapott id\u0151pontban jelentkezzen be <strong>a\u00a0\u201cB\u201d \u00e9p\u00fclet f\u00f6ldszintj\u00e9n<\/strong>.\u00a0 <br \/>\n<a href=\"https:\/\/semmelweis.hu\/belhema\/jarobeteg-ellatas\/elojegyzes-bejelentkezes\/\">Itt olvashat a bejelentkez\u00e9skor sz\u00fcks\u00e9ges iratokr\u00f3l \u2192<\/a><\/p>\n<h1>rendel\u00e9sek:<\/h1>\n<h5>Dr. Fekete B\u00e9la egyetemi tan\u00e1r<\/h5>\n<div class=\"keretes w-100\">\n<p><strong>Rendel\u00e9si id\u0151:<\/strong> szerda: 12:00-16:00<\/p>\n<p><strong>El\u0151jegyz\u00e9s: <\/strong>kiz\u00e1r\u00f3lag konz\u00edlium c\u00e9lj\u00e1b\u00f3l, k\u00f6zponti telefonsz\u00e1mon kereszt\u00fcl: <a href=\"tel:+3614591500\">+36 1 459-1500<\/a> (munkanapokon 12:00-15:00 \u00f3ra k\u00f6z\u00f6tt)<\/p>\n<\/div>\n<hr \/>\n<h5>Dr. Jakab L\u00e1szl\u00f3 klinikai f\u0151orvos<\/h5>\n<div class=\"keretes w-100\">\n<p><strong>Rendel\u00e9si id\u0151:<\/strong> szerda 9:00-13:00<\/p>\n<p><strong>El\u0151jegyz\u00e9s:<\/strong> <a href=\"tel:+36208250733\">+36 20 825-0733<\/a> (munkanapokon 11:00-14:00 \u00f3ra k\u00f6z\u00f6tt)<\/p>\n<\/div>\n<hr \/>\n<h5>Dr. Kalabay L\u00e1szl\u00f3 egyetemi tan\u00e1r<\/h5>\n<div class=\"keretes w-100\">\n<p><strong>Rendel\u00e9si id\u0151:<\/strong> szerda 8:00-14:00<\/p>\n<p><strong>El\u0151jegyz\u00e9s:<\/strong> k\u00f6zponti telefonsz\u00e1mon kereszt\u00fcl: <a href=\"tel:+3614591500\">+36 1 459-1500<\/a> (munkaid\u0151ben)<\/p>\n<\/div>\n<hr \/>\n<h5>Dr. M\u0171zes Gy\u00f6rgyi egyetemi docens<\/h5>\n<div class=\"keretes w-100\">\n<p><strong>Rendel\u00e9si id\u0151:<\/strong> kedd 8:00-14:00, cs\u00fct\u00f6rt\u00f6k 8:00-13:00<\/p>\n<p><strong>El\u0151jegyz\u00e9s:<\/strong> <a href=\"tel:+36208250717\">+36 20 825-0717<\/a> vagy\u00a0<a href=\"tel:+3614591500\">+36 1 459-1500<\/a> \/ 55541 mell\u00e9k (munkanapokon 10:00-13:00 \u00f3ra k\u00f6z\u00f6tt)<\/p>\n<\/div>\n<hr \/>\n<h5>Dr. Sipos Ferenc egyetemi docens<\/h5>\n<div class=\"keretes w-100\">\n<p><strong>Rendel\u00e9si id\u0151:<\/strong> cs\u00fct\u00f6rt\u00f6k 11:00-14:00<\/p>\n<p><strong>El\u0151jegyz\u00e9s: <\/strong>elojegyzes.bhk@semmelweis.hu, <a href=\"tel:+36206701428\">+36 20 670-1428<\/a>\u00a0(munkanapokon 10:00-13:00 \u00f3ra k\u00f6z\u00f6tt)<\/p>\n<\/div>\n","protected":false},"excerpt":{"rendered":"<p>Szakambulanci\u00e1nk telefonos el\u0151jegyz\u00e9s alapj\u00e1n fogadja a betegeket. Az el\u0151jegyz\u00e9ssel \u00e9s a rendel\u00e9ssel kapcsolatos inform\u00e1ci\u00f3k lejjebb olvashat\u00f3k. K\u00e9rj\u00fck, a kapott id\u0151pontban jelentkezzen be a\u00a0\u201cB\u201d \u00e9p\u00fclet f\u00f6ldszintj\u00e9n.\u00a0 <a href=\"https:\/\/semmelweis.hu\/belhema\/jarobeteg-ellatas\/elojegyzes-bejelentkezes\/\">Itt olvashat a bejelentkez\u00e9skor sz\u00fcks\u00e9ges iratokr\u00f3l \u2192<\/a> rendel\u00e9sek: Dr. Fekete B\u00e9la egyetemi tan\u00e1r Rendel\u00e9si id\u0151: szerda: 12:00-16:00 El\u0151jegyz\u00e9s: kiz\u00e1r\u00f3lag konz\u00edlium c\u00e9lj\u00e1b\u00f3l, k\u00f6zponti telefonsz\u00e1mon kereszt\u00fcl: <a href=\"tel:+3614591500\">+36 1 459-1500<\/a> (munkanapokon 12:00-15:00 \u00f3ra k\u00f6z\u00f6tt) Dr. Jakab L\u00e1szl\u00f3 klinikai f\u0151orvos Rendel\u00e9si id\u0151: szerda 9:00-13:00 &hellip;<\/p>\n","protected":false},"author":334,"featured_media":0,"parent":30,"menu_order":3,"comment_status":"closed","ping_status":"closed","template":"","meta":{"_acf_changed":false,"footnotes":""},"categories":[],"tags":[],"class_list":["post-505","page","type-page","status-publish","hentry"],"acf":[],"_links":{"self":[{"href":"https:\/\/semmelweis.hu\/belhema\/wp-json\/wp\/v2\/pages\/505","targetHints":{"allow":["GET"]}}],"collection":[{"href":"https:\/\/semmelweis.hu\/belhema\/wp-json\/wp\/v2\/pages"}],"about":[{"href":"https:\/\/semmelweis.hu\/belhema\/wp-json\/wp\/v2\/types\/page"}],"author":[{"embeddable":true,"href":"https:\/\/semmelweis.hu\/belhema\/wp-json\/wp\/v2\/users\/334"}],"replies":[{"embeddable":true,"href":"https:\/\/semmelweis.hu\/belhema\/wp-json\/wp\/v2\/comments?post=505"}],"version-history":[{"count":10,"href":"https:\/\/semmelweis.hu\/belhema\/wp-json\/wp\/v2\/pages\/505\/revisions"}],"predecessor-version":[{"id":8911,"href":"https:\/\/semmelweis.hu\/belhema\/wp-json\/wp\/v2\/pages\/505\/revisions\/8911"}],"up":[{"embeddable":true,"href":"https:\/\/semmelweis.hu\/belhema\/wp-json\/wp\/v2\/pages\/30"}],"wp:attachment":[{"href":"https:\/\/semmelweis.hu\/belhema\/wp-json\/wp\/v2\/media?parent=505"}],"wp:term":[{"taxonomy":"category","embeddable":true,"href":"https:\/\/semmelweis.hu\/belhema\/wp-json\/wp\/v2\/categories?post=505"},{"taxonomy":"post_tag","embeddable":true,"href":"https:\/\/semmelweis.hu\/belhema\/wp-json\/wp\/v2\/tags?post=505"}],"curies":[{"name":"wp","href":"https:\/\/api.w.org\/{rel}","templated":true}]}}