{"id":46,"date":"2021-04-30T12:52:46","date_gmt":"2021-04-30T10:52:46","guid":{"rendered":"http:\/\/semmelweis.hu\/belgyogyaszat3-v3\/?page_id=46"},"modified":"2025-11-17T15:06:31","modified_gmt":"2025-11-17T14:06:31","slug":"oktatas","status":"publish","type":"page","link":"https:\/\/semmelweis.hu\/belhema\/oktatas\/","title":{"rendered":"Oktat\u00e1s"},"content":{"rendered":"<div class=\"keretes w-100\">\n<p><strong>Oktat\u00e1si felel\u0151s:\u00a0Dr. Keltai Katalin egyetemi docens<br \/>\n<\/strong>E-mail: keltai.katalin@semmelweis.hu<\/p>\n<p><strong>Oktat\u00e1sszervez\u0151:\u00a0Incze Oliv\u00e9rn\u00e9 (Marcsi)<br \/>\n<\/strong>Iroda: Igazgat\u00f3s\u00e1g, G \u00e9p\u00fclet f\u00f6ldszint<br \/>\nE-mail: incze.oliver.antalne@semmelweis.hu<\/p>\n<p><strong>Oktat\u00e1si adminisztr\u00e1tor:\u00a0Cs\u0171r\u00f6s \u00c1gnes<br \/>\n<\/strong>Iroda: Igazgat\u00f3s\u00e1g, B \u00e9p\u00fclet f\u00e9lemelet<br \/>\nE-mail: csuros.agnes@semmelweis.hu<br \/>\nTelefon: <a href=\"tel:+3613754364\">+36 1 375-4364<\/a><\/p>\n<\/div>\n<div class=\"lead\">A Klinik\u00e1n \u00c1OK III., V. \u00e9s VI. \u00e9ves, valamint FOK IV. \u00e9ves hallgat\u00f3kat oktatunk belgy\u00f3gy\u00e1szat tant\u00e1rgyb\u00f3l.<\/div>\n<p>Az \u00c1OK V. \u00e9ves hallgat\u00f3k immunol\u00f3gia-reumatol\u00f3gia oktat\u00e1s\u00e1ban a Reumatol\u00f3giai \u00e9s Immunol\u00f3giai Klinika, az \u00c1OK V. \u00e9s VI. \u00e9ves hallgat\u00f3k infektol\u00f3gia oktat\u00e1s\u00e1ban a\u00a0 DPC-OHII Szent L\u00e1szl\u00f3 K\u00f3rh\u00e1z (Infektol\u00f3giai Tansz\u00e9ki Csoport) is k\u00f6zrem\u0171k\u00f6dik.<\/p>\n<p>K\u00e9rj\u00fck, az\u00a0<strong>INFEKTOL\u00d3GIA<\/strong>\u00a0tant\u00e1rggyal kapcsolatos \u00fcgyekben az Infektol\u00f3giai Tansz\u00e9ki Csoporttal (Dr. Kriv\u00e1n Gergely, Nagy J\u00falia) vegy\u00e9k fel a kapcsolatot:<strong>\u00a0infectology.hun@gmail.com<\/strong>!<\/p>\n<p>A Klinika oktat\u00f3i r\u00e9szt vesznek<\/p>\n<ul style=\"list-style-type: square\">\n<li>az ETK Dietetikai \u00e9s T\u00e1pl\u00e1lkoz\u00e1studom\u00e1nyi Tansz\u00e9k Klinikai dietetika \u00e9s orvostudom\u00e1ny: III. \u00e9s IV. \u00e9ves (nappali \u00e9s r\u00e9szid\u0151s) hallgat\u00f3k gyakorlati oktat\u00e1s\u00e1ban,<\/li>\n<li>az ETK K\u00f6zeg\u00e9szs\u00e9gtudom\u00e1nyi Tansz\u00e9k Infektol\u00f3gia k\u00f6telez\u0151en v\u00e1laszthat\u00f3 tant\u00e1rgy: MSC \u00e1pol\u00f3 hallgat\u00f3k elm\u00e9leti oktat\u00e1s\u00e1ban magyar \u00e9s angol nyelven,<\/li>\n<li>az Eg\u00e9szs\u00e9g\u00fcgyi K\u00f6zszolg\u00e1lati Kar Digit\u00e1lis Eg\u00e9szs\u00e9gtudom\u00e1nyi Int\u00e9zet Eg\u00e9szs\u00e9g\u00fcgyi szervez\u0151 (BSc) szak\u00e1n Orvostudom\u00e1nyok &#8211; Klinikai alapismeretek: II. \u00e9ves hallgat\u00f3k elm\u00e9leti \u00e9s gyakorlati oktat\u00e1s\u00e1ban.<\/li>\n<\/ul>\n<div class=\"fontos_div\">\n<p><strong>A honlapunkon nem szerepl\u0151 tanulm\u00e1nyi inform\u00e1ci\u00f3k a <a href=\"https:\/\/itc.semmelweis.hu\/moodle\/login\/index.php\" target=\"_blank\" rel=\"noopener\">Moodle<\/a> rendszerben tal\u00e1lhat\u00f3k.<\/strong><\/p>\n<\/div>\n","protected":false},"excerpt":{"rendered":"<p>Oktat\u00e1si felel\u0151s:\u00a0Dr. Keltai Katalin egyetemi docens E-mail: keltai.katalin@semmelweis.hu Oktat\u00e1sszervez\u0151:\u00a0Incze Oliv\u00e9rn\u00e9 (Marcsi) Iroda: Igazgat\u00f3s\u00e1g, G \u00e9p\u00fclet f\u00f6ldszint E-mail: incze.oliver.antalne@semmelweis.hu Oktat\u00e1si adminisztr\u00e1tor:\u00a0Cs\u0171r\u00f6s \u00c1gnes Iroda: Igazgat\u00f3s\u00e1g, B \u00e9p\u00fclet f\u00e9lemelet E-mail: csuros.agnes@semmelweis.hu Telefon: <a href=\"tel:+3613754364\">+36 1 375-4364<\/a> A Klinik\u00e1n \u00c1OK III., V. \u00e9s VI. \u00e9ves, valamint FOK IV. \u00e9ves hallgat\u00f3kat oktatunk belgy\u00f3gy\u00e1szat tant\u00e1rgyb\u00f3l. Az \u00c1OK V. \u00e9ves hallgat\u00f3k immunol\u00f3gia-reumatol\u00f3gia oktat\u00e1s\u00e1ban a Reumatol\u00f3giai \u00e9s &hellip;<\/p>\n","protected":false},"author":334,"featured_media":0,"parent":0,"menu_order":2,"comment_status":"closed","ping_status":"closed","template":"","meta":{"_acf_changed":false,"footnotes":""},"categories":[],"tags":[],"class_list":["post-46","page","type-page","status-publish","hentry"],"acf":[],"_links":{"self":[{"href":"https:\/\/semmelweis.hu\/belhema\/wp-json\/wp\/v2\/pages\/46","targetHints":{"allow":["GET"]}}],"collection":[{"href":"https:\/\/semmelweis.hu\/belhema\/wp-json\/wp\/v2\/pages"}],"about":[{"href":"https:\/\/semmelweis.hu\/belhema\/wp-json\/wp\/v2\/types\/page"}],"author":[{"embeddable":true,"href":"https:\/\/semmelweis.hu\/belhema\/wp-json\/wp\/v2\/users\/334"}],"replies":[{"embeddable":true,"href":"https:\/\/semmelweis.hu\/belhema\/wp-json\/wp\/v2\/comments?post=46"}],"version-history":[{"count":10,"href":"https:\/\/semmelweis.hu\/belhema\/wp-json\/wp\/v2\/pages\/46\/revisions"}],"predecessor-version":[{"id":8895,"href":"https:\/\/semmelweis.hu\/belhema\/wp-json\/wp\/v2\/pages\/46\/revisions\/8895"}],"wp:attachment":[{"href":"https:\/\/semmelweis.hu\/belhema\/wp-json\/wp\/v2\/media?parent=46"}],"wp:term":[{"taxonomy":"category","embeddable":true,"href":"https:\/\/semmelweis.hu\/belhema\/wp-json\/wp\/v2\/categories?post=46"},{"taxonomy":"post_tag","embeddable":true,"href":"https:\/\/semmelweis.hu\/belhema\/wp-json\/wp\/v2\/tags?post=46"}],"curies":[{"name":"wp","href":"https:\/\/api.w.org\/{rel}","templated":true}]}}