{"id":44,"date":"2021-04-30T12:39:34","date_gmt":"2021-04-30T10:39:34","guid":{"rendered":"http:\/\/semmelweis.hu\/belgyogyaszat3-v3\/?page_id=44"},"modified":"2024-12-07T11:29:37","modified_gmt":"2024-12-07T10:29:37","slug":"elojegyzes-bejelentkezes","status":"publish","type":"page","link":"https:\/\/semmelweis.hu\/belhema\/jarobeteg-ellatas\/elojegyzes-bejelentkezes\/","title":{"rendered":"El\u0151jegyz\u00e9s \u00e9s bejelentkez\u00e9s"},"content":{"rendered":"<h6><strong>Szakambulanci\u00e1ink <span style=\"color: #ff6600\">telefonon vagy e-mail-en t\u00f6rt\u00e9n\u0151 el\u0151jegyz\u00e9s<\/span> <\/strong>(id\u0151pontk\u00e9r\u00e9s) <strong>alapj\u00e1n fogadj\u00e1k a betegeket. <\/strong><\/h6>\n<p>A <strong>telefonon t\u00f6rt\u00e9n\u0151 el\u0151jegyz\u00e9ssel<\/strong> \u00e9s a rendel\u00e9sekkel kapcsolatos inform\u00e1ci\u00f3k <a href=\"#szakambulanciak\">az adott szakambulancia oldal\u00e1n<\/a> \u00e9rhet\u0151k el.<br \/>\n<strong>E-mail c\u00edm:<\/strong> <a href=\"mailto:elojegyzes.bhk@semmelweis.hu\" target=\"_blank\" rel=\"noopener\">elojegyzes.bhk@semmelweis.hu<\/a>\u00a0(k\u00e9rj\u00fck, beutal\u00f3j\u00e1t csatolja!)<\/p>\n<div class=\"keretes w-100\">\n<h5>Ambul\u00e1ns ell\u00e1t\u00e1sra &#8211; az el\u0151jegyzett id\u0151pontban &#8211;\u00a0 <span style=\"color: #ff6600\">a &#8222;B&#8221; \u00e9p\u00fclet f\u00f6ldszintj\u00e9n <\/span>kell bejelentkezni.<\/h5>\n<p><strong>Els\u0151 bejelentkez\u00e9skor k\u00e9rj\u00fck, hozza mag\u00e1val:<\/strong><\/p>\n<ul style=\"list-style-type: square\">\n<li>orvosi beutal\u00f3j\u00e1t<\/li>\n<li>\u00e9rv\u00e9nyes TAJ k\u00e1rty\u00e1j\u00e1t<\/li>\n<li>szem\u00e9lyi igazolv\u00e1ny\u00e1t<\/li>\n<li>lakc\u00edmk\u00e1rty\u00e1j\u00e1t<\/li>\n<\/ul>\n<p><strong>A tov\u00e1bbi bejelentkez\u00e9sek sor\u00e1n elegend\u0151 TAJ k\u00e1rty\u00e1j\u00e1nak bemutat\u00e1sa.<a id=\"szakambulanciak\"><\/a><\/strong><\/p>\n<\/div>\n<h3>Szakambulanci\u00e1ink:<\/h3>\n<ul style=\"list-style-type: square\">\n<li><a href=\"https:\/\/semmelweis.hu\/belhema\/betegellatas\/jarobeteg-ellatas\/diabetologia\/\">Diabetol\u00f3gia<\/a><\/li>\n<li><a href=\"https:\/\/semmelweis.hu\/belhema\/betegellatas\/jarobeteg-ellatas\/endokrinologia\/\">Endokrinol\u00f3gia<\/a><\/li>\n<li><a href=\"https:\/\/semmelweis.hu\/belhema\/betegellatas\/jarobeteg-ellatas\/gasztroenterologia\/\">Gasztroenterol\u00f3gia<\/a><\/li>\n<li><a href=\"https:\/\/semmelweis.hu\/belhema\/betegellatas\/jarobeteg-ellatas\/hano\/\">HANO<\/a><\/li>\n<li><a href=\"https:\/\/semmelweis.hu\/belhema\/betegellatas\/jarobeteg-ellatas\/hematologia\/\">Hematol\u00f3gia<\/a><\/li>\n<li><a href=\"https:\/\/semmelweis.hu\/belhema\/betegellatas\/jarobeteg-ellatas\/hypertonia\/\">Hypertonia<\/a><\/li>\n<li><a href=\"https:\/\/semmelweis.hu\/belhema\/betegellatas\/jarobeteg-ellatas\/immunologia\/\">Immunol\u00f3gia<\/a><\/li>\n<li><a href=\"https:\/\/semmelweis.hu\/belhema\/betegellatas\/jarobeteg-ellatas\/kardiologia\/\">Kardiol\u00f3gia<\/a><\/li>\n<li><a href=\"https:\/\/semmelweis.hu\/belhema\/lipidanyagcsere\/\">Lipidanyagcsere<\/a><\/li>\n<li><a href=\"https:\/\/semmelweis.hu\/belhema\/betegellatas\/jarobeteg-ellatas\/onkologia\/\">Onkol\u00f3gia<\/a><\/li>\n<\/ul>\n","protected":false},"excerpt":{"rendered":"<p>Szakambulanci\u00e1ink telefonon vagy e-mail-en t\u00f6rt\u00e9n\u0151 el\u0151jegyz\u00e9s (id\u0151pontk\u00e9r\u00e9s) alapj\u00e1n fogadj\u00e1k a betegeket. A telefonon t\u00f6rt\u00e9n\u0151 el\u0151jegyz\u00e9ssel \u00e9s a rendel\u00e9sekkel kapcsolatos inform\u00e1ci\u00f3k <a href=\"#szakambulanciak\">az adott szakambulancia oldal\u00e1n<\/a> \u00e9rhet\u0151k el. E-mail c\u00edm: <a href=\"mailto:elojegyzes.bhk@semmelweis.hu\" target=\"_blank\" rel=\"noopener\">elojegyzes.bhk@semmelweis.hu<\/a> \u00a0(k\u00e9rj\u00fck, beutal\u00f3j\u00e1t csatolja!) Ambul\u00e1ns ell\u00e1t\u00e1sra &#8211; az el\u0151jegyzett id\u0151pontban &#8211;\u00a0 a &#8222;B&#8221; \u00e9p\u00fclet f\u00f6ldszintj\u00e9n kell bejelentkezni. Els\u0151 bejelentkez\u00e9skor k\u00e9rj\u00fck, hozza mag\u00e1val: orvosi beutal\u00f3j\u00e1t \u00e9rv\u00e9nyes TAJ k\u00e1rty\u00e1j\u00e1t szem\u00e9lyi igazolv\u00e1ny\u00e1t lakc\u00edmk\u00e1rty\u00e1j\u00e1t A tov\u00e1bbi &hellip;<\/p>\n","protected":false},"author":334,"featured_media":0,"parent":30,"menu_order":0,"comment_status":"closed","ping_status":"closed","template":"","meta":{"_acf_changed":false,"footnotes":""},"categories":[],"tags":[],"class_list":["post-44","page","type-page","status-publish","hentry"],"acf":[],"_links":{"self":[{"href":"https:\/\/semmelweis.hu\/belhema\/wp-json\/wp\/v2\/pages\/44","targetHints":{"allow":["GET"]}}],"collection":[{"href":"https:\/\/semmelweis.hu\/belhema\/wp-json\/wp\/v2\/pages"}],"about":[{"href":"https:\/\/semmelweis.hu\/belhema\/wp-json\/wp\/v2\/types\/page"}],"author":[{"embeddable":true,"href":"https:\/\/semmelweis.hu\/belhema\/wp-json\/wp\/v2\/users\/334"}],"replies":[{"embeddable":true,"href":"https:\/\/semmelweis.hu\/belhema\/wp-json\/wp\/v2\/comments?post=44"}],"version-history":[{"count":10,"href":"https:\/\/semmelweis.hu\/belhema\/wp-json\/wp\/v2\/pages\/44\/revisions"}],"predecessor-version":[{"id":8800,"href":"https:\/\/semmelweis.hu\/belhema\/wp-json\/wp\/v2\/pages\/44\/revisions\/8800"}],"up":[{"embeddable":true,"href":"https:\/\/semmelweis.hu\/belhema\/wp-json\/wp\/v2\/pages\/30"}],"wp:attachment":[{"href":"https:\/\/semmelweis.hu\/belhema\/wp-json\/wp\/v2\/media?parent=44"}],"wp:term":[{"taxonomy":"category","embeddable":true,"href":"https:\/\/semmelweis.hu\/belhema\/wp-json\/wp\/v2\/categories?post=44"},{"taxonomy":"post_tag","embeddable":true,"href":"https:\/\/semmelweis.hu\/belhema\/wp-json\/wp\/v2\/tags?post=44"}],"curies":[{"name":"wp","href":"https:\/\/api.w.org\/{rel}","templated":true}]}}