{"id":432,"date":"2023-03-27T15:23:50","date_gmt":"2023-03-27T13:23:50","guid":{"rendered":"https:\/\/semmelweis.hu\/belhema\/?page_id=432"},"modified":"2025-09-08T15:15:27","modified_gmt":"2025-09-08T13:15:27","slug":"hematologiai-osztaly","status":"publish","type":"page","link":"https:\/\/semmelweis.hu\/belhema\/fekvobeteg-ellatas\/hematologiai-osztaly\/","title":{"rendered":"Hematol\u00f3giai oszt\u00e1ly"},"content":{"rendered":"<div id=\"GroupWiseSection_1679933990000_masszi.tamas@med.semmelweis-univ.hu_570C170017F00000B149000000000000_\" class=\"GroupWiseMessageBody active\">\n<div>A Hematol\u00f3giai oszt\u00e1ly munk\u00e1ja fel\u00f6leli a feln\u0151ttkori v\u00e9rk\u00e9pz\u0151szervi betegs\u00e9gek teljes spektrum\u00e1t. Munkat\u00e1rsaink nagy gyakorlattal, valamint a legkorszer\u0171bb diagnosztikai \u00e9s ter\u00e1pi\u00e1s elj\u00e1r\u00e1sokkal gy\u00f3gy\u00edtj\u00e1k a leuk\u00e9mi\u00e1kat, limf\u00f3m\u00e1kat, v\u00e9rszeg\u00e9nys\u00e9geket, v\u00e9rz\u00e9kenys\u00e9geket, valamint a legk\u00fcl\u00f6nb\u00f6z\u0151bb, ritk\u00e1n el\u0151fordul\u00f3 hematol\u00f3giai k\u00f3rk\u00e9peket.<\/div>\n<div>\u00a0<\/div>\n<div><a href=\"https:\/\/semmelweis.hu\/belhema\/fekvobeteg-ellatas\/mi-szukseges-a-korhazi-befekveshez\/\" target=\"_blank\" rel=\"noopener\">Mi sz\u00fcks\u00e9ges a k\u00f3rh\u00e1zi befekv\u00e9shez?<\/a><\/div>\n<\/div>\n<div>\u00a0<\/div>\n<div class=\"keretes w-100\">\n<p>A Hematol\u00f3giai oszt\u00e1ly a Klinika <strong>A \u00e9p\u00fclet\u00e9nek f\u00f6ldszintj\u00e9n \u00e9s 1. emelet\u00e9n,<\/strong> illetve a <strong>B \u00e9p\u00fclet 3. emelet\u00e9n<\/strong> helyezkedik el.<\/p>\n<p>Az A \u00e9p\u00fcletben elhelyezked\u0151 oszt\u00e1ly f\u0151n\u0151v\u00e9re: Kondor Ir\u00e9n<br \/>\nA B \u00e9p\u00fclet 3. emelet\u00e9n elhelyezked\u0151 oszt\u00e1ly f\u0151n\u0151v\u00e9re: Szijj\u00e1rt\u00f3 \u00c9va<\/p>\n<p><strong>El\u00e9rhet\u0151s\u00e9g:<\/strong><\/p>\n<ul style=\"list-style-type: square\">\n<li>A \u00e9p\u00fclet f\u00f6ldszinti hematol\u00f3giai oszt\u00e1ly: <a href=\"tel:+3614591500\">+36 1 459-1500<\/a> \/ 55529 mell\u00e9k (n\u0151v\u00e9rpult)<\/li>\n<li>A \u00e9p\u00fclet 1. emeleti hematol\u00f3giai oszt\u00e1ly: <a href=\"tel:+3614591500\">+36 1 459-1500<\/a> \/55533 mell\u00e9k (n\u0151v\u00e9rpult)<\/li>\n<li>B \u00e9p\u00fclet 3. emeleti hematol\u00f3giai oszt\u00e1ly:\u00a0<a href=\"tel:+3614591500\">+36 1 459-1500<\/a>\u00a0\/ 55588 mell\u00e9k (n\u0151v\u00e9rpult)<\/li>\n<\/ul>\n<\/div>\n<h6><a href=\"https:\/\/semmelweis.hu\/belhema\/jarobeteg-ellatas\/kuraszeru-ellatas\/hematologiai-kuraszeru-reszleg\/\" target=\"_blank\" rel=\"noopener\">Hematol\u00f3giai k\u00faraszer\u0171 r\u00e9szleg<\/a><\/h6>\n","protected":false},"excerpt":{"rendered":"<p>A Hematol\u00f3giai oszt\u00e1ly munk\u00e1ja fel\u00f6leli a feln\u0151ttkori v\u00e9rk\u00e9pz\u0151szervi betegs\u00e9gek teljes spektrum\u00e1t. Munkat\u00e1rsaink nagy gyakorlattal, valamint a legkorszer\u0171bb diagnosztikai \u00e9s ter\u00e1pi\u00e1s elj\u00e1r\u00e1sokkal gy\u00f3gy\u00edtj\u00e1k a leuk\u00e9mi\u00e1kat, limf\u00f3m\u00e1kat, v\u00e9rszeg\u00e9nys\u00e9geket, v\u00e9rz\u00e9kenys\u00e9geket, valamint a legk\u00fcl\u00f6nb\u00f6z\u0151bb, ritk\u00e1n el\u0151fordul\u00f3 hematol\u00f3giai k\u00f3rk\u00e9peket. \u00a0 <a href=\"https:\/\/semmelweis.hu\/belhema\/fekvobeteg-ellatas\/mi-szukseges-a-korhazi-befekveshez\/\" target=\"_blank\" rel=\"noopener\">Mi sz\u00fcks\u00e9ges a k\u00f3rh\u00e1zi befekv\u00e9shez?<\/a> \u00a0 A Hematol\u00f3giai oszt\u00e1ly a Klinika A \u00e9p\u00fclet\u00e9nek f\u00f6ldszintj\u00e9n \u00e9s 1. emelet\u00e9n, illetve a B \u00e9p\u00fclet 3. emelet\u00e9n helyezkedik el. &hellip;<\/p>\n","protected":false},"author":334,"featured_media":0,"parent":251,"menu_order":5,"comment_status":"closed","ping_status":"closed","template":"","meta":{"_acf_changed":false,"footnotes":""},"categories":[],"tags":[],"class_list":["post-432","page","type-page","status-publish","hentry"],"acf":[],"_links":{"self":[{"href":"https:\/\/semmelweis.hu\/belhema\/wp-json\/wp\/v2\/pages\/432","targetHints":{"allow":["GET"]}}],"collection":[{"href":"https:\/\/semmelweis.hu\/belhema\/wp-json\/wp\/v2\/pages"}],"about":[{"href":"https:\/\/semmelweis.hu\/belhema\/wp-json\/wp\/v2\/types\/page"}],"author":[{"embeddable":true,"href":"https:\/\/semmelweis.hu\/belhema\/wp-json\/wp\/v2\/users\/334"}],"replies":[{"embeddable":true,"href":"https:\/\/semmelweis.hu\/belhema\/wp-json\/wp\/v2\/comments?post=432"}],"version-history":[{"count":10,"href":"https:\/\/semmelweis.hu\/belhema\/wp-json\/wp\/v2\/pages\/432\/revisions"}],"predecessor-version":[{"id":8878,"href":"https:\/\/semmelweis.hu\/belhema\/wp-json\/wp\/v2\/pages\/432\/revisions\/8878"}],"up":[{"embeddable":true,"href":"https:\/\/semmelweis.hu\/belhema\/wp-json\/wp\/v2\/pages\/251"}],"wp:attachment":[{"href":"https:\/\/semmelweis.hu\/belhema\/wp-json\/wp\/v2\/media?parent=432"}],"wp:term":[{"taxonomy":"category","embeddable":true,"href":"https:\/\/semmelweis.hu\/belhema\/wp-json\/wp\/v2\/categories?post=432"},{"taxonomy":"post_tag","embeddable":true,"href":"https:\/\/semmelweis.hu\/belhema\/wp-json\/wp\/v2\/tags?post=432"}],"curies":[{"name":"wp","href":"https:\/\/api.w.org\/{rel}","templated":true}]}}