{"id":426,"date":"2023-03-27T15:17:14","date_gmt":"2023-03-27T13:17:14","guid":{"rendered":"https:\/\/semmelweis.hu\/belhema\/?page_id=426"},"modified":"2023-05-03T22:09:33","modified_gmt":"2023-05-03T20:09:33","slug":"kardiologiai-munkacsoport","status":"publish","type":"page","link":"https:\/\/semmelweis.hu\/belhema\/kutatas\/kardiologiai-munkacsoport\/","title":{"rendered":"Kardiol\u00f3giai munkacsoport"},"content":{"rendered":"<p>A Klinika sokprofil\u00fa jelleg\u00e9b\u0151l ad\u00f3d\u00f3an a kardiol\u00f3gia hat\u00e1rter\u00fcletein v\u00e9gz\u00fcnk tudom\u00e1nyos, ezen bel\u00fcl els\u0151sorban els\u0151sorban klinikai vizsg\u00e1latokat.<\/p>\n<p>A <strong>sz\u00edvel\u00e9gtelens\u00e9g<\/strong> kutat\u00e1sa mellett ilyen az<strong> onko-kardiol\u00f3gia<\/strong>, ahol prospekt\u00edv \u00e9s nagy retrospekt\u00edv vizsg\u00e1lat egyar\u00e1nt folyamatban van, valamint a <strong>sz\u00edv-amyloidosis<\/strong>, mely ter\u00fcleten az orsz\u00e1g legnagyobb tapasztalat\u00fa ell\u00e1t\u00f3helye vagyunk, \u00e9s el\u00e9rt eredm\u00e9nyeinkr\u0151l rendszeresen publik\u00e1lunk.<\/p>\n<p>Szint\u00e9n kiemelt tudom\u00e1nyos \u00e9rdekl\u0151d\u00e9si ter\u00fclet\u00fcnk a <strong>sz\u00edv-reszinkroniz\u00e1ci\u00f3s ter\u00e1pi\u00e1ra t\u00f6rt\u00e9n\u0151 betegkiv\u00e1laszt\u00e1s jav\u00edt\u00e1sa<\/strong>, <strong>t\u00fcd\u0151emboli\u00e1ban \u00faj diagnosztikus EKG krit\u00e9riumok kidolgoz\u00e1sa<\/strong>, valamint a <strong>sz\u00e9les QRS tachycardi\u00e1k elk\u00fcl\u00f6n\u00edt\u0151 diagnosztik\u00e1ja. <\/strong><\/p>\n<p>Tudom\u00e1nyos Di\u00e1kk\u00f6ri hallgat\u00f3ink a <strong>sz\u00edvbelh\u00e1rtya-gyullad\u00e1s<\/strong>, a <strong>pitvarfibrill\u00e1ci\u00f3<\/strong> ter\u00fclet\u00e9n v\u00e9geznek orvosaink vezet\u00e9s\u00e9vel kutat\u00f3 munk\u00e1t.<\/p>\n<p>Az oszt\u00e1ly sz\u00e1mos nemzetk\u00f6zi, multicentrikus, kett\u0151s-vak, randomiz\u00e1lt, klinikai gy\u00f3gyszervizsg\u00e1latban vesz r\u00e9szt, melyek fel\u00f6lelik a sz\u00edvel\u00e9gtelens\u00e9g, a hypercholesterinaemia, a sz\u00edv-amyloidosis \u00e9s a v\u00e9ralvad\u00e1sg\u00e1tl\u00e1s t\u00e9mak\u00f6r\u00e9t.<\/p>\n","protected":false},"excerpt":{"rendered":"<p>A Klinika sokprofil\u00fa jelleg\u00e9b\u0151l ad\u00f3d\u00f3an a kardiol\u00f3gia hat\u00e1rter\u00fcletein v\u00e9gz\u00fcnk tudom\u00e1nyos, ezen bel\u00fcl els\u0151sorban els\u0151sorban klinikai vizsg\u00e1latokat. A sz\u00edvel\u00e9gtelens\u00e9g kutat\u00e1sa mellett ilyen az onko-kardiol\u00f3gia, ahol prospekt\u00edv \u00e9s nagy retrospekt\u00edv vizsg\u00e1lat egyar\u00e1nt folyamatban van, valamint a sz\u00edv-amyloidosis, mely ter\u00fcleten az orsz\u00e1g legnagyobb tapasztalat\u00fa ell\u00e1t\u00f3helye vagyunk, \u00e9s el\u00e9rt eredm\u00e9nyeinkr\u0151l rendszeresen publik\u00e1lunk. Szint\u00e9n kiemelt tudom\u00e1nyos \u00e9rdekl\u0151d\u00e9si ter\u00fclet\u00fcnk a sz\u00edv-reszinkroniz\u00e1ci\u00f3s &hellip;<\/p>\n","protected":false},"author":334,"featured_media":0,"parent":78,"menu_order":6,"comment_status":"closed","ping_status":"closed","template":"","meta":{"_acf_changed":false,"footnotes":""},"categories":[],"tags":[],"class_list":["post-426","page","type-page","status-publish","hentry"],"acf":[],"_links":{"self":[{"href":"https:\/\/semmelweis.hu\/belhema\/wp-json\/wp\/v2\/pages\/426","targetHints":{"allow":["GET"]}}],"collection":[{"href":"https:\/\/semmelweis.hu\/belhema\/wp-json\/wp\/v2\/pages"}],"about":[{"href":"https:\/\/semmelweis.hu\/belhema\/wp-json\/wp\/v2\/types\/page"}],"author":[{"embeddable":true,"href":"https:\/\/semmelweis.hu\/belhema\/wp-json\/wp\/v2\/users\/334"}],"replies":[{"embeddable":true,"href":"https:\/\/semmelweis.hu\/belhema\/wp-json\/wp\/v2\/comments?post=426"}],"version-history":[{"count":4,"href":"https:\/\/semmelweis.hu\/belhema\/wp-json\/wp\/v2\/pages\/426\/revisions"}],"predecessor-version":[{"id":686,"href":"https:\/\/semmelweis.hu\/belhema\/wp-json\/wp\/v2\/pages\/426\/revisions\/686"}],"up":[{"embeddable":true,"href":"https:\/\/semmelweis.hu\/belhema\/wp-json\/wp\/v2\/pages\/78"}],"wp:attachment":[{"href":"https:\/\/semmelweis.hu\/belhema\/wp-json\/wp\/v2\/media?parent=426"}],"wp:term":[{"taxonomy":"category","embeddable":true,"href":"https:\/\/semmelweis.hu\/belhema\/wp-json\/wp\/v2\/categories?post=426"},{"taxonomy":"post_tag","embeddable":true,"href":"https:\/\/semmelweis.hu\/belhema\/wp-json\/wp\/v2\/tags?post=426"}],"curies":[{"name":"wp","href":"https:\/\/api.w.org\/{rel}","templated":true}]}}