{"id":424,"date":"2023-03-27T15:16:20","date_gmt":"2023-03-27T13:16:20","guid":{"rendered":"https:\/\/semmelweis.hu\/belhema\/?page_id=424"},"modified":"2023-05-14T16:48:05","modified_gmt":"2023-05-14T14:48:05","slug":"hematologiai-munkacsoport","status":"publish","type":"page","link":"https:\/\/semmelweis.hu\/belhema\/kutatas\/hematologiai-munkacsoport\/","title":{"rendered":"Hematol\u00f3giai munkacsoport"},"content":{"rendered":"<p>A munkacsoport tudom\u00e1nyos tev\u00e9kenys\u00e9g\u00e9nek egyik r\u00e9sze a <strong>rosszindulat\u00fa v\u00e9rk\u00e9pz\u0151szervi betegs\u00e9gek<\/strong> (myeloma multiplex, heveny leukaemi\u00e1k, kr\u00f3nikus leukaemi\u00e1k, myeloproliferativ betegs\u00e9gek, lymphoproliferativ betegs\u00e9gek) kezel\u00e9s\u00e9nek fejleszt\u00e9s\u00e9re ir\u00e1nyul. A Klinika t\u00f6bb olyan nemzetk\u00f6zi vizsg\u00e1latban vesz r\u00e9szt, ami ezeknek a betegs\u00e9geknek a korszer\u0171 gy\u00f3gyszereit keresi.<\/p>\n<p>A kutat\u00e1sok m\u00e1sik f\u00f3kusza a <strong>v\u00e9rz\u00e9kenys\u00e9gek<\/strong> vizsg\u00e1lata \u00e9s kezel\u00e9se, k\u00fcl\u00f6n\u00f6sen a szerzett haemophili\u00e1k \u00e9s a von Willebrand betegs\u00e9g.<\/p>\n<p>A harmadik kutat\u00e1si ter\u00fclet a <strong>v\u00e9rk\u00e9pz\u0151\u0151ssejtek<\/strong> \u00e9s a <strong>mesenchymalis \u0151ssejtek<\/strong> ter\u00fclet\u00e9re terjed ki. A sejtter\u00e1pia \u00e9s az ehhez kapcsol\u00f3d\u00f3 transzl\u00e1ci\u00f3s kutat\u00e1sok a Klinika \u00faj r\u00e9szegys\u00e9gei. Rendelkez\u00e9s\u00fcnkre \u00e1ll egy teljesen felszerelt, az autol\u00f3g hemopoetikus \u0151ssejt-transzplant\u00e1ci\u00f3\u00a0preparat\u00edv, analitikai \u00e9s biobankol\u00e1si tev\u00e9kenys\u00e9g\u00e9hez sz\u00fcks\u00e9ges <a href=\"https:\/\/semmelweis.hu\/kutlab\/kutatas\/munkacsoportok\/sejtbiologiai-es-sejtterapias-csoport\/hemopoetikus-ossejt-transzplantacios-munkacsoport\/\" target=\"_blank\" rel=\"noopener\">h\u00e1tt\u00e9rlaborat\u00f3rium<\/a>. Szint\u00e9n kialak\u00edt\u00e1sra ker\u00fclt egy <a href=\"https:\/\/semmelweis.hu\/kutlab\/kutatas\/munkacsoportok\/sejtbiologiai-es-sejtterapias-csoport\/mezenchimalis-ossejt-terapias-munkacsoport\/\" target=\"_blank\" rel=\"noopener\">mesenchymalis \u0151ssejt (MSC) laborat\u00f3rium<\/a>, ahol az MSC-k el\u0151\u00e1ll\u00edt\u00e1sa, karakteriz\u00e1l\u00e1sa, biobankol\u00e1sa \u00e9s az ezekhez kapcsol\u00f3d\u00f3 kutat\u00e1s-fejleszt\u00e9s zajlik.<\/p>\n","protected":false},"excerpt":{"rendered":"<p>A munkacsoport tudom\u00e1nyos tev\u00e9kenys\u00e9g\u00e9nek egyik r\u00e9sze a rosszindulat\u00fa v\u00e9rk\u00e9pz\u0151szervi betegs\u00e9gek (myeloma multiplex, heveny leukaemi\u00e1k, kr\u00f3nikus leukaemi\u00e1k, myeloproliferativ betegs\u00e9gek, lymphoproliferativ betegs\u00e9gek) kezel\u00e9s\u00e9nek fejleszt\u00e9s\u00e9re ir\u00e1nyul. A Klinika t\u00f6bb olyan nemzetk\u00f6zi vizsg\u00e1latban vesz r\u00e9szt, ami ezeknek a betegs\u00e9geknek a korszer\u0171 gy\u00f3gyszereit keresi. A kutat\u00e1sok m\u00e1sik f\u00f3kusza a v\u00e9rz\u00e9kenys\u00e9gek vizsg\u00e1lata \u00e9s kezel\u00e9se, k\u00fcl\u00f6n\u00f6sen a szerzett haemophili\u00e1k \u00e9s a von &hellip;<\/p>\n","protected":false},"author":334,"featured_media":0,"parent":78,"menu_order":4,"comment_status":"closed","ping_status":"closed","template":"","meta":{"_acf_changed":false,"footnotes":""},"categories":[],"tags":[],"class_list":["post-424","page","type-page","status-publish","hentry"],"acf":[],"_links":{"self":[{"href":"https:\/\/semmelweis.hu\/belhema\/wp-json\/wp\/v2\/pages\/424","targetHints":{"allow":["GET"]}}],"collection":[{"href":"https:\/\/semmelweis.hu\/belhema\/wp-json\/wp\/v2\/pages"}],"about":[{"href":"https:\/\/semmelweis.hu\/belhema\/wp-json\/wp\/v2\/types\/page"}],"author":[{"embeddable":true,"href":"https:\/\/semmelweis.hu\/belhema\/wp-json\/wp\/v2\/users\/334"}],"replies":[{"embeddable":true,"href":"https:\/\/semmelweis.hu\/belhema\/wp-json\/wp\/v2\/comments?post=424"}],"version-history":[{"count":6,"href":"https:\/\/semmelweis.hu\/belhema\/wp-json\/wp\/v2\/pages\/424\/revisions"}],"predecessor-version":[{"id":768,"href":"https:\/\/semmelweis.hu\/belhema\/wp-json\/wp\/v2\/pages\/424\/revisions\/768"}],"up":[{"embeddable":true,"href":"https:\/\/semmelweis.hu\/belhema\/wp-json\/wp\/v2\/pages\/78"}],"wp:attachment":[{"href":"https:\/\/semmelweis.hu\/belhema\/wp-json\/wp\/v2\/media?parent=424"}],"wp:term":[{"taxonomy":"category","embeddable":true,"href":"https:\/\/semmelweis.hu\/belhema\/wp-json\/wp\/v2\/categories?post=424"},{"taxonomy":"post_tag","embeddable":true,"href":"https:\/\/semmelweis.hu\/belhema\/wp-json\/wp\/v2\/tags?post=424"}],"curies":[{"name":"wp","href":"https:\/\/api.w.org\/{rel}","templated":true}]}}