{"id":416,"date":"2023-03-27T15:05:23","date_gmt":"2023-03-27T13:05:23","guid":{"rendered":"https:\/\/semmelweis.hu\/belhema\/?page_id=416"},"modified":"2023-05-14T17:04:37","modified_gmt":"2023-05-14T15:04:37","slug":"kutatolaboratorium","status":"publish","type":"page","link":"https:\/\/semmelweis.hu\/belhema\/kutatas\/kutatolaboratorium\/","title":{"rendered":"Kutat\u00f3laborat\u00f3rium"},"content":{"rendered":"<p>A Belgy\u00f3gy\u00e1szati \u00e9s Hematol\u00f3giai Klinika Kutat\u00f3laborat\u00f3riuma \u00e9s a F\u00fcst Gy\u00f6rgy Komplement Diagnosztikai Laborat\u00f3rium az immunol\u00f3gia, a hum\u00e1ngenetika \u00e9s a laborat\u00f3riumi medicina t\u00e9m\u00e1kban v\u00e9gzett\u00a0 klinikai, biomarker- \u00e9s diagnosztikai c\u00e9l\u00fa kutat\u00e1sok ter\u00fclet\u00e9n rendelkezik jelent\u0151s tapasztalattal. A jelenlegi kutat\u00e1si projektek a hum\u00e1n komplementrendszer patofiziol\u00f3gi\u00e1j\u00e1nak, a komplementtel kapcsolt rendelleness\u00e9gek (pl. komplement-medi\u00e1lt glomerulonephritis) \u00e9s a thromboticus microangiopathi\u00e1k kialakul\u00e1s\u00e1nak meg\u00e9rt\u00e9s\u00e9t c\u00e9lozz\u00e1k.<\/p>\n<p>A thromboinflammatio \u2013 amely t\u00f6bbek k\u00f6z\u00f6tt a thromboticus microangiopathi\u00e1k \u00e9s a COVID-19 t\u00fcnete is lehet \u2013\u00a0patogenezis\u00e9t endothelsejtek in vitro modellj\u00e9ben is vizsg\u00e1ljuk.<\/p>\n<p>A munkacsoportokban hat posztdoktor nyolc t\u00e9mater\u00fcleten dolgozik, melyek keret\u00e9ben az elm\u00falt t\u00edz \u00e9vben h\u00fasz kutat\u00f3 fejezte be tanulm\u00e1nyait \u00e9s szerzett PhD fokozatot az Elm\u00e9leti \u00e9s Transzl\u00e1ci\u00f3s Doktori Iskol\u00e1ban. A Kutat\u00f3laborat\u00f3rium ad otthont az E\u00f6tv\u00f6s Lor\u00e1nd Kutat\u00e1si H\u00e1l\u00f3zat Immunol\u00f3giai \u00e9s Hematol\u00f3giai Kutat\u00f3csoportj\u00e1nak is.<\/p>\n<p>A munkacsoportokr\u00f3l, a diagnosztikai \u00e9s oktat\u00e1si tev\u00e9kenys\u00e9gr\u0151l a <a href=\"https:\/\/semmelweis.hu\/kutlab\/\" target=\"_blank\" rel=\"noopener\">Kutat\u00f3laborat\u00f3rium honlapja<\/a> ad t\u00e1j\u00e9koztat\u00e1st.<\/p>\n","protected":false},"excerpt":{"rendered":"<p>A Belgy\u00f3gy\u00e1szati \u00e9s Hematol\u00f3giai Klinika Kutat\u00f3laborat\u00f3riuma \u00e9s a F\u00fcst Gy\u00f6rgy Komplement Diagnosztikai Laborat\u00f3rium az immunol\u00f3gia, a hum\u00e1ngenetika \u00e9s a laborat\u00f3riumi medicina t\u00e9m\u00e1kban v\u00e9gzett\u00a0 klinikai, biomarker- \u00e9s diagnosztikai c\u00e9l\u00fa kutat\u00e1sok ter\u00fclet\u00e9n rendelkezik jelent\u0151s tapasztalattal. A jelenlegi kutat\u00e1si projektek a hum\u00e1n komplementrendszer patofiziol\u00f3gi\u00e1j\u00e1nak, a komplementtel kapcsolt rendelleness\u00e9gek (pl. komplement-medi\u00e1lt glomerulonephritis) \u00e9s a thromboticus microangiopathi\u00e1k kialakul\u00e1s\u00e1nak meg\u00e9rt\u00e9s\u00e9t c\u00e9lozz\u00e1k. &hellip;<\/p>\n","protected":false},"author":334,"featured_media":0,"parent":78,"menu_order":8,"comment_status":"closed","ping_status":"closed","template":"","meta":{"_acf_changed":false,"footnotes":""},"categories":[],"tags":[],"class_list":["post-416","page","type-page","status-publish","hentry"],"acf":[],"_links":{"self":[{"href":"https:\/\/semmelweis.hu\/belhema\/wp-json\/wp\/v2\/pages\/416","targetHints":{"allow":["GET"]}}],"collection":[{"href":"https:\/\/semmelweis.hu\/belhema\/wp-json\/wp\/v2\/pages"}],"about":[{"href":"https:\/\/semmelweis.hu\/belhema\/wp-json\/wp\/v2\/types\/page"}],"author":[{"embeddable":true,"href":"https:\/\/semmelweis.hu\/belhema\/wp-json\/wp\/v2\/users\/334"}],"replies":[{"embeddable":true,"href":"https:\/\/semmelweis.hu\/belhema\/wp-json\/wp\/v2\/comments?post=416"}],"version-history":[{"count":6,"href":"https:\/\/semmelweis.hu\/belhema\/wp-json\/wp\/v2\/pages\/416\/revisions"}],"predecessor-version":[{"id":769,"href":"https:\/\/semmelweis.hu\/belhema\/wp-json\/wp\/v2\/pages\/416\/revisions\/769"}],"up":[{"embeddable":true,"href":"https:\/\/semmelweis.hu\/belhema\/wp-json\/wp\/v2\/pages\/78"}],"wp:attachment":[{"href":"https:\/\/semmelweis.hu\/belhema\/wp-json\/wp\/v2\/media?parent=416"}],"wp:term":[{"taxonomy":"category","embeddable":true,"href":"https:\/\/semmelweis.hu\/belhema\/wp-json\/wp\/v2\/categories?post=416"},{"taxonomy":"post_tag","embeddable":true,"href":"https:\/\/semmelweis.hu\/belhema\/wp-json\/wp\/v2\/tags?post=416"}],"curies":[{"name":"wp","href":"https:\/\/api.w.org\/{rel}","templated":true}]}}