{"id":402,"date":"2023-03-27T14:48:22","date_gmt":"2023-03-27T12:48:22","guid":{"rendered":"https:\/\/semmelweis.hu\/belhema\/?page_id=402"},"modified":"2025-09-08T15:19:04","modified_gmt":"2025-09-08T13:19:04","slug":"endokrinologiai-anyagcsere-osztaly","status":"publish","type":"page","link":"https:\/\/semmelweis.hu\/belhema\/fekvobeteg-ellatas\/endokrinologiai-anyagcsere-osztaly\/","title":{"rendered":"Endokrinol\u00f3giai \u00e9s anyagcsere oszt\u00e1ly"},"content":{"rendered":"<p>Az Endokrinol\u00f3giai \u00e9s anyagcsere oszt\u00e1lyon a feln\u0151ttkori <strong>endokrin betegs\u00e9gek<\/strong> teljes spektrum\u00e1nak kivizsg\u00e1l\u00e1sa &#8211; a t\u00e1rsszakm\u00e1k bevon\u00e1s\u00e1val &#8211; lehets\u00e9ges (az endokrinol\u00f3gi\u00e1ban haszn\u00e1latos hormonvizsg\u00e1latok, diagnosztikus tesztek elv\u00e9gz\u00e9se).<\/p>\n<p><strong>Anyagcsere-betegs\u00e9gek<\/strong> szempontj\u00e1b\u00f3l els\u0151sorban a cukor- \u00e9s zs\u00edranyagcsere-zavarok kivizsg\u00e1l\u00e1sa \u00e9s kezel\u00e9se val\u00f3sul meg.<\/p>\n<p>Klinik\u00e1nk \u00e9vtizedek \u00f3ta vezet\u0151 szerepet j\u00e1tszik a <strong>cukorbetegs\u00e9g<\/strong> klasszifik\u00e1ci\u00f3j\u00e1ban. A cukorbetegs\u00e9g egyes t\u00edpusainak felismer\u00e9se d\u00f6nt\u0151 jelent\u0151s\u00e9g\u0171 a megfelel\u0151 kezel\u00e9s kiv\u00e1laszt\u00e1s\u00e1ban.<\/p>\n<p><a href=\"https:\/\/semmelweis.hu\/belhema\/fekvobeteg-ellatas\/mi-szukseges-a-korhazi-befekveshez\/\" target=\"_blank\" rel=\"noopener\">Mi sz\u00fcks\u00e9ges a k\u00f3rh\u00e1zi befekv\u00e9shez?<\/a><\/p>\n<div class=\"keretes w-100\">\n<p>Az Endokrinol\u00f3giai \u00e9s anyagcsere oszt\u00e1ly a Klinika <strong>B \u00e9p\u00fclet\u00e9nek 4. emelet\u00e9n<\/strong> tal\u00e1lhat\u00f3.<\/p>\n<p>F\u0151n\u0151v\u00e9r: Farkasn\u00e9 T\u00f3th T\u00edmea<\/p>\n<p><strong>El\u00e9rhet\u0151s\u00e9g:<\/strong> <a href=\"tel:+3614591500\">+36 1 459-1500<\/a> \/ 55605 mell\u00e9k (n\u0151v\u00e9rpult)<\/p>\n<\/div>\n","protected":false},"excerpt":{"rendered":"<p>Az Endokrinol\u00f3giai \u00e9s anyagcsere oszt\u00e1lyon a feln\u0151ttkori endokrin betegs\u00e9gek teljes spektrum\u00e1nak kivizsg\u00e1l\u00e1sa &#8211; a t\u00e1rsszakm\u00e1k bevon\u00e1s\u00e1val &#8211; lehets\u00e9ges (az endokrinol\u00f3gi\u00e1ban haszn\u00e1latos hormonvizsg\u00e1latok, diagnosztikus tesztek elv\u00e9gz\u00e9se). Anyagcsere-betegs\u00e9gek szempontj\u00e1b\u00f3l els\u0151sorban a cukor- \u00e9s zs\u00edranyagcsere-zavarok kivizsg\u00e1l\u00e1sa \u00e9s kezel\u00e9se val\u00f3sul meg. Klinik\u00e1nk \u00e9vtizedek \u00f3ta vezet\u0151 szerepet j\u00e1tszik a cukorbetegs\u00e9g klasszifik\u00e1ci\u00f3j\u00e1ban. A cukorbetegs\u00e9g egyes t\u00edpusainak felismer\u00e9se d\u00f6nt\u0151 jelent\u0151s\u00e9g\u0171 a megfelel\u0151 &hellip;<\/p>\n","protected":false},"author":334,"featured_media":0,"parent":251,"menu_order":10,"comment_status":"closed","ping_status":"closed","template":"","meta":{"_acf_changed":false,"footnotes":""},"categories":[],"tags":[],"class_list":["post-402","page","type-page","status-publish","hentry"],"acf":[],"_links":{"self":[{"href":"https:\/\/semmelweis.hu\/belhema\/wp-json\/wp\/v2\/pages\/402","targetHints":{"allow":["GET"]}}],"collection":[{"href":"https:\/\/semmelweis.hu\/belhema\/wp-json\/wp\/v2\/pages"}],"about":[{"href":"https:\/\/semmelweis.hu\/belhema\/wp-json\/wp\/v2\/types\/page"}],"author":[{"embeddable":true,"href":"https:\/\/semmelweis.hu\/belhema\/wp-json\/wp\/v2\/users\/334"}],"replies":[{"embeddable":true,"href":"https:\/\/semmelweis.hu\/belhema\/wp-json\/wp\/v2\/comments?post=402"}],"version-history":[{"count":9,"href":"https:\/\/semmelweis.hu\/belhema\/wp-json\/wp\/v2\/pages\/402\/revisions"}],"predecessor-version":[{"id":8881,"href":"https:\/\/semmelweis.hu\/belhema\/wp-json\/wp\/v2\/pages\/402\/revisions\/8881"}],"up":[{"embeddable":true,"href":"https:\/\/semmelweis.hu\/belhema\/wp-json\/wp\/v2\/pages\/251"}],"wp:attachment":[{"href":"https:\/\/semmelweis.hu\/belhema\/wp-json\/wp\/v2\/media?parent=402"}],"wp:term":[{"taxonomy":"category","embeddable":true,"href":"https:\/\/semmelweis.hu\/belhema\/wp-json\/wp\/v2\/categories?post=402"},{"taxonomy":"post_tag","embeddable":true,"href":"https:\/\/semmelweis.hu\/belhema\/wp-json\/wp\/v2\/tags?post=402"}],"curies":[{"name":"wp","href":"https:\/\/api.w.org\/{rel}","templated":true}]}}