{"id":400,"date":"2023-03-27T14:46:00","date_gmt":"2023-03-27T12:46:00","guid":{"rendered":"https:\/\/semmelweis.hu\/belhema\/?page_id=400"},"modified":"2024-07-11T09:15:49","modified_gmt":"2024-07-11T07:15:49","slug":"onkologiai-osztaly","status":"publish","type":"page","link":"https:\/\/semmelweis.hu\/belhema\/fekvobeteg-ellatas\/onkologiai-osztaly\/","title":{"rendered":"Onkol\u00f3giai oszt\u00e1ly"},"content":{"rendered":"<p>Az Onkol\u00f3giai oszt\u00e1lyon egyr\u00e9szt diagnosztikus beavatkoz\u00e1sok (k\u00e9palkot\u00f3, t\u0171biopszia, endoszk\u00f3pia) t\u00f6rt\u00e9nnek daganatkeres\u00e9s, st\u00e1dium-meg\u00e1llap\u00edt\u00e1s c\u00e9lj\u00e1b\u00f3l. Az oszt\u00e1lyon m\u00e1sr\u00e9szt daganatellenes kezel\u00e9sek (kemoter\u00e1pia, c\u00e9lzott \u00e9s immunter\u00e1pia) zajlanak.<\/p>\n<p>Az Onkol\u00f3giai oszt\u00e1ly f\u0151 profilja a <strong>gasztrointesztin\u00e1lis<\/strong> (t\u00e1pcsatorn\u00e1b\u00f3l kiindul\u00f3) <strong>\u00e9s eml\u0151daganatok<\/strong> kezel\u00e9se.<\/p>\n<p>Munkat\u00e1rsaink palliat\u00edv (f\u00e1jdalomcsillap\u00edt\u00e1s, t\u00e1pl\u00e1l\u00e1s be\u00e1ll\u00edt\u00e1sa) \u00e9s szupport\u00edv (kemoter\u00e1pi\u00e1s mell\u00e9khat\u00e1sok ell\u00e1t\u00e1sa) ell\u00e1t\u00e1st is biztos\u00edtani betegeink sz\u00e1m\u00e1ra az oszt\u00e1lyon.<\/p>\n<p><a href=\"https:\/\/semmelweis.hu\/belhema\/fekvobeteg-ellatas\/mi-szukseges-a-korhazi-befekveshez\/\" target=\"_blank\" rel=\"noopener\">Mi sz\u00fcks\u00e9ges a k\u00f3rh\u00e1zi befekv\u00e9shez?<\/a><\/p>\n<div class=\"keretes w-100\">\n<p>Az Onkol\u00f3giai oszt\u00e1ly a Klinika <strong>A \u00e9p\u00fclet\u00e9nek 1. emelet\u00e9n<\/strong> tal\u00e1lhat\u00f3.<\/p>\n<p>F\u0151n\u0151v\u00e9r: Kondor Ir\u00e9n<\/p>\n<p><strong>El\u00e9rhet\u0151s\u00e9g:<\/strong> <a href=\"tel:+3614591500\">+36 1 459-1500<\/a> \/ 55533 mell\u00e9k (n\u0151v\u00e9rpult)<\/p>\n<\/div>\n<h6><a href=\"https:\/\/semmelweis.hu\/belhema\/jarobeteg-ellatas\/kuraszeru-ellatas\/onkologiai-kuraszeru-reszleg\/\" target=\"_blank\" rel=\"noopener\">Onkol\u00f3giai k\u00faraszer\u0171 r\u00e9szleg<\/a><\/h6>\n","protected":false},"excerpt":{"rendered":"<p>Az Onkol\u00f3giai oszt\u00e1lyon egyr\u00e9szt diagnosztikus beavatkoz\u00e1sok (k\u00e9palkot\u00f3, t\u0171biopszia, endoszk\u00f3pia) t\u00f6rt\u00e9nnek daganatkeres\u00e9s, st\u00e1dium-meg\u00e1llap\u00edt\u00e1s c\u00e9lj\u00e1b\u00f3l. Az oszt\u00e1lyon m\u00e1sr\u00e9szt daganatellenes kezel\u00e9sek (kemoter\u00e1pia, c\u00e9lzott \u00e9s immunter\u00e1pia) zajlanak. Az Onkol\u00f3giai oszt\u00e1ly f\u0151 profilja a gasztrointesztin\u00e1lis (t\u00e1pcsatorn\u00e1b\u00f3l kiindul\u00f3) \u00e9s eml\u0151daganatok kezel\u00e9se. Munkat\u00e1rsaink palliat\u00edv (f\u00e1jdalomcsillap\u00edt\u00e1s, t\u00e1pl\u00e1l\u00e1s be\u00e1ll\u00edt\u00e1sa) \u00e9s szupport\u00edv (kemoter\u00e1pi\u00e1s mell\u00e9khat\u00e1sok ell\u00e1t\u00e1sa) ell\u00e1t\u00e1st is biztos\u00edtani betegeink sz\u00e1m\u00e1ra az oszt\u00e1lyon. <a href=\"https:\/\/semmelweis.hu\/belhema\/fekvobeteg-ellatas\/mi-szukseges-a-korhazi-befekveshez\/\" target=\"_blank\" rel=\"noopener\">Mi sz\u00fcks\u00e9ges a k\u00f3rh\u00e1zi befekv\u00e9shez?<\/a> Az Onkol\u00f3giai oszt\u00e1ly &hellip;<\/p>\n","protected":false},"author":334,"featured_media":0,"parent":251,"menu_order":9,"comment_status":"closed","ping_status":"closed","template":"","meta":{"_acf_changed":false,"footnotes":""},"categories":[],"tags":[],"class_list":["post-400","page","type-page","status-publish","hentry"],"acf":[],"_links":{"self":[{"href":"https:\/\/semmelweis.hu\/belhema\/wp-json\/wp\/v2\/pages\/400","targetHints":{"allow":["GET"]}}],"collection":[{"href":"https:\/\/semmelweis.hu\/belhema\/wp-json\/wp\/v2\/pages"}],"about":[{"href":"https:\/\/semmelweis.hu\/belhema\/wp-json\/wp\/v2\/types\/page"}],"author":[{"embeddable":true,"href":"https:\/\/semmelweis.hu\/belhema\/wp-json\/wp\/v2\/users\/334"}],"replies":[{"embeddable":true,"href":"https:\/\/semmelweis.hu\/belhema\/wp-json\/wp\/v2\/comments?post=400"}],"version-history":[{"count":10,"href":"https:\/\/semmelweis.hu\/belhema\/wp-json\/wp\/v2\/pages\/400\/revisions"}],"predecessor-version":[{"id":8706,"href":"https:\/\/semmelweis.hu\/belhema\/wp-json\/wp\/v2\/pages\/400\/revisions\/8706"}],"up":[{"embeddable":true,"href":"https:\/\/semmelweis.hu\/belhema\/wp-json\/wp\/v2\/pages\/251"}],"wp:attachment":[{"href":"https:\/\/semmelweis.hu\/belhema\/wp-json\/wp\/v2\/media?parent=400"}],"wp:term":[{"taxonomy":"category","embeddable":true,"href":"https:\/\/semmelweis.hu\/belhema\/wp-json\/wp\/v2\/categories?post=400"},{"taxonomy":"post_tag","embeddable":true,"href":"https:\/\/semmelweis.hu\/belhema\/wp-json\/wp\/v2\/tags?post=400"}],"curies":[{"name":"wp","href":"https:\/\/api.w.org\/{rel}","templated":true}]}}