{"id":37,"date":"2021-04-30T12:38:05","date_gmt":"2021-04-30T10:38:05","guid":{"rendered":"http:\/\/semmelweis.hu\/belgyogyaszat3-v3\/?page_id=37"},"modified":"2023-05-15T14:27:52","modified_gmt":"2023-05-15T12:27:52","slug":"betegjogi-kepviselo","status":"publish","type":"page","link":"https:\/\/semmelweis.hu\/belhema\/fekvobeteg-ellatas\/betegjogi-kepviselo\/","title":{"rendered":"Betegjogi k\u00e9pvisel\u0151"},"content":{"rendered":"<p>Az \u00d6n ter\u00fcletileg illet\u00e9kes betegjogi k\u00e9pvisel\u0151je: <strong>Dr. Lengyel Ingrid<\/strong><strong><br \/>\n<em><br \/>\nTelefonsz\u00e1ma:<\/em><\/strong> <a href=\"tel:+36204899609\">+36 20 489-9609<\/a>, melyen el\u00e9rhet\u0151 h\u00e9tf\u0151t\u0151l cs\u00fct\u00f6rt\u00f6kig 8:00-16:30, p\u00e9nteken 8:00-14:00 \u00f3ra k\u00f6z\u00f6tt<br \/>\n<em><strong>E-mail c\u00edme:<\/strong><\/em> ingrid.lengyel@ijb.emmi.gov.hu<br \/>\n<em><strong>Fogad\u00f3\u00f3ra: <\/strong><\/em>telefonon el\u0151re egyeztetett id\u0151pontban<\/p>\n<p>A jogv\u00e9delmi k\u00e9pvisel\u0151 az Integr\u00e1lt Jogv\u00e9delmi Szolg\u00e1lat (IJSZ) munkat\u00e1rsa, az eg\u00e9szs\u00e9g\u00fcgyi ell\u00e1t\u00f3 int\u00e9zm\u00e9nyt\u0151l f\u00fcggetlen szem\u00e9ly.<\/p>\n","protected":false},"excerpt":{"rendered":"<p>Az \u00d6n ter\u00fcletileg illet\u00e9kes betegjogi k\u00e9pvisel\u0151je: Dr. Lengyel Ingrid<\/p>\n<p>Telefonsz\u00e1ma: <a href=\"tel:+36204899609\">+36 20 489-9609<\/a>, melyen el\u00e9rhet\u0151 h\u00e9tf\u0151t\u0151l cs\u00fct\u00f6rt\u00f6kig 8:00-16:30, p\u00e9nteken 8:00-14:00 \u00f3ra k\u00f6z\u00f6tt<br \/>\nE-mail c\u00edme: ingrid.lengyel@ijb.emmi.gov.hu<br \/>\nFogad\u00f3\u00f3ra: telefonon el\u0151re egyeztetett id\u0151pontban<br \/>\nA jogv\u00e9delmi k\u00e9pvisel\u0151 az Integr\u00e1lt Jogv\u00e9delmi Szolg\u00e1lat (IJSZ) munkat\u00e1rsa, az eg\u00e9szs\u00e9g\u00fcgyi ell\u00e1t\u00f3 int\u00e9zm\u00e9nyt\u0151l f\u00fcggetlen szem\u00e9ly.<\/p>\n","protected":false},"author":334,"featured_media":0,"parent":251,"menu_order":11,"comment_status":"closed","ping_status":"closed","template":"","meta":{"_acf_changed":false,"footnotes":""},"categories":[],"tags":[],"class_list":["post-37","page","type-page","status-publish","hentry"],"acf":[],"_links":{"self":[{"href":"https:\/\/semmelweis.hu\/belhema\/wp-json\/wp\/v2\/pages\/37","targetHints":{"allow":["GET"]}}],"collection":[{"href":"https:\/\/semmelweis.hu\/belhema\/wp-json\/wp\/v2\/pages"}],"about":[{"href":"https:\/\/semmelweis.hu\/belhema\/wp-json\/wp\/v2\/types\/page"}],"author":[{"embeddable":true,"href":"https:\/\/semmelweis.hu\/belhema\/wp-json\/wp\/v2\/users\/334"}],"replies":[{"embeddable":true,"href":"https:\/\/semmelweis.hu\/belhema\/wp-json\/wp\/v2\/comments?post=37"}],"version-history":[{"count":9,"href":"https:\/\/semmelweis.hu\/belhema\/wp-json\/wp\/v2\/pages\/37\/revisions"}],"predecessor-version":[{"id":648,"href":"https:\/\/semmelweis.hu\/belhema\/wp-json\/wp\/v2\/pages\/37\/revisions\/648"}],"up":[{"embeddable":true,"href":"https:\/\/semmelweis.hu\/belhema\/wp-json\/wp\/v2\/pages\/251"}],"wp:attachment":[{"href":"https:\/\/semmelweis.hu\/belhema\/wp-json\/wp\/v2\/media?parent=37"}],"wp:term":[{"taxonomy":"category","embeddable":true,"href":"https:\/\/semmelweis.hu\/belhema\/wp-json\/wp\/v2\/categories?post=37"},{"taxonomy":"post_tag","embeddable":true,"href":"https:\/\/semmelweis.hu\/belhema\/wp-json\/wp\/v2\/tags?post=37"}],"curies":[{"name":"wp","href":"https:\/\/api.w.org\/{rel}","templated":true}]}}