{"id":360,"date":"2023-03-26T16:47:28","date_gmt":"2023-03-26T14:47:28","guid":{"rendered":"https:\/\/semmelweis.hu\/belhema\/?page_id=360"},"modified":"2025-09-08T14:40:32","modified_gmt":"2025-09-08T12:40:32","slug":"latogatasi-rend","status":"publish","type":"page","link":"https:\/\/semmelweis.hu\/belhema\/fekvobeteg-ellatas\/latogatasi-rend\/","title":{"rendered":"L\u00e1togat\u00e1si rend"},"content":{"rendered":"<h3>L\u00e1togat\u00e1si id\u0151:<\/h3>\n<ul>\n<li><strong>munkanapokon 15:00\u201317:00 \u00f3ra k\u00f6z\u00f6tt,<\/strong><\/li>\n<li><strong>h\u00e9tv\u00e9g\u00e9n \u00e9s munkasz\u00fcneti napokon 10:00\u201312:00 \u00f3ra, valamint 15:00\u201317:00 \u00f3ra k\u00f6z\u00f6tt.<\/strong><\/li>\n<\/ul>\n<p>Fennj\u00e1r\u00f3 betegek hozz\u00e1tartoz\u00f3ikat, l\u00e1togat\u00f3ikat lehet\u0151s\u00e9g szerint a k\u00f3rtermen k\u00edv\u00fcl (folyos\u00f3k, k\u00f6z\u00f6s ter\u00fcletek) fogadj\u00e1k. Fekv\u0151betegek l\u00e1togat\u00e1sa a k\u00f3rteremben t\u00f6rt\u00e9nik.<strong> Egy betegn\u00e9l egyszerre lehet\u0151s\u00e9g szerint csak egy l\u00e1togat\u00f3 tart\u00f3zkodjon.<\/strong> A k\u00f3rtermekben az \u00e1gyakra \u00fclni TILOS!<\/p>\n<p><strong>A k\u00f3rterembe bel\u00e9pve, illetve t\u00e1voz\u00e1skor, k\u00e9rj\u00fck, haszn\u00e1lj\u00e1k a kihelyezett k\u00e9zfert\u0151tlen\u00edt\u0151 szereket!<\/strong><\/p>\n<p>Gyermekek csak kiv\u00e9teles esetben l\u00e1togassanak beteget, ilyenkor k\u00e9rj\u00fck a sz\u00fcl\u0151ket a fokozott fel\u00fcgyeletre.<\/p>\n<p>S\u00falyos \u00e1llapot\u00fa betegek eset\u00e9n, ha a hozz\u00e1tartoz\u00f3 a beteg mellett k\u00edv\u00e1n tart\u00f3zkodni, k\u00e9r\u00e9s\u00e9t a kezel\u0151orvosnak kell jeleznie, aki a m\u0171k\u00f6d\u00e9si rendben foglaltak szerint enged\u00e9lyezi a beteg melletti benntart\u00f3zkod\u00e1st.<\/p>\n<p>Vizitek, orvosi \u00e9s\/vagy \u00e1pol\u00f3i beavatkoz\u00e1sok alatt l\u00e1togat\u00f3 nem tart\u00f3zkodhat a k\u00f3rteremben.<\/p>\n","protected":false},"excerpt":{"rendered":"<p>L\u00e1togat\u00e1si id\u0151: munkanapokon 15:00\u201317:00 \u00f3ra k\u00f6z\u00f6tt, h\u00e9tv\u00e9g\u00e9n \u00e9s munkasz\u00fcneti napokon 10:00\u201312:00 \u00f3ra, valamint 15:00\u201317:00 \u00f3ra k\u00f6z\u00f6tt. Fennj\u00e1r\u00f3 betegek hozz\u00e1tartoz\u00f3ikat, l\u00e1togat\u00f3ikat lehet\u0151s\u00e9g szerint a k\u00f3rtermen k\u00edv\u00fcl (folyos\u00f3k, k\u00f6z\u00f6s ter\u00fcletek) fogadj\u00e1k. Fekv\u0151betegek l\u00e1togat\u00e1sa a k\u00f3rteremben t\u00f6rt\u00e9nik. Egy betegn\u00e9l egyszerre lehet\u0151s\u00e9g szerint csak egy l\u00e1togat\u00f3 tart\u00f3zkodjon. A k\u00f3rtermekben az \u00e1gyakra \u00fclni TILOS! A k\u00f3rterembe bel\u00e9pve, illetve t\u00e1voz\u00e1skor, k\u00e9rj\u00fck, &hellip;<\/p>\n","protected":false},"author":334,"featured_media":0,"parent":251,"menu_order":1,"comment_status":"closed","ping_status":"closed","template":"","meta":{"_acf_changed":false,"footnotes":""},"categories":[],"tags":[],"class_list":["post-360","page","type-page","status-publish","hentry"],"acf":[],"_links":{"self":[{"href":"https:\/\/semmelweis.hu\/belhema\/wp-json\/wp\/v2\/pages\/360","targetHints":{"allow":["GET"]}}],"collection":[{"href":"https:\/\/semmelweis.hu\/belhema\/wp-json\/wp\/v2\/pages"}],"about":[{"href":"https:\/\/semmelweis.hu\/belhema\/wp-json\/wp\/v2\/types\/page"}],"author":[{"embeddable":true,"href":"https:\/\/semmelweis.hu\/belhema\/wp-json\/wp\/v2\/users\/334"}],"replies":[{"embeddable":true,"href":"https:\/\/semmelweis.hu\/belhema\/wp-json\/wp\/v2\/comments?post=360"}],"version-history":[{"count":9,"href":"https:\/\/semmelweis.hu\/belhema\/wp-json\/wp\/v2\/pages\/360\/revisions"}],"predecessor-version":[{"id":8876,"href":"https:\/\/semmelweis.hu\/belhema\/wp-json\/wp\/v2\/pages\/360\/revisions\/8876"}],"up":[{"embeddable":true,"href":"https:\/\/semmelweis.hu\/belhema\/wp-json\/wp\/v2\/pages\/251"}],"wp:attachment":[{"href":"https:\/\/semmelweis.hu\/belhema\/wp-json\/wp\/v2\/media?parent=360"}],"wp:term":[{"taxonomy":"category","embeddable":true,"href":"https:\/\/semmelweis.hu\/belhema\/wp-json\/wp\/v2\/categories?post=360"},{"taxonomy":"post_tag","embeddable":true,"href":"https:\/\/semmelweis.hu\/belhema\/wp-json\/wp\/v2\/tags?post=360"}],"curies":[{"name":"wp","href":"https:\/\/api.w.org\/{rel}","templated":true}]}}