{"id":355,"date":"2023-03-26T16:44:05","date_gmt":"2023-03-26T14:44:05","guid":{"rendered":"https:\/\/semmelweis.hu\/belhema\/?page_id=355"},"modified":"2023-06-19T08:45:26","modified_gmt":"2023-06-19T06:45:26","slug":"immunologiai-munkacsoport","status":"publish","type":"page","link":"https:\/\/semmelweis.hu\/belhema\/kutatas\/immunologiai-munkacsoport\/","title":{"rendered":"Immunol\u00f3giai munkacsoport"},"content":{"rendered":"<h5>F\u0151bb kutat\u00e1si ter\u00fcletek:<\/h5>\n<ul>\n<li>A dysregul\u00e1lt immunv\u00e1lasz hat\u00e1sa gyullad\u00e1sos k\u00f3r\u00e1llapotok lefoly\u00e1s\u00e1ra<\/li>\n<li>Az id\u00fclt gyullad\u00e1s \u00e9s a malignus transzform\u00e1ci\u00f3 k\u00f6z\u00f6tti kapcsolat \u00f6sszef\u00fcgg\u00e9sei<\/li>\n<li>Az id\u00fclt gyullad\u00e1s \u00e9s a sz\u00f6vetregener\u00e1ci\u00f3 sejtes \u00e9s mikrok\u00f6rnyezeti t\u00e9nyez\u0151inek v\u00e1ltoz\u00e1sa, \u00e9s \u00f6sszef\u00fcgg\u00e9s\u00fck az \u0151sssejt-fenot\u00edpus alakul\u00e1s\u00e1val<\/li>\n<\/ul>\n<p>Az immunregul\u00e1ci\u00f3 komplex folyamat\u00e1n bel\u00fcl els\u0151sorban a <strong><em>na\u00edv immunrendszer<\/em><\/strong> egyes cellul\u00e1ris \u00e9s humor\u00e1lis faktorainak vizsg\u00e1lat\u00e1t v\u00e9gezz\u00fck, k\u00fcl\u00f6n\u00f6s tekintettel a <strong><em>TLR9, IGF, HGF<\/em><\/strong> jel\u00e1tviteli mechanizmusokat befoly\u00e1sol\u00f3 receptor rendszerek \u00e9s az <strong><em>autophagia<\/em> <\/strong>saj\u00e1toss\u00e1gaira, immunol\u00f3giai k\u00f6lcs\u00f6nhat\u00e1saikra.<\/p>\n<p>A m\u00e1sik munkacsoport t\u00e9m\u00e1ja egy, a v\u00e9rsav\u00f3ban viszonylag nagy mennyis\u00e9gben jelen l\u00e9v\u0151, sz\u00e1mos biol\u00f3giai funkci\u00f3j\u00fa feh\u00e9rje, a <strong><em>hum\u00e1n fetuin-A<\/em><\/strong> klinikai hasznos\u00edthat\u00f3s\u00e1g\u00e1nak tanulm\u00e1nyoz\u00e1sa.<\/p>\n<p>Sz\u00e1mos betegs\u00e9gben vizsg\u00e1ltuk a fetuin-A sz\u00e9rumkoncentr\u00e1ci\u00f3j\u00e1t. Kimutattuk, hogy m\u00e1jzsugorban &#8211; annak eredet\u00e9t\u0151l f\u00fcggetlen\u00fcl &#8211; a sz\u00e9rum fetuin-A cs\u00f6kken\u00e9se a betegs\u00e9g s\u00falyoss\u00e1g\u00e1val ar\u00e1nyos, \u00e9s alkoholos eredet eset\u00e9n el\u0151re jelzi a r\u00f6vid t\u00e1v\u00fa \u00e9s az egy \u00e9ves hal\u00e1loz\u00e1st. A sz\u00e9rum fetuin-A koncentr\u00e1ci\u00f3 terhess\u00e9gi cukorbetegs\u00e9gben az eg\u00e9szs\u00e9ges v\u00e1rand\u00f3sok\u00e9hoz k\u00e9pest is magasabb a 3. trimeszterben \u00e9s egyenes ar\u00e1nyban van az anyai inzulinrezisztencia param\u00e9tereivel.<\/p>\n<p>&nbsp;<\/p>\n","protected":false},"excerpt":{"rendered":"<p>F\u0151bb kutat\u00e1si ter\u00fcletek: A dysregul\u00e1lt immunv\u00e1lasz hat\u00e1sa gyullad\u00e1sos k\u00f3r\u00e1llapotok lefoly\u00e1s\u00e1ra Az id\u00fclt gyullad\u00e1s \u00e9s a malignus transzform\u00e1ci\u00f3 k\u00f6z\u00f6tti kapcsolat \u00f6sszef\u00fcgg\u00e9sei Az id\u00fclt gyullad\u00e1s \u00e9s a sz\u00f6vetregener\u00e1ci\u00f3 sejtes \u00e9s mikrok\u00f6rnyezeti t\u00e9nyez\u0151inek v\u00e1ltoz\u00e1sa, \u00e9s \u00f6sszef\u00fcgg\u00e9s\u00fck az \u0151sssejt-fenot\u00edpus alakul\u00e1s\u00e1val Az immunregul\u00e1ci\u00f3 komplex folyamat\u00e1n bel\u00fcl els\u0151sorban a na\u00edv immunrendszer egyes cellul\u00e1ris \u00e9s humor\u00e1lis faktorainak vizsg\u00e1lat\u00e1t v\u00e9gezz\u00fck, k\u00fcl\u00f6n\u00f6s tekintettel a &hellip;<\/p>\n","protected":false},"author":334,"featured_media":0,"parent":78,"menu_order":5,"comment_status":"closed","ping_status":"closed","template":"","meta":{"_acf_changed":false,"footnotes":""},"categories":[],"tags":[],"class_list":["post-355","page","type-page","status-publish","hentry"],"acf":[],"_links":{"self":[{"href":"https:\/\/semmelweis.hu\/belhema\/wp-json\/wp\/v2\/pages\/355","targetHints":{"allow":["GET"]}}],"collection":[{"href":"https:\/\/semmelweis.hu\/belhema\/wp-json\/wp\/v2\/pages"}],"about":[{"href":"https:\/\/semmelweis.hu\/belhema\/wp-json\/wp\/v2\/types\/page"}],"author":[{"embeddable":true,"href":"https:\/\/semmelweis.hu\/belhema\/wp-json\/wp\/v2\/users\/334"}],"replies":[{"embeddable":true,"href":"https:\/\/semmelweis.hu\/belhema\/wp-json\/wp\/v2\/comments?post=355"}],"version-history":[{"count":10,"href":"https:\/\/semmelweis.hu\/belhema\/wp-json\/wp\/v2\/pages\/355\/revisions"}],"predecessor-version":[{"id":1213,"href":"https:\/\/semmelweis.hu\/belhema\/wp-json\/wp\/v2\/pages\/355\/revisions\/1213"}],"up":[{"embeddable":true,"href":"https:\/\/semmelweis.hu\/belhema\/wp-json\/wp\/v2\/pages\/78"}],"wp:attachment":[{"href":"https:\/\/semmelweis.hu\/belhema\/wp-json\/wp\/v2\/media?parent=355"}],"wp:term":[{"taxonomy":"category","embeddable":true,"href":"https:\/\/semmelweis.hu\/belhema\/wp-json\/wp\/v2\/categories?post=355"},{"taxonomy":"post_tag","embeddable":true,"href":"https:\/\/semmelweis.hu\/belhema\/wp-json\/wp\/v2\/tags?post=355"}],"curies":[{"name":"wp","href":"https:\/\/api.w.org\/{rel}","templated":true}]}}