{"id":353,"date":"2023-03-26T16:42:42","date_gmt":"2023-03-26T14:42:42","guid":{"rendered":"https:\/\/semmelweis.hu\/belhema\/?page_id=353"},"modified":"2023-06-02T09:34:06","modified_gmt":"2023-06-02T07:34:06","slug":"hano-munkacsoport","status":"publish","type":"page","link":"https:\/\/semmelweis.hu\/belhema\/kutatas\/hano-munkacsoport\/","title":{"rendered":"Herediter angio\u00f6d\u00e9ma munkacsoport"},"content":{"rendered":"<p>A magas szint\u0171 \u00e9s speci\u00e1lis betegell\u00e1t\u00e1s mellett az Orsz\u00e1gos Angio\u00f6d\u00e9ma Referencia \u00e9s Kiv\u00e1l\u00f3s\u00e1gi K\u00f6zpont kiemelt feladata a kutat\u00e1s, amelynek eredm\u00e9nyei t\u00f6bb mint 500 tudom\u00e1nyos k\u00f6zlem\u00e9nyben ker\u00fcltek publik\u00e1l\u00e1sra, k\u00f6z\u00fcl\u00fck sz\u00e1mos nemzetk\u00f6zi kutat\u00e1si egy\u00fcttm\u0171k\u00f6d\u00e9s keret\u00e9ben j\u00f6tt l\u00e9tre.<\/p>\n<p>Els\u0151sorban a ritka betegs\u00e9gek k\u00f6z\u00e9 tartoz\u00f3, <strong>bradikin \u00e1ltal kiv\u00e1ltott angio\u00f6d\u00e9m\u00e1k<\/strong> a szakter\u00fclet\u00fcnk. Ezeket a k\u00f3rk\u00e9peket a test k\u00fcl\u00f6nb\u00f6z\u0151 ter\u00fcletein rohamokban fell\u00e9p\u0151 vizeny\u0151\/duzzanat jellemzi, amely &#8211; ha a g\u00e9g\u00e9ben jelentkezik &#8211; \u00e9letvesz\u00e9lyes \u00e1llapotot id\u00e9zhet el\u0151. A bradikin \u00e1ltal kiv\u00e1ltott \u00f6d\u00e9m\u00e1k, speci\u00e1lis diagnosztik\u00e1t \u00e9s kezel\u00e9st ig\u00e9nyelnek.<\/p>\n<p>Ezen t\u00edpus\u00fa angio\u00f6d\u00e9m\u00e1knak \u00f6r\u00f6kl\u0151d\u0151 form\u00e1juk is van, a <strong>herediter angio\u00f6d\u00e9ma, r\u00f6viden HAE <\/strong>(Magyarorsz\u00e1gon elterjedt r\u00f6vid\u00edt\u00e9se: HANO). A k\u00f6zpont megfelel\u0151 diagnosztikus h\u00e1tt\u00e9rrel rendelkezik (komplement- \u00e9s genetikai laborat\u00f3rium), \u00e9s komplex ell\u00e1t\u00e1st, speci\u00e1lis kezel\u00e9st biztos\u00edt a betegek sz\u00e1m\u00e1ra a nemzetk\u00f6zi \u00e9s hazai szakmai aj\u00e1nl\u00e1sokat figyelembe v\u00e9ve. Ezek kialak\u00edt\u00e1s\u00e1ban a k\u00f6zpont munkat\u00e1rsai akt\u00edvan r\u00e9szt vettek (r\u00e9szletesen l\u00e1sd a Klinika Kutat\u00f3laborat\u00f3rium\u00e1nak <a href=\"https:\/\/semmelweis.hu\/kutlab\/\" target=\"_blank\" rel=\"noopener\">honlapj\u00e1t<\/a>).<\/p>\n<p>Mivel m\u00e9g mindig nem ismert, hogy egy \u00f6d\u00e9m\u00e1s epiz\u00f3d (roham) az \u00e9rintett betegekben mikor, mely testr\u00e9szen jelentkezik, kutat\u00e1sunk els\u0151sorban arra ir\u00e1nyul, hogy felt\u00e1rjuk ezen k\u00f3rk\u00e9pek kialakul\u00e1s\u00e1nak pontos mechanizmus\u00e1t a folyamatban r\u00e9szt vev\u0151 sejtek \u00e9s k\u00fcl\u00f6nb\u00f6z\u0151 enzim kaszk\u00e1drendszerek vizsg\u00e1lat\u00e1val, tov\u00e1bb\u00e1 elemezz\u00fck a klinikai t\u00fcnetek \u00e9s laborat\u00f3riumi param\u00e9terek \u00f6sszef\u00fcgg\u00e9seit.<\/p>\n<p>A kutat\u00e1shoz betegregisztert \u00e9s biobankot (DNS, v\u00e9rplazma, sz\u00e9rum) hoztunk l\u00e9tre.<\/p>\n<p>A k\u00f6zpont sz\u00e1mos multicentrikus klinikai vizsg\u00e1latban is r\u00e9szt vesz, ezzel hozz\u00e1j\u00e1rulva \u00faj, c\u00e9lzott ter\u00e1pi\u00e1s lehet\u0151s\u00e9gek kifejleszt\u00e9s\u00e9hez, valamint alap\u00edt\u00f3ja \u00e9s szervez\u0151je az 1999 \u00f3ta k\u00e9t\u00e9vente megrendez\u00e9sre ker\u00fcl\u0151 \u201eC1-inhibitor Deficiency and Angioedema Workshop\u201d nemzetk\u00f6zi konferenciasorozatnak (<a href=\"https:\/\/2023.haenetworkshop.hu\" target=\"_blank\" rel=\"noopener\">https:\/\/2023.haenetworkshop.hu<\/a>).\u00a0A primer kutat\u00e1si eredm\u00e9nyeket bemutat\u00f3 konferencia kiv\u00e1l\u00f3 lehet\u0151s\u00e9get ad a leg\u00fajabb eredm\u00e9nyek megbesz\u00e9l\u00e9s\u00e9re \u00e9s tov\u00e1bbi nemzetk\u00f6zi szakmai egy\u00fcttm\u0171k\u00f6d\u00e9sek kialak\u00edt\u00e1s\u00e1ra.<\/p>\n","protected":false},"excerpt":{"rendered":"<p>A magas szint\u0171 \u00e9s speci\u00e1lis betegell\u00e1t\u00e1s mellett az Orsz\u00e1gos Angio\u00f6d\u00e9ma Referencia \u00e9s Kiv\u00e1l\u00f3s\u00e1gi K\u00f6zpont kiemelt feladata a kutat\u00e1s, amelynek eredm\u00e9nyei t\u00f6bb mint 500 tudom\u00e1nyos k\u00f6zlem\u00e9nyben ker\u00fcltek publik\u00e1l\u00e1sra, k\u00f6z\u00fcl\u00fck sz\u00e1mos nemzetk\u00f6zi kutat\u00e1si egy\u00fcttm\u0171k\u00f6d\u00e9s keret\u00e9ben j\u00f6tt l\u00e9tre. Els\u0151sorban a ritka betegs\u00e9gek k\u00f6z\u00e9 tartoz\u00f3, bradikin \u00e1ltal kiv\u00e1ltott angio\u00f6d\u00e9m\u00e1k a szakter\u00fclet\u00fcnk. Ezeket a k\u00f3rk\u00e9peket a test k\u00fcl\u00f6nb\u00f6z\u0151 ter\u00fcletein rohamokban &hellip;<\/p>\n","protected":false},"author":334,"featured_media":0,"parent":78,"menu_order":3,"comment_status":"closed","ping_status":"closed","template":"","meta":{"_acf_changed":false,"footnotes":""},"categories":[],"tags":[],"class_list":["post-353","page","type-page","status-publish","hentry"],"acf":[],"_links":{"self":[{"href":"https:\/\/semmelweis.hu\/belhema\/wp-json\/wp\/v2\/pages\/353","targetHints":{"allow":["GET"]}}],"collection":[{"href":"https:\/\/semmelweis.hu\/belhema\/wp-json\/wp\/v2\/pages"}],"about":[{"href":"https:\/\/semmelweis.hu\/belhema\/wp-json\/wp\/v2\/types\/page"}],"author":[{"embeddable":true,"href":"https:\/\/semmelweis.hu\/belhema\/wp-json\/wp\/v2\/users\/334"}],"replies":[{"embeddable":true,"href":"https:\/\/semmelweis.hu\/belhema\/wp-json\/wp\/v2\/comments?post=353"}],"version-history":[{"count":9,"href":"https:\/\/semmelweis.hu\/belhema\/wp-json\/wp\/v2\/pages\/353\/revisions"}],"predecessor-version":[{"id":1180,"href":"https:\/\/semmelweis.hu\/belhema\/wp-json\/wp\/v2\/pages\/353\/revisions\/1180"}],"up":[{"embeddable":true,"href":"https:\/\/semmelweis.hu\/belhema\/wp-json\/wp\/v2\/pages\/78"}],"wp:attachment":[{"href":"https:\/\/semmelweis.hu\/belhema\/wp-json\/wp\/v2\/media?parent=353"}],"wp:term":[{"taxonomy":"category","embeddable":true,"href":"https:\/\/semmelweis.hu\/belhema\/wp-json\/wp\/v2\/categories?post=353"},{"taxonomy":"post_tag","embeddable":true,"href":"https:\/\/semmelweis.hu\/belhema\/wp-json\/wp\/v2\/tags?post=353"}],"curies":[{"name":"wp","href":"https:\/\/api.w.org\/{rel}","templated":true}]}}