{"id":27,"date":"2021-04-30T12:35:41","date_gmt":"2021-04-30T10:35:41","guid":{"rendered":"http:\/\/semmelweis.hu\/belgyogyaszat3-v3\/?page_id=27"},"modified":"2023-04-03T15:18:40","modified_gmt":"2023-04-03T13:18:40","slug":"mir","status":"publish","type":"page","link":"https:\/\/semmelweis.hu\/belhema\/bemutatkozas\/mir\/","title":{"rendered":"Min\u0151s\u00e9gir\u00e1ny\u00edt\u00e1s"},"content":{"rendered":"<p>A Klinika integr\u00e1lt ir\u00e1ny\u00edt\u00e1si rendszer\u00e9nek (IIR) szabv\u00e1nyk\u00f6vetelm\u00e9ny szerinti megfelel\u0151s\u00e9g\u00e9t, a m\u0171k\u00f6d\u0151k\u00e9pess\u00e9get \u00e9s hat\u00e9konys\u00e1got a 2022-ben megszerzett ISO 9001:2015 \u00e9s MEES 2.0 tan\u00fas\u00edtv\u00e1ny biztos\u00edtja.<\/p>\n<p><a href=\"https:\/\/semmelweis.hu\/minoseg\/mir-dokumentacio\/aok-klinikak\/belgyogyaszati-es-hematologiai-klinika\/\" target=\"_blank\" rel=\"noopener\">A Klinika min\u0151s\u00e9gir\u00e1ny\u00edt\u00e1si dokumentumai<\/a> bels\u0151 h\u00e1l\u00f3zatb\u00f3l \u00e9rhet\u0151k el.<\/p>\n<p>&nbsp;<\/p>\n<p>&nbsp;<\/p>\n","protected":false},"excerpt":{"rendered":"<p>A Klinika integr\u00e1lt ir\u00e1ny\u00edt\u00e1si rendszer\u00e9nek (IIR) szabv\u00e1nyk\u00f6vetelm\u00e9ny szerinti megfelel\u0151s\u00e9g\u00e9t, a m\u0171k\u00f6d\u0151k\u00e9pess\u00e9get \u00e9s hat\u00e9konys\u00e1got a 2022-ben megszerzett ISO 9001:2015 \u00e9s MEES 2.0 tan\u00fas\u00edtv\u00e1ny biztos\u00edtja.<br \/>\n<a href=\"https:\/\/semmelweis.hu\/minoseg\/mir-dokumentacio\/aok-klinikak\/belgyogyaszati-es-hematologiai-klinika\/\" target=\"_blank\" rel=\"noopener\">A Klinika min\u0151s\u00e9gir\u00e1ny\u00edt\u00e1si dokumentumai<\/a> bels\u0151 h\u00e1l\u00f3zatb\u00f3l \u00e9rhet\u0151k el.<br \/>\n&nbsp;<br \/>\n&nbsp;<\/p>\n","protected":false},"author":334,"featured_media":0,"parent":13,"menu_order":4,"comment_status":"closed","ping_status":"closed","template":"","meta":{"_acf_changed":false,"footnotes":""},"categories":[],"tags":[],"class_list":["post-27","page","type-page","status-publish","hentry"],"acf":[],"_links":{"self":[{"href":"https:\/\/semmelweis.hu\/belhema\/wp-json\/wp\/v2\/pages\/27","targetHints":{"allow":["GET"]}}],"collection":[{"href":"https:\/\/semmelweis.hu\/belhema\/wp-json\/wp\/v2\/pages"}],"about":[{"href":"https:\/\/semmelweis.hu\/belhema\/wp-json\/wp\/v2\/types\/page"}],"author":[{"embeddable":true,"href":"https:\/\/semmelweis.hu\/belhema\/wp-json\/wp\/v2\/users\/334"}],"replies":[{"embeddable":true,"href":"https:\/\/semmelweis.hu\/belhema\/wp-json\/wp\/v2\/comments?post=27"}],"version-history":[{"count":10,"href":"https:\/\/semmelweis.hu\/belhema\/wp-json\/wp\/v2\/pages\/27\/revisions"}],"predecessor-version":[{"id":632,"href":"https:\/\/semmelweis.hu\/belhema\/wp-json\/wp\/v2\/pages\/27\/revisions\/632"}],"up":[{"embeddable":true,"href":"https:\/\/semmelweis.hu\/belhema\/wp-json\/wp\/v2\/pages\/13"}],"wp:attachment":[{"href":"https:\/\/semmelweis.hu\/belhema\/wp-json\/wp\/v2\/media?parent=27"}],"wp:term":[{"taxonomy":"category","embeddable":true,"href":"https:\/\/semmelweis.hu\/belhema\/wp-json\/wp\/v2\/categories?post=27"},{"taxonomy":"post_tag","embeddable":true,"href":"https:\/\/semmelweis.hu\/belhema\/wp-json\/wp\/v2\/tags?post=27"}],"curies":[{"name":"wp","href":"https:\/\/api.w.org\/{rel}","templated":true}]}}