{"id":20,"date":"2021-04-29T14:47:24","date_gmt":"2021-04-29T12:47:24","guid":{"rendered":"http:\/\/semmelweis.hu\/belgyogyaszat3-v2\/?page_id=20"},"modified":"2024-02-07T14:50:56","modified_gmt":"2024-02-07T13:50:56","slug":"a-klinika-tortenete","status":"publish","type":"page","link":"https:\/\/semmelweis.hu\/belhema\/bemutatkozas\/a-klinika-tortenete\/","title":{"rendered":"A klinika t\u00f6rt\u00e9nete"},"content":{"rendered":"<div class=\"keretes w-100\">\n<h6><strong>A Belgy\u00f3gy\u00e1szati \u00e9s Hematol\u00f3giai Klinika 2020. m\u00e1jus 15-\u00e9n j\u00f6tt l\u00e9tre a kor\u00e1bbi h\u00e1rom belgy\u00f3gy\u00e1szati klinika szakmai tev\u00e9kenys\u00e9geinek \u00fajrastruktur\u00e1l\u00e1s\u00e1val. <\/strong><em>(Ezzel egy id\u0151ben j\u00f6tt l\u00e9tre a <a href=\"https:\/\/semmelweis.hu\/belonko\/\" target=\"_blank\" rel=\"noopener\">Belgy\u00f3gy\u00e1szati \u00e9s Onkol\u00f3giai Klinika<\/a>.)<\/em><\/h6>\n<\/div>\n<p>Klinik\u00e1nk szakmai tev\u00e9kenys\u00e9ge a k\u00f6vetkez\u0151 szakter\u00fcleteket \u00f6leli fel: <strong>belgy\u00f3gy\u00e1szat<\/strong>, <strong>hematol\u00f3gia<\/strong>, <strong>immunol\u00f3gia<\/strong>, <strong>kardiol\u00f3gia<\/strong>, <strong>endokrinol\u00f3gia,<\/strong> <strong>anyagcsere-betegs\u00e9gek<\/strong>, <strong>onkol\u00f3gia <\/strong>\u00e9s <strong>gasztroenterol\u00f3gia<\/strong>. Klinik\u00e1nkon m\u0171k\u00f6dik az Orsz\u00e1gos <strong>Angio\u00f6d\u00e9ma<\/strong> K\u00f6zpont, amely egyben a K\u00f6z\u00e9p-Kelet-Eur\u00f3pai HANO Oktat\u00e1si K\u00f6zpontja is, valamint a <strong>Komplement Diagnosztikai<\/strong> Laborat\u00f3rium, amely hazai \u00e9s k\u00f6z\u00e9p-eur\u00f3pai viszonylatban egyed\u00fcl\u00e1ll\u00f3 teljess\u00e9gben foglalkozik a komplementrendszer vizsg\u00e1lat\u00e1val.\u00a0<\/p>\n<h4><strong>A II. Sz. Belgy\u00f3gy\u00e1szati Klinika t\u00f6rt\u00e9nete<\/strong><\/h4>\n<p>Az Egyetem egyik legr\u00e9gebbi alap\u00edt\u00e1s\u00fa int\u00e9zet\u00e9ben (a jogel\u0151d int\u00e9zet alap\u00edt\u00e1si \u00e9ve 1770, Nagyszombat) a gy\u00f3gy\u00edt\u00e1s \u00e9s a kutat\u00e1s mindenkor a hazai tudom\u00e1nyoss\u00e1g \u00e9lvonal\u00e1ba tartozott. A klinika orvosi kar\u00e1nak nagy egy\u00e9nis\u00e9gei sz\u00e1mos esetben a magyar eg\u00e9szs\u00e9g\u00fcgy \u00e9s a tudom\u00e1nyos k\u00f6z\u00e9let meghat\u00e1roz\u00f3 szerepl\u0151i, a magyar belgy\u00f3gy\u00e1sz iskola meghat\u00e1roz\u00f3 szem\u00e9lyis\u00e9gei voltak. A Klinik\u00e1n a belgy\u00f3gy\u00e1szat valamennyi \u00e1ga hagyom\u00e1nyosan jelen volt, \u00e9s ez a soksz\u00edn\u0171s\u00e9g a betegek \u00e9s az oktat\u00e1s \u00e9rdekeit egyar\u00e1nt szolg\u00e1lta. A legend\u00e1s magyar belgy\u00f3gy\u00e1szati iskola megalap\u00edt\u00f3ja Kor\u00e1nyi Frigyes volt, aki 40 \u00e9vig tan\u00edtott a klinik\u00e1k katedr\u00e1j\u00e1n. Az iskola kiteljes\u00edt\u0151je pedig fia, Kor\u00e1nyi S\u00e1ndor, aki a magyar belgy\u00f3gy\u00e1szat m\u00e1ig egyik legnagyobb egy\u00e9nis\u00e9g\u00e9v\u00e9 v\u00e1lt, \u00e9s aki \u00e9veken \u00e1t dolgozott apja klinik\u00e1j\u00e1n adjunktusk\u00e9nt \u00e9s egyetemi mag\u00e1ntan\u00e1rk\u00e9nt. <\/p>\n<p><strong>A klinika kor\u00e1bbi igazgat\u00f3i:<\/strong> Schoretits Mih\u00e1ly 1770\u2013 1785, R\u00e1cz S\u00e1muel 1785\u20131786, Trnka Vencel 1786\u20131790, Sch\u00f6nbauer J\u00f3zsef 1790\u20131791, Prandt \u00c1d\u00e1m Ign\u00e1c 1791\u20131811, Stulfa (Sz\u00e9ky) P\u00e9ter 1811\u20131812, Bene Ferenc 1812\u20131821, Gebhardt Ferenc 1821\u20131843, Sauer Ign\u00e1c 1843\u20131861, Wagner J\u00e1nos 1861\u20131863, Kor\u00e1nyi Frigyes 1865\u20131908, K\u00e9tly K\u00e1roly 1908\u20131913, K\u00e9tly L\u00e1szl\u00f3 1913\u2013 1919, B\u00e1lint Rezs\u0151 1919\u20131921, Herzog Ferenc 1929\u20131936, Boros J\u00f3zsef 1936\u20131944, a II. vil\u00e1gh\u00e1bor\u00fat k\u00f6vet\u0151en Haynal Imre 1946\u20131958, Mosonyi L\u00e1szl\u00f3 1958\u20131959, G\u00f6m\u00f6ri P\u00e1l 1959\u20131973, Gr\u00e1f Ferenc 1973\u20131974, Petr\u00e1nyi Gyula 1974\u20131983, Feh\u00e9r J\u00e1nos 1983\u20131993, Tulassay Zsolt 1993\u20132009, R\u00e1cz K\u00e1roly 2009\u20132015, T\u00f3th Mikl\u00f3s 2015\u20132016, Igaz P\u00e9ter 2016-2020.<\/p>\n<h4 class=\"s2\"><strong><span class=\"s21\">A III. Sz. Belgy\u00f3gy\u00e1szati Klinika t\u00f6rt\u00e9nete<\/span><\/strong><\/h4>\n<p class=\"s2\">A III. Sz. Belgy\u00f3gy\u00e1szati Klinika a P\u00e1zm\u00e1ny P\u00e9ter Tudom\u00e1nyegyetem Orvosi Kar\u00e1nak int\u00e9zetek\u00e9nt 1909-t\u0151l 1936-ig m\u0171k\u00f6d\u00f6tt, amikor \u00e1tszervezt\u00e9k \u00e9s megsz\u0171nt, 1951-ben hozt\u00e1k ism\u00e9t l\u00e9tre. Az ut\u00f3bbi \u00e9vtizedekben k\u00e9t alkalommal is \u2013 1978-ban \u00e9s 1997-ben \u2013 m\u00e1s \u00e9p\u00fcletbe kellett k\u00f6lt\u00f6znie, ami a klinika tev\u00e9kenys\u00e9g\u00e9t zavar\u00f3 \u00fajraszervez\u00e9ssel j\u00e1rt egy\u00fctt. Sz\u00ednvonalas oktat\u00f3, gy\u00f3gy\u00edt\u00f3 \u00e9s kutat\u00f3munka r\u00e9v\u00e9n a h\u00e1nyattat\u00e1s ellen\u00e9re a klinika \u00fajraalakul\u00e1s\u00e1t k\u00f6vet\u0151en r\u00f6vid id\u0151 alatt felz\u00e1rk\u00f3zott a nagy hagyom\u00e1ny\u00fa I. \u00e9s II. Sz. Belgy\u00f3gy\u00e1szati Klinika mell\u00e9.<\/p>\n<p class=\"s2\"><strong>A klinika kor\u00e1bbi igazgat\u00f3i:<\/strong> Kor\u00e1nyi S\u00e1ndor 1909\u20131936, G\u00f6m\u00f6ri P\u00e1l 1951\u20131959, Ger\u0151 S\u00e1ndor 1959\u20131974, Gr\u00e1f Ferenc 1974\u20131985, Romics L\u00e1szl\u00f3 1985\u20132001, Kar\u00e1di Istv\u00e1n 2001\u20132016, Masszi Tam\u00e1s 2016-2020.)<\/p>\n<p>Kezdetben mind a tudom\u00e1nyos, mind a klinikai \u00e9rdekl\u0151d\u00e9s k\u00f6z\u00e9ppontj\u00e1ban a nefrol\u00f3gia \u00e9s a hypertonia \u00e1llt, majd 1959\u20131974 k\u00f6z\u00f6tt az atherosclerosis patogenezis\u00e9nek kutat\u00e1sa ker\u00fclt a k\u00f6z\u00e9ppontba. Ez mag\u00e1val hozta a sz\u00e9nhidr\u00e1t- \u00e9s lipid-glykoprotein-anyagcsere \u00e9s az immunol\u00f3gia m\u0171vel\u00e9s\u00e9nek kifejl\u0151d\u00e9s\u00e9t. 1974-t\u0151l alakult ki a klinika jelenleg is m\u0171k\u00f6d\u0151 n\u00e9gy f\u0151 \u00e9rdekl\u0151d\u00e9si ter\u00fclete: a hematol\u00f3gia, a kardiol\u00f3gia, az anyagcsere-betegs\u00e9gek \u00e9s a klinikai immunol\u00f3gia, valamint 2012-t\u0151l az endokrinol\u00f3gia. A szakmai tev\u00e9kenys\u00e9get jelzi, hogy az el\u0151bbiekben felsorolt ter\u00fcleteken a klinika region\u00e1lis, illetve az anyagcsere-betegs\u00e9gek eset\u00e9ben orsz\u00e1gos k\u00f6zpontt\u00e1 v\u00e1lt.<\/p>\n<p>A klinika szeml\u00e9let\u00e9t megalakul\u00e1sa \u00f3ta h\u00edven t\u00fckr\u00f6zi az a t\u00e9ny, hogy Budapest, kisebb r\u00e9szben a vid\u00e9ki belgy\u00f3gy\u00e1szati oszt\u00e1lyok vezet\u0151inek meghat\u00e1roz\u00f3 h\u00e1nyada a klinik\u00e1r\u00f3l ker\u00fclt vezet\u0151i poz\u00edci\u00f3ba. Emellett mindig sz\u00ednvonalas, k\u00fclf\u00f6ld\u00f6n is elismert tudom\u00e1nyos tev\u00e9kenys\u00e9g folyt a klinik\u00e1n, amit a szcientometriai adatok is al\u00e1t\u00e1masztanak.<\/p>\n<p>A kutat\u00f3munka eredm\u00e9nyek\u00e9nt sok klinikai munkat\u00e1rs szerzett kandid\u00e1tusi, PhD \u00e9s doktori fokozatot, illetve c\u00edmet. A doktori k\u00e9pz\u00e9s r\u00e9szek\u00e9nt folyamatosan t\u00f6bb PhD hallgat\u00f3 oktat\u00e1sa t\u00f6rt\u00e9nik a klinik\u00e1n. 1997 \u00e9s 2013 k\u00f6z\u00f6tt a klinika kutat\u00f3laborat\u00f3riuma MTA t\u00e1mogat\u00e1sban r\u00e9szes\u00fclt.<\/p>\n\r\n        [slb_exclude]\r\n        <div class=\"row galeria-wrapper mx-0 h-auto\">\r\n            <div class=\"col-9 pl-0 pr-2\">\r\n            <span class=\"gallery-item frame\">\r\n\t\t\t\t<div class=\"galeria-left-img\"><a href=\"https:\/\/semmelweis.hu\/belhema\/files\/2024\/02\/3_belgyogyaszati_klinika_korterem-scaled.jpg\"><img src=https:\/\/semmelweis.hu\/belhema\/files\/2024\/02\/3_belgyogyaszati_klinika_korterem-scaled.jpg  \r\n                            alt=\"\" \r\n                            class=\"attachment-sote-gallery-big size-sote-gallery-big\" \r\n                            srcset=\"https:\/\/semmelweis.hu\/belhema\/files\/2024\/02\/3_belgyogyaszati_klinika_korterem-400x279.jpg 400w, https:\/\/semmelweis.hu\/belhema\/files\/2024\/02\/3_belgyogyaszati_klinika_korterem-1024x714.jpg 1024w, https:\/\/semmelweis.hu\/belhema\/files\/2024\/02\/3_belgyogyaszati_klinika_korterem-768x536.jpg 768w, https:\/\/semmelweis.hu\/belhema\/files\/2024\/02\/3_belgyogyaszati_klinika_korterem-1536x1071.jpg 1536w, https:\/\/semmelweis.hu\/belhema\/files\/2024\/02\/3_belgyogyaszati_klinika_korterem-2048x1429.jpg 2048w, https:\/\/semmelweis.hu\/belhema\/files\/2024\/02\/3_belgyogyaszati_klinika_korterem-753x525.jpg 753w\" ><\/a><\/div>\r\n            <\/span>\r\n\r\n            <\/div>\r\n\r\n\t\t\t<div class=\"col-3 pl-0 pr-0\">\r\n\t\t\t\t<div class=\"galeria-right-img d-flex justify-content-between flex-column h-100 w-100 px-0 mx-0 \">\r\n                <div class=\"galeria-box\">\r\n\t\t\t\t\t<h3 class=\"galeria-title\">Gal\u00e9ria<\/h3>\r\n\t\t\t\t\t<div class=\"galeria-subtitle\">\r\n\r\n\t\t\t\t\t\t<div class=\"galeria-page-counter\"><span>14<\/span>k\u00e9p<\/div>\r\n                    <\/div> <\/div>\r\n                    <span class=\"gallery-item frame d-none d-md-flex\">\r\n\t\t\t\t\t<div class=\"galeria-small-img mt-0\"><a href=\"https:\/\/semmelweis.hu\/belhema\/files\/2024\/02\/3_belgyogyaszati_klinika_vizsgalat-scaled.jpg\"><img src=https:\/\/semmelweis.hu\/belhema\/files\/2024\/02\/3_belgyogyaszati_klinika_vizsgalat-scaled.jpg \r\n                                alt=\"\"  \r\n                                class=\"attachment-sote-gallery-small size-sote-gallery-small\" \r\n                                srcset=\"https:\/\/semmelweis.hu\/belhema\/files\/2024\/02\/3_belgyogyaszati_klinika_vizsgalat-400x285.jpg 400w, https:\/\/semmelweis.hu\/belhema\/files\/2024\/02\/3_belgyogyaszati_klinika_vizsgalat-1024x729.jpg 1024w, https:\/\/semmelweis.hu\/belhema\/files\/2024\/02\/3_belgyogyaszati_klinika_vizsgalat-768x547.jpg 768w, https:\/\/semmelweis.hu\/belhema\/files\/2024\/02\/3_belgyogyaszati_klinika_vizsgalat-1536x1094.jpg 1536w, https:\/\/semmelweis.hu\/belhema\/files\/2024\/02\/3_belgyogyaszati_klinika_vizsgalat-2048x1459.jpg 2048w, https:\/\/semmelweis.hu\/belhema\/files\/2024\/02\/3_belgyogyaszati_klinika_vizsgalat-753x536.jpg 753w\" ><\/a><\/div>\r\n                    <\/span>\r\n                    <span class=\"gallery-item frame d-none d-md-flex\">\r\n\t\t\t\t\t<div class=\"galeria-small-img mt-0\"><a href=\"https:\/\/semmelweis.hu\/belhema\/files\/2024\/02\/3_belgyogyaszati_klinika_konyvtar-scaled.jpg\"><img src=https:\/\/semmelweis.hu\/belhema\/files\/2024\/02\/3_belgyogyaszati_klinika_konyvtar-scaled.jpg \r\n                                alt=\"\" \r\n                                class=\"attachment-sote-gallery-small size-sote-gallery-small\" \r\n                                srcset=\"https:\/\/semmelweis.hu\/belhema\/files\/2024\/02\/3_belgyogyaszati_klinika_konyvtar-400x258.jpg 400w, https:\/\/semmelweis.hu\/belhema\/files\/2024\/02\/3_belgyogyaszati_klinika_konyvtar-1024x660.jpg 1024w, https:\/\/semmelweis.hu\/belhema\/files\/2024\/02\/3_belgyogyaszati_klinika_konyvtar-768x495.jpg 768w, https:\/\/semmelweis.hu\/belhema\/files\/2024\/02\/3_belgyogyaszati_klinika_konyvtar-1536x990.jpg 1536w, https:\/\/semmelweis.hu\/belhema\/files\/2024\/02\/3_belgyogyaszati_klinika_konyvtar-2048x1320.jpg 2048w, https:\/\/semmelweis.hu\/belhema\/files\/2024\/02\/3_belgyogyaszati_klinika_konyvtar-753x485.jpg 753w\" ><\/a><\/div>\r\n                    <\/span>\r\n\r\n                <\/div>\r\n\r\n            <\/div>\r\n\r\n            <span class=\"gallery-item\"><div class=\"hidden\"><a href=\"https:\/\/semmelweis.hu\/belhema\/files\/2024\/02\/3_belgyogyaszati_klinika_koranyi-scaled.jpg\">\r\n        <img src=https:\/\/semmelweis.hu\/belhema\/files\/2024\/02\/3_belgyogyaszati_klinika_koranyi-scaled.jpg alt=\"\" class=\"attachment-sote-gallery-big size-sote-gallery-big\" srcset=\"https:\/\/semmelweis.hu\/belhema\/files\/2024\/02\/3_belgyogyaszati_klinika_koranyi-400x272.jpg 400w, https:\/\/semmelweis.hu\/belhema\/files\/2024\/02\/3_belgyogyaszati_klinika_koranyi-1024x696.jpg 1024w, https:\/\/semmelweis.hu\/belhema\/files\/2024\/02\/3_belgyogyaszati_klinika_koranyi-768x522.jpg 768w, https:\/\/semmelweis.hu\/belhema\/files\/2024\/02\/3_belgyogyaszati_klinika_koranyi-1536x1044.jpg 1536w, https:\/\/semmelweis.hu\/belhema\/files\/2024\/02\/3_belgyogyaszati_klinika_koranyi-2048x1391.jpg 2048w, https:\/\/semmelweis.hu\/belhema\/files\/2024\/02\/3_belgyogyaszati_klinika_koranyi-175x120.jpg 175w, https:\/\/semmelweis.hu\/belhema\/files\/2024\/02\/3_belgyogyaszati_klinika_koranyi-753x512.jpg 753w\" >\r\n        <\/a><\/div><\/span><span class=\"gallery-item\"><div class=\"hidden\"><a href=\"https:\/\/semmelweis.hu\/belhema\/files\/2024\/02\/3_belgyogyaszati_klinika_allatkiserlet-scaled.jpg\">\r\n        <img src=https:\/\/semmelweis.hu\/belhema\/files\/2024\/02\/3_belgyogyaszati_klinika_allatkiserlet-scaled.jpg alt=\"\" class=\"attachment-sote-gallery-big size-sote-gallery-big\" srcset=\"https:\/\/semmelweis.hu\/belhema\/files\/2024\/02\/3_belgyogyaszati_klinika_allatkiserlet-400x270.jpg 400w, https:\/\/semmelweis.hu\/belhema\/files\/2024\/02\/3_belgyogyaszati_klinika_allatkiserlet-1024x692.jpg 1024w, https:\/\/semmelweis.hu\/belhema\/files\/2024\/02\/3_belgyogyaszati_klinika_allatkiserlet-768x519.jpg 768w, https:\/\/semmelweis.hu\/belhema\/files\/2024\/02\/3_belgyogyaszati_klinika_allatkiserlet-1536x1038.jpg 1536w, https:\/\/semmelweis.hu\/belhema\/files\/2024\/02\/3_belgyogyaszati_klinika_allatkiserlet-2048x1384.jpg 2048w, https:\/\/semmelweis.hu\/belhema\/files\/2024\/02\/3_belgyogyaszati_klinika_allatkiserlet-753x509.jpg 753w\" >\r\n        <\/a><\/div><\/span><span class=\"gallery-item\"><div class=\"hidden\"><a href=\"https:\/\/semmelweis.hu\/belhema\/files\/2024\/02\/3_belgyogyaszati_klinika_laboratorium.jpg\">\r\n        <img src=https:\/\/semmelweis.hu\/belhema\/files\/2024\/02\/3_belgyogyaszati_klinika_laboratorium.jpg alt=\"\" class=\"attachment-sote-gallery-big size-sote-gallery-big\" srcset=\"https:\/\/semmelweis.hu\/belhema\/files\/2024\/02\/3_belgyogyaszati_klinika_laboratorium-400x264.jpg 400w, https:\/\/semmelweis.hu\/belhema\/files\/2024\/02\/3_belgyogyaszati_klinika_laboratorium-768x507.jpg 768w, https:\/\/semmelweis.hu\/belhema\/files\/2024\/02\/3_belgyogyaszati_klinika_laboratorium-753x497.jpg 753w, https:\/\/semmelweis.hu\/belhema\/files\/2024\/02\/3_belgyogyaszati_klinika_laboratorium-203x135.jpg 203w, https:\/\/semmelweis.hu\/belhema\/files\/2024\/02\/3_belgyogyaszati_klinika_laboratorium.jpg 999w\" >\r\n        <\/a><\/div><\/span><span class=\"gallery-item\"><div class=\"hidden\"><a href=\"https:\/\/semmelweis.hu\/belhema\/files\/2024\/02\/3_belgyogyaszati_klinika_orvosok-scaled.jpg\">\r\n        <img src=https:\/\/semmelweis.hu\/belhema\/files\/2024\/02\/3_belgyogyaszati_klinika_orvosok-scaled.jpg alt=\"\" class=\"attachment-sote-gallery-big size-sote-gallery-big\" srcset=\"https:\/\/semmelweis.hu\/belhema\/files\/2024\/02\/3_belgyogyaszati_klinika_orvosok-400x277.jpg 400w, https:\/\/semmelweis.hu\/belhema\/files\/2024\/02\/3_belgyogyaszati_klinika_orvosok-1024x709.jpg 1024w, https:\/\/semmelweis.hu\/belhema\/files\/2024\/02\/3_belgyogyaszati_klinika_orvosok-768x531.jpg 768w, https:\/\/semmelweis.hu\/belhema\/files\/2024\/02\/3_belgyogyaszati_klinika_orvosok-1536x1063.jpg 1536w, https:\/\/semmelweis.hu\/belhema\/files\/2024\/02\/3_belgyogyaszati_klinika_orvosok-2048x1417.jpg 2048w, https:\/\/semmelweis.hu\/belhema\/files\/2024\/02\/3_belgyogyaszati_klinika_orvosok-175x120.jpg 175w, https:\/\/semmelweis.hu\/belhema\/files\/2024\/02\/3_belgyogyaszati_klinika_orvosok-753x521.jpg 753w\" >\r\n        <\/a><\/div><\/span><span class=\"gallery-item\"><div class=\"hidden\"><a href=\"https:\/\/semmelweis.hu\/belhema\/files\/2024\/02\/3_belgyogyaszati_klinika_varo-scaled.jpg\">\r\n        <img src=https:\/\/semmelweis.hu\/belhema\/files\/2024\/02\/3_belgyogyaszati_klinika_varo-scaled.jpg alt=\"\" class=\"attachment-sote-gallery-big size-sote-gallery-big\" srcset=\"https:\/\/semmelweis.hu\/belhema\/files\/2024\/02\/3_belgyogyaszati_klinika_varo-400x267.jpg 400w, https:\/\/semmelweis.hu\/belhema\/files\/2024\/02\/3_belgyogyaszati_klinika_varo-1024x683.jpg 1024w, https:\/\/semmelweis.hu\/belhema\/files\/2024\/02\/3_belgyogyaszati_klinika_varo-768x513.jpg 768w, https:\/\/semmelweis.hu\/belhema\/files\/2024\/02\/3_belgyogyaszati_klinika_varo-1536x1025.jpg 1536w, https:\/\/semmelweis.hu\/belhema\/files\/2024\/02\/3_belgyogyaszati_klinika_varo-2048x1367.jpg 2048w, https:\/\/semmelweis.hu\/belhema\/files\/2024\/02\/3_belgyogyaszati_klinika_varo-753x503.jpg 753w, https:\/\/semmelweis.hu\/belhema\/files\/2024\/02\/3_belgyogyaszati_klinika_varo-203x135.jpg 203w\" >\r\n        <\/a><\/div><\/span><span class=\"gallery-item\"><div class=\"hidden\"><a href=\"https:\/\/semmelweis.hu\/belhema\/files\/2024\/02\/3_belgyogyaszati_klinika_vizsgalat_2-scaled.jpg\">\r\n        <img src=https:\/\/semmelweis.hu\/belhema\/files\/2024\/02\/3_belgyogyaszati_klinika_vizsgalat_2-scaled.jpg alt=\"\" class=\"attachment-sote-gallery-big size-sote-gallery-big\" srcset=\"https:\/\/semmelweis.hu\/belhema\/files\/2024\/02\/3_belgyogyaszati_klinika_vizsgalat_2-400x277.jpg 400w, https:\/\/semmelweis.hu\/belhema\/files\/2024\/02\/3_belgyogyaszati_klinika_vizsgalat_2-1024x708.jpg 1024w, https:\/\/semmelweis.hu\/belhema\/files\/2024\/02\/3_belgyogyaszati_klinika_vizsgalat_2-768x531.jpg 768w, https:\/\/semmelweis.hu\/belhema\/files\/2024\/02\/3_belgyogyaszati_klinika_vizsgalat_2-1536x1062.jpg 1536w, https:\/\/semmelweis.hu\/belhema\/files\/2024\/02\/3_belgyogyaszati_klinika_vizsgalat_2-2048x1416.jpg 2048w, https:\/\/semmelweis.hu\/belhema\/files\/2024\/02\/3_belgyogyaszati_klinika_vizsgalat_2-175x120.jpg 175w, https:\/\/semmelweis.hu\/belhema\/files\/2024\/02\/3_belgyogyaszati_klinika_vizsgalat_2-753x521.jpg 753w\" >\r\n        <\/a><\/div><\/span><span class=\"gallery-item\"><div class=\"hidden\"><a href=\"https:\/\/semmelweis.hu\/belhema\/files\/2024\/02\/3_belgyogyaszati_klinika_rontgenlabor-scaled.jpg\">\r\n        <img src=https:\/\/semmelweis.hu\/belhema\/files\/2024\/02\/3_belgyogyaszati_klinika_rontgenlabor-scaled.jpg alt=\"\" class=\"attachment-sote-gallery-big size-sote-gallery-big\" srcset=\"https:\/\/semmelweis.hu\/belhema\/files\/2024\/02\/3_belgyogyaszati_klinika_rontgenlabor-400x266.jpg 400w, https:\/\/semmelweis.hu\/belhema\/files\/2024\/02\/3_belgyogyaszati_klinika_rontgenlabor-1024x680.jpg 1024w, https:\/\/semmelweis.hu\/belhema\/files\/2024\/02\/3_belgyogyaszati_klinika_rontgenlabor-768x510.jpg 768w, https:\/\/semmelweis.hu\/belhema\/files\/2024\/02\/3_belgyogyaszati_klinika_rontgenlabor-1536x1021.jpg 1536w, https:\/\/semmelweis.hu\/belhema\/files\/2024\/02\/3_belgyogyaszati_klinika_rontgenlabor-2048x1361.jpg 2048w, https:\/\/semmelweis.hu\/belhema\/files\/2024\/02\/3_belgyogyaszati_klinika_rontgenlabor-753x500.jpg 753w, https:\/\/semmelweis.hu\/belhema\/files\/2024\/02\/3_belgyogyaszati_klinika_rontgenlabor-203x135.jpg 203w\" >\r\n        <\/a><\/div><\/span><span class=\"gallery-item\"><div class=\"hidden\"><a href=\"https:\/\/semmelweis.hu\/belhema\/files\/2024\/02\/3_belgyogyaszati_klinika_gyogytorna-scaled.jpg\">\r\n        <img src=https:\/\/semmelweis.hu\/belhema\/files\/2024\/02\/3_belgyogyaszati_klinika_gyogytorna-scaled.jpg alt=\"\" class=\"attachment-sote-gallery-big size-sote-gallery-big\" srcset=\"https:\/\/semmelweis.hu\/belhema\/files\/2024\/02\/3_belgyogyaszati_klinika_gyogytorna-400x273.jpg 400w, https:\/\/semmelweis.hu\/belhema\/files\/2024\/02\/3_belgyogyaszati_klinika_gyogytorna-1024x699.jpg 1024w, https:\/\/semmelweis.hu\/belhema\/files\/2024\/02\/3_belgyogyaszati_klinika_gyogytorna-768x524.jpg 768w, https:\/\/semmelweis.hu\/belhema\/files\/2024\/02\/3_belgyogyaszati_klinika_gyogytorna-1536x1049.jpg 1536w, https:\/\/semmelweis.hu\/belhema\/files\/2024\/02\/3_belgyogyaszati_klinika_gyogytorna-2048x1398.jpg 2048w, https:\/\/semmelweis.hu\/belhema\/files\/2024\/02\/3_belgyogyaszati_klinika_gyogytorna-175x120.jpg 175w, https:\/\/semmelweis.hu\/belhema\/files\/2024\/02\/3_belgyogyaszati_klinika_gyogytorna-753x514.jpg 753w\" >\r\n        <\/a><\/div><\/span><span class=\"gallery-item\"><div class=\"hidden\"><a href=\"https:\/\/semmelweis.hu\/belhema\/files\/2024\/02\/3_belgyogyaszati_klinika_elektroterapia-scaled.jpg\">\r\n        <img src=https:\/\/semmelweis.hu\/belhema\/files\/2024\/02\/3_belgyogyaszati_klinika_elektroterapia-scaled.jpg alt=\"\" class=\"attachment-sote-gallery-big size-sote-gallery-big\" srcset=\"https:\/\/semmelweis.hu\/belhema\/files\/2024\/02\/3_belgyogyaszati_klinika_elektroterapia-400x259.jpg 400w, https:\/\/semmelweis.hu\/belhema\/files\/2024\/02\/3_belgyogyaszati_klinika_elektroterapia-1024x663.jpg 1024w, https:\/\/semmelweis.hu\/belhema\/files\/2024\/02\/3_belgyogyaszati_klinika_elektroterapia-768x497.jpg 768w, https:\/\/semmelweis.hu\/belhema\/files\/2024\/02\/3_belgyogyaszati_klinika_elektroterapia-1536x994.jpg 1536w, https:\/\/semmelweis.hu\/belhema\/files\/2024\/02\/3_belgyogyaszati_klinika_elektroterapia-2048x1326.jpg 2048w, https:\/\/semmelweis.hu\/belhema\/files\/2024\/02\/3_belgyogyaszati_klinika_elektroterapia-753x487.jpg 753w\" >\r\n        <\/a><\/div><\/span><span class=\"gallery-item\"><div class=\"hidden\"><a href=\"https:\/\/semmelweis.hu\/belhema\/files\/2024\/02\/3_belgyogyaszati_klinika_elektroterapia_2-scaled.jpg\">\r\n        <img src=https:\/\/semmelweis.hu\/belhema\/files\/2024\/02\/3_belgyogyaszati_klinika_elektroterapia_2-scaled.jpg alt=\"\" class=\"attachment-sote-gallery-big size-sote-gallery-big\" srcset=\"https:\/\/semmelweis.hu\/belhema\/files\/2024\/02\/3_belgyogyaszati_klinika_elektroterapia_2-400x264.jpg 400w, https:\/\/semmelweis.hu\/belhema\/files\/2024\/02\/3_belgyogyaszati_klinika_elektroterapia_2-1024x675.jpg 1024w, https:\/\/semmelweis.hu\/belhema\/files\/2024\/02\/3_belgyogyaszati_klinika_elektroterapia_2-768x506.jpg 768w, https:\/\/semmelweis.hu\/belhema\/files\/2024\/02\/3_belgyogyaszati_klinika_elektroterapia_2-1536x1012.jpg 1536w, https:\/\/semmelweis.hu\/belhema\/files\/2024\/02\/3_belgyogyaszati_klinika_elektroterapia_2-2048x1350.jpg 2048w, https:\/\/semmelweis.hu\/belhema\/files\/2024\/02\/3_belgyogyaszati_klinika_elektroterapia_2-753x496.jpg 753w, https:\/\/semmelweis.hu\/belhema\/files\/2024\/02\/3_belgyogyaszati_klinika_elektroterapia_2-203x135.jpg 203w\" >\r\n        <\/a><\/div><\/span><span class=\"gallery-item\"><div class=\"hidden\"><a href=\"https:\/\/semmelweis.hu\/belhema\/files\/2024\/02\/3_belgyogyaszati_klinika-scaled.jpg\">\r\n        <img src=https:\/\/semmelweis.hu\/belhema\/files\/2024\/02\/3_belgyogyaszati_klinika-scaled.jpg alt=\"\" class=\"attachment-sote-gallery-big size-sote-gallery-big\" srcset=\"https:\/\/semmelweis.hu\/belhema\/files\/2024\/02\/3_belgyogyaszati_klinika-400x263.jpg 400w, https:\/\/semmelweis.hu\/belhema\/files\/2024\/02\/3_belgyogyaszati_klinika-1024x674.jpg 1024w, https:\/\/semmelweis.hu\/belhema\/files\/2024\/02\/3_belgyogyaszati_klinika-768x505.jpg 768w, https:\/\/semmelweis.hu\/belhema\/files\/2024\/02\/3_belgyogyaszati_klinika-1536x1011.jpg 1536w, https:\/\/semmelweis.hu\/belhema\/files\/2024\/02\/3_belgyogyaszati_klinika-2048x1348.jpg 2048w, https:\/\/semmelweis.hu\/belhema\/files\/2024\/02\/3_belgyogyaszati_klinika-753x495.jpg 753w\" >\r\n        <\/a><\/div><\/span>\r\n            <\/div>\r\n\r\n            [\/slb_exclude]\r\n\t\n<p>&nbsp;<\/p>\n","protected":false},"excerpt":{"rendered":"<p>A Belgy\u00f3gy\u00e1szati \u00e9s Hematol\u00f3giai Klinika 2020. m\u00e1jus 15-\u00e9n j\u00f6tt l\u00e9tre a kor\u00e1bbi h\u00e1rom belgy\u00f3gy\u00e1szati klinika szakmai tev\u00e9kenys\u00e9geinek \u00fajrastruktur\u00e1l\u00e1s\u00e1val. (Ezzel egy id\u0151ben j\u00f6tt l\u00e9tre a <a href=\"https:\/\/semmelweis.hu\/belonko\/\" target=\"_blank\" rel=\"noopener\">Belgy\u00f3gy\u00e1szati \u00e9s Onkol\u00f3giai Klinika<\/a> .) Klinik\u00e1nk szakmai tev\u00e9kenys\u00e9ge a k\u00f6vetkez\u0151 szakter\u00fcleteket \u00f6leli fel: belgy\u00f3gy\u00e1szat, hematol\u00f3gia, immunol\u00f3gia, kardiol\u00f3gia, endokrinol\u00f3gia, anyagcsere-betegs\u00e9gek, onkol\u00f3gia \u00e9s gasztroenterol\u00f3gia. Klinik\u00e1nkon m\u0171k\u00f6dik az Orsz\u00e1gos Angio\u00f6d\u00e9ma K\u00f6zpont, amely egyben a K\u00f6z\u00e9p-Kelet-Eur\u00f3pai HANO Oktat\u00e1si K\u00f6zpontja &hellip;<\/p>\n","protected":false},"author":334,"featured_media":0,"parent":13,"menu_order":1,"comment_status":"closed","ping_status":"closed","template":"","meta":{"_acf_changed":false,"footnotes":""},"categories":[],"tags":[],"class_list":["post-20","page","type-page","status-publish","hentry"],"acf":[],"_links":{"self":[{"href":"https:\/\/semmelweis.hu\/belhema\/wp-json\/wp\/v2\/pages\/20","targetHints":{"allow":["GET"]}}],"collection":[{"href":"https:\/\/semmelweis.hu\/belhema\/wp-json\/wp\/v2\/pages"}],"about":[{"href":"https:\/\/semmelweis.hu\/belhema\/wp-json\/wp\/v2\/types\/page"}],"author":[{"embeddable":true,"href":"https:\/\/semmelweis.hu\/belhema\/wp-json\/wp\/v2\/users\/334"}],"replies":[{"embeddable":true,"href":"https:\/\/semmelweis.hu\/belhema\/wp-json\/wp\/v2\/comments?post=20"}],"version-history":[{"count":10,"href":"https:\/\/semmelweis.hu\/belhema\/wp-json\/wp\/v2\/pages\/20\/revisions"}],"predecessor-version":[{"id":8569,"href":"https:\/\/semmelweis.hu\/belhema\/wp-json\/wp\/v2\/pages\/20\/revisions\/8569"}],"up":[{"embeddable":true,"href":"https:\/\/semmelweis.hu\/belhema\/wp-json\/wp\/v2\/pages\/13"}],"wp:attachment":[{"href":"https:\/\/semmelweis.hu\/belhema\/wp-json\/wp\/v2\/media?parent=20"}],"wp:term":[{"taxonomy":"category","embeddable":true,"href":"https:\/\/semmelweis.hu\/belhema\/wp-json\/wp\/v2\/categories?post=20"},{"taxonomy":"post_tag","embeddable":true,"href":"https:\/\/semmelweis.hu\/belhema\/wp-json\/wp\/v2\/tags?post=20"}],"curies":[{"name":"wp","href":"https:\/\/api.w.org\/{rel}","templated":true}]}}