{"id":1042,"date":"2023-05-28T21:18:38","date_gmt":"2023-05-28T19:18:38","guid":{"rendered":"https:\/\/semmelweis.hu\/belhema\/?page_id=1042"},"modified":"2025-06-25T12:40:32","modified_gmt":"2025-06-25T10:40:32","slug":"szakdolgozatok-rektori-palyamunkak","status":"publish","type":"page","link":"https:\/\/semmelweis.hu\/belhema\/en\/education\/szakdolgozatok-rektori-palyamunkak\/","title":{"rendered":"Thesis Topic List"},"content":{"rendered":"<h6 style=\"text-align: center\"><strong>Thesis Topic List<br \/>\n<\/strong>Academic Year 2025-2026<\/h6>\n<p style=\"text-align: center\">(updated: 03.06.2025.)<\/p>\n<p>&nbsp;<\/p>\n<p><strong>Dr. Bod\u00f3 Imre<\/strong><\/p>\n<ul style=\"list-style-type: square\">\n<li><span style=\"font-size: 1rem\">Immunsuppressive therapy of acquired hemophilia A (AHA)<\/span><\/li>\n<\/ul>\n<p><strong>Dr. Farkas P\u00e9ter<\/strong><\/p>\n<ul style=\"list-style-type: square\">\n<li><span style=\"font-size: 1rem\">Acute lymphoid leukaemia<\/span><strong><br \/>\n<\/strong><\/li>\n<\/ul>\n<p><strong>Dr. Horv\u00e1th Anna<\/strong><\/p>\n<ul style=\"list-style-type: square\">\n<li>The role of cell-free DNA in cancer treatment decision making<\/li>\n<li>Secondary lymphedema causes and novel treatment possibilities<\/li>\n<\/ul>\n<p><strong>Dr. Jenei Zsigmond<\/strong><\/p>\n<ul style=\"list-style-type: square\">\n<li>The relationship between lifestyle and cardiovascular disease<\/li>\n<li>Increasing the effectiveness of cardiovascular prevention<\/li>\n<li>Assessing cardiorespiratory fitness<\/li>\n<li>Supportive care for heart failure patients<\/li>\n<li>Supportive care for patients with cardiac amyloidosis<\/li>\n<li>Early diagnosis of diabetes and prediabetes<\/li>\n<li>Hypertension and the role of lifestyle<\/li>\n<li>The role of ultrasound in acute patient care<\/li>\n<li>The role of POCUS in differential diagnosis<\/li>\n<li>The role of lung ultrasound in differential diagnosis<\/li>\n<li>Clostridium difficile infection in heart failure patients<\/li>\n<li>Options for the control of Clostridium difficile infection<\/li>\n<\/ul>\n<p><strong>Dr. Kalabay L\u00e1szl\u00f3<\/strong><\/p>\n<ul style=\"list-style-type: square\">\n<li>Fetuin-A: biologic function, diagnostic significance, therapeutic prospects<\/li>\n<\/ul>\n<p><strong>Dr. Mih\u00e1ly Emese<\/strong><\/p>\n<ul style=\"list-style-type: square\">\n<li>Adenoma and CRC detection is one year timeframe at Semmelweis University Department of Internal Medicine and Haematology<\/li>\n<\/ul>\n<p><strong>Dr. M\u0171zes Gy\u00f6rgyi<\/strong><\/p>\n<ul style=\"list-style-type: square\">\n<li>New treatment options for autoimmune diseases<\/li>\n<li>Celiac disease as a systemic autoimmune disorder<\/li>\n<li>IgG4-related disorders<\/li>\n<li>Primary immunodeficiencies and malignancy<\/li>\n<li>Febrile neutropenia<\/li>\n<li>Sepsis: pathomechanism and treatment<\/li>\n<li>Antiphospholipid syndrome<\/li>\n<li>Autoimmune diseases and malignancy<\/li>\n<li>Paraneoplastic autoimmune syndromes<\/li>\n<li>Behcet\u2019s disease: current aspects<\/li>\n<li>The immune system in cancer<\/li>\n<li>Aspects of anti-tumor immunotherapy<\/li>\n<li>Castleman\u2019s disease: a challenging diagnosis<\/li>\n<li>The role of microbiome in autoimmune diseases<\/li>\n<li>COVID and autoimmunity<\/li>\n<li>Epigenetics and autoimmune diseases<\/li>\n<li>Autoinflammatory diseases<\/li>\n<\/ul>\n<p><strong>Dr. Nagy G\u00e9za<\/strong><\/p>\n<ul style=\"list-style-type: square\">\n<li>Stem cell therapy in type-1 diabetes<\/li>\n<li>Diabetes mellitus and psychiatric disorders<\/li>\n<li>Type-1 diabetes and non-alcoholic hepatic steatosis<\/li>\n<li>Modern treatment of type-1 diabetes: Disease modification therapeutic possibilities in type-1 diabetes mellitus<\/li>\n<\/ul>\n<p><strong>Dr. Pesk\u00f3 Gergely<\/strong><\/p>\n<ul style=\"list-style-type: square\">\n<li>Multiresistant pathogens in clinical practice<\/li>\n<li>Urinary tract infections in clinical practice<\/li>\n<li>Infections in acute leukaemia in the clinical practice<\/li>\n<li>E coli infections in clinical practice<\/li>\n<li>Infections in the internal medicine ward in clinical practice<\/li>\n<li>Carbapenem resistant Enterobacterales (CRE) caused infections in clinical practice<\/li>\n<li>Bloodstream infections caused by S. aureus in clinical practice<\/li>\n<li>Bloodstream infections caused by Pseudomonas aeruginosa in clinical practice<\/li>\n<\/ul>\n<p><strong>Dr. Pozsonyi Zolt\u00e1n<\/strong><\/p>\n<ul style=\"list-style-type: square\">\n<li>Diagnosis and treatment of cardiac amyloidosis<\/li>\n<li>Evolution of onco-cardiology<\/li>\n<li>Cardiological aspects of colorectal tumor treatments<\/li>\n<li>Oncocardiological aspects of heart failure<\/li>\n<\/ul>\n<p><strong>Dr. Sipos Ferenc<\/strong><\/p>\n<ul style=\"list-style-type: square\">\n<li>Extraintestinal manifestations of IBD<\/li>\n<li>Autoimmune liver diseases<\/li>\n<li>Food allergy vs. food intolerance<\/li>\n<li>GI disorders associated with eosinophilia<\/li>\n<li>The role of microbiome in Crohn&#8217;s disease<\/li>\n<li>New therapeutic strategies in colorectal cancer<\/li>\n<li>Hepatorenal syndrome<\/li>\n<li>The interplay of SARS-CoV2 infection and the GI tract<\/li>\n<\/ul>\n<p><strong>Dr. Sipter Emese<\/strong><\/p>\n<ul style=\"list-style-type: square\">\n<li>The role of environment in diabetes<\/li>\n<li>Hyperlipidaemias in clinical practice<\/li>\n<li>NAFLD and diabetes<\/li>\n<li>The role of infections in diabetes mellitus<\/li>\n<li>Inflammation in MASLD and diabetes<\/li>\n<li>Emerging pharmacological therapies for hypercholesterolemia: innovations and clinical implications<\/li>\n<\/ul>\n<p><strong>Dr. Szombath Gergely<\/strong><\/p>\n<ul style=\"list-style-type: square\">\n<li>New therapeutic options in AML<\/li>\n<li>New therapeutic options in NHL<\/li>\n<\/ul>\n<p><strong>Dr. Varga Gergely<\/strong><\/p>\n<ul style=\"list-style-type: square\">\n<li>Multiple myeloma: prognosis and treatment<\/li>\n<li>Acute leukaemia: prognosis and treatment<\/li>\n<\/ul>\n<p><strong>Dr. V\u00e1rkonyi Judit<\/strong><\/p>\n<ul style=\"list-style-type: square\">\n<li>The significance of haemochromatosis gene studies in haematological malignancies<\/li>\n<li>Diagnostic challenges in systemic mastocytosis<\/li>\n<\/ul>\n","protected":false},"excerpt":{"rendered":"<p>Thesis Topic List Academic Year 2025-2026 (updated: 03.06.2025.) &nbsp; Dr. Bod\u00f3 Imre Immunsuppressive therapy of acquired hemophilia A (AHA) Dr. Farkas P\u00e9ter Acute lymphoid leukaemia Dr. Horv\u00e1th Anna The role of cell-free DNA in cancer treatment decision making Secondary lymphedema causes and novel treatment possibilities Dr. Jenei Zsigmond The relationship between lifestyle and cardiovascular disease &hellip;<\/p>\n","protected":false},"author":334,"featured_media":0,"parent":904,"menu_order":2,"comment_status":"closed","ping_status":"closed","template":"","meta":{"_acf_changed":false,"footnotes":""},"categories":[],"tags":[],"class_list":["post-1042","page","type-page","status-publish","hentry"],"acf":[],"_links":{"self":[{"href":"https:\/\/semmelweis.hu\/belhema\/wp-json\/wp\/v2\/pages\/1042","targetHints":{"allow":["GET"]}}],"collection":[{"href":"https:\/\/semmelweis.hu\/belhema\/wp-json\/wp\/v2\/pages"}],"about":[{"href":"https:\/\/semmelweis.hu\/belhema\/wp-json\/wp\/v2\/types\/page"}],"author":[{"embeddable":true,"href":"https:\/\/semmelweis.hu\/belhema\/wp-json\/wp\/v2\/users\/334"}],"replies":[{"embeddable":true,"href":"https:\/\/semmelweis.hu\/belhema\/wp-json\/wp\/v2\/comments?post=1042"}],"version-history":[{"count":7,"href":"https:\/\/semmelweis.hu\/belhema\/wp-json\/wp\/v2\/pages\/1042\/revisions"}],"predecessor-version":[{"id":8834,"href":"https:\/\/semmelweis.hu\/belhema\/wp-json\/wp\/v2\/pages\/1042\/revisions\/8834"}],"up":[{"embeddable":true,"href":"https:\/\/semmelweis.hu\/belhema\/wp-json\/wp\/v2\/pages\/904"}],"wp:attachment":[{"href":"https:\/\/semmelweis.hu\/belhema\/wp-json\/wp\/v2\/media?parent=1042"}],"wp:term":[{"taxonomy":"category","embeddable":true,"href":"https:\/\/semmelweis.hu\/belhema\/wp-json\/wp\/v2\/categories?post=1042"},{"taxonomy":"post_tag","embeddable":true,"href":"https:\/\/semmelweis.hu\/belhema\/wp-json\/wp\/v2\/tags?post=1042"}],"curies":[{"name":"wp","href":"https:\/\/api.w.org\/{rel}","templated":true}]}}