{"id":993,"date":"2022-07-14T09:09:29","date_gmt":"2022-07-14T07:09:29","guid":{"rendered":"https:\/\/semmelweis.hu\/baratikor\/?page_id=993"},"modified":"2023-07-07T10:18:15","modified_gmt":"2023-07-07T08:18:15","slug":"moravcsik-erno-emil","status":"publish","type":"page","link":"https:\/\/semmelweis.hu\/baratikor\/galeria\/teljes-nevlista\/moravcsik-erno-emil\/","title":{"rendered":"Moravcsik Ern\u0151 Emil"},"content":{"rendered":"<p style=\"text-align: justify\"><strong><a href=\"https:\/\/semmelweis.hu\/baratikor\/files\/2022\/07\/041_11.jpg\"><img loading=\"lazy\" decoding=\"async\" class=\"alignleft size-full wp-image-994\" src=\"https:\/\/semmelweis.hu\/baratikor\/files\/2022\/07\/041_11.jpg\" alt=\"\" width=\"295\" height=\"392\" \/><\/a>(B\u00e9r, 1858 &#8211; Budapest, 1924)<\/strong><\/p>\n<p style=\"text-align: justify\">Tanulm\u00e1nyait Budapesten v\u00e9gezte, ahol 1881-ben kapott orvosdoktori oklevelet. 1881\/82-ben a gy\u00f3gyszertani tansz\u00e9ken gyakornok, majd tan\u00e1rseg\u00e9d. Ezut\u00e1n a Szent R\u00f3kus k\u00f3rh\u00e1zban dolgozott. \u00c9rdekl\u0151d\u00e9se 1883-ban fordult az elmek\u00f3rtan fel\u00e9, amikor tan\u00e1rseg\u00e9dk\u00e9nt az elmek\u00f3rtani tansz\u00e9ken kezdett m\u0171k\u00f6dni (1883-1889). 1886-ban szerzett mag\u00e1ntan\u00e1ri habilit\u00e1ci\u00f3t a t\u00f6rv\u00e9nysz\u00e9ki elmek\u00f3rtan t\u00e1rgyk\u00f6r\u00e9ben. 1887-t\u0151l a budapesti kir. t\u00f6rv\u00e9nysz\u00e9k elmek\u00f3rtan szak\u00e9rt\u0151je. 1892-ben a t\u00f6rv\u00e9nysz\u00e9ki elmek\u00f3rtan \u00e9s l\u00e9lektan rendk\u00edv\u00fcli tan\u00e1ra lett. 1896-ban kinevezt\u00e9k az Igazs\u00e1g\u00fcgyi Orvosi Megfigyel\u0151 \u00e9s Elmegy\u00f3gy\u00edt\u00f3 Int\u00e9zet vezet\u0151j\u00e9v\u00e9. 1901-1924 k\u00f6z\u00f6tt az elmek\u00f3rtan nyilv\u00e1nos rendes tan\u00e1ra a budapesti Orvoskaron. Utas\u00edt\u00e1sai szerint \u00e9p\u00fclt fel (1906-1908) az Elme- \u00e9s Idegk\u00f3rtani Klinika \u00faj \u00e9p\u00fclete. 1905-ben udvari tan\u00e1csosi c\u00edmmel t\u00fcntett\u00e9k ki, 1924-t\u0151l az MTA levelez\u0151 tagja. Az 1920\/21. tan\u00e9vben az egyetem rektori m\u00e9lt\u00f3s\u00e1g\u00e1t viselte. \/k\u00e9p lel\u0151helye: SOTE-lev\u00e9lt\u00e1r 318. fond\/<\/p>\n","protected":false},"excerpt":{"rendered":"<p><a href=\"https:\/\/semmelweis.hu\/baratikor\/files\/2022\/07\/041_11.jpg\"><\/a> (B\u00e9r, 1858 &#8211; Budapest, 1924) Tanulm\u00e1nyait Budapesten v\u00e9gezte, ahol 1881-ben kapott orvosdoktori oklevelet. 1881\/82-ben a gy\u00f3gyszertani tansz\u00e9ken gyakornok, majd tan\u00e1rseg\u00e9d. Ezut\u00e1n a Szent R\u00f3kus k\u00f3rh\u00e1zban dolgozott. \u00c9rdekl\u0151d\u00e9se 1883-ban fordult az elmek\u00f3rtan fel\u00e9, amikor tan\u00e1rseg\u00e9dk\u00e9nt az elmek\u00f3rtani tansz\u00e9ken kezdett m\u0171k\u00f6dni (1883-1889). 1886-ban szerzett mag\u00e1ntan\u00e1ri habilit\u00e1ci\u00f3t a t\u00f6rv\u00e9nysz\u00e9ki elmek\u00f3rtan t\u00e1rgyk\u00f6r\u00e9ben. 1887-t\u0151l a budapesti kir. t\u00f6rv\u00e9nysz\u00e9k elmek\u00f3rtan szak\u00e9rt\u0151je. &hellip;<\/p>\n","protected":false},"author":282,"featured_media":4863,"parent":347,"menu_order":0,"comment_status":"closed","ping_status":"closed","template":"template-fullwidth.php","meta":{"_acf_changed":false,"footnotes":""},"categories":[77,5,16,14],"tags":[],"class_list":["post-993","page","type-page","status-publish","has-post-thumbnail","hentry","category-kegyeleti-adattar","category-rektorok","category-tanszekvezetok","category-teljes-nevlista"],"acf":[],"_links":{"self":[{"href":"https:\/\/semmelweis.hu\/baratikor\/wp-json\/wp\/v2\/pages\/993","targetHints":{"allow":["GET"]}}],"collection":[{"href":"https:\/\/semmelweis.hu\/baratikor\/wp-json\/wp\/v2\/pages"}],"about":[{"href":"https:\/\/semmelweis.hu\/baratikor\/wp-json\/wp\/v2\/types\/page"}],"author":[{"embeddable":true,"href":"https:\/\/semmelweis.hu\/baratikor\/wp-json\/wp\/v2\/users\/282"}],"replies":[{"embeddable":true,"href":"https:\/\/semmelweis.hu\/baratikor\/wp-json\/wp\/v2\/comments?post=993"}],"version-history":[{"count":1,"href":"https:\/\/semmelweis.hu\/baratikor\/wp-json\/wp\/v2\/pages\/993\/revisions"}],"predecessor-version":[{"id":995,"href":"https:\/\/semmelweis.hu\/baratikor\/wp-json\/wp\/v2\/pages\/993\/revisions\/995"}],"up":[{"embeddable":true,"href":"https:\/\/semmelweis.hu\/baratikor\/wp-json\/wp\/v2\/pages\/347"}],"wp:featuredmedia":[{"embeddable":true,"href":"https:\/\/semmelweis.hu\/baratikor\/wp-json\/wp\/v2\/media\/4863"}],"wp:attachment":[{"href":"https:\/\/semmelweis.hu\/baratikor\/wp-json\/wp\/v2\/media?parent=993"}],"wp:term":[{"taxonomy":"category","embeddable":true,"href":"https:\/\/semmelweis.hu\/baratikor\/wp-json\/wp\/v2\/categories?post=993"},{"taxonomy":"post_tag","embeddable":true,"href":"https:\/\/semmelweis.hu\/baratikor\/wp-json\/wp\/v2\/tags?post=993"}],"curies":[{"name":"wp","href":"https:\/\/api.w.org\/{rel}","templated":true}]}}