{"id":983,"date":"2022-07-14T09:04:07","date_gmt":"2022-07-14T07:04:07","guid":{"rendered":"https:\/\/semmelweis.hu\/baratikor\/?page_id=983"},"modified":"2023-10-11T14:36:12","modified_gmt":"2023-10-11T12:36:12","slug":"barsony-janos","status":"publish","type":"page","link":"https:\/\/semmelweis.hu\/baratikor\/galeria\/teljes-nevlista\/barsony-janos\/","title":{"rendered":"B\u00e1rsony J\u00e1nos"},"content":{"rendered":"<p style=\"text-align: justify\"><strong><a href=\"https:\/\/semmelweis.hu\/baratikor\/files\/2022\/07\/042_11.jpg\"><img loading=\"lazy\" decoding=\"async\" class=\"alignleft wp-image-984 size-medium\" src=\"https:\/\/semmelweis.hu\/baratikor\/files\/2022\/07\/042_11-245x400.jpg\" alt=\"\" width=\"245\" height=\"400\" srcset=\"https:\/\/semmelweis.hu\/baratikor\/files\/2022\/07\/042_11-245x400.jpg 245w, https:\/\/semmelweis.hu\/baratikor\/files\/2022\/07\/042_11.jpg 295w\" sizes=\"auto, (max-width: 245px) 100vw, 245px\" \/><\/a><\/strong><strong>(Nagyk\u00e1roly<\/strong><strong>, 1860. j\u00falius 31.<\/strong><strong> \u2013 Budapest, 1926. febru\u00e1r 28.)<\/strong><\/p>\n<p style=\"text-align: justify\"><strong>Tansz\u00e9k: <\/strong>I. sz. Sz\u00fcl\u00e9szeti \u00e9s N\u0151gy\u00f3gy\u00e1szati Klinika 1903-1926.<\/p>\n<p style=\"text-align: justify\"><strong>Viselt egyetemi m\u00e9lt\u00f3s\u00e1g: <\/strong>rektor 1922\/23.<\/p>\n<p style=\"text-align: justify\">\u00c9desapja gazdatiszt volt a K\u00e1rolyi gr\u00f3fok s\u00e1rkeresztesi (Fej\u00e9r megye) birtok\u00e1n. Iskol\u00e1it Nagyk\u00e1rolyban \u00e9s Szatm\u00e1ron v\u00e9gezte. Orvosi tanulm\u00e1nyait B\u00e9csben \u00e9s Budapesten folytatta, orvosdoktori oklevel\u00e9t 1884. febru\u00e1r 23-\u00e1n Budapesten szerezte meg. Ett\u0151l kezdve az I. sz. Sz\u00fcl\u00e9szeti \u00e9s N\u0151gy\u00f3gy\u00e1szati Klinik\u00e1n dolgozott K\u00e9zm\u00e1rszky Tivadar mellett el\u0151bb gyakornokk\u00e9nt, majd m\u00e1sodik (1885), v\u00e9g\u00fcl els\u0151 tan\u00e1rseg\u00e9dk\u00e9nt (1887). 1891\/92-ben mag\u00e1ntan\u00e1ri habilit\u00e1ci\u00f3t szerzett a sz\u00fcl\u00e9szeti m\u0171t\u00e9ttan t\u00e1rgyk\u00f6r\u00e9ben. 1901-t\u0151l a V\u00f6r\u00f6skereszt budapesti Erzs\u00e9bet-k\u00f3rh\u00e1z\u00e1ban dolgozott f\u0151orvosk\u00e9nt, majd 1903-ban kinevezt\u00e9k a sz\u00fcl\u00e9szet-n\u0151gy\u00f3gy\u00e1szat nyilv\u00e1nos rendes tan\u00e1r\u00e1v\u00e1 \u00e9s az I. sz. Sz\u00fcl\u00e9szeti \u00e9s N\u0151gy\u00f3gy\u00e1szati Klinika igazgat\u00f3j\u00e1v\u00e1, ahol hal\u00e1l\u00e1ig m\u0171k\u00f6d\u00f6tt. Az I. vil\u00e1gh\u00e1bor\u00fa ut\u00e1n a katonai szolg\u00e1latb\u00f3l visszat\u00e9r\u0151 orvostanhallgat\u00f3k \u00e9s a f\u0151v\u00e1rosba menek\u00fclt pozsonyi \u00e9s kolozsv\u00e1ri egyetemek hallgat\u00f3i olyan t\u00f6megben \u00e1rasztott\u00e1k el a budapesti orvoskart, mely az oktat\u00e1s ellehetetlen\u00fcl\u00e9s\u00e9vel fenyegetett. Ebben a helyzetben tan\u00e1rt\u00e1rsaival, Ho\u00f3r K\u00e1rollyal \u00e9s B\u00f3kay \u00c1rp\u00e1ddal k\u00f6z\u00f6sen kezdem\u00e9nyezte a felv\u00e9teli keretsz\u00e1m (numerus clausus) bevezet\u00e9s\u00e9t. Eredeti javaslatukban m\u00e9g nem volt sz\u00f3 nemzetis\u00e9gi \u00e9s faji ar\u00e1nysz\u00e1mokr\u00f3l, az csak a parlamenti vita sor\u00e1n ker\u00fclt be a t\u00f6rv\u00e9nytervezet sz\u00f6veg\u00e9be. Az 1922\/23. tan\u00e9vben az egyetem rektor\u00e1v\u00e1 v\u00e1lasztott\u00e1k.<\/p>\n<p style=\"text-align: justify\">Tudom\u00e1nyos munk\u00e1ss\u00e1ga sor\u00e1n f\u0151k\u00e9nt sz\u00fcl\u00e9szeti m\u0171t\u00e9ttannal \u00e9s a gyermek\u00e1gyi l\u00e1zzal foglalkozott. Jelent\u0151s eredm\u00e9nyeket \u00e9rt el a m\u00e9hen k\u00edv\u00fcli terhess\u00e9g m\u0171t\u00e9ti megold\u00e1sa ter\u00e9n. K\u00f6zlem\u00e9nyei legink\u00e1bb az Orvosi Hetilap, a Gy\u00f3gy\u00e1szat, a Zentralblatt f\u00fcr Gyn\u00e4kologie \u00e9s az Archiv f\u00fcr Gyn\u00e4kologie has\u00e1bjain jelentek meg. T\u00f6bbek k\u00f6z\u00f6tt Ap\u00e1thy Istv\u00e1n, Madzsar J\u00f3zsef vagy Lenhoss\u00e9k Mih\u00e1ly mellett a magyarorsz\u00e1gi korai eugenika egyik k\u00e9pvisel\u0151jek\u00e9nt l\u00e9pett fel, mely nem utols\u00f3 sorban a vil\u00e1gh\u00e1bor\u00fa szomor\u00fa tapasztalataira t\u00e1maszkodott.<\/p>\n<p style=\"text-align: justify\">1907-ben udvari tan\u00e1csosi c\u00edmmel t\u00fcntett\u00e9k ki. Egyik alap\u00edt\u00f3 tagja volt a Magyar Orvosok Nemzeti Egyes\u00fclet\u00e9nek (MONE).<\/p>\n<p style=\"text-align: justify\"><strong>F\u0151bb munk\u00e1i:<\/strong> Sz\u00fcl\u00e9szet di\u00f3h\u00e9jban. Bp., 1902.; A gyermek\u00e1gyi l\u00e1zr\u00f3l. Bp., 1912.; Sz\u00fcl\u00e9szeti \u00e9s sz\u00fcl\u00e9szeti m\u0171t\u00e9ttani jegyzetek. (B\u00e1rsony J\u00e1nos el\u0151ad\u00e1sai alapj\u00e1n \u00f6ssze\u00e1ll\u00edtotta Kub\u00e1nyi Endre) Bp., 1920.<\/p>\n<p style=\"text-align: justify\"><strong>Nyughelye:<\/strong> Fiumei \u00fati temet\u0151 39\/0\/1\/21.<\/p>\n<p><a href=\"https:\/\/semmelweis.hu\/baratikor\/galeria\/teljes-nevlista\/barsony-janos\/barsony-janos-2_keret_nelkul\/\" rel=\"attachment wp-att-1511\"><img loading=\"lazy\" decoding=\"async\" class=\"alignleft size-medium wp-image-1511\" src=\"https:\/\/semmelweis.hu\/baratikor\/files\/2023\/01\/Barsony-Janos-2_keret_nelkul-263x400.jpg\" alt=\"\" width=\"263\" height=\"400\" srcset=\"https:\/\/semmelweis.hu\/baratikor\/files\/2023\/01\/Barsony-Janos-2_keret_nelkul-263x400.jpg 263w, https:\/\/semmelweis.hu\/baratikor\/files\/2023\/01\/Barsony-Janos-2_keret_nelkul.jpg 658w\" sizes=\"auto, (max-width: 263px) 100vw, 263px\" \/><\/a><a href=\"https:\/\/semmelweis.hu\/baratikor\/galeria\/teljes-nevlista\/barsony-janos\/barsony-janos-318-i-50-3\/\" rel=\"attachment wp-att-1512\"><img loading=\"lazy\" decoding=\"async\" class=\"alignleft size-medium wp-image-1512\" src=\"https:\/\/semmelweis.hu\/baratikor\/files\/2023\/01\/Barsony-Janos-318.-I.50.3-290x400.jpg\" alt=\"\" width=\"290\" height=\"400\" srcset=\"https:\/\/semmelweis.hu\/baratikor\/files\/2023\/01\/Barsony-Janos-318.-I.50.3-290x400.jpg 290w, https:\/\/semmelweis.hu\/baratikor\/files\/2023\/01\/Barsony-Janos-318.-I.50.3.jpg 725w\" sizes=\"auto, (max-width: 290px) 100vw, 290px\" \/><\/a> <a href=\"https:\/\/semmelweis.hu\/baratikor\/galeria\/teljes-nevlista\/barsony-janos\/barsony-kozeli\/\" rel=\"attachment wp-att-1513\"><img loading=\"lazy\" decoding=\"async\" class=\"alignleft size-medium wp-image-1513\" src=\"https:\/\/semmelweis.hu\/baratikor\/files\/2023\/01\/Barsony-kozeli-400x266.jpg\" alt=\"\" width=\"400\" height=\"266\" srcset=\"https:\/\/semmelweis.hu\/baratikor\/files\/2023\/01\/Barsony-kozeli-400x266.jpg 400w, https:\/\/semmelweis.hu\/baratikor\/files\/2023\/01\/Barsony-kozeli-768x511.jpg 768w, https:\/\/semmelweis.hu\/baratikor\/files\/2023\/01\/Barsony-kozeli-753x501.jpg 753w, https:\/\/semmelweis.hu\/baratikor\/files\/2023\/01\/Barsony-kozeli-203x135.jpg 203w, https:\/\/semmelweis.hu\/baratikor\/files\/2023\/01\/Barsony-kozeli.jpg 1000w\" sizes=\"auto, (max-width: 400px) 100vw, 400px\" \/><\/a><\/p>\n","protected":false},"excerpt":{"rendered":"<p><a href=\"https:\/\/semmelweis.hu\/baratikor\/files\/2022\/07\/042_11.jpg\"><\/a> (Nagyk\u00e1roly, 1860. j\u00falius 31. \u2013 Budapest, 1926. febru\u00e1r 28.) Tansz\u00e9k: I. sz. Sz\u00fcl\u00e9szeti \u00e9s N\u0151gy\u00f3gy\u00e1szati Klinika 1903-1926. Viselt egyetemi m\u00e9lt\u00f3s\u00e1g: rektor 1922\/23. \u00c9desapja gazdatiszt volt a K\u00e1rolyi gr\u00f3fok s\u00e1rkeresztesi (Fej\u00e9r megye) birtok\u00e1n. Iskol\u00e1it Nagyk\u00e1rolyban \u00e9s Szatm\u00e1ron v\u00e9gezte. Orvosi tanulm\u00e1nyait B\u00e9csben \u00e9s Budapesten folytatta, orvosdoktori oklevel\u00e9t 1884. febru\u00e1r 23-\u00e1n Budapesten szerezte meg. Ett\u0151l kezdve az I. &hellip;<\/p>\n","protected":false},"author":282,"featured_media":5357,"parent":347,"menu_order":0,"comment_status":"closed","ping_status":"closed","template":"template-fullwidth.php","meta":{"_acf_changed":false,"footnotes":""},"categories":[77,5,14],"tags":[],"class_list":["post-983","page","type-page","status-publish","has-post-thumbnail","hentry","category-kegyeleti-adattar","category-rektorok","category-teljes-nevlista"],"acf":[],"_links":{"self":[{"href":"https:\/\/semmelweis.hu\/baratikor\/wp-json\/wp\/v2\/pages\/983","targetHints":{"allow":["GET"]}}],"collection":[{"href":"https:\/\/semmelweis.hu\/baratikor\/wp-json\/wp\/v2\/pages"}],"about":[{"href":"https:\/\/semmelweis.hu\/baratikor\/wp-json\/wp\/v2\/types\/page"}],"author":[{"embeddable":true,"href":"https:\/\/semmelweis.hu\/baratikor\/wp-json\/wp\/v2\/users\/282"}],"replies":[{"embeddable":true,"href":"https:\/\/semmelweis.hu\/baratikor\/wp-json\/wp\/v2\/comments?post=983"}],"version-history":[{"count":8,"href":"https:\/\/semmelweis.hu\/baratikor\/wp-json\/wp\/v2\/pages\/983\/revisions"}],"predecessor-version":[{"id":1510,"href":"https:\/\/semmelweis.hu\/baratikor\/wp-json\/wp\/v2\/pages\/983\/revisions\/1510"}],"up":[{"embeddable":true,"href":"https:\/\/semmelweis.hu\/baratikor\/wp-json\/wp\/v2\/pages\/347"}],"wp:featuredmedia":[{"embeddable":true,"href":"https:\/\/semmelweis.hu\/baratikor\/wp-json\/wp\/v2\/media\/5357"}],"wp:attachment":[{"href":"https:\/\/semmelweis.hu\/baratikor\/wp-json\/wp\/v2\/media?parent=983"}],"wp:term":[{"taxonomy":"category","embeddable":true,"href":"https:\/\/semmelweis.hu\/baratikor\/wp-json\/wp\/v2\/categories?post=983"},{"taxonomy":"post_tag","embeddable":true,"href":"https:\/\/semmelweis.hu\/baratikor\/wp-json\/wp\/v2\/tags?post=983"}],"curies":[{"name":"wp","href":"https:\/\/api.w.org\/{rel}","templated":true}]}}