{"id":980,"date":"2022-07-14T08:57:46","date_gmt":"2022-07-14T06:57:46","guid":{"rendered":"https:\/\/semmelweis.hu\/baratikor\/?page_id=980"},"modified":"2023-07-11T08:41:10","modified_gmt":"2023-07-11T06:41:10","slug":"jakabhazy-zsigmond","status":"publish","type":"page","link":"https:\/\/semmelweis.hu\/baratikor\/galeria\/teljes-nevlista\/jakabhazy-zsigmond\/","title":{"rendered":"Jakabh\u00e1zy Zsigmond"},"content":{"rendered":"<p style=\"text-align: justify\"><strong><a href=\"https:\/\/semmelweis.hu\/baratikor\/files\/2022\/07\/177_11.jpg\"><img loading=\"lazy\" decoding=\"async\" class=\"alignleft size-full wp-image-981\" src=\"https:\/\/semmelweis.hu\/baratikor\/files\/2022\/07\/177_11.jpg\" alt=\"\" width=\"283\" height=\"420\" srcset=\"https:\/\/semmelweis.hu\/baratikor\/files\/2022\/07\/177_11.jpg 283w, https:\/\/semmelweis.hu\/baratikor\/files\/2022\/07\/177_11-270x400.jpg 270w\" sizes=\"auto, (max-width: 283px) 100vw, 283px\" \/><\/a>(Kiskede, 1867. m\u00e1jus 26. &#8211; Budapest, 1945. j\u00falius 4.)<\/strong><\/p>\n<p style=\"text-align: justify\">D\u00e9k\u00e1n: 1924\/25 &#8211; 1925\/26<\/p>\n<p style=\"text-align: justify\">Tanulm\u00e1nyait a kolozsv\u00e1ri egyetemen v\u00e9gezte, ahol 1891-ben szerzett orvosi oklevelet. 1897\/98-ban \u00f6szt\u00f6nd\u00edjjal a strassburgi, 1898-ban a lipcsei egyetemen folytatott tanulm\u00e1nyokat. Visszat\u00e9rve Kolozsv\u00e1rra 1899-ben a k\u00eds\u00e9rletes gy\u00f3gyszerhat\u00e1stan \u00e9s gy\u00f3gyszerismereti m\u00f3dszertan mag\u00e1ntan\u00e1ra lett. 1901-ben ugyancsak \u00f6szt\u00f6nd\u00edjjal a grazi K\u00e1roly Ferenc Egyetemen j\u00e1rt tanulm\u00e1ny\u00faton. Hazat\u00e9rve el\u0151bb a Gy\u00f3gyszertani Int\u00e9zet adjunktusa lett, majd 1913-ban a gy\u00f3gyszertan nyilv\u00e1nos rendes tan\u00e1r\u00e1v\u00e1 nevezt\u00e9k ki. 1906 \u00e9s 1915 k\u00f6z\u00f6tt az Erd\u00e9lyi M\u00fazeum Egyes\u00fclet Orvos-term\u00e9szettudom\u00e1nyi Szakoszt\u00e1ly\u00e1nak titk\u00e1ri teend\u0151it is ell\u00e1tta. 1919-ben megtagadta a rom\u00e1n \u00e1llamra teend\u0151 h\u0171s\u00e9gesk\u00fct, ez\u00e9rt el kellett hagynia az egyetemet. R\u00f6vid ideig birtok\u00e1n, Sim\u00e9nfalv\u00e1n folytatott orvosi gyakorlatot, majd 1920-ban megh\u00edv\u00e1st kapott Budapestre, a gy\u00f3gyszerismereti \u00e9s m\u00e9regtani tansz\u00e9k \u00e9l\u00e9re. Tudom\u00e1nyos munk\u00e1ss\u00e1g\u00e1t f\u0151leg a gy\u00f3gyszerhat\u00e1stan \u00e9s m\u00e9regtan ter\u00e9n fejtette ki. Jelent\u0151sek a curare hat\u00e1s\u00e1r\u00f3l \u00e9s a rheum\u00e1r\u00f3l \u00edrt k\u00f6zlem\u00e9nyei. Az MTA 1923. m\u00e1jus 11-\u00e9n levelez\u0151 tagj\u00e1v\u00e1 v\u00e1lasztotta. A budapesti Orvoskar d\u00e9k\u00e1ni tiszt\u00e9t k\u00e9t tan\u00e9ven \u00e1t viselte 1924 \u00e9s 1926 k\u00f6z\u00f6tt. 1935 \u00e9s 1943 k\u00f6z\u00f6tt a Magyar Gy\u00f3gyszer\u00e9sztudom\u00e1nyi T\u00e1rsas\u00e1g eln\u00f6ke volt.<\/p>\n<p style=\"text-align: justify\">(F\u0151bb munk\u00e1i: Gy\u00f3gyszerisme \/Ny\u00edredy G\u00e9z\u00e1val \u00e9s Issekutz Hug\u00f3val\/, Kolozsv\u00e1r, 1895.; Ideg-idomhat\u00e1stani vizsg\u00e1latok aspirinnel. Kolozsv\u00e1r, 1904.; Az urethranok hat\u00e1s\u00e1r\u00f3l. Kolozsv\u00e1r, 1910.; A k\u00fcl\u00f6nf\u00e9le \u00e9lvezeti szerekr\u0151l. Kolozsv\u00e1r, 1911.; A gy\u00f3gyszerismeret tank\u00f6nyve I-II. \/Issekutz B\u00e9l\u00e1val\/, Kolozsv\u00e1r, 1913.; A h\u00e1bor\u00fa \u00e9s a gy\u00f3gyszerek. Kolozsv\u00e1r, 1915.)<\/p>\n","protected":false},"excerpt":{"rendered":"<p><a href=\"https:\/\/semmelweis.hu\/baratikor\/files\/2022\/07\/177_11.jpg\"><\/a> (Kiskede, 1867. m\u00e1jus 26. &#8211; Budapest, 1945. j\u00falius 4.) D\u00e9k\u00e1n: 1924\/25 &#8211; 1925\/26 Tanulm\u00e1nyait a kolozsv\u00e1ri egyetemen v\u00e9gezte, ahol 1891-ben szerzett orvosi oklevelet. 1897\/98-ban \u00f6szt\u00f6nd\u00edjjal a strassburgi, 1898-ban a lipcsei egyetemen folytatott tanulm\u00e1nyokat. Visszat\u00e9rve Kolozsv\u00e1rra 1899-ben a k\u00eds\u00e9rletes gy\u00f3gyszerhat\u00e1stan \u00e9s gy\u00f3gyszerismereti m\u00f3dszertan mag\u00e1ntan\u00e1ra lett. 1901-ben ugyancsak \u00f6szt\u00f6nd\u00edjjal a grazi K\u00e1roly Ferenc Egyetemen j\u00e1rt tanulm\u00e1ny\u00faton. Hazat\u00e9rve &hellip;<\/p>\n","protected":false},"author":282,"featured_media":4945,"parent":347,"menu_order":0,"comment_status":"closed","ping_status":"closed","template":"template-fullwidth.php","meta":{"_acf_changed":false,"footnotes":""},"categories":[6,20,77,81,14],"tags":[],"class_list":["post-980","page","type-page","status-publish","has-post-thumbnail","hentry","category-dekanok","category-dekanok-karok-szerint","category-kegyeleti-adattar","category-orvosi-kar-dekanjai","category-teljes-nevlista"],"acf":[],"_links":{"self":[{"href":"https:\/\/semmelweis.hu\/baratikor\/wp-json\/wp\/v2\/pages\/980","targetHints":{"allow":["GET"]}}],"collection":[{"href":"https:\/\/semmelweis.hu\/baratikor\/wp-json\/wp\/v2\/pages"}],"about":[{"href":"https:\/\/semmelweis.hu\/baratikor\/wp-json\/wp\/v2\/types\/page"}],"author":[{"embeddable":true,"href":"https:\/\/semmelweis.hu\/baratikor\/wp-json\/wp\/v2\/users\/282"}],"replies":[{"embeddable":true,"href":"https:\/\/semmelweis.hu\/baratikor\/wp-json\/wp\/v2\/comments?post=980"}],"version-history":[{"count":2,"href":"https:\/\/semmelweis.hu\/baratikor\/wp-json\/wp\/v2\/pages\/980\/revisions"}],"predecessor-version":[{"id":4946,"href":"https:\/\/semmelweis.hu\/baratikor\/wp-json\/wp\/v2\/pages\/980\/revisions\/4946"}],"up":[{"embeddable":true,"href":"https:\/\/semmelweis.hu\/baratikor\/wp-json\/wp\/v2\/pages\/347"}],"wp:featuredmedia":[{"embeddable":true,"href":"https:\/\/semmelweis.hu\/baratikor\/wp-json\/wp\/v2\/media\/4945"}],"wp:attachment":[{"href":"https:\/\/semmelweis.hu\/baratikor\/wp-json\/wp\/v2\/media?parent=980"}],"wp:term":[{"taxonomy":"category","embeddable":true,"href":"https:\/\/semmelweis.hu\/baratikor\/wp-json\/wp\/v2\/categories?post=980"},{"taxonomy":"post_tag","embeddable":true,"href":"https:\/\/semmelweis.hu\/baratikor\/wp-json\/wp\/v2\/tags?post=980"}],"curies":[{"name":"wp","href":"https:\/\/api.w.org\/{rel}","templated":true}]}}