{"id":976,"date":"2022-07-14T08:43:39","date_gmt":"2022-07-14T06:43:39","guid":{"rendered":"https:\/\/semmelweis.hu\/baratikor\/?page_id=976"},"modified":"2023-01-09T11:34:32","modified_gmt":"2023-01-09T10:34:32","slug":"tellyesniczky-kalman","status":"publish","type":"page","link":"https:\/\/semmelweis.hu\/baratikor\/galeria\/teljes-nevlista\/tellyesniczky-kalman\/","title":{"rendered":"Tellyesniczky K\u00e1lm\u00e1n"},"content":{"rendered":"<p style=\"text-align: justify\"><strong>(<a href=\"https:\/\/semmelweis.hu\/baratikor\/files\/2022\/07\/178_11.jpg\"><img loading=\"lazy\" decoding=\"async\" class=\"alignleft size-full wp-image-977\" src=\"https:\/\/semmelweis.hu\/baratikor\/files\/2022\/07\/178_11.jpg\" alt=\"\" width=\"283\" height=\"374\" \/><\/a>\u00c9lesd, 1868. m\u00e1rcius 25. &#8211; Budapest, 1932. febru\u00e1r 10.)<\/strong><\/p>\n<p style=\"text-align: justify\">D\u00e9k\u00e1n: 1926\/27<\/p>\n<p style=\"text-align: justify\">Orvosi tanulm\u00e1nyait Budapesten v\u00e9gezte, oklevelet 1892. janu\u00e1r 23-\u00e1n kapott. Mag\u00e1ntan\u00e1ri k\u00e9pes\u00edt\u00e9s\u00e9t 1899-ben szerezte meg az \u00e1ltal\u00e1nos sz\u00f6vettan \u00e9s sz\u00f6vettani m\u00f3dszerek t\u00e1rgyk\u00f6r\u00e9ben. Ek\u00f6zben az Iparm\u0171v\u00e9szeti Iskol\u00e1ban \u00e9s a Mintarajziskol\u00e1ban m\u0171v\u00e9szeti anat\u00f3mi\u00e1t oktatott. Egyik els\u0151, jelent\u0151s munk\u00e1ja, a M\u0171v\u00e9szeti boncol\u00e1stan (1900) is ebben a t\u00e9mak\u00f6rben mozgott. 1906-ban c\u00edmzetes rendk\u00edv\u00fcli tan\u00e1r lett, majd 1911. janu\u00e1r 11-\u00e9n egyetemi tan\u00e1ri kinevez\u00e9st kapott a II. sz. Anat\u00f3miai Int\u00e9zet \u00e9l\u00e9re, ahol el\u0151dj\u00e9t, Thanhoffer Lajost m\u00e1r kor\u00e1bban is helyettes\u00edtette annak betegs\u00e9ge idej\u00e9n. Tanulm\u00e1nyait magyarul \u00e9s n\u00e9met\u00fcl tette k\u00f6zz\u00e9, a legels\u0151t m\u00e9g re\u00e1liskolai tanul\u00f3 kor\u00e1ban. F\u0151k\u00e9nt sz\u00f6vettani vizsg\u00e1latokkal foglalkozott. Kutat\u00e1sokat v\u00e9gzett a sejth\u00e1rtya k\u00e9rd\u00e9s\u00e9ben, valamint a Sertoli-f\u00e9le sejtek m\u0171k\u00f6d\u00e9s\u00e9nek tiszt\u00e1z\u00e1sa \u00e9rdek\u00e9ben. Az \u00e1ltala \u00f6ssze\u00e1ll\u00edtott sz\u00f6vettani fix\u00e1l\u00f3 folyad\u00e9k jelenleg is haszn\u00e1latos. Sajt\u00f3 al\u00e1 rendezte Toldt hatk\u00f6tetes boncol\u00e1stani atlasz\u00e1t, mely magyarul 1912-ben jelent meg. Szeretett feles\u00e9g\u00e9nek elveszt\u00e9se elviselhetetlen csap\u00e1st m\u00e9rt r\u00e1. 1930-ban nyug\u00e1llom\u00e1nyba vonult, majd 1932-ben a hal\u00e1lba menek\u00fclt.<\/p>\n<p style=\"text-align: justify\">(F\u0151bb munk\u00e1i: \u00d6sszen\u00f6vesztett \u00e1llatok. In. Term.tud. K\u00f6zl. Bp., 1898.; Az ikrek keletkez\u00e9s\u00e9r\u0151l. In: Term.tud. K\u00f6zl. Bp., 1899.; Az emberi test sz\u00e9ps\u00e9geir\u0151l. Bp., 1900.; M\u0171v\u00e9szeti bonczol\u00e1stan az emberi test form\u00e1inak ismertet\u00e9se. M\u0171v\u00e9szek \u00e9s a m\u0171v\u00e9szet ir\u00e1nt \u00e9rdekl\u0151d\u0151k sz\u00e1m\u00e1ra. Bp., 1900.; Die Entstehung der Chromosomen, Evolution oder Epignese? Berlin &#8211; Wien, 1907.; Az emberboncol\u00e1s tank\u00f6nyve. Bp., 1919.)<\/p>\n<p><a href=\"https:\/\/semmelweis.hu\/baratikor\/files\/2022\/07\/178_21.jpg\"><img loading=\"lazy\" decoding=\"async\" class=\"alignleft size-full wp-image-978\" src=\"https:\/\/semmelweis.hu\/baratikor\/files\/2022\/07\/178_21.jpg\" alt=\"\" width=\"283\" height=\"355\" \/><\/a><\/p>\n","protected":false},"excerpt":{"rendered":"<p>( <a href=\"https:\/\/semmelweis.hu\/baratikor\/files\/2022\/07\/178_11.jpg\"><\/a> \u00c9lesd, 1868. m\u00e1rcius 25. &#8211; Budapest, 1932. febru\u00e1r 10.) D\u00e9k\u00e1n: 1926\/27 Orvosi tanulm\u00e1nyait Budapesten v\u00e9gezte, oklevelet 1892. janu\u00e1r 23-\u00e1n kapott. Mag\u00e1ntan\u00e1ri k\u00e9pes\u00edt\u00e9s\u00e9t 1899-ben szerezte meg az \u00e1ltal\u00e1nos sz\u00f6vettan \u00e9s sz\u00f6vettani m\u00f3dszerek t\u00e1rgyk\u00f6r\u00e9ben. Ek\u00f6zben az Iparm\u0171v\u00e9szeti Iskol\u00e1ban \u00e9s a Mintarajziskol\u00e1ban m\u0171v\u00e9szeti anat\u00f3mi\u00e1t oktatott. Egyik els\u0151, jelent\u0151s munk\u00e1ja, a M\u0171v\u00e9szeti boncol\u00e1stan (1900) is ebben a t\u00e9mak\u00f6rben &hellip;<\/p>\n","protected":false},"author":282,"featured_media":977,"parent":347,"menu_order":0,"comment_status":"closed","ping_status":"closed","template":"template-fullwidth.php","meta":{"_acf_changed":false,"footnotes":""},"categories":[6,20,77,81,14],"tags":[],"class_list":["post-976","page","type-page","status-publish","has-post-thumbnail","hentry","category-dekanok","category-dekanok-karok-szerint","category-kegyeleti-adattar","category-orvosi-kar-dekanjai","category-teljes-nevlista"],"acf":[],"_links":{"self":[{"href":"https:\/\/semmelweis.hu\/baratikor\/wp-json\/wp\/v2\/pages\/976","targetHints":{"allow":["GET"]}}],"collection":[{"href":"https:\/\/semmelweis.hu\/baratikor\/wp-json\/wp\/v2\/pages"}],"about":[{"href":"https:\/\/semmelweis.hu\/baratikor\/wp-json\/wp\/v2\/types\/page"}],"author":[{"embeddable":true,"href":"https:\/\/semmelweis.hu\/baratikor\/wp-json\/wp\/v2\/users\/282"}],"replies":[{"embeddable":true,"href":"https:\/\/semmelweis.hu\/baratikor\/wp-json\/wp\/v2\/comments?post=976"}],"version-history":[{"count":1,"href":"https:\/\/semmelweis.hu\/baratikor\/wp-json\/wp\/v2\/pages\/976\/revisions"}],"predecessor-version":[{"id":979,"href":"https:\/\/semmelweis.hu\/baratikor\/wp-json\/wp\/v2\/pages\/976\/revisions\/979"}],"up":[{"embeddable":true,"href":"https:\/\/semmelweis.hu\/baratikor\/wp-json\/wp\/v2\/pages\/347"}],"wp:featuredmedia":[{"embeddable":true,"href":"https:\/\/semmelweis.hu\/baratikor\/wp-json\/wp\/v2\/media\/977"}],"wp:attachment":[{"href":"https:\/\/semmelweis.hu\/baratikor\/wp-json\/wp\/v2\/media?parent=976"}],"wp:term":[{"taxonomy":"category","embeddable":true,"href":"https:\/\/semmelweis.hu\/baratikor\/wp-json\/wp\/v2\/categories?post=976"},{"taxonomy":"post_tag","embeddable":true,"href":"https:\/\/semmelweis.hu\/baratikor\/wp-json\/wp\/v2\/tags?post=976"}],"curies":[{"name":"wp","href":"https:\/\/api.w.org\/{rel}","templated":true}]}}