{"id":965,"date":"2022-07-14T08:37:35","date_gmt":"2022-07-14T06:37:35","guid":{"rendered":"https:\/\/semmelweis.hu\/baratikor\/?page_id=965"},"modified":"2023-01-09T11:22:58","modified_gmt":"2023-01-09T10:22:58","slug":"ketly-laszlo-br","status":"publish","type":"page","link":"https:\/\/semmelweis.hu\/baratikor\/galeria\/teljes-nevlista\/ketly-laszlo-br\/","title":{"rendered":"K\u00e9tly L\u00e1szl\u00f3, br."},"content":{"rendered":"<p style=\"text-align: justify\"><strong><a href=\"https:\/\/semmelweis.hu\/baratikor\/files\/2022\/07\/180_11.jpg\"><img loading=\"lazy\" decoding=\"async\" class=\"alignleft size-full wp-image-966\" src=\"https:\/\/semmelweis.hu\/baratikor\/files\/2022\/07\/180_11.jpg\" alt=\"\" width=\"295\" height=\"370\" \/><\/a>K\u00e9tly L\u00e1szl\u00f3, br., csurg\u00f3i b\u00e1r\u00f3 (Budapest, 1873. m\u00e1jus 27. \u2013 Budapest, 1936. szeptember 4.)<\/strong><\/p>\n<p style=\"text-align: justify\">D\u00e9k\u00e1n: 1927\/28 &#8211; 1928\/29<\/p>\n<p style=\"text-align: justify\">\u00c9desapja, K\u00e9tly K\u00e1roly a belgy\u00f3gy\u00e1szat professzora volt a budapesti Orvoskaron. Medikus kor\u00e1ban az \u00e9lettani \u00e9s a k\u00f3rbonctani int\u00e9zetekben dolgozott. Orvosi oklevel\u00e9t 1895. szeptember 28-\u00e1n Budapesten szerezte, majd \u00e9desapja klinik\u00e1j\u00e1ra (II. sz. Belgy\u00f3gy\u00e1szati Klinika) ker\u00fclt. 1896-1897 sor\u00e1n hosszabb nyugat-eur\u00f3pai tanulm\u00e1nyutat tett. Megfordult Strassburgban, Naunyn professzor klinik\u00e1j\u00e1n belgy\u00f3gy\u00e1szatot \u00e9s \u00e9let- \u00e9s k\u00f3rvegytant tanult, majd P\u00e1rizsban Raymond, Marie, Dieulafoy, Potain \u00e9s Dejerin professzorok mellett tanult, v\u00e9g\u00fcl Berlinben is m\u0171k\u00f6d\u00f6tt. Hazat\u00e9r\u00e9se ut\u00e1n vezet\u0151 tan\u00e1rseg\u00e9d lett a II. sz. Belklinik\u00e1n. 1904-ben mag\u00e1ntan\u00e1ri k\u00e9pes\u00edt\u00e9st nyert a belgy\u00f3gy\u00e1szati diagnosztika \u00e9s vizsg\u00e1l\u00f3 m\u00f3dszerei t\u00e1rgyk\u00f6rben. 1910-ben rendk\u00edv\u00fcli, 1912-ben nyilv\u00e1nos rendk\u00edv\u00fcli tan\u00e1r lett, s ebb\u00e9li min\u0151s\u00e9g\u00e9ben helyettesk\u00e9nt 2 \u00e9ven \u00e1t vezette az I. sz. Belgy\u00f3gy\u00e1szati Klinik\u00e1t. 1914. m\u00e1rcius 30-\u00e1n kapott nyilv\u00e1nos rendes tan\u00e1ri kinevez\u00e9st. Ugyanekkor jelent meg \u201eA belgy\u00f3gy\u00e1szati diagnostika\u201d c\u00edm\u0171 tank\u00f6nyve, melyet nem csak itthon, de k\u00fclf\u00f6ld\u00f6n is haszn\u00e1ltak. Az I. vil\u00e1gh\u00e1bor\u00fa kit\u00f6r\u00e9sekor a Ludovika Akad\u00e9mia k\u00f3rh\u00e1z\u00e1nak vezet\u0151je lett. 1919-ben, a Tan\u00e1csk\u00f6zt\u00e1rsas\u00e1g idej\u00e9n a kommunist\u00e1kkal szembeni ellenszenve miatt elt\u00e1vol\u00edtott\u00e1k \u00e1ll\u00e1s\u00e1b\u00f3l, de \u0151sszel visszaker\u00fclt az I. sz. Belklinik\u00e1ra, melyet \u00fajj\u00e1szervezett. 1922-ben nevezt\u00e9k ki a II. sz. Belklinika igazgat\u00f3j\u00e1v\u00e1, ahol hal\u00e1l\u00e1ig m\u0171k\u00f6d\u00f6tt. 1927\/28-t\u00f3l k\u00e9t tan\u00e9ven \u00e1t volt az orvoskar d\u00e9k\u00e1nja.<\/p>\n<p style=\"text-align: justify\">(F\u0151bb munk\u00e1i: Magyar orvosi vademecum 2. k\u00f6tet. Bp., 1902.; A belgy\u00f3gy\u00e1szati diagnostika \u00e9s vizsg\u00e1l\u00f3 m\u00f3dszerek k\u00e9zik\u00f6nyve. Bp. 1914.; A typhus abdominalis \u00e9s a paratyphusok. Bp. 1919.)<\/p>\n<p><a href=\"https:\/\/semmelweis.hu\/baratikor\/files\/2022\/07\/180_21.jpg\"><img loading=\"lazy\" decoding=\"async\" class=\"alignleft size-full wp-image-967\" src=\"https:\/\/semmelweis.hu\/baratikor\/files\/2022\/07\/180_21.jpg\" alt=\"\" width=\"283\" height=\"376\" \/><\/a><\/p>\n","protected":false},"excerpt":{"rendered":"<p><a href=\"https:\/\/semmelweis.hu\/baratikor\/files\/2022\/07\/180_11.jpg\"><\/a> K\u00e9tly L\u00e1szl\u00f3, br., csurg\u00f3i b\u00e1r\u00f3 (Budapest, 1873. m\u00e1jus 27. \u2013 Budapest, 1936. szeptember 4.) D\u00e9k\u00e1n: 1927\/28 &#8211; 1928\/29 \u00c9desapja, K\u00e9tly K\u00e1roly a belgy\u00f3gy\u00e1szat professzora volt a budapesti Orvoskaron. Medikus kor\u00e1ban az \u00e9lettani \u00e9s a k\u00f3rbonctani int\u00e9zetekben dolgozott. Orvosi oklevel\u00e9t 1895. szeptember 28-\u00e1n Budapesten szerezte, majd \u00e9desapja klinik\u00e1j\u00e1ra (II. sz. Belgy\u00f3gy\u00e1szati Klinika) ker\u00fclt. 1896-1897 sor\u00e1n hosszabb &hellip;<\/p>\n","protected":false},"author":282,"featured_media":966,"parent":347,"menu_order":0,"comment_status":"closed","ping_status":"closed","template":"template-fullwidth.php","meta":{"_acf_changed":false,"footnotes":""},"categories":[6,20,77,81,14],"tags":[],"class_list":["post-965","page","type-page","status-publish","has-post-thumbnail","hentry","category-dekanok","category-dekanok-karok-szerint","category-kegyeleti-adattar","category-orvosi-kar-dekanjai","category-teljes-nevlista"],"acf":[],"_links":{"self":[{"href":"https:\/\/semmelweis.hu\/baratikor\/wp-json\/wp\/v2\/pages\/965","targetHints":{"allow":["GET"]}}],"collection":[{"href":"https:\/\/semmelweis.hu\/baratikor\/wp-json\/wp\/v2\/pages"}],"about":[{"href":"https:\/\/semmelweis.hu\/baratikor\/wp-json\/wp\/v2\/types\/page"}],"author":[{"embeddable":true,"href":"https:\/\/semmelweis.hu\/baratikor\/wp-json\/wp\/v2\/users\/282"}],"replies":[{"embeddable":true,"href":"https:\/\/semmelweis.hu\/baratikor\/wp-json\/wp\/v2\/comments?post=965"}],"version-history":[{"count":3,"href":"https:\/\/semmelweis.hu\/baratikor\/wp-json\/wp\/v2\/pages\/965\/revisions"}],"predecessor-version":[{"id":1936,"href":"https:\/\/semmelweis.hu\/baratikor\/wp-json\/wp\/v2\/pages\/965\/revisions\/1936"}],"up":[{"embeddable":true,"href":"https:\/\/semmelweis.hu\/baratikor\/wp-json\/wp\/v2\/pages\/347"}],"wp:featuredmedia":[{"embeddable":true,"href":"https:\/\/semmelweis.hu\/baratikor\/wp-json\/wp\/v2\/media\/966"}],"wp:attachment":[{"href":"https:\/\/semmelweis.hu\/baratikor\/wp-json\/wp\/v2\/media?parent=965"}],"wp:term":[{"taxonomy":"category","embeddable":true,"href":"https:\/\/semmelweis.hu\/baratikor\/wp-json\/wp\/v2\/categories?post=965"},{"taxonomy":"post_tag","embeddable":true,"href":"https:\/\/semmelweis.hu\/baratikor\/wp-json\/wp\/v2\/tags?post=965"}],"curies":[{"name":"wp","href":"https:\/\/api.w.org\/{rel}","templated":true}]}}