{"id":952,"date":"2022-07-13T12:28:44","date_gmt":"2022-07-13T10:28:44","guid":{"rendered":"https:\/\/semmelweis.hu\/baratikor\/?page_id=952"},"modified":"2023-01-09T11:34:30","modified_gmt":"2023-01-09T10:34:30","slug":"szabo-jozsef","status":"publish","type":"page","link":"https:\/\/semmelweis.hu\/baratikor\/galeria\/teljes-nevlista\/szabo-jozsef\/","title":{"rendered":"Szab\u00f3 J\u00f3zsef"},"content":{"rendered":"<p style=\"text-align: justify\"><strong><a href=\"https:\/\/semmelweis.hu\/baratikor\/files\/2022\/07\/143_11.jpg\"><img loading=\"lazy\" decoding=\"async\" class=\"alignleft size-full wp-image-953\" src=\"https:\/\/semmelweis.hu\/baratikor\/files\/2022\/07\/143_11.jpg\" alt=\"\" width=\"295\" height=\"370\" \/><\/a>(Budapest, 1874. augusztus 30. &#8211; Budapest, 1937. m\u00e1jus 17.)<\/strong><\/p>\n<p style=\"text-align: justify\">D\u00e9k\u00e1n: 1931\/32 &#8211; 1932\/33<\/p>\n<p style=\"text-align: justify\">Szer\u00e9ny k\u00f6r\u00fclm\u00e9nyek k\u00f6z\u00f6tt \u00e9l\u0151 \u00e9rtelmis\u00e9gi csal\u00e1db\u00f3l sz\u00e1rmazott, \u00e9desapja tan\u00e1r volt. 1892-ben iratkozott be a budapesti Orvostudom\u00e1nyi Karra. M\u00e9g medikusk\u00e9nt ker\u00fclt az \u00c9lettani Int\u00e9zetbe, ahol egy sz\u00f6vettani t\u00e1rgy\u00fa dolgozat\u00e1val Jendrassik-f\u00e9le jutalomd\u00edjat nyert. 1896-ban hosszabb tanulm\u00e1nyutat tett Ausztria, N\u00e9metorsz\u00e1g, Hollandia \u00e9s Belgium \u00e9lettani int\u00e9zeteiben. 1897. szeptember 21-\u00e9n avatt\u00e1k orvosdoktorr\u00e1. 1898-ban \u00c1rk\u00f6vy J\u00f3zsef h\u00edv\u00e1s\u00e1ra a fog\u00e1szati klinik\u00e1ra szeg\u0151d\u00f6tt d\u00edjas gyakornokk\u00e9nt. 1899-ben Berlinben k\u00e9pezte tov\u00e1bb mag\u00e1t. 1906-ban mag\u00e1ntan\u00e1ri k\u00e9pes\u00edt\u00e9st szerzett a fog\u00e1szati m\u0171t\u00e9ttan t\u00e1rgyk\u00f6r\u00e9ben. 1914-ben a Poliklinika fog\u00e1szati oszt\u00e1ly\u00e1nak vezet\u0151 f\u0151orvosa lett, ahol Salamon Henrik seg\u00edts\u00e9g\u00e9vel fogorvosk\u00e9pz\u0151 tanfolyamot szervezett. Az I. vil\u00e1gh\u00e1bor\u00fa alatt n\u00e9pfelkel\u0151 katonaorvosk\u00e9nt teljes\u00edtett szolg\u00e1latot V\u00f6r\u00f6skereszt k\u00f3rh\u00e1zak speci\u00e1lis oszt\u00e1lyain. A h\u00e1bor\u00fa ut\u00e1n \u00c1rk\u00f6vy visszavonul\u00e1sakor helyettes\u00edtette \u0151t a Stomatol\u00f3giai Klinika \u00e9l\u00e9n. 1921-ben nyert nyilv\u00e1nos rendes tan\u00e1ri kinevez\u00e9st. Kutat\u00e1sai f\u0151k\u00e9nt a fog\u00e1szati \u00e9lettanra, a gy\u00f6k\u00e9rt\u00f6m\u00e9sek bakteriol\u00f3gi\u00e1j\u00e1ra \u00e9s a sz\u00e1jseb\u00e9szetre ir\u00e1nyultak. Iskolateremt\u0151 tan\u00e1regy\u00e9nis\u00e9g volt, olyan tan\u00edtv\u00e1nyokkal, mint M\u00e1th\u00e9 D\u00e9nes, Morelli Guszt\u00e1v, Balogh K\u00e1roly. 3500 k\u00f6tetes szakk\u00f6nyvt\u00e1r\u00e1t klinik\u00e1j\u00e1nak adom\u00e1nyozta. 1922-ben az Orsz\u00e1gos K\u00f6zeg\u00e9szs\u00e9g\u00fcgyi Tan\u00e1cs rendk\u00edv\u00fcli, illetve az Igazs\u00e1g\u00fcgyi Orvosi Tan\u00e1cs rendes tagj\u00e1v\u00e1 lett. 1929\/30-ban az Orvostudom\u00e1nyi Kar jegyz\u0151i tiszt\u00e9t l\u00e1tta el, 1930\/31-ben a kar Klinikai Bizotts\u00e1g\u00e1nak eln\u00f6ke, illetve k\u00e9t tan\u00e9ven \u00e1t d\u00e9k\u00e1nja volt. 1932-ben a Szent Istv\u00e1n Akad\u00e9mia rendes tagj\u00e1ul v\u00e1lasztotta. Tagja volt sz\u00e1mos k\u00fclf\u00f6ldi (francia, belga, n\u00e9met, amerikai, angol stb.) fogorvost\u00e1rsas\u00e1gnak, \u00e9s a Journal of Dental Research szerkeszt\u0151bizotts\u00e1g\u00e1nak. 1929-1931 k\u00f6z\u00f6tt az Association Stomatologique Internationale eln\u00f6ki tiszt\u00e9t t\u00f6lt\u00f6tte be. Ekk\u00e9nt volt eln\u00f6ke a Budapesten rendezett nemzetk\u00f6zi fogorvos kongresszusnak 1931-ben. Kit\u00fcntet\u00e9sei: a V\u00f6r\u00f6s Kereszt hadi\u00e9k\u00edtm\u00e9nyes II. oszt\u00e1ly\u00fa d\u00edszjelv\u00e9nye (1916), Arany Szolg\u00e1lati Kereszt a koron\u00e1val (1917), II. oszt\u00e1ly\u00fa polg\u00e1ri hadi \u00e9rdemkereszt (1918), olasz koronarend tiszti keresztje (1929), valamint parancsnoki keresztje.<\/p>\n<p style=\"text-align: justify\">(F\u0151bb munk\u00e1i: Gyakorlati fog\u00e1szat. Bp., 1914.; Odontoiatria practica. Milano, 1928.; Odontologia practica. Barcelona, 1933.; A sz\u00e1j \u00e9s \u00e1llcsontok dent\u00e1lis betegs\u00e9geinek seb\u00e9szete. Bp. 1936.)<\/p>\n","protected":false},"excerpt":{"rendered":"<p><a href=\"https:\/\/semmelweis.hu\/baratikor\/files\/2022\/07\/143_11.jpg\"><\/a> (Budapest, 1874. augusztus 30. &#8211; Budapest, 1937. m\u00e1jus 17.) D\u00e9k\u00e1n: 1931\/32 &#8211; 1932\/33 Szer\u00e9ny k\u00f6r\u00fclm\u00e9nyek k\u00f6z\u00f6tt \u00e9l\u0151 \u00e9rtelmis\u00e9gi csal\u00e1db\u00f3l sz\u00e1rmazott, \u00e9desapja tan\u00e1r volt. 1892-ben iratkozott be a budapesti Orvostudom\u00e1nyi Karra. M\u00e9g medikusk\u00e9nt ker\u00fclt az \u00c9lettani Int\u00e9zetbe, ahol egy sz\u00f6vettani t\u00e1rgy\u00fa dolgozat\u00e1val Jendrassik-f\u00e9le jutalomd\u00edjat nyert. 1896-ban hosszabb tanulm\u00e1nyutat tett Ausztria, N\u00e9metorsz\u00e1g, Hollandia \u00e9s Belgium \u00e9lettani int\u00e9zeteiben. &hellip;<\/p>\n","protected":false},"author":282,"featured_media":953,"parent":347,"menu_order":0,"comment_status":"closed","ping_status":"closed","template":"template-fullwidth.php","meta":{"_acf_changed":false,"footnotes":""},"categories":[6,20,77,81,14],"tags":[],"class_list":["post-952","page","type-page","status-publish","has-post-thumbnail","hentry","category-dekanok","category-dekanok-karok-szerint","category-kegyeleti-adattar","category-orvosi-kar-dekanjai","category-teljes-nevlista"],"acf":[],"_links":{"self":[{"href":"https:\/\/semmelweis.hu\/baratikor\/wp-json\/wp\/v2\/pages\/952","targetHints":{"allow":["GET"]}}],"collection":[{"href":"https:\/\/semmelweis.hu\/baratikor\/wp-json\/wp\/v2\/pages"}],"about":[{"href":"https:\/\/semmelweis.hu\/baratikor\/wp-json\/wp\/v2\/types\/page"}],"author":[{"embeddable":true,"href":"https:\/\/semmelweis.hu\/baratikor\/wp-json\/wp\/v2\/users\/282"}],"replies":[{"embeddable":true,"href":"https:\/\/semmelweis.hu\/baratikor\/wp-json\/wp\/v2\/comments?post=952"}],"version-history":[{"count":1,"href":"https:\/\/semmelweis.hu\/baratikor\/wp-json\/wp\/v2\/pages\/952\/revisions"}],"predecessor-version":[{"id":954,"href":"https:\/\/semmelweis.hu\/baratikor\/wp-json\/wp\/v2\/pages\/952\/revisions\/954"}],"up":[{"embeddable":true,"href":"https:\/\/semmelweis.hu\/baratikor\/wp-json\/wp\/v2\/pages\/347"}],"wp:featuredmedia":[{"embeddable":true,"href":"https:\/\/semmelweis.hu\/baratikor\/wp-json\/wp\/v2\/media\/953"}],"wp:attachment":[{"href":"https:\/\/semmelweis.hu\/baratikor\/wp-json\/wp\/v2\/media?parent=952"}],"wp:term":[{"taxonomy":"category","embeddable":true,"href":"https:\/\/semmelweis.hu\/baratikor\/wp-json\/wp\/v2\/categories?post=952"},{"taxonomy":"post_tag","embeddable":true,"href":"https:\/\/semmelweis.hu\/baratikor\/wp-json\/wp\/v2\/tags?post=952"}],"curies":[{"name":"wp","href":"https:\/\/api.w.org\/{rel}","templated":true}]}}