{"id":949,"date":"2022-07-13T12:26:36","date_gmt":"2022-07-13T10:26:36","guid":{"rendered":"https:\/\/semmelweis.hu\/baratikor\/?page_id=949"},"modified":"2023-01-09T11:11:27","modified_gmt":"2023-01-09T10:11:27","slug":"balogh-erno","status":"publish","type":"page","link":"https:\/\/semmelweis.hu\/baratikor\/galeria\/teljes-nevlista\/balogh-erno\/","title":{"rendered":"Balogh Ern\u0151"},"content":{"rendered":"<p style=\"text-align: justify\"><strong><a href=\"https:\/\/semmelweis.hu\/baratikor\/files\/2022\/07\/138_11.jpg\"><img loading=\"lazy\" decoding=\"async\" class=\"alignleft size-full wp-image-950\" src=\"https:\/\/semmelweis.hu\/baratikor\/files\/2022\/07\/138_11.jpg\" alt=\"\" width=\"295\" height=\"370\" \/><\/a>(Nagyszalonta, 1890. augusztus 11. &#8211; Budapest, 1964. november 24.)<\/strong><\/p>\n<p style=\"text-align: justify\">D\u00e9k\u00e1n: 1933\/34 &#8211; 1934\/35<\/p>\n<p style=\"text-align: justify\">Orvosi diplom\u00e1j\u00e1t Budapesten kapta 1913. december 2-\u00e1n. Ezut\u00e1n az I. sz. K\u00f3rbonctani Int\u00e9zet tan\u00e1rseg\u00e9dje, majd adjunktusa lett. 1923-ban mag\u00e1ntan\u00e1ri k\u00e9pes\u00edt\u00e9st szerzett a fert\u0151z\u0151 betegs\u00e9gek k\u00f3rbonctana t\u00e1rgyk\u00f6r\u00e9ben. 1924\/25-ben \u00e1llami \u00f6szt\u00f6nd\u00edjjal az Egyes\u00fclt \u00c1llamokban tanult. 1925-t\u0151l Szegeden a k\u00f3rbonctan rendk\u00edv\u00fcli tan\u00e1rak\u00e9nt, majd 1926-t\u00f3l nyilv\u00e1nos rendes tan\u00e1rak\u00e9nt m\u0171k\u00f6d\u00f6tt. 1927-ben visszat\u00e9rt Budapestre a II. sz. K\u00f3rbonctani Int\u00e9zet \u00e9l\u00e9re, nyilv\u00e1nos rendes tan\u00e1rk\u00e9nt. 1934-t\u0151l az int\u00e9zete kebel\u00e9ben fel\u00e1ll\u00edtott k\u00eds\u00e9rleti r\u00e1kkutat\u00f3 int\u00e9zet igazgat\u00f3 professzora lett. Id\u0151k\u00f6zben ell\u00e1tta a kari k\u00f6nyvt\u00e1r tan\u00e1r-eln\u00f6ki tiszt\u00e9t is. 1942. m\u00e1jus 15-\u00e9n az Akad\u00e9mia levelez\u0151 tagj\u00e1v\u00e1 v\u00e1lasztotta. 1945-ben \u00e1ll\u00e1s\u00e1b\u00f3l elt\u00e1vol\u00edtott\u00e1k, az onkol\u00f3giai int\u00e9zetben beosztott orvosk\u00e9nt dolgozhatott 1950-ig. Az Akad\u00e9mia 1949. okt\u00f3ber 31-\u00e9n tan\u00e1cskoz\u00f3 tagg\u00e1 min\u0151s\u00edtette vissza. Levelez\u0151 tags\u00e1g\u00e1t csak 1989. m\u00e1jus 9-\u00e9n \u00e1ll\u00edtott\u00e1k vissza. 1950-ben patol\u00f3gus f\u0151orvosi \u00e1ll\u00e1st kapott a Heim P\u00e1l Gyermekk\u00f3rh\u00e1zban, ahol hal\u00e1l\u00e1ig m\u0171k\u00f6d\u00f6tt. Nemzetk\u00f6zileg elismert r\u00e1kkutat\u00f3 volt, de foglalkozott a fert\u0151z\u0151 \u00e9s parazit\u00e1k okozta betegs\u00e9gek k\u00f3rbonctan\u00e1val vagy az oxig\u00e9nhi\u00e1ny k\u00f6vetkezt\u00e9ben fell\u00e9p\u0151 sz\u00f6veti elv\u00e1ltoz\u00e1sokkal, a magass\u00e1gi kollapszussal \u00e9s a t\u00fcd\u0151art\u00e9ri\u00e1k z\u00e1r\u00f3berendez\u00e9seivel is.<\/p>\n<p style=\"text-align: justify\">(F\u0151bb munk\u00e1i: Sz\u00f6veti elv\u00e1ltoz\u00e1sok biol\u00f3giai fel\u00e9rt\u00e9kel\u00e9se fert\u0151z\u0151 betegs\u00e9gekben. Szeged, 1926.; G\u00fcm\u0151k\u00f3rosok gennykelt\u0151 bacteriumos t\u00e1rsfert\u0151z\u00e9seir\u0151l. In: Orvosk\u00e9pz\u00e9s, 1927.; A r\u00e1k \u00e9s g\u00fcm\u0151k\u00f3r egyes hat\u00e1rk\u00e9rd\u00e9seir\u0151l. In: Orvosk\u00e9pz\u00e9s, 1930.; A sugaras kezel\u00e9s hat\u00e1sa a r\u00e1k sz\u00f6veti szerkezet\u00e9re. In: M. Orvosi Arch\u00edvum, 1930.; A szervezet term\u00e9szetes ellen\u00e1ll\u00e1s\u00e1nak vizsg\u00e1lata heveny fert\u0151z\u00e9sekkel szemben. In: A M. Pathologiai T\u00e1rsas\u00e1g nagygy\u0171l\u00e9si munk\u00e1latai. Bp. 1932.; A k\u00eds\u00e9rleti r\u00e1kkutat\u00e1s tanuls\u00e1gai a klinikus sz\u00e1m\u00e1ra. In: Orvosk\u00e9pz\u00e9s, 1935.; Sejtek, sz\u00f6vetek k\u00f3ros alaki t\u00fcnem\u00e9nyeit szeml\u00e9ltet\u0151 \u00fajabb biofizikai m\u00f3dszerek. In: Orvosk\u00e9pz\u00e9s, 1939.; \u00c1ltal\u00e1nos g\u00fcm\u0151k\u00f3ros fert\u0151z\u00e9s el\u0151id\u00e9z\u00e9se k\u00fcl\u00f6n\u00f6sen resistens \u00e1llatokban. In: A M. Pathol\u00f3giai T\u00e1rs. munk\u00e1latai. Bp., 1941.; A t\u00fcd\u0151beli els\u0151dleges r\u00e1kok k\u00f3rbonctani \u00e9s k\u00eds\u00e9rleti k\u00f3rtani gyakorlati tanuls\u00e1ga. Bp., 1941.; A fert\u0151z\u00e9s megered\u00e9s\u00e9nek k\u00eds\u00e9rletekben szeml\u00e9ltethet\u0151 elemi sz\u00f6vet\u00e9lettani alapfelt\u00e9teleir\u0151l. In: Mathematikai \u00e9s Term\u00e9szettud. \u00c9rt. 1942.)<\/p>\n","protected":false},"excerpt":{"rendered":"<p><a href=\"https:\/\/semmelweis.hu\/baratikor\/files\/2022\/07\/138_11.jpg\"><\/a> (Nagyszalonta, 1890. augusztus 11. &#8211; Budapest, 1964. november 24.) D\u00e9k\u00e1n: 1933\/34 &#8211; 1934\/35 Orvosi diplom\u00e1j\u00e1t Budapesten kapta 1913. december 2-\u00e1n. Ezut\u00e1n az I. sz. K\u00f3rbonctani Int\u00e9zet tan\u00e1rseg\u00e9dje, majd adjunktusa lett. 1923-ban mag\u00e1ntan\u00e1ri k\u00e9pes\u00edt\u00e9st szerzett a fert\u0151z\u0151 betegs\u00e9gek k\u00f3rbonctana t\u00e1rgyk\u00f6r\u00e9ben. 1924\/25-ben \u00e1llami \u00f6szt\u00f6nd\u00edjjal az Egyes\u00fclt \u00c1llamokban tanult. 1925-t\u0151l Szegeden a k\u00f3rbonctan rendk\u00edv\u00fcli tan\u00e1rak\u00e9nt, majd 1926-t\u00f3l nyilv\u00e1nos &hellip;<\/p>\n","protected":false},"author":282,"featured_media":950,"parent":347,"menu_order":0,"comment_status":"closed","ping_status":"closed","template":"template-fullwidth.php","meta":{"_acf_changed":false,"footnotes":""},"categories":[6,20,77,81,14],"tags":[],"class_list":["post-949","page","type-page","status-publish","has-post-thumbnail","hentry","category-dekanok","category-dekanok-karok-szerint","category-kegyeleti-adattar","category-orvosi-kar-dekanjai","category-teljes-nevlista"],"acf":[],"_links":{"self":[{"href":"https:\/\/semmelweis.hu\/baratikor\/wp-json\/wp\/v2\/pages\/949","targetHints":{"allow":["GET"]}}],"collection":[{"href":"https:\/\/semmelweis.hu\/baratikor\/wp-json\/wp\/v2\/pages"}],"about":[{"href":"https:\/\/semmelweis.hu\/baratikor\/wp-json\/wp\/v2\/types\/page"}],"author":[{"embeddable":true,"href":"https:\/\/semmelweis.hu\/baratikor\/wp-json\/wp\/v2\/users\/282"}],"replies":[{"embeddable":true,"href":"https:\/\/semmelweis.hu\/baratikor\/wp-json\/wp\/v2\/comments?post=949"}],"version-history":[{"count":1,"href":"https:\/\/semmelweis.hu\/baratikor\/wp-json\/wp\/v2\/pages\/949\/revisions"}],"predecessor-version":[{"id":951,"href":"https:\/\/semmelweis.hu\/baratikor\/wp-json\/wp\/v2\/pages\/949\/revisions\/951"}],"up":[{"embeddable":true,"href":"https:\/\/semmelweis.hu\/baratikor\/wp-json\/wp\/v2\/pages\/347"}],"wp:featuredmedia":[{"embeddable":true,"href":"https:\/\/semmelweis.hu\/baratikor\/wp-json\/wp\/v2\/media\/950"}],"wp:attachment":[{"href":"https:\/\/semmelweis.hu\/baratikor\/wp-json\/wp\/v2\/media?parent=949"}],"wp:term":[{"taxonomy":"category","embeddable":true,"href":"https:\/\/semmelweis.hu\/baratikor\/wp-json\/wp\/v2\/categories?post=949"},{"taxonomy":"post_tag","embeddable":true,"href":"https:\/\/semmelweis.hu\/baratikor\/wp-json\/wp\/v2\/tags?post=949"}],"curies":[{"name":"wp","href":"https:\/\/api.w.org\/{rel}","templated":true}]}}