{"id":944,"date":"2022-07-13T12:23:46","date_gmt":"2022-07-13T10:23:46","guid":{"rendered":"https:\/\/semmelweis.hu\/baratikor\/?page_id=944"},"modified":"2023-07-11T08:43:20","modified_gmt":"2023-07-11T06:43:20","slug":"kenyeres-balazs","status":"publish","type":"page","link":"https:\/\/semmelweis.hu\/baratikor\/galeria\/teljes-nevlista\/kenyeres-balazs\/","title":{"rendered":"Kenyeres Bal\u00e1zs"},"content":{"rendered":"<p style=\"text-align: justify\"><strong><a href=\"https:\/\/semmelweis.hu\/baratikor\/galeria\/teljes-nevlista\/kenyeres-balazs\/kenyeres-balazs-1\/\" rel=\"attachment wp-att-1889\"><img loading=\"lazy\" decoding=\"async\" class=\"alignleft size-medium wp-image-1889\" src=\"https:\/\/semmelweis.hu\/baratikor\/files\/2023\/01\/Kenyeres-Balazs-1-311x400.jpg\" alt=\"\" width=\"311\" height=\"400\" srcset=\"https:\/\/semmelweis.hu\/baratikor\/files\/2023\/01\/Kenyeres-Balazs-1-311x400.jpg 311w, https:\/\/semmelweis.hu\/baratikor\/files\/2023\/01\/Kenyeres-Balazs-1-768x987.jpg 768w, https:\/\/semmelweis.hu\/baratikor\/files\/2023\/01\/Kenyeres-Balazs-1-753x968.jpg 753w, https:\/\/semmelweis.hu\/baratikor\/files\/2023\/01\/Kenyeres-Balazs-1.jpg 778w\" sizes=\"auto, (max-width: 311px) 100vw, 311px\" \/><\/a> (Brass\u00f3, 1865. febru\u00e1r 21. &#8211; Budapest, 1940. febru\u00e1r 10.)<\/strong><\/p>\n<p style=\"text-align: justify\"><strong>Tansz\u00e9k: <\/strong>T\u00f6rv\u00e9nysz\u00e9ki Orvostani Int\u00e9zet 1915-1935.<\/p>\n<p style=\"text-align: justify\"><strong>Viselt egyetemi m\u00e9lt\u00f3s\u00e1g: <\/strong>d\u00e9k\u00e1n 1919\/20-1921\/22, rektor 1934\/35.<\/p>\n<p style=\"text-align: justify\">K\u00f6z\u00e9piskol\u00e1it Brass\u00f3ban, orvosi tanulm\u00e1nyait Budapesten v\u00e9gezte, ahol 1888. december 15-\u00e9n avatt\u00e1k orvosdoktorr\u00e1. M\u00e9g ebben az \u00e9vben gyakornok, k\u00e9s\u0151bb m\u00e1sodik, illetve els\u0151 tan\u00e1rseg\u00e9d lett a T\u00f6rv\u00e9nysz\u00e9ki Orvostani Int\u00e9zetn\u00e9l. 1892-t\u0151l a f\u0151v\u00e1rosi rend\u0151rs\u00e9g rend\u0151rorvosa volt. 1894-ben nyert mag\u00e1ntan\u00e1ri k\u00e9pes\u00edt\u00e9st a t\u00f6rv\u00e9nysz\u00e9ki orvostani vizsg\u00e1lati m\u00f3dszerek t\u00e1rgyk\u00f6r\u00e9b\u0151l. 1895-ben nyilv\u00e1nos rendk\u00edv\u00fcli, a k\u00f6vetkez\u0151 \u00e9vt\u0151l nyilv\u00e1nos rendes tan\u00e1ri kinevez\u00e9st kapott a kolozsv\u00e1ri Ferenc J\u00f3zsef Tudom\u00e1nyegyetemre. H\u00e1rom \u00edzben (1897\/98, 1904\/05, 1911\/12) d\u00e9k\u00e1ni, 1913\/14-ben rektori, a r\u00e1k\u00f6vetkez\u0151 tan\u00e9vben prorektori tiszts\u00e9get is viselt. Egyetemi munk\u00e1ja mellett ell\u00e1tta a kolozsv\u00e1ri t\u00f6rv\u00e9nysz\u00e9k orvos szak\u00e9rt\u0151i feladatait is. 1915-ben h\u00edvt\u00e1k vissza a budapesti egyetemre, ahol nyugalomba vonul\u00e1s\u00e1ig (1935) vezette a T\u00f6rv\u00e9nysz\u00e9ki Orvostani Int\u00e9zetet. Emellett orvos szak\u00e9rt\u0151je volt a budapesti \u00e9s Pest vid\u00e9ki t\u00f6rv\u00e9nysz\u00e9knek. Akt\u00edv k\u00f6z\u00e9leti szerepet v\u00e1llalt a kereszt\u00e9ny-nemzeti politikai kurzus oldal\u00e1n. 1922-1935 k\u00f6z\u00f6tt igazgat\u00f3tan\u00e1csi eln\u00f6ke volt a Horthy Mikl\u00f3s Koll\u00e9giumnak, a Turul Sz\u00f6vets\u00e9gben pedig els\u0151 magiszteri tiszts\u00e9get t\u00f6lt\u00f6tt be. 1918. m\u00e1jus 2-\u00e1t\u00f3l az MTA levelez\u0151, 1935. m\u00e1jus 16-\u00e1t\u00f3l rendes tagja. 1927-ben Balassa J\u00e1nos d\u00edjjal ismert\u00e9k el munk\u00e1ss\u00e1g\u00e1t. 1928-ban alap\u00edt\u00f3 tagja volt a Magyar T\u00f6rv\u00e9nysz\u00e9ki Orvosok T\u00e1rsulat\u00e1nak. 1929-t\u0151l rendes tagja volt a Szent Istv\u00e1n Akad\u00e9mi\u00e1nak. 1935-t\u0151l eln\u00f6ke, majd d\u00edszeln\u00f6ke volt a Magyar Orvosok Nemzeti Egyes\u00fclet\u00e9nek. R\u00e9szt vett tov\u00e1bb\u00e1 az Igazs\u00e1g\u00fcgyi Miniszt\u00e9riumhoz kapcsol\u00f3d\u00f3 Igazs\u00e1g\u00fcgyi Orvosi Tan\u00e1cs \u00e9s T\u00f6rv\u00e9nysz\u00e9ki Orvosi Vizsg\u00e1l\u00f3 Bizotts\u00e1g munk\u00e1j\u00e1ban. 1937-t\u0151l a Leopoldina N\u00e9met Term\u00e9szettudom\u00e1nyos Akad\u00e9mia tagja, valamint a N\u00e9met Igazs\u00e1g\u00fcgyi Orvosi T\u00e1rsas\u00e1g (Deutsche Gesellschaft f\u00fcr Gerichtliche Medizin) tiszteleti tagja, valamint a Turul Bajt\u00e1rsi Sz\u00f6vets\u00e9g els\u0151 magistere volt. Nev\u00e9hez f\u0171z\u0151dik a r\u00f6ntgenvizsg\u00e1latok bevezet\u00e9se a t\u00f6rv\u00e9nysz\u00e9ki orvostani gyakorlatba. Az <a href=\"http:\/\/hu.wikipedia.org\/w\/index.php?title=Igazs%C3%A1g%C3%BCgyi_orvostan&amp;action=edit&amp;redlink=1\">igazs\u00e1g\u00fcgyi orvostan<\/a>on bel\u00fcl a <a href=\"http:\/\/hu.wikipedia.org\/w\/index.php?title=Sz%C3%B6vettan&amp;action=edit&amp;redlink=1\">sz\u00f6vettan<\/a> kiemelked\u0151 jelent\u0151s\u00e9g\u0171 m\u0171vel\u0151je volt. Behat\u00f3an foglalkozott az emberi \u00e9s \u00e1llati <a href=\"http:\/\/hu.wikipedia.org\/wiki\/Csont\">csontok<\/a> mikroszkopikus szint\u0171 elk\u00fcl\u00f6n\u00edt\u00e9s\u00e9nek problematik\u00e1j\u00e1val, a l\u00f6v\u00e9si s\u00e9r\u00fcl\u00e9sek, a l\u00f6ved\u00e9k okozta <a href=\"http:\/\/hu.wikipedia.org\/wiki\/Izom\">izom<\/a>&#8211; \u00e9s <a href=\"http:\/\/hu.wikipedia.org\/wiki\/K%C3%B6t%C5%91sz%C3%B6vet\">k\u00f6t\u0151sz\u00f6veti<\/a> roncsol\u00f3d\u00e1s <a href=\"http:\/\/hu.wikipedia.org\/wiki\/Morfol%C3%B3gia_%28biol%C3%B3gia%29\">morfol\u00f3giai<\/a> vizsg\u00e1lat\u00e1val, a testfel\u00fcleti <a href=\"http:\/\/hu.wikipedia.org\/wiki\/L%C5%91por\">l\u0151por<\/a>-szennyez\u0151d\u00e9s kimutat\u00e1s\u00e1val. Egyetemi tan\u00e1ri munk\u00e1ss\u00e1g\u00e1val hozz\u00e1j\u00e1rult a t\u00f6rv\u00e9nysz\u00e9kiorvos-szakk\u00e9pz\u00e9s magyarorsz\u00e1gi alapjainak lefektet\u00e9s\u00e9hez. K\u00e9t tan\u00e9ven \u00e1t orvoskari d\u00e9k\u00e1n (1920\/21, 1921\/22), majd 1934\/35-ben, az egyetem 300 \u00e9ves \u00fcnnepe \u00e9v\u00e9ben rektor volt. P\u00e1lyafut\u00e1sa sor\u00e1n megkapta a II. oszt. Magyar \u00c9rdemkeresztet a csillaggal.<\/p>\n<p style=\"text-align: justify\"><strong>F\u0151bb munk\u00e1i:<\/strong> Az orvosi ment\u00e9s k\u00e9zik\u00f6nyve (t\u00f6bbekkel). Bp. 1891.; A t\u00f6rv\u00e9nysz\u00e9ki orvostan halad\u00e1sa. In: A gyakorlati orvostan halad\u00e1sa. Bp. 1894.; Megfigyel\u00e9si mint\u00e1k orvosszak\u00e9rt\u0151i jegyz\u0151k\u00f6nyvek szerkeszt\u00e9s\u00e9hez jegyz\u0151k\u00f6nyvek szerkeszt\u00e9s\u00e9hez. Bp. 1896.; Az orvosszak\u00e9rt\u0151i m\u0171k\u00f6d\u00e9s k\u00f6r\u00fcl el\u0151fordul\u00f3 hib\u00e1k, azok forr\u00e1sa \u00e9s orvosl\u00e1suk eszk\u00f6zei. In: Erd\u00e9lyr\u00e9szi Jogi K\u00f6zl\u00f6ny, 1908.; T\u00f6rv\u00e9nysz\u00e9ki orvostan I-III. Bp. 1909-11.; Az \u00f6ncsonk\u00edt\u00e1sr\u00f3l. Kolozsv\u00e1r, 1914.; Az orvos-term\u00e9szettudom\u00e1nyok a b\u00fcntetend\u0151 cselekm\u00e9nyek nyomoz\u00e1s\u00e1ban. Kolozsv\u00e1r, 1914.; L\u0151fegyverekkel okozott \u00e9s egy\u00e9b s\u00e9r\u00fcl\u00e9sek k\u00f6r\u00fcl v\u00e9gzett \u00fajabb vizsg\u00e1latokr\u00f3l. Gy\u00f3gy\u00e1szat, 1915.; Hal\u00e1lesetek tiszt\u00e1z\u00e1sa nyomoz\u00e1s \u00e9s vizsg\u00e1lat ut\u00e1n. In: Rend, 1925., A t\u00f6rv\u00e9nysz\u00e9ki orvostan feladatai \u00e9s teljes\u00edthet\u0151s\u00e9g\u00fck felt\u00e9telei. Bp. 1925.; A t\u00f6rv\u00e9nysz\u00e9ki orvostan tank\u00f6nyve I-II. Bp. 1925-26.; Az orvos szerepe az igazs\u00e1gszolg\u00e1ltat\u00e1sban. Bp. 1925.; Szemelv\u00e9nyek egy meg nem \u00edrt napl\u00f3b\u00f3l. Bp. 1933.; Sachliche Beweisung bei der Kl\u00e4rung von Todesf\u00e4llen. Berlin-Leipzig, 1935.<\/p>\n<p><a href=\"https:\/\/semmelweis.hu\/baratikor\/galeria\/teljes-nevlista\/kenyeres-balazs\/kenyeres-balazs-1935-ben\/\" rel=\"attachment wp-att-1888\"><img loading=\"lazy\" decoding=\"async\" class=\"alignleft size-medium wp-image-1888\" src=\"https:\/\/semmelweis.hu\/baratikor\/files\/2023\/01\/Kenyeres-Balazs-1935-ben-400x302.jpg\" alt=\"\" width=\"400\" height=\"302\" srcset=\"https:\/\/semmelweis.hu\/baratikor\/files\/2023\/01\/Kenyeres-Balazs-1935-ben-400x302.jpg 400w, https:\/\/semmelweis.hu\/baratikor\/files\/2023\/01\/Kenyeres-Balazs-1935-ben-768x581.jpg 768w, https:\/\/semmelweis.hu\/baratikor\/files\/2023\/01\/Kenyeres-Balazs-1935-ben-753x569.jpg 753w, https:\/\/semmelweis.hu\/baratikor\/files\/2023\/01\/Kenyeres-Balazs-1935-ben.jpg 1000w\" sizes=\"auto, (max-width: 400px) 100vw, 400px\" \/><\/a> <a href=\"https:\/\/semmelweis.hu\/baratikor\/galeria\/teljes-nevlista\/kenyeres-balazs\/kenyeres-balazs-3\/\" rel=\"attachment wp-att-1887\"><img loading=\"lazy\" decoding=\"async\" class=\"alignleft size-medium wp-image-1887\" src=\"https:\/\/semmelweis.hu\/baratikor\/files\/2023\/01\/Kenyeres-Balazs-3.-354x400.jpg\" alt=\"\" width=\"354\" height=\"400\" srcset=\"https:\/\/semmelweis.hu\/baratikor\/files\/2023\/01\/Kenyeres-Balazs-3.-354x400.jpg 354w, https:\/\/semmelweis.hu\/baratikor\/files\/2023\/01\/Kenyeres-Balazs-3.-768x867.jpg 768w, https:\/\/semmelweis.hu\/baratikor\/files\/2023\/01\/Kenyeres-Balazs-3.-753x850.jpg 753w, https:\/\/semmelweis.hu\/baratikor\/files\/2023\/01\/Kenyeres-Balazs-3..jpg 886w\" sizes=\"auto, (max-width: 354px) 100vw, 354px\" \/><\/a> <a href=\"https:\/\/semmelweis.hu\/baratikor\/galeria\/teljes-nevlista\/kenyeres-balazs\/kenyeres-balazs-sirja-fiumei-ut\/\" rel=\"attachment wp-att-1886\"><img loading=\"lazy\" decoding=\"async\" class=\"alignleft size-medium wp-image-1886\" src=\"https:\/\/semmelweis.hu\/baratikor\/files\/2023\/01\/Kenyeres-Balazs-sirja-Fiumei-ut-267x400.jpg\" alt=\"\" width=\"267\" height=\"400\" srcset=\"https:\/\/semmelweis.hu\/baratikor\/files\/2023\/01\/Kenyeres-Balazs-sirja-Fiumei-ut-267x400.jpg 267w, https:\/\/semmelweis.hu\/baratikor\/files\/2023\/01\/Kenyeres-Balazs-sirja-Fiumei-ut.jpg 667w\" sizes=\"auto, (max-width: 267px) 100vw, 267px\" \/><\/a><\/p>\n","protected":false},"excerpt":{"rendered":"<p><a href=\"https:\/\/semmelweis.hu\/baratikor\/galeria\/teljes-nevlista\/kenyeres-balazs\/kenyeres-balazs-1\/\" rel=\"attachment wp-att-1889\"><\/a> (Brass\u00f3, 1865. febru\u00e1r 21. &#8211; Budapest, 1940. febru\u00e1r 10.) Tansz\u00e9k: T\u00f6rv\u00e9nysz\u00e9ki Orvostani Int\u00e9zet 1915-1935. Viselt egyetemi m\u00e9lt\u00f3s\u00e1g: d\u00e9k\u00e1n 1919\/20-1921\/22, rektor 1934\/35. K\u00f6z\u00e9piskol\u00e1it Brass\u00f3ban, orvosi tanulm\u00e1nyait Budapesten v\u00e9gezte, ahol 1888. december 15-\u00e9n avatt\u00e1k orvosdoktorr\u00e1. M\u00e9g ebben az \u00e9vben gyakornok, k\u00e9s\u0151bb m\u00e1sodik, illetve els\u0151 tan\u00e1rseg\u00e9d lett a T\u00f6rv\u00e9nysz\u00e9ki Orvostani Int\u00e9zetn\u00e9l. 1892-t\u0151l a f\u0151v\u00e1rosi rend\u0151rs\u00e9g rend\u0151rorvosa volt. 1894-ben &hellip;<\/p>\n","protected":false},"author":282,"featured_media":4948,"parent":347,"menu_order":0,"comment_status":"closed","ping_status":"closed","template":"template-fullwidth.php","meta":{"_acf_changed":false,"footnotes":""},"categories":[6,20,77,81,5,14],"tags":[],"class_list":["post-944","page","type-page","status-publish","has-post-thumbnail","hentry","category-dekanok","category-dekanok-karok-szerint","category-kegyeleti-adattar","category-orvosi-kar-dekanjai","category-rektorok","category-teljes-nevlista"],"acf":[],"_links":{"self":[{"href":"https:\/\/semmelweis.hu\/baratikor\/wp-json\/wp\/v2\/pages\/944","targetHints":{"allow":["GET"]}}],"collection":[{"href":"https:\/\/semmelweis.hu\/baratikor\/wp-json\/wp\/v2\/pages"}],"about":[{"href":"https:\/\/semmelweis.hu\/baratikor\/wp-json\/wp\/v2\/types\/page"}],"author":[{"embeddable":true,"href":"https:\/\/semmelweis.hu\/baratikor\/wp-json\/wp\/v2\/users\/282"}],"replies":[{"embeddable":true,"href":"https:\/\/semmelweis.hu\/baratikor\/wp-json\/wp\/v2\/comments?post=944"}],"version-history":[{"count":4,"href":"https:\/\/semmelweis.hu\/baratikor\/wp-json\/wp\/v2\/pages\/944\/revisions"}],"predecessor-version":[{"id":1892,"href":"https:\/\/semmelweis.hu\/baratikor\/wp-json\/wp\/v2\/pages\/944\/revisions\/1892"}],"up":[{"embeddable":true,"href":"https:\/\/semmelweis.hu\/baratikor\/wp-json\/wp\/v2\/pages\/347"}],"wp:featuredmedia":[{"embeddable":true,"href":"https:\/\/semmelweis.hu\/baratikor\/wp-json\/wp\/v2\/media\/4948"}],"wp:attachment":[{"href":"https:\/\/semmelweis.hu\/baratikor\/wp-json\/wp\/v2\/media?parent=944"}],"wp:term":[{"taxonomy":"category","embeddable":true,"href":"https:\/\/semmelweis.hu\/baratikor\/wp-json\/wp\/v2\/categories?post=944"},{"taxonomy":"post_tag","embeddable":true,"href":"https:\/\/semmelweis.hu\/baratikor\/wp-json\/wp\/v2\/tags?post=944"}],"curies":[{"name":"wp","href":"https:\/\/api.w.org\/{rel}","templated":true}]}}