{"id":939,"date":"2022-07-13T12:20:02","date_gmt":"2022-07-13T10:20:02","guid":{"rendered":"https:\/\/semmelweis.hu\/baratikor\/?page_id=939"},"modified":"2023-01-09T11:14:09","modified_gmt":"2023-01-09T10:14:09","slug":"daranyi-gyula","status":"publish","type":"page","link":"https:\/\/semmelweis.hu\/baratikor\/galeria\/teljes-nevlista\/daranyi-gyula\/","title":{"rendered":"Dar\u00e1nyi Gyula"},"content":{"rendered":"<p style=\"text-align: justify\"><strong><a href=\"https:\/\/semmelweis.hu\/baratikor\/files\/2022\/07\/183_11.jpg\"><img loading=\"lazy\" decoding=\"async\" class=\"alignleft size-full wp-image-940\" src=\"https:\/\/semmelweis.hu\/baratikor\/files\/2022\/07\/183_11.jpg\" alt=\"\" width=\"283\" height=\"391\" \/><\/a>pusztaszentgy\u00f6rgyi \u00e9s tet\u00e9tleni (Budapest, 1888. janu\u00e1r 9. &#8211; Budapest, 1958. janu\u00e1r 12.)<\/strong><\/p>\n<p style=\"text-align: justify\">D\u00e9k\u00e1n: 1934\/35 &#8211; 1936\/37<\/p>\n<p style=\"text-align: justify\">A politikus \u00e9s minisztereln\u00f6k Dar\u00e1nyi K\u00e1lm\u00e1n testv\u00e9r\u00f6ccse. Orvosi tanulm\u00e1nyait Genfben, M\u00fcnchenben, Kielben \u00e9s Berlinben \u00e9s Budapesten v\u00e9gezte. Oklevelet Budapesten szerzett 1912. okt\u00f3ber 26-\u00e1n. Az I. vil\u00e1gh\u00e1bor\u00fa ut\u00e1n az \u00c1llami Bakteriol\u00f3giai Int\u00e9zet f\u0151bakteriol\u00f3gusa, majd az Erzs\u00e9bet V\u00f6r\u00f6skereszt K\u00f3rh\u00e1z laborat\u00f3riumi f\u0151orvosa lett. 1924-ben a budapesti Orvoskaron a szerol\u00f3gia \u00e9s immunit\u00e1stan t\u00e1rgyk\u00f6r\u00e9ben mag\u00e1ntan\u00e1ri habilit\u00e1ci\u00f3t szerzett. 1928-ban a szegedi egyetem k\u00f6zeg\u00e9szs\u00e9gtan tan\u00e1ra lett, majd 1931 \u00e9s 1946 k\u00f6z\u00f6tt a budapesti egyetemen l\u00e1tta el ugyanezt a feladatot, igazgatta a K\u00f6zeg\u00e9szs\u00e9gtani Int\u00e9zetet. Vezet\u00e9se alatt az int\u00e9zetben a bakteriol\u00f3giai \u00e9s a k\u00e9miai ir\u00e1nyzat er\u0151s\u00f6d\u00f6tt fel, amely az int\u00e9zeti munk\u00e1ban m\u00e1r team jelleget \u00f6lt\u00f6tt. Egyetemi munk\u00e1ss\u00e1g\u00e1nak f\u0151 elv\u00e9t maga is megfogalmazta: &#8222;Minden t\u00e9nyked\u00e9semben a zsin\u00f3rm\u00e9rt\u00e9k az volt, hogy szolg\u00e1lja-e a kar \u00e9rdekeit.&#8221; Oktat\u00f3 tev\u00e9kenys\u00e9ge mellett \u00e9l\u00e9nk kapcsolatot tartott a nemzetk\u00f6zi tudom\u00e1nyos \u00e9lettel. Sz\u00e1mos kongresszuson k\u00e9pviselte az egyetemet. Idegen nyelven is sokat publik\u00e1lt. K\u00f6nyvt\u00e1rgyarap\u00edt\u00f3 tev\u00e9kenys\u00e9ge is figyelemre m\u00e9lt\u00f3. D\u00e9k\u00e1nk\u00e9nt r\u00e9szt vett az orvosk\u00e9pz\u00e9s reformj\u00e1nak el\u0151k\u00e9sz\u00edt\u00e9s\u00e9ben. Bizotts\u00e1g el\u0151tti felv\u00e9telt ind\u00edtv\u00e1nyozott. Szorgalmazta a vizsgarend megszor\u00edt\u00e1s\u00e1t. Javasolta, hogy a hallgat\u00f3k a k\u00f6zeg\u00e9szs\u00e9gtan szigorlat el\u0151tt egy h\u00f3napot t\u00f6ltsenek eg\u00e9szs\u00e9gv\u00e9delmi int\u00e9zetben. Tev\u00e9kenys\u00e9g\u00e9t \u00e9s szeml\u00e9let\u00e9t j\u00f3l t\u00fckr\u00f6zi a higi\u00e9n\u00e9n bel\u00fcli szakososod\u00e1st k\u00f6vet\u0151, a k\u00f6zeg\u00e9szs\u00e9gtan szinte minden ter\u00fclet\u00e9t magas sz\u00ednvonalon t\u00e1rgyal\u00f3 tank\u00f6nyve, amelyet Fodor J\u00f3zsef &#8222;a nagy hygienikus, dics\u0151 tansz\u00e9ki el\u0151d&#8221; eml\u00e9k\u00e9nek aj\u00e1nlott. Munk\u00e1ss\u00e1ga kiterjedt a v\u00e9r kolloidlabilit\u00e1s\u00e1nak a jelent\u0151s\u00e9g\u00e9re, a staphylococcusok patogenit\u00e1s\u00e1nak a vizsg\u00e1lat\u00e1ra, a tbc k\u00f3rokoz\u00f3j\u00e1nak a kimutat\u00e1s\u00e1ra stb. Jelent\u0151s eredm\u00e9nyeket \u00e9rt el az iv\u00f3vizekben jelen l\u00e9v\u0151 bakt\u00e9riumok kimutat\u00e1sa, a fert\u0151z\u0151 betegs\u00e9gek kemoter\u00e1pi\u00e1s kezel\u00e9se, illetve a bakt\u00e9riumok termorezisztenci\u00e1j\u00e1nak a vizsg\u00e1lata ter\u00fclet\u00e9n. 1928-1944 k\u00f6z\u00f6tt az Eg\u00e9szs\u00e9g c. lap szerkeszt\u0151je volt. Kiterjedt eg\u00e9szs\u00e9g\u00fcgyi felvil\u00e1gos\u00edt\u00f3 tev\u00e9kenys\u00e9get v\u00e9gzett. V\u00e9rcsoportkutat\u00e1sok c\u00e9ljaira int\u00e9zet\u00e9ben 1934-ben \u00f6r\u00f6kl\u00e9si \u00e9s eug\u00e9niai oszt\u00e1lyt l\u00e9tes\u00edtett s f\u0151k\u00e9nt ikerkutat\u00e1ssal foglalkozott. E vizsg\u00e1latai \u2013 j\u00f3llehet a v\u00e9rcsoportok, a komplementk\u00f6t\u00e9si pr\u00f3b\u00e1k, a sz\u00e9rum\u00f6sszfeh\u00e9rj\u00e9k mennyis\u00e9ge, a kolloidlabilit\u00e1si pr\u00f3b\u00e1k a 15 pontban meghat\u00e1rozott egy\u00e9b \u00f6r\u00f6kl\u00e9stani diagnosztikai elj\u00e1r\u00e1sok \u00e9rt\u00e9keivel egybevetve figyelemrem\u00e9lt\u00f3 eredm\u00e9nyeket szolg\u00e1ltattak \u2013 az ellene koholt v\u00e1dak szerint az \u00fagynevezett \u201efajbiol\u00f3gia\u201d \u00e9rdekeit is szolg\u00e1lt\u00e1k, s ez\u00e9rt Dar\u00e1nyit 1945-ben nyugd\u00edjazt\u00e1k. Val\u00f3j\u00e1ban az \u00faj politikai kurzusban nem volt helye a Horthy-korszak politikai elitj\u00e9hez csal\u00e1di sz\u00e1lon is szorosan k\u00f6t\u0151d\u0151 professzornak. 1946-t\u00f3l a Szakszervezeti T\u00e1rsadalombiztos\u00edt\u00e1si K\u00f6zpont rendel\u0151int\u00e9zet\u00e9ben dolgozhatott. K\u00e9t tan\u00e9ven \u00e1t volt a budapesti Orvoskar d\u00e9k\u00e1nja.<\/p>\n<p style=\"text-align: justify\">(F\u0151bb munk\u00e1i: Eine Reaction der Kolloidlabilit\u00e4t des Serums. In: Deutsche Med. Wochenschrift, 1922.; Die Anwesenheit von Hydrophilen Kolloiden im Trinkwasser. Deutsche Med. Wochenschrift, 1925.; \u00d6sszegy\u0171jt\u00f6tt tanulm\u00e1nyai a gennykelt\u0151 staphylococcusokr\u00f3l In: Orv. Arch., 1926.; A hygiene-k\u00e9pz\u00e9s reformja. Bp., 1934.; A tuberculosis epidemol\u00f3gi\u00e1ja I\u2013II. k\u00f6t., Bp., 1934.; Az orvosk\u00e9pz\u00e9s reformja Bp., 1937.; K\u00f6zeg\u00e9szs\u00e9gtan I\u2013IV. k\u00f6t., Bp., 1939-1942.; \u00c9lelmez\u00e9si t\u00e1bl\u00e1zatok. Bp., 1941.; T\u00e1pl\u00e1lkoz\u00e1si n\u00e9p\u00e9lelmez\u00e9si t\u00e1bl\u00e1zatok. Bp., 1941.; Hogyan \u00f3vjuk meg eg\u00e9szs\u00e9g\u00fcnket? Bp., 1942.; Az iskolaorvos k\u00e9zik\u00f6nyve. 2. kiad., Bp., 1942.)<\/p>\n<p><a href=\"https:\/\/semmelweis.hu\/baratikor\/files\/2022\/07\/183_21.jpg\"><img loading=\"lazy\" decoding=\"async\" class=\"alignleft size-full wp-image-941\" src=\"https:\/\/semmelweis.hu\/baratikor\/files\/2022\/07\/183_21.jpg\" alt=\"\" width=\"283\" height=\"319\" \/><\/a><a href=\"https:\/\/semmelweis.hu\/baratikor\/files\/2022\/07\/183_31.jpg\"><img loading=\"lazy\" decoding=\"async\" class=\"alignleft size-full wp-image-942\" src=\"https:\/\/semmelweis.hu\/baratikor\/files\/2022\/07\/183_31.jpg\" alt=\"\" width=\"283\" height=\"283\" srcset=\"https:\/\/semmelweis.hu\/baratikor\/files\/2022\/07\/183_31.jpg 283w, https:\/\/semmelweis.hu\/baratikor\/files\/2022\/07\/183_31-150x150.jpg 150w\" sizes=\"auto, (max-width: 283px) 100vw, 283px\" \/><\/a><\/p>\n","protected":false},"excerpt":{"rendered":"<p><a href=\"https:\/\/semmelweis.hu\/baratikor\/files\/2022\/07\/183_11.jpg\"><\/a> pusztaszentgy\u00f6rgyi \u00e9s tet\u00e9tleni (Budapest, 1888. janu\u00e1r 9. &#8211; Budapest, 1958. janu\u00e1r 12.) D\u00e9k\u00e1n: 1934\/35 &#8211; 1936\/37 A politikus \u00e9s minisztereln\u00f6k Dar\u00e1nyi K\u00e1lm\u00e1n testv\u00e9r\u00f6ccse. Orvosi tanulm\u00e1nyait Genfben, M\u00fcnchenben, Kielben \u00e9s Berlinben \u00e9s Budapesten v\u00e9gezte. Oklevelet Budapesten szerzett 1912. okt\u00f3ber 26-\u00e1n. Az I. vil\u00e1gh\u00e1bor\u00fa ut\u00e1n az \u00c1llami Bakteriol\u00f3giai Int\u00e9zet f\u0151bakteriol\u00f3gusa, majd az Erzs\u00e9bet V\u00f6r\u00f6skereszt K\u00f3rh\u00e1z laborat\u00f3riumi f\u0151orvosa &hellip;<\/p>\n","protected":false},"author":282,"featured_media":940,"parent":347,"menu_order":0,"comment_status":"closed","ping_status":"closed","template":"template-fullwidth.php","meta":{"_acf_changed":false,"footnotes":""},"categories":[6,20,77,81,14],"tags":[],"class_list":["post-939","page","type-page","status-publish","has-post-thumbnail","hentry","category-dekanok","category-dekanok-karok-szerint","category-kegyeleti-adattar","category-orvosi-kar-dekanjai","category-teljes-nevlista"],"acf":[],"_links":{"self":[{"href":"https:\/\/semmelweis.hu\/baratikor\/wp-json\/wp\/v2\/pages\/939","targetHints":{"allow":["GET"]}}],"collection":[{"href":"https:\/\/semmelweis.hu\/baratikor\/wp-json\/wp\/v2\/pages"}],"about":[{"href":"https:\/\/semmelweis.hu\/baratikor\/wp-json\/wp\/v2\/types\/page"}],"author":[{"embeddable":true,"href":"https:\/\/semmelweis.hu\/baratikor\/wp-json\/wp\/v2\/users\/282"}],"replies":[{"embeddable":true,"href":"https:\/\/semmelweis.hu\/baratikor\/wp-json\/wp\/v2\/comments?post=939"}],"version-history":[{"count":1,"href":"https:\/\/semmelweis.hu\/baratikor\/wp-json\/wp\/v2\/pages\/939\/revisions"}],"predecessor-version":[{"id":943,"href":"https:\/\/semmelweis.hu\/baratikor\/wp-json\/wp\/v2\/pages\/939\/revisions\/943"}],"up":[{"embeddable":true,"href":"https:\/\/semmelweis.hu\/baratikor\/wp-json\/wp\/v2\/pages\/347"}],"wp:featuredmedia":[{"embeddable":true,"href":"https:\/\/semmelweis.hu\/baratikor\/wp-json\/wp\/v2\/media\/940"}],"wp:attachment":[{"href":"https:\/\/semmelweis.hu\/baratikor\/wp-json\/wp\/v2\/media?parent=939"}],"wp:term":[{"taxonomy":"category","embeddable":true,"href":"https:\/\/semmelweis.hu\/baratikor\/wp-json\/wp\/v2\/categories?post=939"},{"taxonomy":"post_tag","embeddable":true,"href":"https:\/\/semmelweis.hu\/baratikor\/wp-json\/wp\/v2\/tags?post=939"}],"curies":[{"name":"wp","href":"https:\/\/api.w.org\/{rel}","templated":true}]}}