{"id":931,"date":"2022-07-13T12:11:28","date_gmt":"2022-07-13T10:11:28","guid":{"rendered":"https:\/\/semmelweis.hu\/baratikor\/?page_id=931"},"modified":"2023-01-09T11:34:34","modified_gmt":"2023-01-09T10:34:34","slug":"verebely-tibor","status":"publish","type":"page","link":"https:\/\/semmelweis.hu\/baratikor\/galeria\/teljes-nevlista\/verebely-tibor\/","title":{"rendered":"Vereb\u00e9ly Tibor"},"content":{"rendered":"<p style=\"text-align: justify\"><strong><a href=\"https:\/\/semmelweis.hu\/baratikor\/files\/2022\/07\/046_11.jpg\"><img loading=\"lazy\" decoding=\"async\" class=\"alignleft wp-image-932 size-full\" src=\"https:\/\/semmelweis.hu\/baratikor\/files\/2022\/07\/046_11.jpg\" alt=\"\" width=\"295\" height=\"369\" \/><\/a>(Budapest, 1875 &#8211; Budapest, 1941)<\/strong><\/p>\n<p style=\"text-align: justify\">Tanulm\u00e1nyait Budapesten v\u00e9gezte, 1900-ban sub auspiciis regis avatt\u00e1k doktorr\u00e1. Ezut\u00e1n a k\u00f3rbonctani tansz\u00e9ken m\u0171k\u00f6d\u00f6tt, majd k\u00f3rh\u00e1zi k\u00f3rboncnok f\u0151orvos, a seb\u00e9szeti tansz\u00e9k tan\u00e1rseg\u00e9de, illetve adjunktusa. 1906-ban a Stef\u00e1nia-k\u00f3rh\u00e1z f\u0151orvosa lett. 1907-ben szerzett mag\u00e1ntan\u00e1ri k\u00e9pes\u00edt\u00e9st a fert\u0151z\u00e9ses seb\u00e9szeti betegs\u00e9gek tan\u00e1b\u00f3l. 1913-ban rendk\u00edv\u00fcli, 1914-ben egyetemi nyilv\u00e1nos rendes tan\u00e1ri kinevez\u00e9st kapott. Ezzel egy\u00fctt az \u00fajonnan alakult III. sz. Seb\u00e9szeti Klinika vezet\u00e9s\u00e9t is \u00e1tvette, ahonnan 1919-ben az I. sz. Seb\u00e9szeti Klinika \u00e9l\u00e9re ker\u00fclt. 1922-t\u0151l az MTA levelez\u0151, 1935-t\u0151l rendes tagja. 1939-t\u0151l az egyetem k\u00e9pviselet\u00e9ben fels\u0151h\u00e1zi tag volt. Tan\u00e1regy\u00e9nis\u00e9gk\u00e9nt jelent\u0151s iskol\u00e1t nevelt. 1938\/39-ben az egyetem rektori tiszts\u00e9g\u00e9t is ell\u00e1tta.<\/p>\n","protected":false},"excerpt":{"rendered":"<p><a href=\"https:\/\/semmelweis.hu\/baratikor\/files\/2022\/07\/046_11.jpg\"><\/a> (Budapest, 1875 &#8211; Budapest, 1941) Tanulm\u00e1nyait Budapesten v\u00e9gezte, 1900-ban sub auspiciis regis avatt\u00e1k doktorr\u00e1. Ezut\u00e1n a k\u00f3rbonctani tansz\u00e9ken m\u0171k\u00f6d\u00f6tt, majd k\u00f3rh\u00e1zi k\u00f3rboncnok f\u0151orvos, a seb\u00e9szeti tansz\u00e9k tan\u00e1rseg\u00e9de, illetve adjunktusa. 1906-ban a Stef\u00e1nia-k\u00f3rh\u00e1z f\u0151orvosa lett. 1907-ben szerzett mag\u00e1ntan\u00e1ri k\u00e9pes\u00edt\u00e9st a fert\u0151z\u00e9ses seb\u00e9szeti betegs\u00e9gek tan\u00e1b\u00f3l. 1913-ban rendk\u00edv\u00fcli, 1914-ben egyetemi nyilv\u00e1nos rendes tan\u00e1ri kinevez\u00e9st kapott. Ezzel egy\u00fctt az &hellip;<\/p>\n","protected":false},"author":282,"featured_media":932,"parent":347,"menu_order":0,"comment_status":"closed","ping_status":"closed","template":"template-fullwidth.php","meta":{"_acf_changed":false,"footnotes":""},"categories":[77,5,16,14],"tags":[],"class_list":["post-931","page","type-page","status-publish","has-post-thumbnail","hentry","category-kegyeleti-adattar","category-rektorok","category-tanszekvezetok","category-teljes-nevlista"],"acf":[],"_links":{"self":[{"href":"https:\/\/semmelweis.hu\/baratikor\/wp-json\/wp\/v2\/pages\/931","targetHints":{"allow":["GET"]}}],"collection":[{"href":"https:\/\/semmelweis.hu\/baratikor\/wp-json\/wp\/v2\/pages"}],"about":[{"href":"https:\/\/semmelweis.hu\/baratikor\/wp-json\/wp\/v2\/types\/page"}],"author":[{"embeddable":true,"href":"https:\/\/semmelweis.hu\/baratikor\/wp-json\/wp\/v2\/users\/282"}],"replies":[{"embeddable":true,"href":"https:\/\/semmelweis.hu\/baratikor\/wp-json\/wp\/v2\/comments?post=931"}],"version-history":[{"count":3,"href":"https:\/\/semmelweis.hu\/baratikor\/wp-json\/wp\/v2\/pages\/931\/revisions"}],"predecessor-version":[{"id":935,"href":"https:\/\/semmelweis.hu\/baratikor\/wp-json\/wp\/v2\/pages\/931\/revisions\/935"}],"up":[{"embeddable":true,"href":"https:\/\/semmelweis.hu\/baratikor\/wp-json\/wp\/v2\/pages\/347"}],"wp:featuredmedia":[{"embeddable":true,"href":"https:\/\/semmelweis.hu\/baratikor\/wp-json\/wp\/v2\/media\/932"}],"wp:attachment":[{"href":"https:\/\/semmelweis.hu\/baratikor\/wp-json\/wp\/v2\/media?parent=931"}],"wp:term":[{"taxonomy":"category","embeddable":true,"href":"https:\/\/semmelweis.hu\/baratikor\/wp-json\/wp\/v2\/categories?post=931"},{"taxonomy":"post_tag","embeddable":true,"href":"https:\/\/semmelweis.hu\/baratikor\/wp-json\/wp\/v2\/tags?post=931"}],"curies":[{"name":"wp","href":"https:\/\/api.w.org\/{rel}","templated":true}]}}