{"id":927,"date":"2022-07-13T12:09:26","date_gmt":"2022-07-13T10:09:26","guid":{"rendered":"https:\/\/semmelweis.hu\/baratikor\/?page_id=927"},"modified":"2023-10-12T11:44:55","modified_gmt":"2023-10-12T09:44:55","slug":"orsos-ferenc","status":"publish","type":"page","link":"https:\/\/semmelweis.hu\/baratikor\/galeria\/teljes-nevlista\/orsos-ferenc\/","title":{"rendered":"Ors\u00f3s Ferenc"},"content":{"rendered":"<p style=\"text-align: justify\"><a href=\"https:\/\/semmelweis.hu\/baratikor\/files\/2023\/07\/Orsos-Ferenc-1930-as-evek.jpg\"><img loading=\"lazy\" decoding=\"async\" class=\"alignleft size-medium wp-image-4876\" src=\"https:\/\/semmelweis.hu\/baratikor\/files\/2023\/07\/Orsos-Ferenc-1930-as-evek-289x400.jpg\" alt=\"\" width=\"289\" height=\"400\" srcset=\"https:\/\/semmelweis.hu\/baratikor\/files\/2023\/07\/Orsos-Ferenc-1930-as-evek-289x400.jpg 289w, https:\/\/semmelweis.hu\/baratikor\/files\/2023\/07\/Orsos-Ferenc-1930-as-evek.jpg 723w\" sizes=\"auto, (max-width: 289px) 100vw, 289px\" \/><\/a><strong>Ors\u00f3s Ferenc (Temesv\u00e1r, 1879. augusztus 22. &#8211; Mainz, 1962. j\u00falius 25.) <\/strong><\/p>\n<p style=\"text-align: justify\"><strong>Tansz\u00e9k: <\/strong>T\u00f6rv\u00e9nysz\u00e9ki Orvostani Int\u00e9zet 1935\/36 &#8211; 1944\/45.<\/p>\n<p style=\"text-align: justify\"><strong>Viselt egyetemi m\u00e9lt\u00f3s\u00e1g: <\/strong>d\u00e9k\u00e1n 1939\/40 &#8211; 1940\/41.<\/p>\n<p>II. vil\u00e1gh\u00e1bor\u00fas szerepv\u00e1llal\u00e1sa miatt m\u00e1ig vitatott figur\u00e1ja a magyar orvost\u00f6rt\u00e9netnek. Ehhez k\u00e9pest sz\u00e1mos pontatlan adat forog r\u00f3la k\u00f6zk\u00e9zen. Els\u0151k\u00e9nt mindj\u00e1rt a csal\u00e1d eredeti n\u00e9met neve, amely a lexikonokban olvashat\u00f3 Spindl helyett val\u00f3j\u00e1ban Spindler volt, amit nem \u0151 maga, hanem m\u00e9g nagyapja magyaros\u00edtott Ors\u00f3sra 1848-ban. Ett\u0151l kezdve hossz\u00fa ideig Orszosk\u00e9nt olvashatjuk a k\u00fcl\u00f6nb\u00f6z\u0151 anyak\u00f6nyvi kivonatokban. Orvosi tanulm\u00e1nyait Budapesten v\u00e9gezte, oklevelet 1903. december 24-\u00e9n szerzett. 1905 \u00e9s 1913 k\u00f6z\u00f6tt Kaposv\u00e1rott m\u0171k\u00f6d\u00f6tt k\u00f3rh\u00e1zi k\u00f3rboncnok f\u0151orvosk\u00e9nt. 1913-ban a budapesti Orvoskaron mag\u00e1ntan\u00e1ri habilit\u00e1ci\u00f3t szerzett a k\u00f3rbonctan t\u00e1rgyk\u00f6r\u00e9ben. 1914-ben bevonult, \u00e9s az orosz fronton harcolt. 1917-ben fogs\u00e1gba esett \u00e9s csak 1918-ban t\u00e9rt haza Szib\u00e9ri\u00e1b\u00f3l. 1918-ban nevezt\u00e9k ki a frissen l\u00e9tes\u00fclt debreceni Tisza Istv\u00e1n Tudom\u00e1nyegyetem K\u00f3rbonctani Int\u00e9zete \u00e9l\u00e9re, majd 1921-t\u0151l p\u00e1rhuzamosan a T\u00f6rv\u00e9nysz\u00e9ki Orvostani Int\u00e9zetet is vezette. Debreceni m\u0171k\u00f6d\u00e9se alatt egyszer volt rektor (1923\/24), \u00f6t tan\u00e9ven \u00e1t (1919\/20 &#8211; 1920\/21, 1933\/34 &#8211; 1935\/36) pedig az Orvostudom\u00e1nyi Kar d\u00e9k\u00e1nja. 1928. m\u00e1jus 18-\u00e1n az Akad\u00e9mia levelez\u0151 tagj\u00e1v\u00e1 v\u00e1lasztotta. 1935-ben ker\u00fclt Budapestre, hogy nyilv\u00e1nos rendes tan\u00e1rk\u00e9nt \u00e1tvegye a nyugalomba vonul\u00f3 Kenyeres Bal\u00e1zst\u00f3l, p\u00e1rtfog\u00f3j\u00e1t\u00f3l \u00e9s aj\u00e1nl\u00f3j\u00e1t\u00f3l az itteni T\u00f6rv\u00e9nysz\u00e9ki Orvostani Int\u00e9zetet. 1939-ben vend\u00e9gprofesszork\u00e9nt a bonni egyetemen oktatott. A k\u00f3rbonctan \u00e9s t\u00f6rv\u00e9nysz\u00e9ki orvostan nemzetk\u00f6zi h\u00edr\u0171 m\u0171vel\u0151jek\u00e9nt jelent\u0151s eredm\u00e9nyeket \u00e9rt el a s\u00e9r\u00fcl\u00e9sek keletkez\u00e9si mechanizmusa, a t\u00fcd\u0151 sz\u00f6veti szerkezete \u00e9s annak k\u00f3ros elv\u00e1ltoz\u00e1sai, valamint a magzatelhajt\u00e1s kutat\u00e1s\u00e1ban. 1940. \u00e1prilis 26-\u00e1n az MTA rendes tagja lett. Sz\u00e1mos k\u00fclf\u00f6ldi szakmai t\u00e1rsas\u00e1gnak volt tiszteletbeli tagja, \u00edgy a finn \u201eDuodecim\u201d orvosegyletnek, a N\u00e9met Patol\u00f3giai T\u00e1rsas\u00e1gnak, a p\u00e1rizsi Anat\u00f3miai T\u00e1rsas\u00e1gnak, a Nemzetk\u00f6zi Geogr\u00e1fiai Patol\u00f3giai T\u00e1rsas\u00e1gnak \u00e9s a N\u00e9met T\u00f6rv\u00e9nysz\u00e9ki Orvostani T\u00e1rsas\u00e1gnak. 1941-1945 k\u00f6z\u00f6tt a magyar parlament fels\u0151h\u00e1z\u00e1nak volt tagja, \u00edgy r\u00e9szt vett az 1941. \u00e9vi zsid\u00f3t\u00f6rv\u00e9ny fels\u0151h\u00e1zi indokl\u00e1s\u00e1nak sz\u00f6vegez\u00e9s\u00e9ben. 1944 \u00e1prilis\u00e1t\u00f3l a Magyar-N\u00e9met T\u00e1rsas\u00e1g igazgat\u00f3tan\u00e1csi tagja, m\u00e1just\u00f3l az Antibolsevista Ifj\u00fas\u00e1gi T\u00e1bor Nemzetv\u00e9delmi Akad\u00e9mi\u00e1j\u00e1nak eln\u00f6ke volt. 1930-ban elnyerte a Corvin-koszor\u00fat, 1944-ben az MTA nagyjutalm\u00e1t. A Magyar Orvosok Nemzeti Egyes\u00fclet\u00e9nek (MONE) orsz\u00e1gos eln\u00f6kek\u00e9nt sz\u00e9ls\u0151jobboldali n\u00e9zetei, n\u00e9metbar\u00e1ts\u00e1ga \u00e9s k\u00f6z\u00e9leti szerepv\u00e1llal\u00e1sa k\u00f6zismert volt, \u00e1m sors\u00e1nak tov\u00e1bbi alakul\u00e1s\u00e1ban v\u00e9g\u00fcl is a katy\u0144i t\u00f6megs\u00edrok orvosszak\u00e9rt\u0151i vizsg\u00e1lat\u00e1ban val\u00f3 r\u00e9szv\u00e9tele j\u00e1tszott d\u00f6nt\u0151 szerepet. A n\u00e9met kezdem\u00e9nyez\u00e9sre fel\u00e1ll\u00edtott 12 f\u0151s Nemzetk\u00f6zi Orvosi Jogi Bizotts\u00e1g egyik meghat\u00e1roz\u00f3 tagjak\u00e9nt 1943. \u00e1prilis 20-30. k\u00f6z\u00f6tt dolgozott Katy\u0144ban \u00e9s a k\u00f6zeli Szmolenszkben a 4151 lengyel hadifogoly maradv\u00e1nyait tartalmaz\u00f3 t\u00f6megs\u00edrok felt\u00e1r\u00e1s\u00e1n\u00e1l. Eur\u00f3pai h\u00edr\u0171 szakemberk\u00e9nt ker\u00fclt a bizotts\u00e1gba, melynek jelent\u00e9se nagyban t\u00e1maszkodott az \u0151 szakv\u00e9lem\u00e9ny\u00e9re. Ezt j\u00f3r\u00e9szt a kopony\u00e1k hal\u00e1l ut\u00e1ni meszesed\u00e9si folyamat\u00e1b\u00f3l vezette le. V\u00e9g\u00fcl is egy\u00e9rtelm\u0171en kimondt\u00e1k a szovjet hat\u00f3s\u00e1gok (az NKVD) felel\u0151ss\u00e9g\u00e9t a t\u00f6meggyilkoss\u00e1gban. V\u00e1laszul a szovjetek Budapest megsz\u00e1ll\u00e1sakor hal\u00e1lra kerest\u00e9k, de m\u00e1r nem tudt\u00e1k k\u00e9zre ker\u00edteni, mivel 1944. december 6-\u00e1n a nyugatra menek\u00edtett egyetemi hallgat\u00f3kkal N\u00e9metorsz\u00e1gba, Hall\u00e9ba t\u00e1vozott, ahol korm\u00e1nybiztosk\u00e9nt m\u0171k\u00f6d\u00f6tt. Mivel az angolok Katy\u0144 k\u00e9rd\u00e9s\u00e9ben meglehet\u0151sen opportunista \u00e1ll\u00e1spontot foglaltak el, f\u00e9l\u0151 volt, hogy \u0151t is kiadn\u00e1k a szovjet hat\u00f3s\u00e1goknak, \u00edgy jobbnak l\u00e1tta ink\u00e1bb amerikai z\u00f3n\u00e1ba menek\u00fclni. Tartva a szovjet \u00fcgyn\u00f6k\u00f6k mer\u00e9nylet\u00e9t\u0151l, az amerikaiak hossz\u00fa ideig szem\u00e9lyi v\u00e9delmet biztos\u00edtottak az id\u0151k\u00f6zben a mainzi egyetemre kinevezett professzornak. A m\u0171v\u00e9szeti anat\u00f3mia tan\u00e1rak\u00e9nt itt dolgozott 1955-ben t\u00f6rt\u00e9nt nyugalomba vonul\u00e1s\u00e1ig. Idehaza neve tabuv\u00e1 v\u00e1lt, 1945. j\u00falius 20-\u00e1n akad\u00e9miai tags\u00e1g\u00e1t\u00f3l is megfosztott\u00e1k, s\u0151t az \u0151t tags\u00e1gra aj\u00e1nl\u00f3kat is s\u00falyosan megb\u00fcntett\u00e9k. \u00c9vtizedekig tartotta mag\u00e1t az a t\u00e9ves inform\u00e1ci\u00f3, hogy a h\u00e1bor\u00fa ut\u00e1n a magyar n\u00e9pb\u00edr\u00f3s\u00e1g Ors\u00f3st a t\u00e1voll\u00e9t\u00e9ben h\u00e1bor\u00fas b\u0171n\u00f6ss\u00e9 nyilv\u00e1n\u00edtotta. A leg\u00fajabb kutat\u00e1sok szerint az elj\u00e1r\u00e1st ugyan elkezdt\u00e9k, de v\u00e9g\u00fcl \u00e9ppen az \u00e9rintett t\u00e1voll\u00e9te miatt nem folytatt\u00e1k le, \u00edgy \u00edt\u00e9let sem sz\u00fcletett. 1962-ben halt meg, sz\u00e1m\u0171zet\u00e9sben. A d\u00e9k\u00e1ni tiszts\u00e9get k\u00e9t tan\u00e9ven \u00e1t viselte.<\/p>\n<p style=\"text-align: justify\"><strong>F\u0151bb munk\u00e1i:<\/strong> A k\u00f3rboncol\u00e1s vez\u00e9rfonala. Bp., 1928.; A cs\u00f6km\u0151i arsenm\u00e9rgez\u00e9s orvosszak\u00e9rt\u0151i tanuls\u00e1gai. Debrecen, 1935.; Vez\u00e9rfonal a k\u00f3rbonctani, rend\u0151ri \u00e9s t\u00f6rv\u00e9nysz\u00e9ki boncol\u00e1shoz. Bp., 1941.; A halottk\u00e9ml\u00e9s. Bp., 1941.<\/p>\n<p style=\"text-align: justify\"><strong>Nyughelye: <\/strong>Mainz, K\u00f6zponti temet\u0151, egyetemi tan\u00e1rok parcell\u00e1ja. Petcu csal\u00e1ddal egy\u00fctt.<\/p>\n<p><a href=\"https:\/\/semmelweis.hu\/baratikor\/files\/2023\/07\/Orsos-Ferenc-1955-Martin-Nolde-fenykepesz-Mainz.jpg\"><img loading=\"lazy\" decoding=\"async\" class=\"alignleft size-medium wp-image-4879\" src=\"https:\/\/semmelweis.hu\/baratikor\/files\/2023\/07\/Orsos-Ferenc-1955-Martin-Nolde-fenykepesz-Mainz-268x400.jpg\" alt=\"\" width=\"268\" height=\"400\" srcset=\"https:\/\/semmelweis.hu\/baratikor\/files\/2023\/07\/Orsos-Ferenc-1955-Martin-Nolde-fenykepesz-Mainz-268x400.jpg 268w, https:\/\/semmelweis.hu\/baratikor\/files\/2023\/07\/Orsos-Ferenc-1955-Martin-Nolde-fenykepesz-Mainz.jpg 670w\" sizes=\"auto, (max-width: 268px) 100vw, 268px\" \/><\/a><a href=\"https:\/\/semmelweis.hu\/baratikor\/files\/2022\/07\/185_11.jpg\"><img loading=\"lazy\" decoding=\"async\" class=\"alignleft wp-image-928 size-full\" src=\"https:\/\/semmelweis.hu\/baratikor\/files\/2022\/07\/185_11.jpg\" alt=\"\" width=\"295\" height=\"444\" srcset=\"https:\/\/semmelweis.hu\/baratikor\/files\/2022\/07\/185_11.jpg 295w, https:\/\/semmelweis.hu\/baratikor\/files\/2022\/07\/185_11-266x400.jpg 266w\" sizes=\"auto, (max-width: 295px) 100vw, 295px\" \/><\/a><strong><a href=\"https:\/\/semmelweis.hu\/baratikor\/files\/2023\/07\/Orsos-Ferenc-1946.jpg\"><img loading=\"lazy\" decoding=\"async\" class=\"alignleft size-medium wp-image-4877\" src=\"https:\/\/semmelweis.hu\/baratikor\/files\/2023\/07\/Orsos-Ferenc-1946-288x400.jpg\" alt=\"\" width=\"288\" height=\"400\" srcset=\"https:\/\/semmelweis.hu\/baratikor\/files\/2023\/07\/Orsos-Ferenc-1946-288x400.jpg 288w, https:\/\/semmelweis.hu\/baratikor\/files\/2023\/07\/Orsos-Ferenc-1946.jpg 719w\" sizes=\"auto, (max-width: 288px) 100vw, 288px\" \/><\/a><\/strong><\/p>\n","protected":false},"excerpt":{"rendered":"<p><a href=\"https:\/\/semmelweis.hu\/baratikor\/files\/2023\/07\/Orsos-Ferenc-1930-as-evek.jpg\"><\/a> Ors\u00f3s Ferenc (Temesv\u00e1r, 1879. augusztus 22. &#8211; Mainz, 1962. j\u00falius 25.) Tansz\u00e9k: T\u00f6rv\u00e9nysz\u00e9ki Orvostani Int\u00e9zet 1935\/36 &#8211; 1944\/45. Viselt egyetemi m\u00e9lt\u00f3s\u00e1g: d\u00e9k\u00e1n 1939\/40 &#8211; 1940\/41. II. vil\u00e1gh\u00e1bor\u00fas szerepv\u00e1llal\u00e1sa miatt m\u00e1ig vitatott figur\u00e1ja a magyar orvost\u00f6rt\u00e9netnek. Ehhez k\u00e9pest sz\u00e1mos pontatlan adat forog r\u00f3la k\u00f6zk\u00e9zen. Els\u0151k\u00e9nt mindj\u00e1rt a csal\u00e1d eredeti n\u00e9met neve, amely a lexikonokban olvashat\u00f3 Spindl &hellip;<\/p>\n","protected":false},"author":282,"featured_media":5423,"parent":347,"menu_order":0,"comment_status":"closed","ping_status":"closed","template":"template-fullwidth.php","meta":{"_acf_changed":false,"footnotes":""},"categories":[6,20,77,81,14],"tags":[],"class_list":["post-927","page","type-page","status-publish","has-post-thumbnail","hentry","category-dekanok","category-dekanok-karok-szerint","category-kegyeleti-adattar","category-orvosi-kar-dekanjai","category-teljes-nevlista"],"acf":[],"_links":{"self":[{"href":"https:\/\/semmelweis.hu\/baratikor\/wp-json\/wp\/v2\/pages\/927","targetHints":{"allow":["GET"]}}],"collection":[{"href":"https:\/\/semmelweis.hu\/baratikor\/wp-json\/wp\/v2\/pages"}],"about":[{"href":"https:\/\/semmelweis.hu\/baratikor\/wp-json\/wp\/v2\/types\/page"}],"author":[{"embeddable":true,"href":"https:\/\/semmelweis.hu\/baratikor\/wp-json\/wp\/v2\/users\/282"}],"replies":[{"embeddable":true,"href":"https:\/\/semmelweis.hu\/baratikor\/wp-json\/wp\/v2\/comments?post=927"}],"version-history":[{"count":5,"href":"https:\/\/semmelweis.hu\/baratikor\/wp-json\/wp\/v2\/pages\/927\/revisions"}],"predecessor-version":[{"id":4885,"href":"https:\/\/semmelweis.hu\/baratikor\/wp-json\/wp\/v2\/pages\/927\/revisions\/4885"}],"up":[{"embeddable":true,"href":"https:\/\/semmelweis.hu\/baratikor\/wp-json\/wp\/v2\/pages\/347"}],"wp:featuredmedia":[{"embeddable":true,"href":"https:\/\/semmelweis.hu\/baratikor\/wp-json\/wp\/v2\/media\/5423"}],"wp:attachment":[{"href":"https:\/\/semmelweis.hu\/baratikor\/wp-json\/wp\/v2\/media?parent=927"}],"wp:term":[{"taxonomy":"category","embeddable":true,"href":"https:\/\/semmelweis.hu\/baratikor\/wp-json\/wp\/v2\/categories?post=927"},{"taxonomy":"post_tag","embeddable":true,"href":"https:\/\/semmelweis.hu\/baratikor\/wp-json\/wp\/v2\/tags?post=927"}],"curies":[{"name":"wp","href":"https:\/\/api.w.org\/{rel}","templated":true}]}}