{"id":915,"date":"2022-07-13T10:03:46","date_gmt":"2022-07-13T08:03:46","guid":{"rendered":"https:\/\/semmelweis.hu\/baratikor\/?page_id=915"},"modified":"2023-10-11T13:59:06","modified_gmt":"2023-10-11T11:59:06","slug":"bakay-lajos","status":"publish","type":"page","link":"https:\/\/semmelweis.hu\/baratikor\/galeria\/teljes-nevlista\/bakay-lajos\/","title":{"rendered":"Bakay Lajos"},"content":{"rendered":"<p style=\"text-align: justify\"><a href=\"https:\/\/semmelweis.hu\/baratikor\/files\/2022\/07\/047_21.jpg\"><img loading=\"lazy\" decoding=\"async\" class=\"alignleft wp-image-916 size-full\" src=\"https:\/\/semmelweis.hu\/baratikor\/files\/2022\/07\/047_21.jpg\" alt=\"\" width=\"295\" height=\"370\" \/><\/a><strong>Bakay Lajos (H\u00f3dmez\u0151v\u00e1s\u00e1rhely, 1880. j\u00fanius 5. &#8211; Budapest, 1959. november 26.)<\/strong><\/p>\n<p style=\"text-align: justify\"><strong>Tansz\u00e9k: <\/strong>II. sz. Seb\u00e9szeti Klinika 1926-1946.<\/p>\n<p style=\"text-align: justify\"><strong>Viselt egyetemi m\u00e9lt\u00f3s\u00e1g: <\/strong>rektor 1942\/43.<\/p>\n<p style=\"text-align: justify\">Teljes nev\u00e9n Bakay Lajos Zolt\u00e1n. Egyetemi tanulm\u00e1nyait Budapesten v\u00e9gezte, 1903. december 5-\u00e9n avatt\u00e1k orvosdoktorr\u00e1. 1903\/04-ben Lenhoss\u00e9k Mih\u00e1ly anat\u00f3miai int\u00e9zet\u00e9ben volt tan\u00e1rseg\u00e9d, majd Dollinger Gyula tan\u00edtv\u00e1nyak\u00e9nt az I. sz. Seb\u00e9szeti Klinik\u00e1n m\u0171k\u00f6d\u00f6tt 1908-ig. K\u00f6zben 1907-1909 k\u00f6z\u00f6tt Berlinben, Hamburgban, Bernben \u00e9s Lausanne-ban folytatott kieg\u00e9sz\u00edt\u0151 tanulm\u00e1nyokat. 1908-ban m\u0171t\u0151orvosi k\u00e9pes\u00edt\u00e9st szerzett. 1909-1913 k\u00f6z\u00f6tt a Feh\u00e9r Kereszt Gyermekk\u00f3rh\u00e1z alorvosa. Az \u00e9r\u00e1t\u00fcltet\u00e9s korai kezdem\u00e9nyez\u0151je volt (1911). 1912-ben szerzett mag\u00e1ntan\u00e1ri k\u00e9pes\u00edt\u00e9st a seb\u00e9szeti m\u0171t\u00e9ttan t\u00e1rgyk\u00f6r\u00e9ben, majd a Feh\u00e9r Kereszt Gyermekk\u00f3rh\u00e1z seb\u00e9sz f\u0151orvos\u00e1v\u00e1 l\u00e9pett el\u0151 (1913-1918), mik\u00f6zben 1914-t\u0151l a pozsonyi Erzs\u00e9bet Tudom\u00e1nyegyetem nyilv\u00e1nos rendes tan\u00e1ra lett. A vil\u00e1gh\u00e1bor\u00faban katonai szolg\u00e1latot teljes\u00edtett, 1915-1918 k\u00f6z\u00f6tt a XIX. pozsonyi hely\u0151rs\u00e9gi k\u00f3rh\u00e1z seb\u00e9szeti oszt\u00e1ly\u00e1nak honv\u00e9d f\u0151t\u00f6rzsorvosak\u00e9nt. Megszervezte a nyugat-magyarorsz\u00e1gi hadirokkantv\u00e9delmet, a pozsonyi kezel\u0151 gy\u00f3gyint\u00e9zetet, tov\u00e1bbk\u00e9pz\u0151 iskol\u00e1t \u00e9s m\u0171v\u00e9gtagm\u0171helyt. K\u00e9s\u0151bb \u00e9rdekl\u0151d\u00e9se a plasztikai seb\u00e9szet, a csontseb\u00e9szet \u00e9s az agy-, ill. idegseb\u00e9szet fel\u00e9 fordult. A Roux\u2013Leyer-f\u00e9le nyel\u0151cs\u0151k\u00e9pz\u00e9s els\u0151 hazai alkalmaz\u00f3ja, els\u0151k k\u00f6z\u00f6tt v\u00e9gzett nyel\u0151cs\u0151sz\u0171k\u00fcletek gy\u00f3gy\u00edt\u00e1s\u00e1ra p\u00f3tl\u00f3m\u0171t\u00e9tet, ill. vil\u00e1gviszonylatban is els\u0151k k\u00f6z\u00f6tt v\u00e9gzett heges sz\u0171k\u00fcletekn\u00e9l plasztikai m\u0171t\u00e9teket. 1919-1922 k\u00f6z\u00f6tt mag\u00e1npraxist folytatott Pozsonyban, a csehszlov\u00e1k hat\u00f3s\u00e1gok az illavai b\u00f6rt\u00f6nbe sz\u00e1ll\u00edtott\u00e1k, majd Pozsony ter\u00fclet\u00e9re intern\u00e1lt\u00e1k (1922). Ezut\u00e1n k\u00f6vette az elmenek\u00fclt pozsonyi tudom\u00e1nyegyetemet Budapestre, ahol \u00e1tvette a Seb\u00e9szeti Klinika igazgat\u00e1s\u00e1t. 1923-ban a pozsonyi egyetem P\u00e9csre tette \u00e1t sz\u00e9khely\u00e9t, ahol Bakay megszervezte a Seb\u00e9szeti Klinik\u00e1t. 1925\/26-ban a p\u00e9csi egyetem rektor\u00e1v\u00e1 v\u00e1lasztott\u00e1k. 1926-ban Budapestre h\u00edvt\u00e1k a II. sz. Seb\u00e9szeti Klinika \u00e9l\u00e9re, ahol 1946-ig m\u0171k\u00f6dhetett. 1939-1944 k\u00f6z\u00f6tt az egyetem k\u00e9pviselet\u00e9ben a fels\u0151h\u00e1z tagja volt. A szakmai k\u00f6z\u00e9letben is sz\u00e1mos vezet\u0151 poz\u00edci\u00f3t v\u00e1llalt. 1923-1924 k\u00f6z\u00f6tt a Magyar Seb\u00e9sz T\u00e1rsas\u00e1g eln\u00f6ke, 1930-1944 k\u00f6z\u00f6tt a V\u00e1rmegy\u00e9k \u00e9s V\u00e1rosok Orsz\u00e1gos Ment\u0151egyes\u00fclet\u00e9nek orvos-aleln\u00f6ke, 1935-1940 k\u00f6z\u00f6tt az Orsz\u00e1gos Testnevel\u00e9si Tan\u00e1cs aleln\u00f6ke, 1935-1944 k\u00f6z\u00f6tt az Orsz\u00e1gos K\u00f6zeg\u00e9szs\u00e9g\u00fcgyi Tan\u00e1cs m\u00e1sodeln\u00f6ke, 1937-1941 k\u00f6z\u00f6tt a Nemzeti \u00d6n\u00e1ll\u00f3s\u00edt\u00e1si Tan\u00e1cs aleln\u00f6ke, 1937-1944 k\u00f6z\u00f6tt a Budapesti Orvosi Kamara eln\u00f6ke, 1940-1944 k\u00f6z\u00f6tt az Orsz\u00e1gos \u00d6szt\u00f6nd\u00edjtan\u00e1cs, 1940-1946 k\u00f6z\u00f6tt az Orsz\u00e1gos Orvossz\u00f6vets\u00e9g, 1941-1944 k\u00f6z\u00f6tt az Igazs\u00e1g\u00fcgyi Orvosi Tan\u00e1cs eln\u00f6ke volt. A medikusokat t\u00f6m\u00f6r\u00edt\u0151 Csaba Bajt\u00e1rsi Egyes\u00fclet tan\u00e1r patr\u00f3nusa, majd egy ideig magisztere is volt. 1941-ben \u0151t h\u00edvt\u00e1k ki, amikor gr. Teleki P\u00e1lt holtan tal\u00e1lt\u00e1k, az igazs\u00e1g\u00fcgyi orvosi szakv\u00e9lem\u00e9nyt is \u0151 k\u00e9sz\u00edtette el. Az 1942\/43. tan\u00e9vben \u0151 t\u00f6lt\u00f6tte be a Kir. Magyar P\u00e1zm\u00e1ny P\u00e9ter Tudom\u00e1nyegyetem rektori m\u00e9lt\u00f3s\u00e1g\u00e1t. Az 1945 ut\u00e1ni \u00fan. igazol\u00f3bizotts\u00e1g k\u00e9nyszernyugd\u00edjaz\u00e1sra \u00edt\u00e9lte, mivel az akkor m\u00e1r fasiszt\u00e1nak min\u0151s\u00edtett Budapesti Orvosi Kamar\u00e1ban \u00e9s a Magyar Orvosok Nemzeti Egyes\u00fclet\u00e9ben (MONE) is tiszts\u00e9get t\u00f6lt\u00f6tt be (v\u00e1lasztm\u00e1nyi tag volt 1944. novemberig), amit 1946. janu\u00e1r 25-\u00e9n a N\u00e9pb\u00edr\u00f3s\u00e1g s\u00falyosb\u00edtott, \u00e9s \u00e1ll\u00e1sa mellett megfosztotta nyugd\u00edj\u00e1t\u00f3l is. Ett\u0151l kezdve m\u00e9ltatlan mell\u0151z\u00e9snek volt kit\u00e9ve. 1950-t\u0151l k\u00fcl\u00f6nb\u00f6z\u0151 f\u0151v\u00e1rosi k\u00f3rh\u00e1zak seb\u00e9sz konzili\u00e1riusak\u00e9nt m\u0171k\u00f6d\u00f6tt, illetve a klinikopatol\u00f3giai anyagok ki\u00e9rt\u00e9kel\u00e9s\u00e9t v\u00e9gezte. Az 1956-os forradalom napjaiban \u00f6nk\u00e9ntesk\u00e9nt visszat\u00e9rt klinik\u00e1j\u00e1ra, \u00e9s r\u00e9szt vett a sebes\u00fcltek ell\u00e1t\u00e1s\u00e1ban.<\/p>\n<p style=\"text-align: justify\">Nev\u00e9t \u0151rzi a gerinc melletti t\u00e1lyog gy\u00f3gy\u00edt\u00e1s\u00e1ra \u00e1ltala kidolgozott punctio paravertebralis sec. Bakay. Eml\u00e9k\u00e9re H\u00f3dmez\u0151v\u00e1s\u00e1rhely v\u00e1rosa Bakay Lajos-\u00f6szt\u00f6nd\u00edjat alap\u00edtott.<\/p>\n<p style=\"text-align: justify\"><strong>F\u0151bb munk\u00e1i:<\/strong> A g\u00e1tt\u00e1j s\u00e9rveir\u0151l. In: Orvosi Hetilap, 1906.; Onomatologia medica \u2013 Orvosi nevesk\u00f6nyv \/Manninger Vilmossal\/. Bp., 1907.; Csont\u00fcregek \u00e9s csonthi\u00e1nyok p\u00f3tl\u00e1s\u00e1r\u00f3l. In: Magyar Seb\u00e9szt\u00e1rsas\u00e1g \u00c9vk\u00f6nyve, 1910.; \u00c9rvarratr\u00f3l, \u00e9r\u00e1t\u00fcltet\u00e9sr\u0151l. 1911.; S\u00e9r\u00fcl\u00e9s ut\u00e1ni koponya\u00fcregbeli v\u00e9rz\u00e9sekr\u0151l. Bp., 1913.; A nyel\u0151cs\u0151 p\u00f3tl\u00e1s\u00e1r\u00f3l. Bp., 1924.; A b\u00e1rzsingr\u00e1kr\u00f3l. Bp., 1925.; A koponya\u00fcregbeli v\u00e9rz\u00e9sekr\u0151l. Bp., 1931.; A seb\u00e9szet fejl\u0151d\u00e9s\u00e9nek \u00fatir\u00e1nya. Bp., 1935.; A vegetat\u00edv idegrendszer seb\u00e9szete. Bp., 1936.; A kisagycyst\u00e1kr\u00f3l. Bp., 1938.; A pajzsmirigy seb\u00e9szete. Bp., 1938.; A peripheri\u00e1s kering\u00e9s jelent\u0151s\u00e9ge a seb\u00e9szetben. Bp., 1941.; A hadiseb\u00e9szet fejl\u0151d\u00e9se. Bp., 1943.<\/p>\n<p style=\"text-align: justify\">Forr\u00e1s: <a href=\"http:\/\/www.nevpont.hu\/view\/635\">http:\/\/www.nevpont.hu\/view\/635<\/a> (utols\u00f3 megtekint\u00e9s: 2018.12.29.)<\/p>\n<p style=\"text-align: justify\"><strong>Nyughelye: <\/strong>Farkasr\u00e9ti temet\u0151 40\/0\/1\/61.<\/p>\n<p><a href=\"https:\/\/semmelweis.hu\/baratikor\/galeria\/teljes-nevlista\/bakay-lajos\/bakay-lajos-1933-318-fond-ii-73-bw\/\" rel=\"attachment wp-att-1463\"><img loading=\"lazy\" decoding=\"async\" class=\"alignleft size-medium wp-image-1463\" src=\"https:\/\/semmelweis.hu\/baratikor\/files\/2023\/01\/Bakay-Lajos-1933.-318.-fond-II.73-bw-310x400.jpg\" alt=\"\" width=\"310\" height=\"400\" srcset=\"https:\/\/semmelweis.hu\/baratikor\/files\/2023\/01\/Bakay-Lajos-1933.-318.-fond-II.73-bw-310x400.jpg 310w, https:\/\/semmelweis.hu\/baratikor\/files\/2023\/01\/Bakay-Lajos-1933.-318.-fond-II.73-bw-768x990.jpg 768w, https:\/\/semmelweis.hu\/baratikor\/files\/2023\/01\/Bakay-Lajos-1933.-318.-fond-II.73-bw-753x970.jpg 753w, https:\/\/semmelweis.hu\/baratikor\/files\/2023\/01\/Bakay-Lajos-1933.-318.-fond-II.73-bw.jpg 776w\" sizes=\"auto, (max-width: 310px) 100vw, 310px\" \/><\/a><a href=\"https:\/\/semmelweis.hu\/baratikor\/galeria\/teljes-nevlista\/bakay-lajos\/bakay-lajos-farkasret\/\" rel=\"attachment wp-att-1464\"><img loading=\"lazy\" decoding=\"async\" class=\"alignleft size-medium wp-image-1464\" src=\"https:\/\/semmelweis.hu\/baratikor\/files\/2023\/01\/Bakay-Lajos-Farkasret-265x400.jpg\" alt=\"\" width=\"265\" height=\"400\" srcset=\"https:\/\/semmelweis.hu\/baratikor\/files\/2023\/01\/Bakay-Lajos-Farkasret-265x400.jpg 265w, https:\/\/semmelweis.hu\/baratikor\/files\/2023\/01\/Bakay-Lajos-Farkasret-679x1024.jpg 679w, https:\/\/semmelweis.hu\/baratikor\/files\/2023\/01\/Bakay-Lajos-Farkasret-768x1159.jpg 768w, https:\/\/semmelweis.hu\/baratikor\/files\/2023\/01\/Bakay-Lajos-Farkasret-753x1136.jpg 753w, https:\/\/semmelweis.hu\/baratikor\/files\/2023\/01\/Bakay-Lajos-Farkasret.jpg 1000w\" sizes=\"auto, (max-width: 265px) 100vw, 265px\" \/><\/a><\/p>\n","protected":false},"excerpt":{"rendered":"<p><a href=\"https:\/\/semmelweis.hu\/baratikor\/files\/2022\/07\/047_21.jpg\"><\/a> Bakay Lajos (H\u00f3dmez\u0151v\u00e1s\u00e1rhely, 1880. j\u00fanius 5. &#8211; Budapest, 1959. november 26.) Tansz\u00e9k: II. sz. Seb\u00e9szeti Klinika 1926-1946. Viselt egyetemi m\u00e9lt\u00f3s\u00e1g: rektor 1942\/43. Teljes nev\u00e9n Bakay Lajos Zolt\u00e1n. Egyetemi tanulm\u00e1nyait Budapesten v\u00e9gezte, 1903. december 5-\u00e9n avatt\u00e1k orvosdoktorr\u00e1. 1903\/04-ben Lenhoss\u00e9k Mih\u00e1ly anat\u00f3miai int\u00e9zet\u00e9ben volt tan\u00e1rseg\u00e9d, majd Dollinger Gyula tan\u00edtv\u00e1nyak\u00e9nt az I. sz. Seb\u00e9szeti Klinik\u00e1n m\u0171k\u00f6d\u00f6tt 1908-ig. K\u00f6zben &hellip;<\/p>\n","protected":false},"author":282,"featured_media":5348,"parent":347,"menu_order":0,"comment_status":"closed","ping_status":"closed","template":"template-fullwidth.php","meta":{"_acf_changed":false,"footnotes":""},"categories":[77,5,14],"tags":[],"class_list":["post-915","page","type-page","status-publish","has-post-thumbnail","hentry","category-kegyeleti-adattar","category-rektorok","category-teljes-nevlista"],"acf":[],"_links":{"self":[{"href":"https:\/\/semmelweis.hu\/baratikor\/wp-json\/wp\/v2\/pages\/915","targetHints":{"allow":["GET"]}}],"collection":[{"href":"https:\/\/semmelweis.hu\/baratikor\/wp-json\/wp\/v2\/pages"}],"about":[{"href":"https:\/\/semmelweis.hu\/baratikor\/wp-json\/wp\/v2\/types\/page"}],"author":[{"embeddable":true,"href":"https:\/\/semmelweis.hu\/baratikor\/wp-json\/wp\/v2\/users\/282"}],"replies":[{"embeddable":true,"href":"https:\/\/semmelweis.hu\/baratikor\/wp-json\/wp\/v2\/comments?post=915"}],"version-history":[{"count":3,"href":"https:\/\/semmelweis.hu\/baratikor\/wp-json\/wp\/v2\/pages\/915\/revisions"}],"predecessor-version":[{"id":1466,"href":"https:\/\/semmelweis.hu\/baratikor\/wp-json\/wp\/v2\/pages\/915\/revisions\/1466"}],"up":[{"embeddable":true,"href":"https:\/\/semmelweis.hu\/baratikor\/wp-json\/wp\/v2\/pages\/347"}],"wp:featuredmedia":[{"embeddable":true,"href":"https:\/\/semmelweis.hu\/baratikor\/wp-json\/wp\/v2\/media\/5348"}],"wp:attachment":[{"href":"https:\/\/semmelweis.hu\/baratikor\/wp-json\/wp\/v2\/media?parent=915"}],"wp:term":[{"taxonomy":"category","embeddable":true,"href":"https:\/\/semmelweis.hu\/baratikor\/wp-json\/wp\/v2\/categories?post=915"},{"taxonomy":"post_tag","embeddable":true,"href":"https:\/\/semmelweis.hu\/baratikor\/wp-json\/wp\/v2\/tags?post=915"}],"curies":[{"name":"wp","href":"https:\/\/api.w.org\/{rel}","templated":true}]}}