{"id":899,"date":"2022-07-13T09:48:59","date_gmt":"2022-07-13T07:48:59","guid":{"rendered":"https:\/\/semmelweis.hu\/baratikor\/?page_id=899"},"modified":"2023-01-09T11:29:46","modified_gmt":"2023-01-09T10:29:46","slug":"petenyi-geza","status":"publish","type":"page","link":"https:\/\/semmelweis.hu\/baratikor\/galeria\/teljes-nevlista\/petenyi-geza\/","title":{"rendered":"Pet\u00e9nyi G\u00e9za"},"content":{"rendered":"<p style=\"text-align: justify\"><strong><a href=\"https:\/\/semmelweis.hu\/baratikor\/files\/2022\/07\/078_11.jpg\"><img loading=\"lazy\" decoding=\"async\" class=\"alignleft wp-image-900 size-full\" src=\"https:\/\/semmelweis.hu\/baratikor\/files\/2022\/07\/078_11.jpg\" alt=\"\" width=\"295\" height=\"406\" srcset=\"https:\/\/semmelweis.hu\/baratikor\/files\/2022\/07\/078_11.jpg 295w, https:\/\/semmelweis.hu\/baratikor\/files\/2022\/07\/078_11-291x400.jpg 291w\" sizes=\"auto, (max-width: 295px) 100vw, 295px\" \/><\/a>(Budapest, 1889-Budapest, 1965)<\/strong><\/p>\n<p style=\"text-align: justify\">Egyetemi tanulm\u00e1nyait Budapesten v\u00e9gezte, orvosi oklevelet 1916-ban nyert. Hallgat\u00f3k\u00e9nt r\u00e9szt vett a Galilei-k\u00f6r tev\u00e9kenys\u00e9g\u00e9ben. 1918-t\u00f3l a Feh\u00e9rkereszt Gyermekk\u00f3rh\u00e1zban dolgozott el\u0151bb alorvosi, majd oszt\u00e1lyos f\u0151orvosi, v\u00e9g\u00fcl igazgat\u00f3 f\u0151orvosi beoszt\u00e1sban. 1922-ben a p\u00e9csi Erzs\u00e9bet Tudom\u00e1nyegyetemen szerzett mag\u00e1ntan\u00e1ri k\u00e9pes\u00edt\u00e9st. 1946-ban lett a budapesti P\u00e1zm\u00e1ny P\u00e9ter Tudom\u00e1nyegyetemen a gyermekgy\u00f3gy\u00e1szat tan\u00e1ra, amikor a T\u0171zolt\u00f3 utcai Feh\u00e9rkereszt Gyermekk\u00f3rh\u00e1zat II. sz. Gyermekgy\u00f3gy\u00e1szati Klinikak\u00e9nt az egyetemhez csatolt\u00e1k. Az MTA-nak 1949-t\u0151l levelez\u0151, 1960-t\u00f3l rendes tagja. 1950-ben Kossuth-d\u00edjat, 1964-ben Semmelweis-\u00e9rmet kapott.<\/p>\n","protected":false},"excerpt":{"rendered":"<p><a href=\"https:\/\/semmelweis.hu\/baratikor\/files\/2022\/07\/078_11.jpg\"><\/a> (Budapest, 1889-Budapest, 1965) Egyetemi tanulm\u00e1nyait Budapesten v\u00e9gezte, orvosi oklevelet 1916-ban nyert. Hallgat\u00f3k\u00e9nt r\u00e9szt vett a Galilei-k\u00f6r tev\u00e9kenys\u00e9g\u00e9ben. 1918-t\u00f3l a Feh\u00e9rkereszt Gyermekk\u00f3rh\u00e1zban dolgozott el\u0151bb alorvosi, majd oszt\u00e1lyos f\u0151orvosi, v\u00e9g\u00fcl igazgat\u00f3 f\u0151orvosi beoszt\u00e1sban. 1922-ben a p\u00e9csi Erzs\u00e9bet Tudom\u00e1nyegyetemen szerzett mag\u00e1ntan\u00e1ri k\u00e9pes\u00edt\u00e9st. 1946-ban lett a budapesti P\u00e1zm\u00e1ny P\u00e9ter Tudom\u00e1nyegyetemen a gyermekgy\u00f3gy\u00e1szat tan\u00e1ra, amikor a T\u0171zolt\u00f3 utcai Feh\u00e9rkereszt Gyermekk\u00f3rh\u00e1zat &hellip;<\/p>\n","protected":false},"author":282,"featured_media":900,"parent":347,"menu_order":0,"comment_status":"closed","ping_status":"closed","template":"template-fullwidth.php","meta":{"_acf_changed":false,"footnotes":""},"categories":[77,16,14],"tags":[],"class_list":["post-899","page","type-page","status-publish","has-post-thumbnail","hentry","category-kegyeleti-adattar","category-tanszekvezetok","category-teljes-nevlista"],"acf":[],"_links":{"self":[{"href":"https:\/\/semmelweis.hu\/baratikor\/wp-json\/wp\/v2\/pages\/899","targetHints":{"allow":["GET"]}}],"collection":[{"href":"https:\/\/semmelweis.hu\/baratikor\/wp-json\/wp\/v2\/pages"}],"about":[{"href":"https:\/\/semmelweis.hu\/baratikor\/wp-json\/wp\/v2\/types\/page"}],"author":[{"embeddable":true,"href":"https:\/\/semmelweis.hu\/baratikor\/wp-json\/wp\/v2\/users\/282"}],"replies":[{"embeddable":true,"href":"https:\/\/semmelweis.hu\/baratikor\/wp-json\/wp\/v2\/comments?post=899"}],"version-history":[{"count":1,"href":"https:\/\/semmelweis.hu\/baratikor\/wp-json\/wp\/v2\/pages\/899\/revisions"}],"predecessor-version":[{"id":901,"href":"https:\/\/semmelweis.hu\/baratikor\/wp-json\/wp\/v2\/pages\/899\/revisions\/901"}],"up":[{"embeddable":true,"href":"https:\/\/semmelweis.hu\/baratikor\/wp-json\/wp\/v2\/pages\/347"}],"wp:featuredmedia":[{"embeddable":true,"href":"https:\/\/semmelweis.hu\/baratikor\/wp-json\/wp\/v2\/media\/900"}],"wp:attachment":[{"href":"https:\/\/semmelweis.hu\/baratikor\/wp-json\/wp\/v2\/media?parent=899"}],"wp:term":[{"taxonomy":"category","embeddable":true,"href":"https:\/\/semmelweis.hu\/baratikor\/wp-json\/wp\/v2\/categories?post=899"},{"taxonomy":"post_tag","embeddable":true,"href":"https:\/\/semmelweis.hu\/baratikor\/wp-json\/wp\/v2\/tags?post=899"}],"curies":[{"name":"wp","href":"https:\/\/api.w.org\/{rel}","templated":true}]}}