{"id":894,"date":"2022-07-13T09:44:05","date_gmt":"2022-07-13T07:44:05","guid":{"rendered":"https:\/\/semmelweis.hu\/baratikor\/?page_id=894"},"modified":"2023-10-11T14:33:54","modified_gmt":"2023-10-11T12:33:54","slug":"balogh-karoly","status":"publish","type":"page","link":"https:\/\/semmelweis.hu\/baratikor\/galeria\/teljes-nevlista\/balogh-karoly\/","title":{"rendered":"Balogh K\u00e1roly"},"content":{"rendered":"<p style=\"text-align: justify\"><a href=\"https:\/\/semmelweis.hu\/baratikor\/files\/2022\/07\/100_11.jpg\"><img loading=\"lazy\" decoding=\"async\" class=\"wp-image-895 size-full alignleft\" src=\"https:\/\/semmelweis.hu\/baratikor\/files\/2022\/07\/100_11.jpg\" alt=\"\" width=\"295\" height=\"370\" \/><\/a><strong>Balogh K\u00e1roly, vit\u00e9z krasznacz\u00e9g\u00e9nyi (Krasznac\u00e9g\u00e9ny, 1895. febru\u00e1r 13. &#8211; Budapest, 1973. m\u00e1jus 4.)<\/strong><\/p>\n<p style=\"text-align: justify\"><strong>Tansz\u00e9k: <\/strong>Stomatol\u00f3giai Klinika 1944-1959, Sz\u00e1jseb\u00e9szeti Klinika 1959-1966.<\/p>\n<p style=\"text-align: justify\"><strong>Viselt egyetemi m\u00e9lt\u00f3s\u00e1g: <\/strong>Orvostudom\u00e1nyi Kar d\u00e9k\u00e1nja 1946\/47., d\u00e9k\u00e1nhelyettese 1945. febru\u00e1r-j\u00fanius, 1947-1950, 1953-1955, Fogorvosi Kar d\u00e9k\u00e1nja 1955-1964.<\/p>\n<p style=\"text-align: justify\">H\u00e9tgyermekes kisbirtokos nemesi csal\u00e1db\u00f3l sz\u00e1rmazott, \u00e9desapja maga gazd\u00e1lkodott az \u0151si csal\u00e1di birtokon. Kilenc\u00e9vesen ker\u00fclt a zilahi Reform\u00e1tus Gimn\u00e1zium Wessel\u00e9nyi Koll\u00e9gium\u00e1ba, ahol 1912-ben \u00e9retts\u00e9gizett. Ekkor a budapesti Orvostudom\u00e1nyi Karra iratkozott be, de 1914-ben, tanulm\u00e1nyait megszak\u00edtva, sz\u00e1mos t\u00e1rs\u00e1hoz hasonl\u00f3an \u00f6nk\u00e9nt jelentkezett katonai szolg\u00e1latra. Harct\u00e9ri eg\u00e9szs\u00e9g\u00fcgyi feladatokra vez\u00e9nyelt\u00e9k. Mind\u00f6ssze II. \u00e9vet v\u00e9gzett medikusk\u00e9nt lett a kolozsv\u00e1ri 38. honv\u00e9d gyaloghadoszt\u00e1ly 21. gyalogezrede egyik z\u00e1szl\u00f3alj\u00e1nak orvosf\u0151n\u00f6ke. Szolg\u00e1lata sor\u00e1n K\u00e1roly csapatkereszttel, Bronz, Kis- \u00e9s Nagyez\u00fcst Vit\u00e9zs\u00e9gi \u00c9remmel t\u00fcntett\u00e9k ki, ut\u00f3bbit a Bruszilov-offenz\u00edva idej\u00e9n tan\u00fas\u00edtott helyt\u00e1ll\u00e1sa elismer\u00e9sek\u00e9nt. Egy 1916 \u0151szi, trieszti mal\u00e1riatanfolyam ut\u00e1n Alb\u00e1ni\u00e1ba vez\u00e9nyelt\u00e9k, ahol k\u00e9s\u0151bb maga is megbetegedett. 1918. december 15-\u00e9n e\u00fc. hadnagyi rendfokozattal szerelt le. A h\u00e1bor\u00fa ut\u00e1n a budapesti, Hold utcai Klotild f\u0151hercegn\u0151 kiseg\u00edt\u0151 hadik\u00f3rh\u00e1zban alkalmazt\u00e1k, ahol sz\u00e1ll\u00e1s \u00e9s ell\u00e1t\u00e1s fej\u00e9ben dolgozott, de k\u00f6zben folytathatta egyetemi tanulm\u00e1nyait. A 400 \u00e1gyas k\u00f3rh\u00e1z f\u0151n\u00f6ke a k\u00e9s\u0151bbi urol\u00f3gus egyetemi tan\u00e1r, Illy\u00e9s G\u00e9za volt. Diplom\u00e1j\u00e1t 1920. j\u00fanius 12-\u00e9n szerezte meg, majd az I. sz. K\u00f3rbonctani Int\u00e9zetben dolgozott Buday K\u00e1lm\u00e1n mellett, mivel eredetileg seb\u00e9sznek k\u00e9sz\u00fclt. 1921 szeptember\u00e9ben Szab\u00f3 J\u00f3zsef h\u00edv\u00e1s\u00e1ra az \u00fajj\u00e1szervezett Stomatol\u00f3giai Klinik\u00e1ra ker\u00fclt gyakornokk\u00e9nt, ahol a sz\u00f6vettani laborat\u00f3rium megszervez\u00e9se \u00e9s vezet\u00e9se lett a feladata. 1924-ben d\u00edjas gyakornok \u00e9s c\u00edmzetes tan\u00e1rseg\u00e9d lett, majd 1927-ben \u00e1ll\u00e1sa mellett mag\u00e1nrendel\u00e9st nyitott. 1932-ben adjunktusi kinevez\u00e9st nyert, a klinik\u00e1n els\u0151 volt ebben a beoszt\u00e1sban. 1933-ban a fogbetegs\u00e9gek k\u00f3r- \u00e9s gy\u00f3gytana t\u00e1rgyk\u00f6rben mag\u00e1ntan\u00e1ri habilit\u00e1ci\u00f3t nyert. 1935-ben alkalmaz\u00e1s\u00e1t nem \u00faj\u00edtott\u00e1k meg, \u00edgy ett\u0151l kezdve mag\u00e1nrendel\u00e9s\u00e9b\u0151l tartotta fenn csal\u00e1dj\u00e1t. 1940 j\u00falius\u00e1ban a Szent Istv\u00e1n K\u00f3rh\u00e1z \u00fajonnan fel\u00e1ll\u00edtott fog\u00e1szati oszt\u00e1ly\u00e1nak f\u0151orvos\u00e1v\u00e1 nevezt\u00e9k ki, amely az orsz\u00e1g els\u0151 sz\u00e1jseb\u00e9szeti oszt\u00e1lya volt. Nem kis meg\u00fctk\u00f6z\u00e9st keltve, egy\u00e9bk\u00e9nt amerikai mint\u00e1ra, \u0151 vezette be a z\u00f6ld sz\u00edn haszn\u00e1lat\u00e1t a m\u0171t\u0151ben, mely k\u00e9s\u0151bb teljesen \u00e1ltal\u00e1noss\u00e1 v\u00e1lt. 1944-ben az egyetem visszah\u00edvta a Stomatol\u00f3giai Klinika \u00e9l\u00e9re, ahov\u00e1 m\u00e1jus 6-\u00e1n kapott nyilv\u00e1nos rendes tan\u00e1ri kinevez\u00e9st. Kev\u00e9ss\u00e9 ismert, hogy 1942-ben, miut\u00e1n az 1940-es 2. b\u00e9csi d\u00f6nt\u00e9ssel visszaker\u00fclt Magyarorsz\u00e1ghoz az \u0151 sz\u0171kebb p\u00e1tri\u00e1ja is, sz\u00fclei f\u00f6ldj\u00e9t vit\u00e9zi birtokk\u00e1 nyilv\u00e1n\u00edttatta, \u00e9s vil\u00e1gh\u00e1bor\u00fas \u00e9rdemei ok\u00e1n elfogadta a m\u00e1r kor\u00e1bban felk\u00edn\u00e1lt vit\u00e9zi c\u00edmet.<\/p>\n<p style=\"text-align: justify\">Az 1944. okt\u00f3ber 16-i nyilas hatalom\u00e1tv\u00e9tel ut\u00e1n, novemberben zsid\u00f3k b\u00fajtat\u00e1s\u00e1\u00e9rt r\u00f6videbb ideig letart\u00f3ztat\u00e1sban volt, de azt\u00e1n bizony\u00edt\u00e9k hi\u00e1ny\u00e1ban v\u00e9g\u00fcl szabadon engedt\u00e9k, mivel a razzia ki\u00e9rkez\u00e9se el\u0151tt siker\u00fclt riasztani az \u00e9rintetteket. Decemberben, korm\u00e1nyzati parancs ellen\u00e9re megakad\u00e1lyozta a klinika nyugatra t\u00f6rt\u00e9n\u0151 kitelep\u00edt\u00e9s\u00e9t \u00e9s az eszk\u00f6z\u00e1llom\u00e1ny sz\u00e9thord\u00e1s\u00e1t, ez\u00e9rt az ostrom ut\u00e1n gyorsan \u00fajra lehetett ind\u00edtani a klinika m\u0171k\u00f6d\u00e9s\u00e9t. Az 1946\/47. tan\u00e9vben \u0151 t\u00f6lt\u00f6tte be az Orvostudom\u00e1nyi Kar d\u00e9k\u00e1ni tiszt\u00e9t. D\u00e9k\u00e1ni m\u0171k\u00f6d\u00e9s\u00e9nek k\u00e9t eredm\u00e9nye a P\u00e1pai P\u00e1riz Koll\u00e9gium l\u00e9tes\u00edt\u00e9se, illetve a kar h\u00e1bor\u00faban megs\u00e9r\u00fclt \u00e9p\u00fcleteinek helyre\u00e1ll\u00edt\u00e1sa a \u201eMunk\u00e1sok a tudom\u00e1ny\u00e9rt, tud\u00f3sok a munk\u00e1sok\u00e9rt\u201d mozgalom keret\u00e9ben. Az 1848-as forradalom centen\u00e1rium\u00e1n Kossuth-d\u00edjra jel\u00f6lt\u00e9k, de a felt\u00e9telt, a p\u00e1rtba val\u00f3 bel\u00e9p\u00e9st nem volt hajland\u00f3 teljes\u00edteni, \u00edgy nem ker\u00fclt a d\u00edjazottak k\u00f6z\u00e9, ahogyan k\u00e9s\u0151bb akad\u00e9miai tags\u00e1got sem nyerhetett.<\/p>\n<p style=\"text-align: justify\">1952-ben, kor\u00e1bbi tudom\u00e1nyos munk\u00e1ss\u00e1g\u00e1ra tekintettel, elnyerte az orvostudom\u00e1nyok doktora fokozatot. Balogh professzor komoly szerepet j\u00e1tszott a Stomatol\u00f3giai Klinika Fogorvostudom\u00e1nyi Karr\u00e1 fejleszt\u00e9s\u00e9ben a m\u00e1r \u00f6n\u00e1ll\u00f3sult orvosegyetemen bel\u00fcl. 1956. okt\u00f3ber 20-\u00e1n az Osztr\u00e1k Fogorvosok Egyes\u00fclet\u00e9nek megh\u00edv\u00e1s\u00e1ra B\u00e9csben tartott el\u0151ad\u00e1st, ahonnan a forradalmi esem\u00e9nyek miatt csak novemberben t\u00e9rhetett haza. A klinika hamarosan n\u00e9gyfel\u00e9 v\u00e1lt. Az ut\u00f3dok k\u00f6z\u00fcl az 1959-ben l\u00e9trehozott Sz\u00e1jseb\u00e9szeti Klinika a Stomatol\u00f3giai Klinika \u00e9p\u00fclet\u00e9ben maradt, vezet\u00e9s\u00e9t Balogh K\u00e1roly vitte tov\u00e1bb 1966 szeptember\u00e9ben t\u00f6rt\u00e9nt nyugd\u00edjba vonul\u00e1s\u00e1ig. F\u0151leg a sz\u00e1j daganatos betegs\u00e9geivel, k\u00fcl\u00f6n\u00f6sk\u00e9ppen az odontogen \u00e9s parodontogen daganatok histopatol\u00f3gi\u00e1j\u00e1val, a fogeredet\u0171 gyullad\u00e1sok sz\u00f6v\u0151dm\u00e9nyeivel \u00e9s ther\u00e1pi\u00e1j\u00e1val, gerostomatol\u00f3gi\u00e1val, a nyelv \u00e9s az \u00edz\u00e9rz\u00e9s \u00e9let- \u00e9s k\u00f3rtan\u00e1val, az experimentalis \u00e9s biosynthetikus caries-kutat\u00e1ssal foglalkozott. Sz\u00e1mos, ma is haszn\u00e1lt m\u0171szert (\u00ednyletol\u00f3, sz\u00e1jseb\u00e9szeti sebkamp\u00f3 stb.) szerkesztett.<\/p>\n<p style=\"text-align: justify\">Tan\u00e1ri p\u00e1lyafut\u00e1sa sor\u00e1n h\u00e1romszor volt d\u00e9k\u00e1nhelyettes (1945. febru\u00e1r-j\u00fanius, 1947-1950, 1953-1955), 1946\/47-ben orvoskari, 1955-1964 k\u00f6z\u00f6tt fogorvoskari d\u00e9k\u00e1n.<\/p>\n<p style=\"text-align: justify\">1950-ben Magyar N\u00e9pk\u00f6zt\u00e1rsas\u00e1gi \u00c9rdem\u00e9remmel, 1963-ban akad\u00e9miai nagyd\u00edjjal \u00e9s \u00c1rk\u00f6vy Eml\u00e9k\u00e9remmel t\u00fcntett\u00e9k ki. A h\u00e1bor\u00fa el\u0151tt v\u00e1lasztm\u00e1nyi tagja volt a Magyar Orvosok Nemzeti Egyes\u00fclet\u00e9nek, az Orsz\u00e1gos Orvosi Kamar\u00e1nak \u00e9s aleln\u00f6ke a Magyar Fogorvosok Orsz\u00e1gos Egyes\u00fclet\u00e9nek. A h\u00e1bor\u00fa ut\u00e1n eln\u00f6ke volt az ETT fog\u00e1szati szakbizotts\u00e1g\u00e1nak, a fogorvosi szakcsoport tudom\u00e1nyos bizotts\u00e1g\u00e1nak. Az Osztr\u00e1k Fogorvosi Egyes\u00fclet tiszteletbeli, t\u00f6bb n\u00e9met t\u00e1rsas\u00e1g, k\u00f6zt\u00fck a Hallei Academia Leopoldina rendes tagj\u00e1v\u00e1 v\u00e1lasztotta. 1957-ben a F\u00e9d\u00e9ration Internationale Dentaire, r\u00f3mai kongresszus\u00e1n tiszteletbeli aleln\u00f6k\u00e9v\u00e9 v\u00e1lasztotta.<\/p>\n<p style=\"text-align: justify\"><strong>F\u0151bb munk\u00e1i:<\/strong> Az epulis (paradentoma) pathogenesise. In: Fogorvosi Szemle 17:1924.; A Budapesti Kir. Magyar P\u00e1zm\u00e1ny P\u00e9ter Tudom\u00e1nyegyetem Stomatol\u00f3giai Klinik\u00e1j\u00e1nak eml\u00e9kk\u00f6nyve 1908-1933. Bp. 1933.; A stomatol\u00f3gia tank\u00f6nyve. Bp. 1948.; Fog\u00e1szat &#8211; egyetemi tank\u00f6nyv (Schranz D\u00e9nessel \u00e9s Boros S\u00e1ndorral). 1950, 1952, 1958, 1964 (4. \u00e1td. kiad\u00e1s); Fogelt\u00e1vol\u00edt\u00e1s &#8211; A gyakorl\u00f3 orvos kisk\u00f6nyvt\u00e1ra sorozat. Bp. 1957.; Fog\u00e1szati \u00e9s sz\u00e1jseb\u00e9szeti anaesthesiol\u00f3gia I-II. (Bartha Mikl\u00f3ssal) BOTE-Bp., 1960.; Gerostomatologie (Moln\u00e1r L\u00e1szl\u00f3val, Schranz D\u00e9nessel \u00e9s Husz\u00e1r Gy\u00f6rggyel; ford.: Reimholz K\u00e1roly \u00e9s Reh\u00e1k Rudolf). Bp-Leipzig. 1962.; Sz\u00e1jseb\u00e9szet (Skaloud Ferenccel, Varga Istv\u00e1nnal \u00e9s Ber\u00e9nyi B\u00e9l\u00e1val). Bp. 1962.; Fog- \u00e9s sz\u00e1jbetegs\u00e9gek megel\u0151z\u00e9se (Husz\u00e1r Gy\u00f6rggyel \u00e9s Sug\u00e1r L\u00e1szl\u00f3val). Bp. 1965.; A nyelv (Lelkes Korn\u00e9llal). Bp. 1965.<\/p>\n<p style=\"text-align: justify\"><strong>Nyughelye:<\/strong> Budapest, Farkasr\u00e9ti temet\u0151 27-3\/0\/1\/14.<\/p>\n<p style=\"text-align: justify\">(Felhaszn\u00e1lt irodalom &#8211; Husz\u00e1r Gy\u00f6rgy: Balogh K\u00e1roly \/1895-1973\/ \u00e9let\u00fatja \u00e9s iskol\u00e1ja. In: Orvost\u00f6rt\u00e9neti K\u00f6zlem\u00e9nyek. 149-157. 1995-1996.; Prof. dr. ifj. Balogh K\u00e1roly visszaeml\u00e9kez\u00e9se \/k\u00e9ziratban\/.)<\/p>\n<p><a href=\"https:\/\/semmelweis.hu\/baratikor\/files\/2022\/07\/100_21.jpg\"><img loading=\"lazy\" decoding=\"async\" class=\"alignleft wp-image-896 size-full\" src=\"https:\/\/semmelweis.hu\/baratikor\/files\/2022\/07\/100_21.jpg\" alt=\"\" width=\"295\" height=\"370\" \/><\/a><a href=\"https:\/\/semmelweis.hu\/baratikor\/galeria\/teljes-nevlista\/balogh-karoly\/balogh-karoly-2\/\" rel=\"attachment wp-att-1487\"><img loading=\"lazy\" decoding=\"async\" class=\"alignleft size-medium wp-image-1487\" src=\"https:\/\/semmelweis.hu\/baratikor\/files\/2023\/01\/Balogh-Karoly-276x400.jpg\" alt=\"\" width=\"276\" height=\"400\" srcset=\"https:\/\/semmelweis.hu\/baratikor\/files\/2023\/01\/Balogh-Karoly-276x400.jpg 276w, https:\/\/semmelweis.hu\/baratikor\/files\/2023\/01\/Balogh-Karoly.jpg 691w\" sizes=\"auto, (max-width: 276px) 100vw, 276px\" \/><\/a> <a href=\"https:\/\/semmelweis.hu\/baratikor\/galeria\/teljes-nevlista\/balogh-karoly\/img_20200418_134941\/\" rel=\"attachment wp-att-1488\"><img loading=\"lazy\" decoding=\"async\" class=\"alignleft size-medium wp-image-1488\" src=\"https:\/\/semmelweis.hu\/baratikor\/files\/2023\/01\/IMG_20200418_134941-400x297.jpg\" alt=\"\" width=\"400\" height=\"297\" srcset=\"https:\/\/semmelweis.hu\/baratikor\/files\/2023\/01\/IMG_20200418_134941-400x297.jpg 400w, https:\/\/semmelweis.hu\/baratikor\/files\/2023\/01\/IMG_20200418_134941-768x571.jpg 768w, https:\/\/semmelweis.hu\/baratikor\/files\/2023\/01\/IMG_20200418_134941-753x559.jpg 753w, https:\/\/semmelweis.hu\/baratikor\/files\/2023\/01\/IMG_20200418_134941.jpg 1000w\" sizes=\"auto, (max-width: 400px) 100vw, 400px\" \/><\/a><\/p>\n","protected":false},"excerpt":{"rendered":"<p><a href=\"https:\/\/semmelweis.hu\/baratikor\/files\/2022\/07\/100_11.jpg\"><\/a> Balogh K\u00e1roly, vit\u00e9z krasznacz\u00e9g\u00e9nyi (Krasznac\u00e9g\u00e9ny, 1895. febru\u00e1r 13. &#8211; Budapest, 1973. m\u00e1jus 4.) Tansz\u00e9k: Stomatol\u00f3giai Klinika 1944-1959, Sz\u00e1jseb\u00e9szeti Klinika 1959-1966. Viselt egyetemi m\u00e9lt\u00f3s\u00e1g: Orvostudom\u00e1nyi Kar d\u00e9k\u00e1nja 1946\/47., d\u00e9k\u00e1nhelyettese 1945. febru\u00e1r-j\u00fanius, 1947-1950, 1953-1955, Fogorvosi Kar d\u00e9k\u00e1nja 1955-1964. H\u00e9tgyermekes kisbirtokos nemesi csal\u00e1db\u00f3l sz\u00e1rmazott, \u00e9desapja maga gazd\u00e1lkodott az \u0151si csal\u00e1di birtokon. Kilenc\u00e9vesen ker\u00fclt a zilahi Reform\u00e1tus Gimn\u00e1zium Wessel\u00e9nyi &hellip;<\/p>\n","protected":false},"author":282,"featured_media":5355,"parent":347,"menu_order":0,"comment_status":"closed","ping_status":"closed","template":"template-fullwidth.php","meta":{"_acf_changed":false,"footnotes":""},"categories":[6,20,77,81,14],"tags":[],"class_list":["post-894","page","type-page","status-publish","has-post-thumbnail","hentry","category-dekanok","category-dekanok-karok-szerint","category-kegyeleti-adattar","category-orvosi-kar-dekanjai","category-teljes-nevlista"],"acf":[],"_links":{"self":[{"href":"https:\/\/semmelweis.hu\/baratikor\/wp-json\/wp\/v2\/pages\/894","targetHints":{"allow":["GET"]}}],"collection":[{"href":"https:\/\/semmelweis.hu\/baratikor\/wp-json\/wp\/v2\/pages"}],"about":[{"href":"https:\/\/semmelweis.hu\/baratikor\/wp-json\/wp\/v2\/types\/page"}],"author":[{"embeddable":true,"href":"https:\/\/semmelweis.hu\/baratikor\/wp-json\/wp\/v2\/users\/282"}],"replies":[{"embeddable":true,"href":"https:\/\/semmelweis.hu\/baratikor\/wp-json\/wp\/v2\/comments?post=894"}],"version-history":[{"count":4,"href":"https:\/\/semmelweis.hu\/baratikor\/wp-json\/wp\/v2\/pages\/894\/revisions"}],"predecessor-version":[{"id":2548,"href":"https:\/\/semmelweis.hu\/baratikor\/wp-json\/wp\/v2\/pages\/894\/revisions\/2548"}],"up":[{"embeddable":true,"href":"https:\/\/semmelweis.hu\/baratikor\/wp-json\/wp\/v2\/pages\/347"}],"wp:featuredmedia":[{"embeddable":true,"href":"https:\/\/semmelweis.hu\/baratikor\/wp-json\/wp\/v2\/media\/5355"}],"wp:attachment":[{"href":"https:\/\/semmelweis.hu\/baratikor\/wp-json\/wp\/v2\/media?parent=894"}],"wp:term":[{"taxonomy":"category","embeddable":true,"href":"https:\/\/semmelweis.hu\/baratikor\/wp-json\/wp\/v2\/categories?post=894"},{"taxonomy":"post_tag","embeddable":true,"href":"https:\/\/semmelweis.hu\/baratikor\/wp-json\/wp\/v2\/tags?post=894"}],"curies":[{"name":"wp","href":"https:\/\/api.w.org\/{rel}","templated":true}]}}