{"id":890,"date":"2022-07-13T09:37:32","date_gmt":"2022-07-13T07:37:32","guid":{"rendered":"https:\/\/semmelweis.hu\/baratikor\/?page_id=890"},"modified":"2023-01-09T11:14:11","modified_gmt":"2023-01-09T10:14:11","slug":"frigyesi-jozsef","status":"publish","type":"page","link":"https:\/\/semmelweis.hu\/baratikor\/galeria\/teljes-nevlista\/frigyesi-jozsef\/","title":{"rendered":"Frigyesi J\u00f3zsef"},"content":{"rendered":"<p style=\"text-align: justify\"><a href=\"https:\/\/semmelweis.hu\/baratikor\/files\/2022\/07\/048_11.jpg\"><img loading=\"lazy\" decoding=\"async\" class=\"alignleft wp-image-891 size-full\" src=\"https:\/\/semmelweis.hu\/baratikor\/files\/2022\/07\/048_11.jpg\" alt=\"\" width=\"283\" height=\"399\" \/><\/a><strong>(Kisv\u00e1rda, 1875 &#8211; Budapest, 1967)<\/strong><\/p>\n<p style=\"text-align: justify\">A budapesti Orvoskaron szerezte oklevel\u00e9t 1897-ben. Tauffer Vilmos professzor mellett volt gyakornok, k\u00e9s\u0151bb tan\u00e1rseg\u00e9d a II. sz. N\u0151i Klinik\u00e1n. Mag\u00e1ntan\u00e1ri k\u00e9pes\u00edt\u00e9st 1912-ben szerzett a n\u0151gy\u00f3gy\u00e1szati m\u0171t\u00e9ttan t\u00e1rgyk\u00f6r\u00e9ben, majd 1913-t\u00f3l \u00e1tvette a f\u0151v\u00e1ros Bak\u00e1ts t\u00e9ri k\u00f3rh\u00e1z\u00e1nak vezet\u00e9s\u00e9t. 1929 j\u00falius\u00e1ban egyetemi tan\u00e1ri, egyben igazgat\u00f3i kinevez\u00e9st is kapott az I. sz. N\u0151i Klinika \u00e9l\u00e9re. 1946-t\u00f3l az MTA levelez\u0151 tagja volt, 1949-ben tan\u00e1cskoz\u00f3 tagg\u00e1 min\u0151s\u00edtett\u00e9k, majd tags\u00e1g\u00e1t 1989-ben posztumusz helyre\u00e1ll\u00edtott\u00e1k. K\u00e9tszer is viselte az egyetem rektori l\u00e1nc\u00e1t, de egyszer sem teljes tan\u00e9ven \u00e1t. El\u0151sz\u00f6r 1945 m\u00e1rcius\u00e1ban vette \u00e1t a tiszts\u00e9get a Hittudom\u00e1nyi Karb\u00f3l v\u00e1lasztott Aisleitner J\u00f3zsef helyett, a tan\u00e9v v\u00e9g\u00e9ig. M\u00e1sodszor az 1946. november 17-\u00e9n elhunyt \u00c1d\u00e1m Lajos \u00f6r\u00f6k\u00e9be l\u00e9pett a rektori m\u00e9lt\u00f3s\u00e1gban. \/k\u00e9p lel\u0151helye: SOTE-lev\u00e9lt\u00e1r 318. fond\/<\/p>\n","protected":false},"excerpt":{"rendered":"<p><a href=\"https:\/\/semmelweis.hu\/baratikor\/files\/2022\/07\/048_11.jpg\"><\/a> (Kisv\u00e1rda, 1875 &#8211; Budapest, 1967) A budapesti Orvoskaron szerezte oklevel\u00e9t 1897-ben. Tauffer Vilmos professzor mellett volt gyakornok, k\u00e9s\u0151bb tan\u00e1rseg\u00e9d a II. sz. N\u0151i Klinik\u00e1n. Mag\u00e1ntan\u00e1ri k\u00e9pes\u00edt\u00e9st 1912-ben szerzett a n\u0151gy\u00f3gy\u00e1szati m\u0171t\u00e9ttan t\u00e1rgyk\u00f6r\u00e9ben, majd 1913-t\u00f3l \u00e1tvette a f\u0151v\u00e1ros Bak\u00e1ts t\u00e9ri k\u00f3rh\u00e1z\u00e1nak vezet\u00e9s\u00e9t. 1929 j\u00falius\u00e1ban egyetemi tan\u00e1ri, egyben igazgat\u00f3i kinevez\u00e9st is kapott az I. sz. N\u0151i Klinika &hellip;<\/p>\n","protected":false},"author":282,"featured_media":891,"parent":347,"menu_order":0,"comment_status":"closed","ping_status":"closed","template":"template-fullwidth.php","meta":{"_acf_changed":false,"footnotes":""},"categories":[77,5,14],"tags":[],"class_list":["post-890","page","type-page","status-publish","has-post-thumbnail","hentry","category-kegyeleti-adattar","category-rektorok","category-teljes-nevlista"],"acf":[],"_links":{"self":[{"href":"https:\/\/semmelweis.hu\/baratikor\/wp-json\/wp\/v2\/pages\/890","targetHints":{"allow":["GET"]}}],"collection":[{"href":"https:\/\/semmelweis.hu\/baratikor\/wp-json\/wp\/v2\/pages"}],"about":[{"href":"https:\/\/semmelweis.hu\/baratikor\/wp-json\/wp\/v2\/types\/page"}],"author":[{"embeddable":true,"href":"https:\/\/semmelweis.hu\/baratikor\/wp-json\/wp\/v2\/users\/282"}],"replies":[{"embeddable":true,"href":"https:\/\/semmelweis.hu\/baratikor\/wp-json\/wp\/v2\/comments?post=890"}],"version-history":[{"count":2,"href":"https:\/\/semmelweis.hu\/baratikor\/wp-json\/wp\/v2\/pages\/890\/revisions"}],"predecessor-version":[{"id":893,"href":"https:\/\/semmelweis.hu\/baratikor\/wp-json\/wp\/v2\/pages\/890\/revisions\/893"}],"up":[{"embeddable":true,"href":"https:\/\/semmelweis.hu\/baratikor\/wp-json\/wp\/v2\/pages\/347"}],"wp:featuredmedia":[{"embeddable":true,"href":"https:\/\/semmelweis.hu\/baratikor\/wp-json\/wp\/v2\/media\/891"}],"wp:attachment":[{"href":"https:\/\/semmelweis.hu\/baratikor\/wp-json\/wp\/v2\/media?parent=890"}],"wp:term":[{"taxonomy":"category","embeddable":true,"href":"https:\/\/semmelweis.hu\/baratikor\/wp-json\/wp\/v2\/categories?post=890"},{"taxonomy":"post_tag","embeddable":true,"href":"https:\/\/semmelweis.hu\/baratikor\/wp-json\/wp\/v2\/tags?post=890"}],"curies":[{"name":"wp","href":"https:\/\/api.w.org\/{rel}","templated":true}]}}